{"id":494,"date":"2025-06-16T04:55:16","date_gmt":"2025-06-16T04:55:16","guid":{"rendered":"https:\/\/dura-alloy.com\/?page_id=494"},"modified":"2025-07-05T03:21:54","modified_gmt":"2025-07-05T03:21:54","slug":"about-us","status":"publish","type":"page","link":"https:\/\/www.dura-alloy.com\/it\/about-us\/","title":{"rendered":"Chi siamo"},"content":{"rendered":"<div data-elementor-type=\"wp-page\" data-elementor-id=\"494\" class=\"elementor elementor-494\" data-elementor-post-type=\"page\">\n\t\t\t\t<div class=\"elementor-element elementor-element-1f6a1c0d e-flex e-con-boxed e-con e-parent\" data-id=\"1f6a1c0d\" data-element_type=\"container\" data-settings=\"{&quot;background_background&quot;:&quot;classic&quot;}\">\n\t\t\t\t\t<div class=\"e-con-inner\">\n\t\t<div class=\"elementor-element elementor-element-23871140 e-con-full e-flex e-con e-child\" data-id=\"23871140\" data-element_type=\"container\">\n\t\t\t\t<div class=\"elementor-element elementor-element-4702ac91 elementor-widget elementor-widget-heading\" data-id=\"4702ac91\" data-element_type=\"widget\" data-widget_type=\"heading.default\">\n\t\t\t\t<div class=\"elementor-widget-container\">\n\t\t\t\t\t<h2 class=\"elementor-heading-title elementor-size-default\">Chi siamo<\/h2>\t\t\t\t<\/div>\n\t\t\t\t<\/div>\n\t\t\t\t<\/div>\n\t\t<div class=\"elementor-element elementor-element-446b2b28 e-con-full e-flex e-con e-child\" data-id=\"446b2b28\" data-element_type=\"container\">\n\t\t\t\t<div class=\"elementor-element elementor-element-63db1d6b elementor-icon-list--layout-inline elementor-list-item-link-full_width elementor-widget elementor-widget-icon-list\" data-id=\"63db1d6b\" data-element_type=\"widget\" data-widget_type=\"icon-list.default\">\n\t\t\t\t<div class=\"elementor-widget-container\">\n\t\t\t\t\t\t\t<ul class=\"elementor-icon-list-items elementor-inline-items\">\n\t\t\t\t\t\t\t<li class=\"elementor-icon-list-item elementor-inline-item\">\n\t\t\t\t\t\t\t\t\t\t\t<a href=\"\/it\/\">\n\n\t\t\t\t\t\t\t\t\t\t\t<span class=\"elementor-icon-list-text\">Casa<\/span>\n\t\t\t\t\t\t\t\t\t\t\t<\/a>\n\t\t\t\t\t\t\t\t\t<\/li>\n\t\t\t\t\t\t\t\t<li class=\"elementor-icon-list-item elementor-inline-item\">\n\t\t\t\t\t\t\t\t\t\t\t<a href=\"https:\/\/www.dura-alloy.com\/it\/about-us\/\">\n\n\t\t\t\t\t\t\t\t\t\t\t\t<span class=\"elementor-icon-list-icon\">\n\t\t\t\t\t\t\t<svg aria-hidden=\"true\" class=\"e-font-icon-svg e-fas-angle-left\" viewbox=\"0 0 256 512\" xmlns=\"http:\/\/www.w3.org\/2000\/svg\"><path d=\"M31.7 239l136-136c9.4-9.4 24.6-9.4 33.9 0l22.6 22.6c9.4 9.4 9.4 24.6 0 33.9L127.9 256l96.4 96.4c9.4 9.4 9.4 24.6 0 33.9L201.7 409c-9.4 9.4-24.6 9.4-33.9 0l-136-136c-9.5-9.4-9.5-24.6-.1-34z\"><\/path><\/svg>\t\t\t\t\t\t<\/span>\n\t\t\t\t\t\t\t\t\t\t<span class=\"elementor-icon-list-text\">Chi siamo<\/span>\n\t\t\t\t\t\t\t\t\t\t\t<\/a>\n\t\t\t\t\t\t\t\t\t<\/li>\n\t\t\t\t\t\t<\/ul>\n\t\t\t\t\t\t<\/div>\n\t\t\t\t<\/div>\n\t\t\t\t<\/div>\n\t\t\t\t\t<\/div>\n\t\t\t\t<\/div>\n\t\t<div class=\"elementor-element elementor-element-7e4ac95 e-flex e-con-boxed e-con e-parent\" data-id=\"7e4ac95\" data-element_type=\"container\">\n\t\t\t\t\t<div class=\"e-con-inner\">\n\t\t\t\t<div class=\"elementor-element elementor-element-11e578c elementor-widget elementor-widget-image\" data-id=\"11e578c\" data-element_type=\"widget\" data-widget_type=\"image.default\">\n\t\t\t\t<div class=\"elementor-widget-container\">\n\t\t\t\t\t\t\t\t\t\t\t\t\t\t\t<img fetchpriority=\"high\" decoding=\"async\" width=\"1932\" height=\"956\" src=\"https:\/\/www.dura-alloy.com\/wp-content\/uploads\/2025\/07\/about-1.jpg\" class=\"attachment-full size-full wp-image-799\"  srcset=\"https:\/\/www.dura-alloy.com\/wp-content\/uploads\/2025\/07\/about-1.jpg 1932w, https:\/\/www.dura-alloy.com\/wp-content\/uploads\/2025\/07\/about-1-300x148.jpg 300w, https:\/\/www.dura-alloy.com\/wp-content\/uploads\/2025\/07\/about-1-1024x507.jpg 1024w, https:\/\/www.dura-alloy.com\/wp-content\/uploads\/2025\/07\/about-1-768x380.jpg 768w, https:\/\/www.dura-alloy.com\/wp-content\/uploads\/2025\/07\/about-1-1536x760.jpg 1536w, https:\/\/www.dura-alloy.com\/wp-content\/uploads\/2025\/07\/about-1-600x297.jpg 600w\" sizes=\"(max-width: 1932px) 100vw, 1932px\" title=\"About Us\u63d2\u56fe\" alt=\"About Us\u63d2\u56fe\" \/>\t\t\t\t\t\t\t\t\t\t\t\t\t\t\t<\/div>\n\t\t\t\t<\/div>\n\t\t\t\t\t<\/div>\n\t\t\t\t<\/div>\n\t\t<div class=\"elementor-element elementor-element-1ef68b3 e-flex e-con-boxed e-con e-parent\" data-id=\"1ef68b3\" data-element_type=\"container\">\n\t\t\t\t\t<div class=\"e-con-inner\">\n\t\t\t\t<div class=\"elementor-element elementor-element-811a0be elementor-widget elementor-widget-text-editor\" data-id=\"811a0be\" data-element_type=\"widget\" data-widget_type=\"text-editor.default\">\n\t\t\t\t<div class=\"elementor-widget-container\">\n\t\t\t\t\t\t\t\t\t<h2 style=\"font-family: 'Hiragino Sans GB', \u5fae\u8f6f\u96c5\u9ed1, Arial, Helvetica; font-weight: 500; line-height: 36px; color: #333333; margin-top: 20px; margin-bottom: 20px; font-size: 24px; font-style: normal;\"><span style=\"vertical-align: inherit;\">15 anni di attenzione all'industria delle leghe speciali, fornendo ai clienti prodotti di alta qualit\u00e0 e servizi professionali<\/span><\/h2><hr style=\"box-sizing: content-box; height: 0px; margin-top: 30px; margin-bottom: 40px; border-top: 1px solid rgba(0, 0, 0, 0.15); color: #333333; font-family: 'Hiragino Sans GB', \u5fae\u8f6f\u96c5\u9ed1, Arial, Helvetica; font-size: 14px; font-style: normal; font-weight: 400; background-color: #ffffff;\" \/><p style=\"margin-bottom: 20px; line-height: 28px; color: #333333; font-family: 'Hiragino Sans GB', \u5fae\u8f6f\u96c5\u9ed1, Arial, Helvetica; font-size: 14px; font-style: normal; font-weight: 400;\">Dura Alloy si concentra sull'industria delle leghe e fornisce soluzioni pi\u00f9 professionali. Siamo specializzati nella fornitura di leghe resistenti alla corrosione, leghe ad alta temperatura, leghe di precisione, acciai ad alta resistenza e acciai inossidabili speciali nel campo delle leghe a base di nichel. I nostri prodotti sono rigorosamente conformi agli standard di produzione nazionali, americani, tedeschi, giapponesi e di altri Paesi. I nostri prodotti sono utilizzati nei settori aerospaziale, della produzione di apparecchiature, dell'energia nucleare, dell'energia e della chimica, del petrolio e del gas, dell'ingegneria navale e in altri settori.<\/p><div class=\"list\" style=\"transition: 0.2s linear; color: #333333; font-family: 'Hiragino Sans GB', \u5fae\u8f6f\u96c5\u9ed1, Arial, Helvetica; font-size: 14px;\"><h2 style=\"font-family: inherit; font-weight: 500; line-height: 36px; color: #333333; margin-top: 20px; margin-bottom: 20px; font-size: 24px;\"><span style=\"vertical-align: inherit;\">Cultura aziendale<\/span><\/h2><hr style=\"box-sizing: content-box; height: 0px; margin-top: 30px; margin-bottom: 40px; border-top: 1px solid rgba(0, 0, 0, 0.15);\" \/><h3 style=\"font-family: inherit; font-weight: 500; line-height: 27px; color: #333333; margin-top: 20px; font-size: 18px;\"><span style=\"vertical-align: inherit;\">Valori<\/span><\/h3><p style=\"margin-bottom: 0px; line-height: 30px; color: #666666; padding: 25px; background: #f5f5f5;\"><span style=\"vertical-align: inherit;\">La qualit\u00e0 dei prodotti \u00e8 la vita, e preferiamo non farla piuttosto che fornire prodotti di qualit\u00e0 inferiore.<\/span><br \/><span style=\"vertical-align: inherit;\">Rispettare la qualit\u00e0 e il servizio prima di tutto, non gli interessi prima di tutto.<\/span><br \/><span style=\"vertical-align: inherit;\">Cercare i vantaggi attraverso la gestione e svilupparsi attraverso la professionalit\u00e0.<\/span><\/p><h3 style=\"font-family: inherit; font-weight: 500; line-height: 27px; color: #333333; margin-top: 20px; font-size: 18px;\"><span style=\"vertical-align: inherit;\">Sviluppo dei talenti<\/span><\/h3><p style=\"margin-bottom: 0px; line-height: 30px; color: #666666; padding: 25px; background: #f5f5f5;\"><span style=\"vertical-align: inherit;\">Il talento \u00e8 il fondamento dello sviluppo dell'impresa. Conoscere i talenti, coltivarli, amarli e creare insieme un futuro migliore. Solo se si \u00e8 uniti si pu\u00f2 andare oltre, si pu\u00f2 volare pi\u00f9 in alto con la propria virt\u00f9, aderendo all'orientamento alle persone e garantendo sempre l'integrit\u00e0.<\/span><\/p><h3 style=\"font-family: inherit; font-weight: 500; line-height: 27px; color: #333333; margin-top: 20px; font-size: 18px;\"><span style=\"vertical-align: inherit;\">Visione aziendale<\/span><\/h3><p style=\"margin-bottom: 0px; transition: 0.2s linear; line-height: 30px; color: #666666; padding: 25px; background: #f5f5f5;\"><span style=\"vertical-align: inherit;\">Creare una qualit\u00e0 di prima classe, creare marchi di prima classe e ottenere risultati vantaggiosi per i clienti.<\/span><\/p><\/div>\t\t\t\t\t\t\t\t<\/div>\n\t\t\t\t<\/div>\n\t\t\t\t\t<\/div>\n\t\t\t\t<\/div>\n\t\t\t\t<\/div>","protected":false},"excerpt":{"rendered":"<p>Home 15 years of focusing on the special alloy industry, providing customers with high-quality products and professional services Dura Alloy [&hellip;]<\/p>","protected":false},"author":2,"featured_media":0,"parent":0,"menu_order":0,"comment_status":"closed","ping_status":"closed","template":"","meta":{"site-sidebar-layout":"no-sidebar","site-content-layout":"","ast-site-content-layout":"full-width-container","site-content-style":"default","site-sidebar-style":"default","ast-global-header-display":"","ast-banner-title-visibility":"","ast-main-header-display":"","ast-hfb-above-header-display":"","ast-hfb-below-header-display":"","ast-hfb-mobile-header-display":"","site-post-title":"disabled","ast-breadcrumbs-content":"","ast-featured-img":"disabled","footer-sml-layout":"","theme-transparent-header-meta":"","adv-header-id-meta":"","stick-header-meta":"","header-above-stick-meta":"","header-main-stick-meta":"","header-below-stick-meta":"","astra-migrate-meta-layouts":"default","ast-page-background-enabled":"default","ast-page-background-meta":{"desktop":{"background-color":"var(--ast-global-color-5)","background-image":"","background-repeat":"repeat","background-position":"center center","background-size":"auto","background-attachment":"scroll","background-type":"","background-media":"","overlay-type":"","overlay-color":"","overlay-opacity":"","overlay-gradient":""},"tablet":{"background-color":"","background-image":"","background-repeat":"repeat","background-position":"center center","background-size":"auto","background-attachment":"scroll","background-type":"","background-media":"","overlay-type":"","overlay-color":"","overlay-opacity":"","overlay-gradient":""},"mobile":{"background-color":"","background-image":"","background-repeat":"repeat","background-position":"center center","background-size":"auto","background-attachment":"scroll","background-type":"","background-media":"","overlay-type":"","overlay-color":"","overlay-opacity":"","overlay-gradient":""}},"ast-content-background-meta":{"desktop":{"background-color":"var(--ast-global-color-4)","background-image":"","background-repeat":"repeat","background-position":"center center","background-size":"auto","background-attachment":"scroll","background-type":"","background-media":"","overlay-type":"","overlay-color":"","overlay-opacity":"","overlay-gradient":""},"tablet":{"background-color":"var(--ast-global-color-4)","background-image":"","background-repeat":"repeat","background-position":"center center","background-size":"auto","background-attachment":"scroll","background-type":"","background-media":"","overlay-type":"","overlay-color":"","overlay-opacity":"","overlay-gradient":""},"mobile":{"background-color":"var(--ast-global-color-4)","background-image":"","background-repeat":"repeat","background-position":"center center","background-size":"auto","background-attachment":"scroll","background-type":"","background-media":"","overlay-type":"","overlay-color":"","overlay-opacity":"","overlay-gradient":""}},"footnotes":""},"class_list":["post-494","page","type-page","status-publish","hentry"],"_links":{"self":[{"href":"https:\/\/www.dura-alloy.com\/it\/wp-json\/wp\/v2\/pages\/494","targetHints":{"allow":["GET"]}}],"collection":[{"href":"https:\/\/www.dura-alloy.com\/it\/wp-json\/wp\/v2\/pages"}],"about":[{"href":"https:\/\/www.dura-alloy.com\/it\/wp-json\/wp\/v2\/types\/page"}],"author":[{"embeddable":true,"href":"https:\/\/www.dura-alloy.com\/it\/wp-json\/wp\/v2\/users\/2"}],"replies":[{"embeddable":true,"href":"https:\/\/www.dura-alloy.com\/it\/wp-json\/wp\/v2\/comments?post=494"}],"version-history":[{"count":16,"href":"https:\/\/www.dura-alloy.com\/it\/wp-json\/wp\/v2\/pages\/494\/revisions"}],"predecessor-version":[{"id":803,"href":"https:\/\/www.dura-alloy.com\/it\/wp-json\/wp\/v2\/pages\/494\/revisions\/803"}],"wp:attachment":[{"href":"https:\/\/www.dura-alloy.com\/it\/wp-json\/wp\/v2\/media?parent=494"}],"curies":[{"name":"wp","href":"https:\/\/api.w.org\/{rel}","templated":true}]}}