{"id":727,"date":"2025-06-17T08:02:39","date_gmt":"2025-06-17T08:02:39","guid":{"rendered":"https:\/\/dura-alloy.com\/?post_type=product&#038;p=727"},"modified":"2025-06-17T08:02:39","modified_gmt":"2025-06-17T08:02:39","slug":"gh5188","status":"publish","type":"product","link":"https:\/\/www.dura-alloy.com\/fr\/produit\/gh5188\/","title":{"rendered":"GH5188"},"content":{"rendered":"<p style=\"text-align: center;\"><strong><span>\u00c9tendue de la fourniture pour le groupe Aviation<\/span><\/strong><\/p>\n<p style=\"text-align: center;\"><strong><span>Pi\u00e8ces forg\u00e9es, barres rondes, plaques d'acier, anneaux, tuyaux sans soudure, plaques d'acier\/courroies d'acier, mat\u00e9riaux de soudage par fil, n'h\u00e9sitez pas \u00e0 nous contacter !<\/span><\/strong><\/p>\n<p><strong><span>1. Introduction \u00e0 la\u00a0<\/span><\/strong><strong><span>GH5188\u00a0<\/span><\/strong><strong><span>Mat\u00e9riaux<\/span><\/strong><\/p>\n<p><span>\u00a0 \u00a0 \u00a0 \u00a0GH5188 est un alliage haute temp\u00e9rature \u00e0 d\u00e9formation renforc\u00e9e par solution solide \u00e0 base de Co-Ni-Cr avec une temp\u00e9rature d'utilisation inf\u00e9rieure \u00e0 1100\u2103. Ajouter 14% w(W) \u00e0 l'alliage pour le renforcement de la solution solide, de sorte que l'alliage a une bonne performance globale ; ajouter une teneur plus \u00e9lev\u00e9e en chrome et trace de lanthane pour rendre l'alliage a une bonne r\u00e9sistance \u00e0 l'oxydation \u00e0 haute temp\u00e9rature. L'alliage a de bonnes propri\u00e9t\u00e9s de traitement telles que la plasticit\u00e9 de traitement \u00e0 chaud et \u00e0 froid et le soudage, et convient \u00e0 la fabrication de pi\u00e8ces de moteur d'avion qui n\u00e9cessitent une r\u00e9sistance \u00e9lev\u00e9e inf\u00e9rieure \u00e0 980\u2103 et n\u00e9cessitent une r\u00e9sistance \u00e0 l'oxydation inf\u00e9rieure \u00e0 1100\u2103.<\/span><\/p>\n<p><span>\u00a0 \u00a0 \u00a0 \u00a0GH5188 peut produire et fournir divers produits de d\u00e9formation, tels que des t\u00f4les minces, des t\u00f4les moyennes, des bandes, des barres, des pi\u00e8ces forg\u00e9es, des mat\u00e9riaux en soie et des pi\u00e8ces moul\u00e9es de pr\u00e9cision.<\/span><\/p>\n<p><strong><span>2. Composants chimiques<\/span><\/strong><\/p>\n<table border=\"1\">\n<tbody>\n<tr>\n<td width=\"51\"><span>alliage<\/span><\/td>\n<td width=\"58\">%<\/td>\n<td width=\"40\">C<\/td>\n<td width=\"28\">Cr<\/td>\n<td width=\"28\"><span>En<\/span><\/td>\n<td width=\"29\">Co<\/td>\n<td width=\"29\">W<\/td>\n<td width=\"40\">Fe<\/td>\n<td width=\"46\">B<\/td>\n<td width=\"47\"><span>Le<\/span><\/td>\n<td width=\"34\"><span>Et<\/span><\/td>\n<td width=\"41\">P<\/td>\n<td width=\"47\">S<\/td>\n<td width=\"41\">Cu<\/td>\n<td width=\"47\">Ag<\/td>\n<td width=\"54\">Bi<\/td>\n<td width=\"47\">Pb<\/td>\n<td width=\"48\">Mn<\/td>\n<\/tr>\n<tr>\n<td rowspan=\"2\" width=\"51\"><span>GH5188<\/span><\/td>\n<td width=\"58\"><span>Valeur minimale<\/span><\/td>\n<td width=\"40\">0.05<\/td>\n<td width=\"28\">20.0<\/td>\n<td width=\"28\"><span>20.0<\/span><\/td>\n<td rowspan=\"2\" width=\"29\"><span>marge<\/span><\/td>\n<td width=\"29\">13.0<\/td>\n<td width=\"40\">&#8211;<\/td>\n<td width=\"46\"><span>&#8211;<\/span><\/td>\n<td width=\"47\">0.03<\/td>\n<td width=\"34\">0.2<\/td>\n<td width=\"41\"><span>&#8211;<\/span><\/td>\n<td width=\"47\"><span>&#8211;<\/span><\/td>\n<td width=\"41\"><span>&#8211;<\/span><\/td>\n<td width=\"47\"><span>&#8211;<\/span><\/td>\n<td width=\"54\"><span>&#8211;<\/span><\/td>\n<td width=\"47\"><span>&#8211;<\/span><\/td>\n<td width=\"48\"><span>&#8211;<\/span><\/td>\n<\/tr>\n<tr>\n<td width=\"58\"><span>Valeur maximale<\/span><\/td>\n<td width=\"40\">0.15<\/td>\n<td width=\"28\">24.0<\/td>\n<td width=\"28\"><span>24.0<\/span><\/td>\n<td width=\"29\">16.0<\/td>\n<td width=\"40\">3.0<\/td>\n<td width=\"46\">0.015<\/td>\n<td width=\"47\">0.012<\/td>\n<td width=\"34\">0.5<\/td>\n<td width=\"41\">0.020<\/td>\n<td width=\"47\"><span>0.015<\/span><\/td>\n<td width=\"41\">0.07<\/td>\n<td width=\"47\">0.001<\/td>\n<td width=\"54\">0.0001<\/td>\n<td width=\"47\"><span>0.001<\/span><\/td>\n<td width=\"48\">1.25<\/td>\n<\/tr>\n<\/tbody>\n<\/table>\n<p><strong><span>3. Normes techniques des mat\u00e9riaux GH5188 (GH188)\u00a0 \u00a0<\/span><\/strong><strong>\u00a0<\/strong><\/p>\n<p><span>\u00a0 \u00a0 \u00a0 GH5188GJB 3317-1998 \"Sp\u00e9cifications pour les t\u00f4les lamin\u00e9es \u00e0 chaud en alliages \u00e0 haute temp\u00e9rature pour l'aviation\"<\/span><\/p>\n<p><span>\u00a0 \u00a0 \u00a0 GH5188Z9 0103-1990 \"Conditions techniques des t\u00f4les en alliage GH188\"<\/span><\/p>\n<p><span>\u00a0 \u00a0 \u00a0 GH5188Z9 132-1999 \"Conditions techniques pour l'\u00e9tirage \u00e0 froid de l'alliage GH188 pour le soudage\"<\/span><\/p>\n<p><span>\u00a0 \u00a0 \u00a0 GH5188Q\/5B 4002-1992 \"Feuillard lamin\u00e9 \u00e0 froid en alliage GH188\".<\/span><\/p>\n<p><span>\u00a0 \u00a0 \u00a0 GH5188Q\/5B 4003-1992 \"Plaque d'alliage GH188 lamin\u00e9e \u00e0 froid\".<\/span><\/p>\n<p><span>\u00a0 \u00a0 \u00a0 GH5188Q\/5B 4014-1992 \"Conditions techniques du forgeage de l'alliage GH188\".<\/span><\/p>\n<p><span>\u00a0 \u00a0 \u00a0 GH5188Q\/5B 4020-1992 \"K188 Alloy Investment Precision Casting\" (moulage de pr\u00e9cision \u00e0 la cire perdue en alliage K188)<\/span><\/p>\n<p><span>\u00a0 \u00a0 \u00a0 GH5188Q\/5B 4022-1992 \"Tige en alliage GH188\"<\/span><\/p>\n<p><span>\u00a0 \u00a0 \u00a0 GH5188Q\/5B 4057-1992 \"Fil de soudure \u00e0 froid en alliage haute temp\u00e9rature GH188\"<\/span><\/p>\n<p><strong>\u00a0<\/strong><strong><span>IV. Propri\u00e9t\u00e9s physiques<\/span><\/strong><\/p>\n<table border=\"-\">\n<tbody>\n<tr>\n<td width=\"73\"><span>densit\u00e9\u00a0<\/span><\/td>\n<td width=\"87\"><span>Point de fusion\u00a0<\/span><\/td>\n<\/tr>\n<tr>\n<td width=\"73\"><span>g \/ cm3<\/span><\/td>\n<td width=\"87\">\u2103<\/td>\n<\/tr>\n<tr>\n<td width=\"73\">9.09<\/td>\n<td width=\"87\">1300-1360<\/td>\n<\/tr>\n<\/tbody>\n<\/table>\n<p><strong><span>V. Domaines d'application<\/span><\/strong><\/p>\n<p><span>\u00a0 \u00a0 \u00a0 Les composants \u00e0 haute temp\u00e9rature, tels que les cylindres \u00e0 flamme et les aubes directrices dans la chambre de combustion des moteurs d'avion, sont bien produits et utilis\u00e9s.<\/span><\/p>\n<p><span>\u00a0 \u00a0 \u00a0 Pi\u00e8ces de moteurs a\u00e9ronautiques n\u00e9cessitant une haute r\u00e9sistance inf\u00e9rieure \u00e0 980\u2103 et n\u00e9cessitant un antioxydant inf\u00e9rieur \u00e0 1100\u2103.<\/span><\/p>\n<p><span>\u00a0 \u00a0 \u00a0 La r\u00e9sistance \u00e0 la corrosion des t\u00f4les d'alliage est meilleure que celle de l'alliage GH3536.<\/span><\/p>","protected":false},"excerpt":{"rendered":"<p>Scope of supply for Aviation Group Forgings, round rods, steel plates, rings, seamless pipes, steel plates\/steel belts, wire welding materials, [&hellip;]<\/p>","protected":false},"featured_media":728,"template":"","meta":{"site-sidebar-layout":"default","site-content-layout":"","ast-site-content-layout":"default","site-content-style":"default","site-sidebar-style":"default","ast-global-header-display":"","ast-banner-title-visibility":"","ast-main-header-display":"","ast-hfb-above-header-display":"","ast-hfb-below-header-display":"","ast-hfb-mobile-header-display":"","site-post-title":"","ast-breadcrumbs-content":"","ast-featured-img":"","footer-sml-layout":"","theme-transparent-header-meta":"default","adv-header-id-meta":"","stick-header-meta":"","header-above-stick-meta":"","header-main-stick-meta":"","header-below-stick-meta":"","astra-migrate-meta-layouts":"set","ast-page-background-enabled":"default","ast-page-background-meta":{"desktop":{"background-color":"var(--ast-global-color-5)","background-image":"","background-repeat":"repeat","background-position":"center center","background-size":"auto","background-attachment":"scroll","background-type":"","background-media":"","overlay-type":"","overlay-color":"","overlay-opacity":"","overlay-gradient":""},"tablet":{"background-color":"","background-image":"","background-repeat":"repeat","background-position":"center center","background-size":"auto","background-attachment":"scroll","background-type":"","background-media":"","overlay-type":"","overlay-color":"","overlay-opacity":"","overlay-gradient":""},"mobile":{"background-color":"","background-image":"","background-repeat":"repeat","background-position":"center center","background-size":"auto","background-attachment":"scroll","background-type":"","background-media":"","overlay-type":"","overlay-color":"","overlay-opacity":"","overlay-gradient":""}},"ast-content-background-meta":{"desktop":{"background-color":"var(--ast-global-color-4)","background-image":"","background-repeat":"repeat","background-position":"center center","background-size":"auto","background-attachment":"scroll","background-type":"","background-media":"","overlay-type":"","overlay-color":"","overlay-opacity":"","overlay-gradient":""},"tablet":{"background-color":"var(--ast-global-color-4)","background-image":"","background-repeat":"repeat","background-position":"center center","background-size":"auto","background-attachment":"scroll","background-type":"","background-media":"","overlay-type":"","overlay-color":"","overlay-opacity":"","overlay-gradient":""},"mobile":{"background-color":"var(--ast-global-color-4)","background-image":"","background-repeat":"repeat","background-position":"center center","background-size":"auto","background-attachment":"scroll","background-type":"","background-media":"","overlay-type":"","overlay-color":"","overlay-opacity":"","overlay-gradient":""}}},"product_brand":[],"product_cat":[16],"product_tag":[],"class_list":{"0":"post-727","1":"product","2":"type-product","3":"status-publish","4":"has-post-thumbnail","6":"product_cat-high-temperature-alloy","7":"desktop-align-left","8":"tablet-align-left","9":"mobile-align-left","11":"first","12":"instock","13":"shipping-taxable","14":"product-type-simple"},"_links":{"self":[{"href":"https:\/\/www.dura-alloy.com\/fr\/wp-json\/wp\/v2\/product\/727","targetHints":{"allow":["GET"]}}],"collection":[{"href":"https:\/\/www.dura-alloy.com\/fr\/wp-json\/wp\/v2\/product"}],"about":[{"href":"https:\/\/www.dura-alloy.com\/fr\/wp-json\/wp\/v2\/types\/product"}],"version-history":[{"count":0,"href":"https:\/\/www.dura-alloy.com\/fr\/wp-json\/wp\/v2\/product\/727\/revisions"}],"wp:featuredmedia":[{"embeddable":true,"href":"https:\/\/www.dura-alloy.com\/fr\/wp-json\/wp\/v2\/media\/728"}],"wp:attachment":[{"href":"https:\/\/www.dura-alloy.com\/fr\/wp-json\/wp\/v2\/media?parent=727"}],"wp:term":[{"taxonomy":"product_brand","embeddable":true,"href":"https:\/\/www.dura-alloy.com\/fr\/wp-json\/wp\/v2\/product_brand?post=727"},{"taxonomy":"product_cat","embeddable":true,"href":"https:\/\/www.dura-alloy.com\/fr\/wp-json\/wp\/v2\/product_cat?post=727"},{"taxonomy":"product_tag","embeddable":true,"href":"https:\/\/www.dura-alloy.com\/fr\/wp-json\/wp\/v2\/product_tag?post=727"}],"curies":[{"name":"wp","href":"https:\/\/api.w.org\/{rel}","templated":true}]}}