{"id":717,"date":"2025-06-17T07:50:32","date_gmt":"2025-06-17T07:50:32","guid":{"rendered":"https:\/\/dura-alloy.com\/?post_type=product&#038;p=717"},"modified":"2025-06-17T07:51:00","modified_gmt":"2025-06-17T07:51:00","slug":"gh3044","status":"publish","type":"product","link":"https:\/\/www.dura-alloy.com\/fr\/produit\/gh3044\/","title":{"rendered":"GH3044"},"content":{"rendered":"<p style=\"text-align: center;\"><strong>\u00c9tendue de la fourniture pour le groupe Aviation<\/strong><\/p>\n<p style=\"text-align: center;\"><strong>Pi\u00e8ces forg\u00e9es, barres rondes, plaques d'acier, anneaux, tuyaux sans soudure, plaques d'acier\/courroies d'acier, mat\u00e9riaux de soudage par fil, n'h\u00e9sitez pas \u00e0 nous contacter !<\/strong><\/p>\n<p><strong>1.\u00a0<\/strong><strong>Introduction aux mat\u00e9riaux GH3044<\/strong><strong>\u00a0<\/strong><\/p>\n<p>GH3044 alliage \u00e0 haute temp\u00e9rature est un alliage \u00e0 haute temp\u00e9rature de d\u00e9formation renforc\u00e9e solution solide \u00e0 base de Ni-Cr avec une temp\u00e9rature de service inf\u00e9rieure \u00e0 900\u2103. L'alliage contient une grande quantit\u00e9 de tungst\u00e8ne et une petite quantit\u00e9 d'aluminium et de titane. L'alliage a une plasticit\u00e9 \u00e9lev\u00e9e et une r\u00e9sistance thermique moyenne, une excellente r\u00e9sistance \u00e0 l'oxydation et de bonnes performances en mati\u00e8re de processus d'emboutissage et de soudage. Il convient \u00e0 la fabrication de pi\u00e8ces de la chambre de combustion principale et de la chambre de combustion secondaire des moteurs a\u00e9ronautiques qui fonctionnent \u00e0 une temp\u00e9rature inf\u00e9rieure \u00e0 900\u00b0C pendant une longue p\u00e9riode, ainsi qu'\u00e0 la fabrication d'\u00e9crans d'isolation thermique, d'aubes de guidage, etc. Les principaux produits fournis sont des plaques, des bandes, des soies et des anneaux.<\/p>\n<p><strong>2. Composition chimique du GH3044<\/strong><strong>\u00a0<\/strong><\/p>\n<table border=\"-\" width=\"1100\">\n<tbody>\n<tr>\n<td width=\"53\">alliage<\/td>\n<td width=\"60\">%<\/td>\n<td width=\"41\">C<\/td>\n<td width=\"41\">Cr<\/td>\n<td width=\"41\">En<\/td>\n<td width=\"41\">Mo<\/td>\n<td width=\"41\">Al<\/td>\n<td width=\"41\">De<\/td>\n<td width=\"41\">Fe<\/td>\n<td width=\"41\">W<\/td>\n<td width=\"47\">S<\/td>\n<td width=\"47\">P<\/td>\n<td width=\"41\">Et<\/td>\n<td width=\"41\">Mn<\/td>\n<td width=\"41\">Cu<\/td>\n<\/tr>\n<tr>\n<td rowspan=\"2\" width=\"53\">Ghhu44<\/td>\n<td width=\"60\">Valeur minimale<\/td>\n<td width=\"41\">&#8211;<\/td>\n<td width=\"41\">23.5<\/td>\n<td rowspan=\"2\" width=\"41\">marge<\/td>\n<td width=\"41\">&#8211;<\/td>\n<td width=\"41\">&#8211;<\/td>\n<td width=\"41\">0.30<\/td>\n<td width=\"41\">&#8211;<\/td>\n<td width=\"41\">13.0<\/td>\n<td width=\"47\">&#8211;<\/td>\n<td width=\"47\">&#8211;<\/td>\n<td width=\"41\">&#8211;<\/td>\n<td width=\"41\">&#8211;<\/td>\n<td width=\"41\">&#8211;<\/td>\n<\/tr>\n<tr>\n<td width=\"60\">Valeur maximale<\/td>\n<td width=\"41\">0.10<\/td>\n<td width=\"41\">26.5<\/td>\n<td width=\"41\">1.50<\/td>\n<td width=\"41\">0.50<\/td>\n<td width=\"41\">0.70<\/td>\n<td width=\"41\">4.0<\/td>\n<td width=\"41\">16.0<\/td>\n<td width=\"47\">0.013<\/td>\n<td width=\"47\">0.013<\/td>\n<td width=\"41\">0.80<\/td>\n<td width=\"41\">0.50<\/td>\n<td width=\"41\">0.07<\/td>\n<\/tr>\n<\/tbody>\n<\/table>\n<p><strong>3. GH3044 propri\u00e9t\u00e9s physiques<\/strong><strong>\u00a0<\/strong><\/p>\n<table border=\"-\" width=\"350\">\n<tbody>\n<tr>\n<td width=\"73\">densit\u00e9<\/td>\n<td width=\"87\">Point de fusion<\/td>\n<\/tr>\n<tr>\n<td width=\"73\">g \/ cm3<\/td>\n<td width=\"87\">\u2103<\/td>\n<\/tr>\n<tr>\n<td width=\"73\">8389<\/td>\n<td width=\"87\">1352-1375<\/td>\n<\/tr>\n<\/tbody>\n<\/table>\n<p>Magn\u00e9tisme de l'alliage : non magn\u00e9tique<\/p>\n<p><strong>4. Performance du processus GH3044<\/strong><strong>\u00a0<\/strong><\/p>\n<p>GH3044 Performance de formage<\/p>\n<p>GH3044 temp\u00e9rature de chauffage de forgeage de lingot d'acier est 1170\u2103\u00b110\u2103, et la temp\u00e9rature terminale n'est pas inf\u00e9rieure \u00e0 900\u2103. La temp\u00e9rature de chauffage de la plaque de laminage est 1190\u00b110\u2103, la temp\u00e9rature de chauffage de la plaque mince de laminage \u00e0 chaud est 1130\u2103\u00b110\u2103, et la temp\u00e9rature finale de laminage n'est pas inf\u00e9rieure \u00e0 800\u2103 ; le taux de r\u00e9duction de pression totale de la plaque mince de laminage \u00e0 froid est d'environ 30%.<\/p>\n<p>Les t\u00f4les GH3044 ont de bonnes performances en mati\u00e8re d'emboutissage. Le coefficient de profondeur limite de l'\u00e9tat d'approvisionnement des t\u00f4les minces lamin\u00e9es \u00e0 froid est K limit = 2,06.<\/p>\n<p>GH3044 Processus de traitement thermique des pi\u00e8ces<\/p>\n<p>La temp\u00e9rature de traitement thermique interm\u00e9diaire est de 1140\u2103\u00b110\u2103, isolation pendant 3~5 minutes, refroidissement \u00e0 l'air. La temp\u00e9rature finale de traitement thermique est d\u00e9termin\u00e9e en fonction des conditions de travail des pi\u00e8ces. Les pi\u00e8ces avec une bonne performance de fatigue thermique sont en solution solide \u00e0 1150\u2103, et l'isolation est de 3~5 minutes, et l'isolation est refroidie \u00e0 l'air ; les pi\u00e8ces avec une force de chaleur \u00e9lev\u00e9e sont en solution solide \u00e0 1200\u2103, et l'isolation est de 3~5 minutes, et l'isolation est refroidie \u00e0 l'air.<\/p>\n<p><strong>V. Champs d'application du GH3044<\/strong><strong>\u00a0<\/strong><\/p>\n<p>Convient \u00e0 la fabrication de pi\u00e8ces devant r\u00e9sister \u00e0 des temp\u00e9ratures \u00e9lev\u00e9es, ainsi qu'aux \u00e9crans d'isolation thermique, aux lames de guidage et \u00e0 d'autres pi\u00e8ces devant fonctionner \u00e0 moins de 900\u00b0C pendant une longue p\u00e9riode.<\/p>","protected":false},"excerpt":{"rendered":"<p>Scope of supply for Aviation Group Forgings, round rods, steel plates, rings, seamless pipes, steel plates\/steel belts, wire welding materials, [&hellip;]<\/p>","protected":false},"featured_media":718,"template":"","meta":{"site-sidebar-layout":"default","site-content-layout":"","ast-site-content-layout":"default","site-content-style":"default","site-sidebar-style":"default","ast-global-header-display":"","ast-banner-title-visibility":"","ast-main-header-display":"","ast-hfb-above-header-display":"","ast-hfb-below-header-display":"","ast-hfb-mobile-header-display":"","site-post-title":"","ast-breadcrumbs-content":"","ast-featured-img":"","footer-sml-layout":"","theme-transparent-header-meta":"default","adv-header-id-meta":"","stick-header-meta":"","header-above-stick-meta":"","header-main-stick-meta":"","header-below-stick-meta":"","astra-migrate-meta-layouts":"set","ast-page-background-enabled":"default","ast-page-background-meta":{"desktop":{"background-color":"var(--ast-global-color-5)","background-image":"","background-repeat":"repeat","background-position":"center center","background-size":"auto","background-attachment":"scroll","background-type":"","background-media":"","overlay-type":"","overlay-color":"","overlay-opacity":"","overlay-gradient":""},"tablet":{"background-color":"","background-image":"","background-repeat":"repeat","background-position":"center center","background-size":"auto","background-attachment":"scroll","background-type":"","background-media":"","overlay-type":"","overlay-color":"","overlay-opacity":"","overlay-gradient":""},"mobile":{"background-color":"","background-image":"","background-repeat":"repeat","background-position":"center center","background-size":"auto","background-attachment":"scroll","background-type":"","background-media":"","overlay-type":"","overlay-color":"","overlay-opacity":"","overlay-gradient":""}},"ast-content-background-meta":{"desktop":{"background-color":"var(--ast-global-color-4)","background-image":"","background-repeat":"repeat","background-position":"center center","background-size":"auto","background-attachment":"scroll","background-type":"","background-media":"","overlay-type":"","overlay-color":"","overlay-opacity":"","overlay-gradient":""},"tablet":{"background-color":"var(--ast-global-color-4)","background-image":"","background-repeat":"repeat","background-position":"center center","background-size":"auto","background-attachment":"scroll","background-type":"","background-media":"","overlay-type":"","overlay-color":"","overlay-opacity":"","overlay-gradient":""},"mobile":{"background-color":"var(--ast-global-color-4)","background-image":"","background-repeat":"repeat","background-position":"center center","background-size":"auto","background-attachment":"scroll","background-type":"","background-media":"","overlay-type":"","overlay-color":"","overlay-opacity":"","overlay-gradient":""}}},"product_brand":[],"product_cat":[16],"product_tag":[],"class_list":{"0":"post-717","1":"product","2":"type-product","3":"status-publish","4":"has-post-thumbnail","6":"product_cat-high-temperature-alloy","7":"desktop-align-left","8":"tablet-align-left","9":"mobile-align-left","11":"first","12":"instock","13":"shipping-taxable","14":"product-type-simple"},"_links":{"self":[{"href":"https:\/\/www.dura-alloy.com\/fr\/wp-json\/wp\/v2\/product\/717","targetHints":{"allow":["GET"]}}],"collection":[{"href":"https:\/\/www.dura-alloy.com\/fr\/wp-json\/wp\/v2\/product"}],"about":[{"href":"https:\/\/www.dura-alloy.com\/fr\/wp-json\/wp\/v2\/types\/product"}],"version-history":[{"count":0,"href":"https:\/\/www.dura-alloy.com\/fr\/wp-json\/wp\/v2\/product\/717\/revisions"}],"wp:featuredmedia":[{"embeddable":true,"href":"https:\/\/www.dura-alloy.com\/fr\/wp-json\/wp\/v2\/media\/718"}],"wp:attachment":[{"href":"https:\/\/www.dura-alloy.com\/fr\/wp-json\/wp\/v2\/media?parent=717"}],"wp:term":[{"taxonomy":"product_brand","embeddable":true,"href":"https:\/\/www.dura-alloy.com\/fr\/wp-json\/wp\/v2\/product_brand?post=717"},{"taxonomy":"product_cat","embeddable":true,"href":"https:\/\/www.dura-alloy.com\/fr\/wp-json\/wp\/v2\/product_cat?post=717"},{"taxonomy":"product_tag","embeddable":true,"href":"https:\/\/www.dura-alloy.com\/fr\/wp-json\/wp\/v2\/product_tag?post=717"}],"curies":[{"name":"wp","href":"https:\/\/api.w.org\/{rel}","templated":true}]}}