{"id":713,"date":"2025-06-17T07:38:56","date_gmt":"2025-06-17T07:38:56","guid":{"rendered":"https:\/\/dura-alloy.com\/?post_type=product&#038;p=713"},"modified":"2025-06-17T07:38:56","modified_gmt":"2025-06-17T07:38:56","slug":"gh3536","status":"publish","type":"product","link":"https:\/\/www.dura-alloy.com\/fr\/produit\/gh3536\/","title":{"rendered":"GH3536"},"content":{"rendered":"<p style=\"text-align: center;\"><strong><span>\u00c9tendue de la fourniture pour le groupe Aviation<\/span><\/strong><\/p>\n<p style=\"text-align: center;\"><strong><span>Pi\u00e8ces forg\u00e9es, barres rondes, plaques d'acier, anneaux, tuyaux sans soudure, plaques d'acier\/courroies d'acier, mat\u00e9riaux de soudage par fil, n'h\u00e9sitez pas \u00e0 nous contacter !<\/span><\/strong><\/p>\n<p><strong><span>1. Introduction to GH3536 Materials<\/span><\/strong><\/p>\n<p><span>\u00a0 \u00a0 \u00a0 GH3536 alloy is a nickel-based high-temperature alloy with higher iron content that is mainly strengthened with chromium and molybdenum. The alloy has medium durability and creep strength below 900\u00b0C; it has good oxidation and corrosion resistance, good hot and cold processing forming properties and welding properties. It is suitable for manufacturing components such as aircraft engine combustion chambers that are used for a long time below 900\u2103, as well as high-temperature components that can be used for short-term use at 1080\u2103.<\/span><\/p>\n<h3><span>Implementation standards<\/span><\/h3>\n<p><span>\u00a0 \u00a0 \u00a0 GB\/T14992 &#8220;Classification and Numbering of High Temperature Materials for High Temperature Alloys and Intermetallic Compounds&#8221;<\/span><\/p>\n<p><span>\u00a0 \u00a0 \u00a0 GJB1952A &#8220;Code for Cold Rolled Plate for High Temperature Alloys for Aviation&#8221;<\/span><\/p>\n<p><span>\u00a0 \u00a0 \u00a0 GJB2297A &#8220;Specifications for Cold Drawn (Rolled) Seamless Pipe for High Temperature Alloys for Aviation&#8221;<\/span><\/p>\n<p><span>\u00a0 \u00a0 \u00a0 GJB 2612-1996 &#8220;Specifications for Cold Drawing of High Temperature Alloys for Welding&#8221;<\/span><\/p>\n<p><span>\u00a0 \u00a0 \u00a0 GJB 3020-1997 &#8220;Specifications for High Temperature Alloy Ring Bills for Aviation&#8221;<\/span><\/p>\n<p><span>\u00a0 \u00a0 \u00a0 GJB 3165-1998 &#8220;Specifications on Hot Rolling and Forged Rods for Aviation Loading Parts&#8221;<\/span><\/p>\n<p><span>\u00a0 \u00a0 \u00a0 HB5496 &#8220;GH536 alloy round cake, ring blank and ring piece&#8221;<\/span><\/p>\n<p><span>\u00a0 \u00a0 \u00a0 HB\/Z140 &#8220;Heat Treatment Process for High Temperature Alloys for Aviation&#8221;<\/span><\/p>\n<p><strong><span>2. Chemical composition of GH3536<\/span><\/strong><\/p>\n<table border=\"-\">\n<tbody>\n<tr>\n<td width=\"53\"><span>alliage<\/span><\/td>\n<td width=\"62\">%<\/td>\n<td width=\"37\">C<\/td>\n<td width=\"37\">Cr<\/td>\n<td width=\"31\"><span>En<\/span><\/td>\n<td width=\"32\">Co<\/td>\n<td width=\"32\">W<\/td>\n<td width=\"27\">Mo<\/td>\n<td width=\"36\">Al<\/td>\n<td width=\"37\"><span>De<\/span><\/td>\n<td width=\"36\">Fe<\/td>\n<td width=\"37\">B<\/td>\n<td width=\"36\">Cu<\/td>\n<td width=\"43\">S<\/td>\n<td width=\"43\">P<\/td>\n<td width=\"32\"><span>Et<\/span><\/td>\n<td width=\"32\">Mn<\/td>\n<\/tr>\n<tr>\n<td rowspan=\"2\" width=\"53\"><span>Gh3536<\/span><\/td>\n<td width=\"62\"><span>Valeur minimale<\/span><\/td>\n<td width=\"37\">0.05<\/td>\n<td width=\"37\">20.50<\/td>\n<td rowspan=\"2\" width=\"31\"><span>marge<\/span><\/td>\n<td width=\"32\">0.5<\/td>\n<td width=\"32\">0.20<\/td>\n<td width=\"27\">8.0<\/td>\n<td width=\"36\">&#8211;<\/td>\n<td width=\"37\"><span>&#8211;<\/span><\/td>\n<td width=\"36\">17.0<\/td>\n<td width=\"37\"><span>&#8211;<\/span><\/td>\n<td width=\"36\"><span>&#8211;<\/span><\/td>\n<td width=\"43\"><span>&#8211;<\/span><\/td>\n<td width=\"43\"><span>&#8211;<\/span><\/td>\n<td width=\"32\"><span>&#8211;<\/span><\/td>\n<td width=\"32\"><span>&#8211;<\/span><\/td>\n<\/tr>\n<tr>\n<td width=\"62\"><span>Valeur maximale<\/span><\/td>\n<td width=\"37\">0.15<\/td>\n<td width=\"37\">23.00<\/td>\n<td width=\"32\">2.5<\/td>\n<td width=\"32\">1.00<\/td>\n<td width=\"27\">10.0<\/td>\n<td width=\"36\">0.50<\/td>\n<td width=\"37\"><span>0.15<\/span><\/td>\n<td width=\"36\">20.0<\/td>\n<td width=\"37\">0.01<\/td>\n<td width=\"36\"><span>0.50<\/span><\/td>\n<td width=\"43\">0.015<\/td>\n<td width=\"43\">0.025<\/td>\n<td width=\"32\">1.0<\/td>\n<td width=\"32\"><span>1.0<\/span><\/td>\n<\/tr>\n<\/tbody>\n<\/table>\n<p><strong><span>3. GH3536 physical properties<\/span><\/strong><\/p>\n<table border=\"-\">\n<tbody>\n<tr>\n<td width=\"73\"><span>densit\u00e9<\/span><\/td>\n<td width=\"125\">8.28g\/cm3<\/td>\n<\/tr>\n<tr>\n<td width=\"73\"><span>Point de fusion<\/span><\/td>\n<td width=\"125\">1295\uff5e1381\u2103<\/td>\n<\/tr>\n<tr>\n<td width=\"73\"><span>magn\u00e9tique<\/span><\/td>\n<td width=\"125\"><span>Non-magnetic<\/span><\/td>\n<\/tr>\n<\/tbody>\n<\/table>\n<p><strong><span>Material properties:<\/span><\/strong><\/p>\n<p><span>\u00a0 \u00a0 \u00a0 1) Excellent antioxidant properties at up to 1200\u2103<\/span><\/p>\n<p><span>\u00a0 \u00a0 \u00a0 2) Good high temperature strength<\/span><\/p>\n<p><span>\u00a0 \u00a0 \u00a0 3) Very good formability and welding<\/span><\/p>\n<p><span>\u00a0 \u00a0 \u00a0 4) Very good resistance to stress corrosion cracking<\/span><\/p>\n<p><strong><span>4. GH3536 product features<\/span><\/strong><\/p>\n<p><span>\u00a0 \u00a0 \u00a0 It has good oxidation and corrosion resistance, medium durability and creep strength below 900\u2103, and good cold and hot processing forming properties and welding performance.<\/span><\/p>\n<p><span>\u00a0 \u00a0 \u00a0 Suitable for manufacturing combustion chamber components and other high-temperature components of aircraft engines, long-term use below 900\u2103, and short-term working temperature reaches 1080\u2103. Alloys that can withstand certain stress at high temperatures of 600-1200\u00b0C and have oxidation or corrosion resistance.<\/span><\/p>\n<p><strong><span>V. GH3536 application fields<\/span><\/strong><\/p>\n<p><span>\u00a0 \u00a0 \u00a0 Industrial and aviation turbines (combustion chambers, rectifiers, structural covers)<\/span><\/p>\n<p><span>\u00a0 \u00a0 \u00a0 Industrial furnace components, support rollers, gratings, ribbons and radiation tubes<\/span><\/p>\n<p><span>\u00a0 \u00a0 \u00a0 Spiral tubes in petrochemical furnaces<\/span><\/p>\n<p><span>\u00a0 \u00a0 \u00a0 High temperature gas cooling nuclear reactor<\/span><\/p>","protected":false},"excerpt":{"rendered":"<p>Scope of supply for Aviation Group Forgings, round rods, steel plates, rings, seamless pipes, steel plates\/steel belts, wire welding materials, [&hellip;]<\/p>","protected":false},"featured_media":714,"template":"","meta":{"site-sidebar-layout":"default","site-content-layout":"","ast-site-content-layout":"default","site-content-style":"default","site-sidebar-style":"default","ast-global-header-display":"","ast-banner-title-visibility":"","ast-main-header-display":"","ast-hfb-above-header-display":"","ast-hfb-below-header-display":"","ast-hfb-mobile-header-display":"","site-post-title":"","ast-breadcrumbs-content":"","ast-featured-img":"","footer-sml-layout":"","theme-transparent-header-meta":"default","adv-header-id-meta":"","stick-header-meta":"","header-above-stick-meta":"","header-main-stick-meta":"","header-below-stick-meta":"","astra-migrate-meta-layouts":"set","ast-page-background-enabled":"default","ast-page-background-meta":{"desktop":{"background-color":"var(--ast-global-color-5)","background-image":"","background-repeat":"repeat","background-position":"center center","background-size":"auto","background-attachment":"scroll","background-type":"","background-media":"","overlay-type":"","overlay-color":"","overlay-opacity":"","overlay-gradient":""},"tablet":{"background-color":"","background-image":"","background-repeat":"repeat","background-position":"center center","background-size":"auto","background-attachment":"scroll","background-type":"","background-media":"","overlay-type":"","overlay-color":"","overlay-opacity":"","overlay-gradient":""},"mobile":{"background-color":"","background-image":"","background-repeat":"repeat","background-position":"center center","background-size":"auto","background-attachment":"scroll","background-type":"","background-media":"","overlay-type":"","overlay-color":"","overlay-opacity":"","overlay-gradient":""}},"ast-content-background-meta":{"desktop":{"background-color":"var(--ast-global-color-4)","background-image":"","background-repeat":"repeat","background-position":"center center","background-size":"auto","background-attachment":"scroll","background-type":"","background-media":"","overlay-type":"","overlay-color":"","overlay-opacity":"","overlay-gradient":""},"tablet":{"background-color":"var(--ast-global-color-4)","background-image":"","background-repeat":"repeat","background-position":"center center","background-size":"auto","background-attachment":"scroll","background-type":"","background-media":"","overlay-type":"","overlay-color":"","overlay-opacity":"","overlay-gradient":""},"mobile":{"background-color":"var(--ast-global-color-4)","background-image":"","background-repeat":"repeat","background-position":"center center","background-size":"auto","background-attachment":"scroll","background-type":"","background-media":"","overlay-type":"","overlay-color":"","overlay-opacity":"","overlay-gradient":""}}},"product_brand":[],"product_cat":[16],"product_tag":[],"class_list":{"0":"post-713","1":"product","2":"type-product","3":"status-publish","4":"has-post-thumbnail","6":"product_cat-high-temperature-alloy","7":"desktop-align-left","8":"tablet-align-left","9":"mobile-align-left","11":"first","12":"instock","13":"shipping-taxable","14":"product-type-simple"},"_links":{"self":[{"href":"https:\/\/www.dura-alloy.com\/fr\/wp-json\/wp\/v2\/product\/713","targetHints":{"allow":["GET"]}}],"collection":[{"href":"https:\/\/www.dura-alloy.com\/fr\/wp-json\/wp\/v2\/product"}],"about":[{"href":"https:\/\/www.dura-alloy.com\/fr\/wp-json\/wp\/v2\/types\/product"}],"version-history":[{"count":0,"href":"https:\/\/www.dura-alloy.com\/fr\/wp-json\/wp\/v2\/product\/713\/revisions"}],"wp:featuredmedia":[{"embeddable":true,"href":"https:\/\/www.dura-alloy.com\/fr\/wp-json\/wp\/v2\/media\/714"}],"wp:attachment":[{"href":"https:\/\/www.dura-alloy.com\/fr\/wp-json\/wp\/v2\/media?parent=713"}],"wp:term":[{"taxonomy":"product_brand","embeddable":true,"href":"https:\/\/www.dura-alloy.com\/fr\/wp-json\/wp\/v2\/product_brand?post=713"},{"taxonomy":"product_cat","embeddable":true,"href":"https:\/\/www.dura-alloy.com\/fr\/wp-json\/wp\/v2\/product_cat?post=713"},{"taxonomy":"product_tag","embeddable":true,"href":"https:\/\/www.dura-alloy.com\/fr\/wp-json\/wp\/v2\/product_tag?post=713"}],"curies":[{"name":"wp","href":"https:\/\/api.w.org\/{rel}","templated":true}]}}