{"id":708,"date":"2025-06-17T07:32:11","date_gmt":"2025-06-17T07:32:11","guid":{"rendered":"https:\/\/dura-alloy.com\/?post_type=product&#038;p=708"},"modified":"2025-06-17T07:32:12","modified_gmt":"2025-06-17T07:32:12","slug":"gh698-gh4698","status":"publish","type":"product","link":"https:\/\/www.dura-alloy.com\/fr\/produit\/gh698-gh4698\/","title":{"rendered":"GH698\/GH4698"},"content":{"rendered":"<p style=\"text-align: center;\"><strong><span>\u00c9tendue de la fourniture pour le groupe Aviation<\/span><\/strong><\/p>\n<p style=\"text-align: center;\"><strong><span>Pi\u00e8ces forg\u00e9es, barres rondes, plaques d'acier, anneaux, tuyaux sans soudure, plaques d'acier\/courroies d'acier, mat\u00e9riaux de soudage par fil, n'h\u00e9sitez pas \u00e0 nous contacter !<\/span><\/strong><\/p>\n<p><strong><span>1. Introduction \u00e0 la\u00a0<\/span><\/strong><strong><span>GH698\/GH4698\u00a0<\/span><\/strong><strong><span>Mat\u00e9riaux<\/span><\/strong><\/p>\n<p><span>\u00a0 \u00a0 \u00a0 GH469\/GH698 is a nickel-based high-temperature alloy strengthened with aluminum, titanium, molybdenum, niobium and other elements. It is developed based on GH4033 alloy and has high durable strength and good comprehensive performance in the range of 500\u2103~800\u2103. This alloy is widely used in the manufacture of important bearing parts such as turbine discs, compressor discs, deflectors, and bearing rings of aircraft engines. The working temperature can reach 750\u2103~800\u2103.<\/span><\/p>\n<p><strong>\u00a0<\/strong><strong><span>\u00a0 \u00a0 Implementation standards<\/span><\/strong><\/p>\n<p><span>\u00a0 \u00a0 \u00a0 GB\/T14992-2005 &#8220;High Temperature Alloy&#8221;<\/span><\/p>\n<p><span>\u00a0 \u00a0 \u00a0 HB 5285-1984 &#8220;GH698 alloy disc forgings for aviation&#8221;<\/span><\/p>\n<p><span>\u00a0 \u00a0 \u00a0 GJB 3782-1999 &#8220;Specifications forged round cakes for high temperature alloy for aviation&#8221;<\/span><\/p>\n<p><span>\u00a0 \u00a0 \u00a0 GJB 1953-1994 &#8220;Specifications on Hot Rolled Rods for High Temperature Alloys for Rotating Parts of Aero Engines&#8221;<\/span><\/p>\n<p><span>\u00a0 \u00a0 \u00a0 GJB 2611-1996 &#8220;Specifications for Cold Pulling Rods for High Temperature Alloys for Aviation&#8221;<\/span><\/p>\n<p><span>\u00a0 \u00a0 \u00a0 GJB 2612-1996 &#8220;Specifications for Cold Drawing of High Temperature Alloys for Welding&#8221;<\/span><\/p>\n<p><span>\u00a0 \u00a0 \u00a0 GJB 3020-1997 &#8220;Specifications for High Temperature Alloy Ring Bills for Aviation&#8221;<\/span><\/p>\n<p><span>\u00a0 \u00a0 \u00a0 GJB 3165-1998 &#8220;Specifications on Hot Rolling and Forged Rods for Aviation Loading Parts&#8221;<\/span><\/p>\n<p><span>\u00a0 \u00a0 \u00a0 GJB 3782-1999 &#8220;Specifications for High Temperature Alloy Rods for Aviation&#8221;<\/span><\/p>\n<p><span>\u00a0 \u00a0 \u00a0 HB 5198-1982 &#8220;Deformed high-temperature alloy rods for aviation blades&#8221;<\/span><\/p>\n<p><strong><span>2. Composants chimiques<\/span><\/strong><\/p>\n<table border=\"1\">\n<tbody>\n<tr>\n<td><span>M\u00e9daille en alliage<\/span><\/td>\n<td>%<\/td>\n<td><span>nickel<\/span><\/p>\n<p><span>En<\/span><\/td>\n<td width=\"27\"><span>chrome<\/span><\/p>\n<p>Cr<\/td>\n<td width=\"27\"><span>fer<\/span><\/p>\n<p>Fe<\/td>\n<td width=\"39\"><span>carbone<\/span><\/p>\n<p>C<\/td>\n<td width=\"33\"><span>mangan\u00e8se<\/span><\/p>\n<p>Mn<\/td>\n<td width=\"33\"><span>silicium<\/span><\/p>\n<p><span>Et<\/span><\/td>\n<td width=\"33\"><span>molybdenum<\/span><\/p>\n<p>Mo<\/td>\n<td width=\"33\"><span>aluminium<\/span><\/p>\n<p>Al<\/td>\n<td width=\"39\"><span>titane<\/span><\/p>\n<p><span>De<\/span><\/td>\n<td width=\"33\"><span>niobium<\/span><\/p>\n<p>Nb<\/td>\n<td width=\"45\"><span>phosphorus<\/span><\/p>\n<p>P<\/td>\n<td width=\"39\"><span>cuivre<\/span><\/p>\n<p>Cu<\/td>\n<td width=\"39\"><span>\u94ef What<\/span><\/td>\n<td width=\"45\"><span>boron<\/span><\/p>\n<p>B<\/td>\n<td width=\"45\"><span>soufre<\/span><\/p>\n<p>S<\/td>\n<\/tr>\n<tr>\n<td rowspan=\"2\"><span>Gh698\/<\/span><\/p>\n<p><span>Gh4698<\/span><\/td>\n<td><span>Valeur minimale<\/span><\/td>\n<td rowspan=\"2\"><span>Remain<\/span><\/p>\n<p><span>quantity<\/span><\/td>\n<td width=\"27\">13.0<\/td>\n<td width=\"27\">&#8211;<\/td>\n<td width=\"39\"><span>&#8211;<\/span><\/td>\n<td width=\"33\"><span>&#8211;<\/span><\/td>\n<td width=\"33\"><span>&#8211;<\/span><\/td>\n<td width=\"33\">2.8<\/td>\n<td width=\"33\">1.3<\/td>\n<td width=\"39\">2.35<\/td>\n<td width=\"33\">1.8<\/td>\n<td width=\"45\"><span>&#8211;<\/span><\/td>\n<td width=\"39\"><span>&#8211;<\/span><\/td>\n<td width=\"39\"><span>&#8211;<\/span><\/td>\n<td width=\"45\"><span>&#8211;<\/span><\/td>\n<td width=\"45\"><span>&#8211;<\/span><\/td>\n<\/tr>\n<tr>\n<td><span>Valeur maximale<\/span><\/td>\n<td width=\"27\">16.0<\/td>\n<td width=\"27\">2.0<\/td>\n<td width=\"39\">0.08<\/td>\n<td width=\"33\">0.4<\/td>\n<td width=\"33\">0.6<\/td>\n<td width=\"33\">3.2<\/td>\n<td width=\"33\">1.7<\/td>\n<td width=\"39\">2.75<\/td>\n<td width=\"33\">2.2<\/td>\n<td width=\"45\">0.015<\/td>\n<td width=\"39\">0.07<\/td>\n<td width=\"39\">0.02<\/td>\n<td width=\"45\">0.005<\/td>\n<td width=\"45\">0.007<\/td>\n<\/tr>\n<\/tbody>\n<\/table>\n<p><strong><span>3. Propri\u00e9t\u00e9s physiques<\/span><\/strong><\/p>\n<table border=\"1\">\n<tbody>\n<tr>\n<td width=\"73\"><span>densit\u00e9<\/span><\/td>\n<td>8.32g\/cm3<\/td>\n<\/tr>\n<tr>\n<td><span>Point de fusion<\/span><\/td>\n<td>1340-1365 \u2103<\/td>\n<\/tr>\n<\/tbody>\n<\/table>\n<p><strong><span>Has the following characteristics<\/span><\/strong><\/p>\n<p><span>\u00a0 \u00a0 \u00a0 High durable strength<\/span><\/p>\n<p><span>\u00a0 \u00a0 \u00a0 Good comprehensive performance<\/span><\/p>\n<p><span>\u00a0 \u00a0 \u00a0 Long-term use of tissue stability<\/span><\/p>\n<p><strong><span>IV. Application areas<\/span><\/strong><\/p>\n<p><span>\u00a0 \u00a0 \u00a0 Suitable for aircraft engine turbine discs, compressor discs, flow guide plates, bearing rings and other important bearing parts for long-term use below 750~800\u2103<\/span><\/p>\n<p><span>\u00a0 \u00a0 \u00a0 It is used for high durability strength below 500~800\u2103 and can be widely used in various high-demand occasions. Such as: aircraft engine, combustion turbine disc, compressor disc, flow guide plate, load bearing ring.<\/span><\/p>","protected":false},"excerpt":{"rendered":"<p>Scope of supply for Aviation Group Forgings, round rods, steel plates, rings, seamless pipes, steel plates\/steel belts, wire welding materials, [&hellip;]<\/p>","protected":false},"featured_media":709,"template":"","meta":{"site-sidebar-layout":"default","site-content-layout":"","ast-site-content-layout":"default","site-content-style":"default","site-sidebar-style":"default","ast-global-header-display":"","ast-banner-title-visibility":"","ast-main-header-display":"","ast-hfb-above-header-display":"","ast-hfb-below-header-display":"","ast-hfb-mobile-header-display":"","site-post-title":"","ast-breadcrumbs-content":"","ast-featured-img":"","footer-sml-layout":"","theme-transparent-header-meta":"default","adv-header-id-meta":"","stick-header-meta":"","header-above-stick-meta":"","header-main-stick-meta":"","header-below-stick-meta":"","astra-migrate-meta-layouts":"set","ast-page-background-enabled":"default","ast-page-background-meta":{"desktop":{"background-color":"var(--ast-global-color-5)","background-image":"","background-repeat":"repeat","background-position":"center center","background-size":"auto","background-attachment":"scroll","background-type":"","background-media":"","overlay-type":"","overlay-color":"","overlay-opacity":"","overlay-gradient":""},"tablet":{"background-color":"","background-image":"","background-repeat":"repeat","background-position":"center center","background-size":"auto","background-attachment":"scroll","background-type":"","background-media":"","overlay-type":"","overlay-color":"","overlay-opacity":"","overlay-gradient":""},"mobile":{"background-color":"","background-image":"","background-repeat":"repeat","background-position":"center center","background-size":"auto","background-attachment":"scroll","background-type":"","background-media":"","overlay-type":"","overlay-color":"","overlay-opacity":"","overlay-gradient":""}},"ast-content-background-meta":{"desktop":{"background-color":"var(--ast-global-color-4)","background-image":"","background-repeat":"repeat","background-position":"center center","background-size":"auto","background-attachment":"scroll","background-type":"","background-media":"","overlay-type":"","overlay-color":"","overlay-opacity":"","overlay-gradient":""},"tablet":{"background-color":"var(--ast-global-color-4)","background-image":"","background-repeat":"repeat","background-position":"center center","background-size":"auto","background-attachment":"scroll","background-type":"","background-media":"","overlay-type":"","overlay-color":"","overlay-opacity":"","overlay-gradient":""},"mobile":{"background-color":"var(--ast-global-color-4)","background-image":"","background-repeat":"repeat","background-position":"center center","background-size":"auto","background-attachment":"scroll","background-type":"","background-media":"","overlay-type":"","overlay-color":"","overlay-opacity":"","overlay-gradient":""}}},"product_brand":[],"product_cat":[16],"product_tag":[],"class_list":{"0":"post-708","1":"product","2":"type-product","3":"status-publish","4":"has-post-thumbnail","6":"product_cat-high-temperature-alloy","7":"desktop-align-left","8":"tablet-align-left","9":"mobile-align-left","11":"first","12":"instock","13":"shipping-taxable","14":"product-type-simple"},"_links":{"self":[{"href":"https:\/\/www.dura-alloy.com\/fr\/wp-json\/wp\/v2\/product\/708","targetHints":{"allow":["GET"]}}],"collection":[{"href":"https:\/\/www.dura-alloy.com\/fr\/wp-json\/wp\/v2\/product"}],"about":[{"href":"https:\/\/www.dura-alloy.com\/fr\/wp-json\/wp\/v2\/types\/product"}],"version-history":[{"count":0,"href":"https:\/\/www.dura-alloy.com\/fr\/wp-json\/wp\/v2\/product\/708\/revisions"}],"wp:featuredmedia":[{"embeddable":true,"href":"https:\/\/www.dura-alloy.com\/fr\/wp-json\/wp\/v2\/media\/709"}],"wp:attachment":[{"href":"https:\/\/www.dura-alloy.com\/fr\/wp-json\/wp\/v2\/media?parent=708"}],"wp:term":[{"taxonomy":"product_brand","embeddable":true,"href":"https:\/\/www.dura-alloy.com\/fr\/wp-json\/wp\/v2\/product_brand?post=708"},{"taxonomy":"product_cat","embeddable":true,"href":"https:\/\/www.dura-alloy.com\/fr\/wp-json\/wp\/v2\/product_cat?post=708"},{"taxonomy":"product_tag","embeddable":true,"href":"https:\/\/www.dura-alloy.com\/fr\/wp-json\/wp\/v2\/product_tag?post=708"}],"curies":[{"name":"wp","href":"https:\/\/api.w.org\/{rel}","templated":true}]}}