{"id":699,"date":"2025-06-17T07:16:28","date_gmt":"2025-06-17T07:16:28","guid":{"rendered":"https:\/\/dura-alloy.com\/?post_type=product&#038;p=699"},"modified":"2025-06-17T07:19:55","modified_gmt":"2025-06-17T07:19:55","slug":"gh4202","status":"publish","type":"product","link":"https:\/\/www.dura-alloy.com\/fr\/produit\/gh4202\/","title":{"rendered":"GH4202"},"content":{"rendered":"<p style=\"text-align: center;\"><strong><span>\u00c9tendue de la fourniture pour le groupe Aviation<\/span><\/strong><\/p>\n<p style=\"text-align: center;\"><strong><span>Pi\u00e8ces forg\u00e9es, barres rondes, plaques d'acier, anneaux, tuyaux sans soudure, plaques d'acier\/courroies d'acier, mat\u00e9riaux de soudage par fil, n'h\u00e9sitez pas \u00e0 nous contacter !<\/span><\/strong><\/p>\n<p><strong><span>1. Introduction to GH4202 Materials<\/span><\/strong><\/p>\n<p><span>\u00a0 \u00a0 \u00a0 GH4202 is a Ni-Cr-based precipitation hardened deformation high-temperature alloy with a temperature of -253-800 degrees Celsius. The alloy is added with tungsten and molybdenum elements for solid solution strengthening, aluminum and titanium elements are added to form an aging reinforced phase, and a small amount of boron and cerium elements are added to purify and strengthen the grain boundaries. The alloy has good comprehensive mechanical properties and stable structure. The alloy has high corrosion resistance and oxidation resistance, as well as good oxygen-rich corrosion resistance. This alloy is a typical multi-purpose high temperature alloy material.<\/span><\/p>\n<p><span>2.\u00a0<\/span><strong><span>GH4202 chemical composition<\/span><\/strong><\/p>\n<table border=\"-\" width=\"1100\">\n<tbody>\n<tr>\n<td width=\"51\"><span>alliage<\/span><\/td>\n<td width=\"26\">%<\/td>\n<td width=\"42\">C<\/td>\n<td width=\"42\">Cr<\/td>\n<td width=\"34\"><span>En<\/span><\/td>\n<td width=\"34\">Al<\/td>\n<td width=\"34\"><span>De<\/span><\/td>\n<td width=\"42\">Cu<\/td>\n<td width=\"35\">W<\/td>\n<td width=\"34\">Mo<\/td>\n<td width=\"34\">Fe<\/td>\n<td width=\"38\"><span>\u94c8 What<\/span><\/td>\n<td width=\"37\">B<\/td>\n<td width=\"45\">S<\/td>\n<td width=\"45\">P<\/td>\n<td width=\"41\"><span>Et<\/span><\/td>\n<td width=\"40\">Mn<\/td>\n<\/tr>\n<tr>\n<td rowspan=\"2\" width=\"51\"><span>GH4202<\/span><\/td>\n<td width=\"26\"><span>Valeur minimale<\/span><\/td>\n<td width=\"42\">&#8211;<\/td>\n<td width=\"42\">17.0<\/td>\n<td rowspan=\"2\" width=\"34\"><span>marge<\/span><\/td>\n<td width=\"34\">1.0<\/td>\n<td width=\"34\">2.2<\/td>\n<td width=\"42\"><span>&#8211;<\/span><\/td>\n<td width=\"35\">4.0<\/td>\n<td width=\"34\"><span>4.0<\/span><\/td>\n<td width=\"34\"><span>&#8211;<\/span><\/td>\n<td width=\"38\"><span>&#8211;<\/span><\/td>\n<td width=\"37\"><span>&#8211;<\/span><\/td>\n<td width=\"45\"><span>&#8211;<\/span><\/td>\n<td width=\"45\"><span>&#8211;<\/span><\/td>\n<td width=\"41\"><span>&#8211;<\/span><\/td>\n<td width=\"40\"><span>&#8211;<\/span><\/td>\n<\/tr>\n<tr>\n<td width=\"26\"><span>Valeur maximale<\/span><\/td>\n<td width=\"42\">0.08<\/td>\n<td width=\"42\">20.0<\/td>\n<td width=\"34\">1.5<\/td>\n<td width=\"34\">2.6<\/td>\n<td width=\"42\">0.07<\/td>\n<td width=\"35\">5.0<\/td>\n<td width=\"34\"><span>5.0<\/span><\/td>\n<td width=\"34\"><span>4.0<\/span><\/td>\n<td width=\"38\">0.01<\/td>\n<td width=\"37\"><span>0.01<\/span><\/td>\n<td width=\"45\">0.010<\/td>\n<td width=\"45\">0.015<\/td>\n<td width=\"41\">0.60<\/td>\n<td width=\"40\">0.50<\/td>\n<\/tr>\n<\/tbody>\n<\/table>\n<p><strong><span>3. GH4202 physical properties<\/span><\/strong><\/p>\n<table border=\"-\">\n<tbody>\n<tr>\n<td width=\"93\"><span>Density g\/cm\u00b3<\/span><\/td>\n<td width=\"70\"><span>magn\u00e9tique<\/span><\/td>\n<td width=\"110\"><span>Thermal conductivity\/w\/(mk)100-800\u2103<\/span><\/td>\n<td width=\"139\"><span>Resistivity \u2103)\/(\u03a9.mm2\/m)100\u2103<\/span><\/td>\n<td width=\"126\"><span>Specific heat capacity \u2103)\/kg\/(kg.k)\u210325-800\u2103<\/span><\/td>\n<td width=\"116\"><span>Linear expansion coefficient\/(10-6\/k)20-700\u2103<\/span><\/td>\n<\/tr>\n<tr>\n<td width=\"93\">8.36<\/td>\n<td width=\"70\"><span>none<\/span><\/td>\n<td width=\"110\">12.2-28.8<\/td>\n<td width=\"139\"><span>&#8211;<\/span><\/td>\n<td width=\"126\"><span>&#8211;<\/span><\/td>\n<td width=\"116\">14.8<\/td>\n<\/tr>\n<tr>\n<td width=\"93\"><span>Temperature 0\/\u2103<\/span><\/td>\n<td width=\"70\">20<\/td>\n<td width=\"110\">600<\/td>\n<td width=\"139\">700<\/td>\n<td width=\"126\">&nbsp;<\/td>\n<td width=\"116\"><\/td>\n<\/tr>\n<tr>\n<td width=\"93\"><span>Elastic modulus E\/GPa<\/span><\/td>\n<td width=\"70\">216<\/td>\n<td width=\"110\">182<\/td>\n<td width=\"139\">173<\/td>\n<td width=\"126\"><\/td>\n<td width=\"116\"><\/td>\n<\/tr>\n<\/tbody>\n<\/table>\n<p><strong>\u00a0<\/strong><strong><span>4. GH4202 Mechanical Properties<\/span><\/strong><\/p>\n<table border=\"1\">\n<tbody>\n<tr>\n<td><span>type<\/span><\/td>\n<td><span>Heat treatment<\/span><\/td>\n<td><span>Temperature 0\/\u00b0C<\/span><\/td>\n<td><span>R\u00e9sistance \u00e0 la traction<\/span><\/p>\n<p>\u03a3bMPa\u2265<\/td>\n<td><span>Elongation A\/%\u2265<\/span><\/td>\n<td><span>Section shrinkage Z\/%\u2265<\/span><\/td>\n<\/tr>\n<tr>\n<td><span>Round stick<\/span><\/td>\n<td><span>\u00c9tat de la solution solide<\/span><\/td>\n<td><span>20<\/span><\/td>\n<td>930<\/td>\n<td>16<\/td>\n<td>18<\/td>\n<\/tr>\n<\/tbody>\n<\/table>\n<p><strong><span>V. GH4202 application fields<\/span><\/strong><\/p>\n<p><span>\u00a0 \u00a0 \u00a0 The new high-thrust liquid rocket engine has dozens of components such as turbine rotor, rectifier gate, turbine ball shell, corrugated pipe and gas pipeline, and is in good use.<\/span><\/p>\n<p><span>\u00a0 \u00a0 \u00a0 It is promoted and applied to aviation, nuclear energy, petroleum and chemical industries, and requires high corrosion resistance and chemical resistance to heat-resistant bearing parts and welded parts.<\/span><\/p>","protected":false},"excerpt":{"rendered":"<p>Scope of supply for Aviation Group Forgings, round rods, steel plates, rings, seamless pipes, steel plates\/steel belts, wire welding materials, [&hellip;]<\/p>","protected":false},"featured_media":700,"template":"","meta":{"site-sidebar-layout":"default","site-content-layout":"","ast-site-content-layout":"default","site-content-style":"default","site-sidebar-style":"default","ast-global-header-display":"","ast-banner-title-visibility":"","ast-main-header-display":"","ast-hfb-above-header-display":"","ast-hfb-below-header-display":"","ast-hfb-mobile-header-display":"","site-post-title":"","ast-breadcrumbs-content":"","ast-featured-img":"","footer-sml-layout":"","theme-transparent-header-meta":"default","adv-header-id-meta":"","stick-header-meta":"","header-above-stick-meta":"","header-main-stick-meta":"","header-below-stick-meta":"","astra-migrate-meta-layouts":"set","ast-page-background-enabled":"default","ast-page-background-meta":{"desktop":{"background-color":"var(--ast-global-color-5)","background-image":"","background-repeat":"repeat","background-position":"center center","background-size":"auto","background-attachment":"scroll","background-type":"","background-media":"","overlay-type":"","overlay-color":"","overlay-opacity":"","overlay-gradient":""},"tablet":{"background-color":"","background-image":"","background-repeat":"repeat","background-position":"center center","background-size":"auto","background-attachment":"scroll","background-type":"","background-media":"","overlay-type":"","overlay-color":"","overlay-opacity":"","overlay-gradient":""},"mobile":{"background-color":"","background-image":"","background-repeat":"repeat","background-position":"center center","background-size":"auto","background-attachment":"scroll","background-type":"","background-media":"","overlay-type":"","overlay-color":"","overlay-opacity":"","overlay-gradient":""}},"ast-content-background-meta":{"desktop":{"background-color":"var(--ast-global-color-4)","background-image":"","background-repeat":"repeat","background-position":"center center","background-size":"auto","background-attachment":"scroll","background-type":"","background-media":"","overlay-type":"","overlay-color":"","overlay-opacity":"","overlay-gradient":""},"tablet":{"background-color":"var(--ast-global-color-4)","background-image":"","background-repeat":"repeat","background-position":"center center","background-size":"auto","background-attachment":"scroll","background-type":"","background-media":"","overlay-type":"","overlay-color":"","overlay-opacity":"","overlay-gradient":""},"mobile":{"background-color":"var(--ast-global-color-4)","background-image":"","background-repeat":"repeat","background-position":"center center","background-size":"auto","background-attachment":"scroll","background-type":"","background-media":"","overlay-type":"","overlay-color":"","overlay-opacity":"","overlay-gradient":""}}},"product_brand":[],"product_cat":[16],"product_tag":[],"class_list":{"0":"post-699","1":"product","2":"type-product","3":"status-publish","4":"has-post-thumbnail","6":"product_cat-high-temperature-alloy","7":"desktop-align-left","8":"tablet-align-left","9":"mobile-align-left","11":"first","12":"instock","13":"shipping-taxable","14":"product-type-simple"},"_links":{"self":[{"href":"https:\/\/www.dura-alloy.com\/fr\/wp-json\/wp\/v2\/product\/699","targetHints":{"allow":["GET"]}}],"collection":[{"href":"https:\/\/www.dura-alloy.com\/fr\/wp-json\/wp\/v2\/product"}],"about":[{"href":"https:\/\/www.dura-alloy.com\/fr\/wp-json\/wp\/v2\/types\/product"}],"version-history":[{"count":1,"href":"https:\/\/www.dura-alloy.com\/fr\/wp-json\/wp\/v2\/product\/699\/revisions"}],"predecessor-version":[{"id":701,"href":"https:\/\/www.dura-alloy.com\/fr\/wp-json\/wp\/v2\/product\/699\/revisions\/701"}],"wp:featuredmedia":[{"embeddable":true,"href":"https:\/\/www.dura-alloy.com\/fr\/wp-json\/wp\/v2\/media\/700"}],"wp:attachment":[{"href":"https:\/\/www.dura-alloy.com\/fr\/wp-json\/wp\/v2\/media?parent=699"}],"wp:term":[{"taxonomy":"product_brand","embeddable":true,"href":"https:\/\/www.dura-alloy.com\/fr\/wp-json\/wp\/v2\/product_brand?post=699"},{"taxonomy":"product_cat","embeddable":true,"href":"https:\/\/www.dura-alloy.com\/fr\/wp-json\/wp\/v2\/product_cat?post=699"},{"taxonomy":"product_tag","embeddable":true,"href":"https:\/\/www.dura-alloy.com\/fr\/wp-json\/wp\/v2\/product_tag?post=699"}],"curies":[{"name":"wp","href":"https:\/\/api.w.org\/{rel}","templated":true}]}}