{"id":695,"date":"2025-06-17T07:13:38","date_gmt":"2025-06-17T07:13:38","guid":{"rendered":"https:\/\/dura-alloy.com\/?post_type=product&#038;p=695"},"modified":"2025-06-17T07:13:38","modified_gmt":"2025-06-17T07:13:38","slug":"gh2132","status":"publish","type":"product","link":"https:\/\/www.dura-alloy.com\/fr\/produit\/gh2132\/","title":{"rendered":"GH2132"},"content":{"rendered":"<p style=\"text-align: center;\"><strong><span>\u00c9tendue de la fourniture pour le groupe Aviation<\/span><\/strong><\/p>\n<p style=\"text-align: center;\"><strong><span>Pi\u00e8ces forg\u00e9es, barres rondes, plaques d'acier, anneaux, tuyaux sans soudure, plaques d'acier\/courroies d'acier, mat\u00e9riaux de soudage par fil, n'h\u00e9sitez pas \u00e0 nous contacter !<\/span><\/strong><\/p>\n<p><strong><span>1. Introduction to GH2132 Materials<\/span><\/strong><\/p>\n<p><span>\u00a0 \u00a0 \u00a0 GH2132 alloy is a Fe-25Ni-15Cr-based high-temperature alloy, and is strengthened with molybdenum, titanium, aluminum, vanadium and trace boron. Below 650\u00b0C, it has high yield strength, long-lasting, creep strength, and has good processing plasticity and satisfactory welding properties. Suitable for manufacturing high-temperature bearing components for aircraft engines that work under 650\u00b0C for a long time, such as turbine discs, compressor discs, rotor blades and fasteners.<\/span><\/p>\n<p><strong><span>2. GH2132 physical properties<\/span><\/strong><\/p>\n<table border=\"-\" width=\"1100\">\n<tbody>\n<tr>\n<td width=\"54\"><span>alliage<\/span><\/td>\n<td width=\"59\">%<\/td>\n<td width=\"40\"><span>En<\/span><\/td>\n<td width=\"41\">Cr<\/td>\n<td width=\"35\">Fe<\/td>\n<td width=\"48\">B<\/td>\n<td width=\"40\">Mo<\/td>\n<td width=\"40\">V<\/td>\n<td width=\"41\">C<\/td>\n<td width=\"41\">Mn<\/td>\n<td width=\"41\"><span>Et<\/span><\/td>\n<td width=\"48\">S<\/td>\n<td width=\"48\">P<\/td>\n<td width=\"40\">Cu<\/td>\n<td width=\"41\">Al<\/td>\n<td width=\"41\"><span>De<\/span><\/td>\n<\/tr>\n<tr>\n<td rowspan=\"2\" width=\"54\"><span>Gh2132<\/span><\/td>\n<td width=\"59\"><span>Valeur minimale<\/span><\/td>\n<td width=\"40\">24<\/td>\n<td width=\"41\">13.5<\/td>\n<td rowspan=\"2\" width=\"35\"><span>marge<\/span><\/td>\n<td width=\"48\">0.003<\/td>\n<td width=\"40\">1<\/td>\n<td width=\"40\">0.1<\/td>\n<td width=\"41\">&#8211;<\/td>\n<td width=\"41\"><span>&#8211;<\/span><\/td>\n<td width=\"41\"><span>&#8211;<\/span><\/td>\n<td width=\"48\"><span>&#8211;<\/span><\/td>\n<td width=\"48\"><span>&#8211;<\/span><\/td>\n<td width=\"40\"><span>&#8211;<\/span><\/td>\n<td width=\"41\"><span>&#8211;<\/span><\/td>\n<td width=\"41\">1.9<\/td>\n<\/tr>\n<tr>\n<td width=\"59\"><span>Valeur maximale<\/span><\/td>\n<td width=\"40\">27<\/td>\n<td width=\"41\">16<\/td>\n<td width=\"48\">0.01<\/td>\n<td width=\"40\">1.5<\/td>\n<td width=\"40\">0.5<\/td>\n<td width=\"41\">0.08<\/td>\n<td width=\"41\">0.35<\/td>\n<td width=\"41\"><span>0.35<\/span><\/td>\n<td width=\"48\">0.002<\/td>\n<td width=\"48\">0.015<\/td>\n<td width=\"40\">0.3<\/td>\n<td width=\"41\"><span>0.35<\/span><\/td>\n<td width=\"41\">2.35<\/td>\n<\/tr>\n<\/tbody>\n<\/table>\n<p><strong><span>3. GH2132 physical properties<\/span><\/strong><\/p>\n<table border=\"-\">\n<tbody>\n<tr>\n<td width=\"81\"><span>densit\u00e9<\/span><\/td>\n<td width=\"81\"><span>Point de fusion<\/span><\/td>\n<td width=\"102\"><span>Conductivit\u00e9 thermique<\/span><\/td>\n<td width=\"69\"><span>Capacit\u00e9 thermique sp\u00e9cifique<\/span><\/td>\n<td width=\"72\"><span>Module d'\u00e9lasticit\u00e9<\/span><\/td>\n<td width=\"73\"><span>Module de cisaillement<\/span><\/td>\n<td width=\"69\"><span>R\u00e9sistivit\u00e9<\/span><\/td>\n<td width=\"109\"><span>Coefficient de dilatation lin\u00e9aire<\/span><\/td>\n<\/tr>\n<tr>\n<td width=\"81\"><span>g \/ cm3<\/span><\/td>\n<td width=\"81\">\u2103<\/td>\n<td width=\"102\">\u03bb\/(W\/m\u00b7\u2103)<\/td>\n<td width=\"69\">J\/kg\u00b7\u2103<\/td>\n<td width=\"72\">GPa<\/td>\n<td width=\"73\"><span>GPa<\/span><\/td>\n<td width=\"69\">\u03bc\u03a9\u00b7m<\/td>\n<td width=\"109\">a\/10-6\u2103-1<\/td>\n<\/tr>\n<tr>\n<td width=\"81\">7.99<\/td>\n<td width=\"81\">1364-1424<\/td>\n<td width=\"102\">14.2(100\u2103)<\/td>\n<td width=\"69\">&nbsp;<\/td>\n<td width=\"72\">&nbsp;<\/td>\n<td width=\"73\">&nbsp;<\/td>\n<td width=\"69\">0.914<\/td>\n<td width=\"109\">15.7(20~100\u2103)<\/td>\n<\/tr>\n<\/tbody>\n<\/table>\n<p><span>GH2132 mechanical properties: (Minimum value of mechanical properties detected at 20\u2103)<\/span><\/p>\n<p>&nbsp;<\/p>\n<table border=\"-\">\n<tbody>\n<tr>\n<td width=\"115\"><span>Statut de l'alliage<\/span><\/td>\n<td width=\"115\"><span>R\u00e9sistance \u00e0 la traction<\/span><br \/>\n<span>\u00a0Rm N\/mm<\/span><\/td>\n<td width=\"95\"><span>Rendement du rendement<\/span><\/p>\n<p>RP0,2 N\/mm<\/td>\n<td width=\"95\"><span>\u00c9longation<\/span><\/p>\n<p><span>A5 %<\/span><\/td>\n<td width=\"95\"><span>Duret\u00e9 Brinell<\/span><br \/>\n<span>\u00a0HB<\/span><\/td>\n<\/tr>\n<tr>\n<td width=\"115\"><span>\u00c9tat de la solution solide<\/span><\/td>\n<td width=\"115\">930<\/td>\n<td width=\"95\">590<\/td>\n<td width=\"95\">15<\/td>\n<td width=\"95\">\u2264341<\/td>\n<\/tr>\n<\/tbody>\n<\/table>\n<p><span>Heat treatment requirements<\/span><\/p>\n<table border=\"-\">\n<tbody>\n<tr>\n<td width=\"213\"><span>Material variety<\/span><\/td>\n<td width=\"353\"><span>Heat treatment system<\/span><\/td>\n<\/tr>\n<tr>\n<td width=\"213\"><span>Bars, round cakes<\/span><\/td>\n<td width=\"353\"><span>980~1000\u2103, 1~2h, oil-cooled +700~720\u2103, 12~16h, air-cooled<\/span><\/td>\n<\/tr>\n<tr>\n<td width=\"213\"><span>Hot rolled plate, cold rolled plate<\/span><\/td>\n<td width=\"353\"><span>980~1000\u2103, air-cooled +700~720\u2103, 16h, air-cooled<\/span><\/td>\n<\/tr>\n<tr>\n<td width=\"213\"><span>Cold pull rod<\/span><\/td>\n<td width=\"353\"><span>980~1000\u2103, 1~2h, oil-cooled +700~720\u2103, 16h, air-cooled<\/span><\/td>\n<\/tr>\n<tr>\n<td width=\"213\"><span>Ring blank<\/span><\/td>\n<td width=\"353\"><span>980~990\u2103, 1~2h, oil-cooled +700~720\u2103, 15h, air-cooled<\/span><\/td>\n<\/tr>\n<tr>\n<td width=\"213\"><span>Cold drawing for cold heading<\/span><\/td>\n<td width=\"353\"><span>980~1000\u2103, 1~2h, water-cooled or oil-cooled +700~720\u2103, 16h, air-cooled<\/span><\/td>\n<\/tr>\n<\/tbody>\n<\/table>\n<p><strong><span>4.\u00a0<\/span><\/strong><strong><span>GH2132\u00a0<\/span><\/strong><strong><span>production implementation standards:<\/span><\/strong><\/p>\n<table border=\"-\">\n<tbody>\n<tr>\n<td width=\"90\"><span>standard<\/span><\/td>\n<td width=\"71\"><span>Chemical composition<\/span><\/td>\n<td width=\"84\"><span>Stick<\/span><\/td>\n<td width=\"89\"><span>Forgings<\/span><\/td>\n<td width=\"85\"><span>Plate<\/span><\/td>\n<td width=\"72\"><span>Silk material<\/span><\/td>\n<td width=\"71\"><span>Pipe<\/span><\/td>\n<td width=\"71\"><span>Forgings<\/span><\/td>\n<\/tr>\n<tr>\n<td width=\"90\"><span>National Standards<\/span><\/td>\n<td width=\"71\">GB\/T14992<\/td>\n<td width=\"84\">GB\/T14994<\/p>\n<p>GB\/T14993<\/td>\n<td width=\"89\">GB\/T14997GB\/T14998<\/td>\n<td width=\"85\">GB\/T14995<\/p>\n<p><span>GB\/T14996<\/span><\/td>\n<td width=\"72\">&nbsp;<\/td>\n<td width=\"71\">GB\/T15062<\/td>\n<td width=\"71\">&nbsp;<\/td>\n<\/tr>\n<tr>\n<td width=\"90\"><span>Aviation industry standards<\/span><\/td>\n<td width=\"71\">&nbsp;<\/td>\n<td width=\"84\"><span>HB5189<\/span><\/td>\n<td width=\"89\">&nbsp;<\/td>\n<td width=\"85\">&nbsp;<\/td>\n<td width=\"72\">&nbsp;<\/td>\n<td width=\"71\">&nbsp;<\/td>\n<td width=\"71\">&nbsp;<\/td>\n<\/tr>\n<tr>\n<td width=\"90\"><span>National Military Standards<\/span><\/td>\n<td width=\"71\">&nbsp;<\/td>\n<td width=\"84\"><span>Gjb2611<\/span><\/p>\n<p>GJB3165<\/td>\n<td width=\"89\">&nbsp;<\/td>\n<td width=\"85\"><span>GJB3317<\/span><\/td>\n<td width=\"72\">GJB2612<\/p>\n<p><span>GJB3167<\/span><\/td>\n<td width=\"71\">&nbsp;<\/td>\n<td width=\"71\">GJB3020<\/p>\n<p><span>GJB3782<\/span><\/td>\n<\/tr>\n<\/tbody>\n<\/table>\n<p><strong><span>V. GH2132 application fields<\/span><\/strong><\/p>\n<p><span>\u00a0 \u00a0 \u00a0 Application Overview and Special Requirements In aviation, it is mainly used for engine compressor discs, turbine discs, load bearing rings, receivers, shafts, fasteners, and plate welded bearing parts that work below 650\u00b0C. in the country, this alloy has been widely used in aviation.<\/span><\/p>","protected":false},"excerpt":{"rendered":"<p>Scope of supply for Aviation Group Forgings, round rods, steel plates, rings, seamless pipes, steel plates\/steel belts, wire welding materials, [&hellip;]<\/p>","protected":false},"featured_media":696,"template":"","meta":{"site-sidebar-layout":"default","site-content-layout":"","ast-site-content-layout":"default","site-content-style":"default","site-sidebar-style":"default","ast-global-header-display":"","ast-banner-title-visibility":"","ast-main-header-display":"","ast-hfb-above-header-display":"","ast-hfb-below-header-display":"","ast-hfb-mobile-header-display":"","site-post-title":"","ast-breadcrumbs-content":"","ast-featured-img":"","footer-sml-layout":"","theme-transparent-header-meta":"default","adv-header-id-meta":"","stick-header-meta":"","header-above-stick-meta":"","header-main-stick-meta":"","header-below-stick-meta":"","astra-migrate-meta-layouts":"set","ast-page-background-enabled":"default","ast-page-background-meta":{"desktop":{"background-color":"var(--ast-global-color-5)","background-image":"","background-repeat":"repeat","background-position":"center center","background-size":"auto","background-attachment":"scroll","background-type":"","background-media":"","overlay-type":"","overlay-color":"","overlay-opacity":"","overlay-gradient":""},"tablet":{"background-color":"","background-image":"","background-repeat":"repeat","background-position":"center center","background-size":"auto","background-attachment":"scroll","background-type":"","background-media":"","overlay-type":"","overlay-color":"","overlay-opacity":"","overlay-gradient":""},"mobile":{"background-color":"","background-image":"","background-repeat":"repeat","background-position":"center center","background-size":"auto","background-attachment":"scroll","background-type":"","background-media":"","overlay-type":"","overlay-color":"","overlay-opacity":"","overlay-gradient":""}},"ast-content-background-meta":{"desktop":{"background-color":"var(--ast-global-color-4)","background-image":"","background-repeat":"repeat","background-position":"center center","background-size":"auto","background-attachment":"scroll","background-type":"","background-media":"","overlay-type":"","overlay-color":"","overlay-opacity":"","overlay-gradient":""},"tablet":{"background-color":"var(--ast-global-color-4)","background-image":"","background-repeat":"repeat","background-position":"center center","background-size":"auto","background-attachment":"scroll","background-type":"","background-media":"","overlay-type":"","overlay-color":"","overlay-opacity":"","overlay-gradient":""},"mobile":{"background-color":"var(--ast-global-color-4)","background-image":"","background-repeat":"repeat","background-position":"center center","background-size":"auto","background-attachment":"scroll","background-type":"","background-media":"","overlay-type":"","overlay-color":"","overlay-opacity":"","overlay-gradient":""}}},"product_brand":[],"product_cat":[16],"product_tag":[],"class_list":{"0":"post-695","1":"product","2":"type-product","3":"status-publish","4":"has-post-thumbnail","6":"product_cat-high-temperature-alloy","7":"desktop-align-left","8":"tablet-align-left","9":"mobile-align-left","11":"first","12":"instock","13":"shipping-taxable","14":"product-type-simple"},"_links":{"self":[{"href":"https:\/\/www.dura-alloy.com\/fr\/wp-json\/wp\/v2\/product\/695","targetHints":{"allow":["GET"]}}],"collection":[{"href":"https:\/\/www.dura-alloy.com\/fr\/wp-json\/wp\/v2\/product"}],"about":[{"href":"https:\/\/www.dura-alloy.com\/fr\/wp-json\/wp\/v2\/types\/product"}],"version-history":[{"count":0,"href":"https:\/\/www.dura-alloy.com\/fr\/wp-json\/wp\/v2\/product\/695\/revisions"}],"wp:featuredmedia":[{"embeddable":true,"href":"https:\/\/www.dura-alloy.com\/fr\/wp-json\/wp\/v2\/media\/696"}],"wp:attachment":[{"href":"https:\/\/www.dura-alloy.com\/fr\/wp-json\/wp\/v2\/media?parent=695"}],"wp:term":[{"taxonomy":"product_brand","embeddable":true,"href":"https:\/\/www.dura-alloy.com\/fr\/wp-json\/wp\/v2\/product_brand?post=695"},{"taxonomy":"product_cat","embeddable":true,"href":"https:\/\/www.dura-alloy.com\/fr\/wp-json\/wp\/v2\/product_cat?post=695"},{"taxonomy":"product_tag","embeddable":true,"href":"https:\/\/www.dura-alloy.com\/fr\/wp-json\/wp\/v2\/product_tag?post=695"}],"curies":[{"name":"wp","href":"https:\/\/api.w.org\/{rel}","templated":true}]}}