{"id":693,"date":"2025-06-17T07:11:32","date_gmt":"2025-06-17T07:11:32","guid":{"rendered":"https:\/\/dura-alloy.com\/?post_type=product&#038;p=693"},"modified":"2025-06-17T07:11:32","modified_gmt":"2025-06-17T07:11:32","slug":"gh4141","status":"publish","type":"product","link":"https:\/\/www.dura-alloy.com\/fr\/produit\/gh4141\/","title":{"rendered":"GH4141"},"content":{"rendered":"<p style=\"text-align: center;\"><strong><span>\u00c9tendue de la fourniture pour le groupe Aviation<\/span><\/strong><\/p>\n<p style=\"text-align: center;\"><strong><span>Pi\u00e8ces forg\u00e9es, barres rondes, plaques d'acier, anneaux, tuyaux sans soudure, plaques d'acier\/courroies d'acier, mat\u00e9riaux de soudage par fil, n'h\u00e9sitez pas \u00e0 nous contacter !<\/span><\/strong><\/p>\n<p><strong><span>1. Introduction to GH4141\/141 Materials<\/span><\/strong><\/p>\n<p><span>\u00a0 \u00a0 \u00a0 GH4141 is a precipitated hardened nickel-based deformation high-temperature alloy with high tensile and long-lasting creep strength and good oxidation resistance in the range of 650 to 950\u00b0C. Due to the high content of aluminum, titanium and molybdenum in the alloy, it is difficult to open the ingot, but the deformed material has good plasticity. It can be cold-formed in annealed state or welded, and strain-aging cracks are easily generated when the welding parts are heat treated. The varieties of alloys include thin plates, belts, wires, discs, rings, forgings, bars, and precision castings.<\/span><\/p>\n<p><strong><span>2. Chemical composition of GH4141<\/span><\/strong><\/p>\n<table border=\"-\" width=\"1100\">\n<tbody>\n<tr>\n<td><span>alliage<\/span><\/td>\n<td>%<\/td>\n<td>C<\/td>\n<td>Cr<\/td>\n<td><span>En<\/span><\/td>\n<td>Al<\/td>\n<td><span>De<\/span><\/td>\n<td>Fe<\/td>\n<td>B<\/td>\n<td>Cu<\/td>\n<td>Mn<\/td>\n<td>Zr<\/td>\n<td>S<\/td>\n<td>Co<\/td>\n<td>P<\/td>\n<\/tr>\n<tr>\n<td rowspan=\"2\">GH4141\/141<\/td>\n<td><span>Valeur minimale<\/span><\/td>\n<td>0.06<\/td>\n<td>18<\/td>\n<td rowspan=\"2\"><span>marge<\/span><\/td>\n<td>1.40<\/td>\n<td>3.00<\/td>\n<td>&#8211;<\/td>\n<td>0.003<\/td>\n<td><span>&#8211;<\/span><\/td>\n<td><span>&#8211;<\/span><\/td>\n<td><span>&#8211;<\/span><\/td>\n<td><span>&#8211;<\/span><\/td>\n<td>10.0<\/td>\n<td><span>&#8211;<\/span><\/td>\n<\/tr>\n<tr>\n<td><span>Valeur maximale<\/span><\/td>\n<td>0.12<\/td>\n<td>20<\/td>\n<td>1.80<\/td>\n<td>3.55<\/td>\n<td>5<\/td>\n<td>0.010<\/td>\n<td>0.50<\/td>\n<td><span>0.50<\/span><\/td>\n<td>0.07<\/td>\n<td>0.015<\/td>\n<td>12.0<\/td>\n<td><span>0.015<\/span><\/td>\n<\/tr>\n<\/tbody>\n<\/table>\n<p><span>Note : Mn et Si dans le tableau sont le contenu des barres, des pi\u00e8ces forg\u00e9es, des anneaux et des fils, et les feuilles, les bandes et les tuyaux sont : Mn\u22640,35%, Si\u22640,35%.<\/span><\/p>\n<p><strong><span>III. GH4141 application field<\/span><\/strong><\/p>\n<p><span>\u00a0 \u00a0 \u00a0 Due to the high content of aluminum, titanium and molybdenum in the alloy, it is difficult to open the ingot, but the deformed material has good plasticity. It can be cold-formed in annealed state or welded, and strain-aging cracks are easily generated when the welding parts are heat treated. The varieties of alloys include thin plates, belts, wires, discs, rings, forgings, bars, and precision castings, etc., which are suitable for the manufacture of high-temperature parts of aviation and aerospace engines that require high strength below 870\u2103 and require antioxidant below 980\u2103.<\/span><\/p>","protected":false},"excerpt":{"rendered":"<p>Scope of supply for Aviation Group Forgings, round rods, steel plates, rings, seamless pipes, steel plates\/steel belts, wire welding materials, [&hellip;]<\/p>","protected":false},"featured_media":694,"template":"","meta":{"site-sidebar-layout":"default","site-content-layout":"","ast-site-content-layout":"default","site-content-style":"default","site-sidebar-style":"default","ast-global-header-display":"","ast-banner-title-visibility":"","ast-main-header-display":"","ast-hfb-above-header-display":"","ast-hfb-below-header-display":"","ast-hfb-mobile-header-display":"","site-post-title":"","ast-breadcrumbs-content":"","ast-featured-img":"","footer-sml-layout":"","theme-transparent-header-meta":"default","adv-header-id-meta":"","stick-header-meta":"","header-above-stick-meta":"","header-main-stick-meta":"","header-below-stick-meta":"","astra-migrate-meta-layouts":"set","ast-page-background-enabled":"default","ast-page-background-meta":{"desktop":{"background-color":"var(--ast-global-color-5)","background-image":"","background-repeat":"repeat","background-position":"center center","background-size":"auto","background-attachment":"scroll","background-type":"","background-media":"","overlay-type":"","overlay-color":"","overlay-opacity":"","overlay-gradient":""},"tablet":{"background-color":"","background-image":"","background-repeat":"repeat","background-position":"center center","background-size":"auto","background-attachment":"scroll","background-type":"","background-media":"","overlay-type":"","overlay-color":"","overlay-opacity":"","overlay-gradient":""},"mobile":{"background-color":"","background-image":"","background-repeat":"repeat","background-position":"center center","background-size":"auto","background-attachment":"scroll","background-type":"","background-media":"","overlay-type":"","overlay-color":"","overlay-opacity":"","overlay-gradient":""}},"ast-content-background-meta":{"desktop":{"background-color":"var(--ast-global-color-4)","background-image":"","background-repeat":"repeat","background-position":"center center","background-size":"auto","background-attachment":"scroll","background-type":"","background-media":"","overlay-type":"","overlay-color":"","overlay-opacity":"","overlay-gradient":""},"tablet":{"background-color":"var(--ast-global-color-4)","background-image":"","background-repeat":"repeat","background-position":"center center","background-size":"auto","background-attachment":"scroll","background-type":"","background-media":"","overlay-type":"","overlay-color":"","overlay-opacity":"","overlay-gradient":""},"mobile":{"background-color":"var(--ast-global-color-4)","background-image":"","background-repeat":"repeat","background-position":"center center","background-size":"auto","background-attachment":"scroll","background-type":"","background-media":"","overlay-type":"","overlay-color":"","overlay-opacity":"","overlay-gradient":""}}},"product_brand":[],"product_cat":[16],"product_tag":[],"class_list":{"0":"post-693","1":"product","2":"type-product","3":"status-publish","4":"has-post-thumbnail","6":"product_cat-high-temperature-alloy","7":"desktop-align-left","8":"tablet-align-left","9":"mobile-align-left","11":"first","12":"instock","13":"shipping-taxable","14":"product-type-simple"},"_links":{"self":[{"href":"https:\/\/www.dura-alloy.com\/fr\/wp-json\/wp\/v2\/product\/693","targetHints":{"allow":["GET"]}}],"collection":[{"href":"https:\/\/www.dura-alloy.com\/fr\/wp-json\/wp\/v2\/product"}],"about":[{"href":"https:\/\/www.dura-alloy.com\/fr\/wp-json\/wp\/v2\/types\/product"}],"version-history":[{"count":0,"href":"https:\/\/www.dura-alloy.com\/fr\/wp-json\/wp\/v2\/product\/693\/revisions"}],"wp:featuredmedia":[{"embeddable":true,"href":"https:\/\/www.dura-alloy.com\/fr\/wp-json\/wp\/v2\/media\/694"}],"wp:attachment":[{"href":"https:\/\/www.dura-alloy.com\/fr\/wp-json\/wp\/v2\/media?parent=693"}],"wp:term":[{"taxonomy":"product_brand","embeddable":true,"href":"https:\/\/www.dura-alloy.com\/fr\/wp-json\/wp\/v2\/product_brand?post=693"},{"taxonomy":"product_cat","embeddable":true,"href":"https:\/\/www.dura-alloy.com\/fr\/wp-json\/wp\/v2\/product_cat?post=693"},{"taxonomy":"product_tag","embeddable":true,"href":"https:\/\/www.dura-alloy.com\/fr\/wp-json\/wp\/v2\/product_tag?post=693"}],"curies":[{"name":"wp","href":"https:\/\/api.w.org\/{rel}","templated":true}]}}