{"id":663,"date":"2025-06-17T05:08:17","date_gmt":"2025-06-17T05:08:17","guid":{"rendered":"https:\/\/dura-alloy.com\/?post_type=product&#038;p=663"},"modified":"2025-06-17T05:08:17","modified_gmt":"2025-06-17T05:08:17","slug":"ta3","status":"publish","type":"product","link":"https:\/\/www.dura-alloy.com\/fr\/produit\/ta3\/","title":{"rendered":"TA3"},"content":{"rendered":"<p style=\"text-align: center;\"><strong><span>\u00c9tendue de la fourniture pour le groupe Aviation<\/span><\/strong><\/p>\n<p style=\"text-align: center;\"><strong><span>Pi\u00e8ces forg\u00e9es, barres rondes, plaques d'acier, anneaux, tuyaux sans soudure, plaques d'acier\/courroies d'acier, capillaires, mat\u00e9riel de soudage de fils, n'h\u00e9sitez pas \u00e0 nous contacter !<\/span><\/strong><\/p>\n<p><span>Titanium forgings. Custom<\/span><br \/>\n<span>titanium rods according to the drawings. \u03a6(8-400) \u00d7L\u22645000mm (rolled rods, forged rods)<\/span><br \/>\n<span>titanium plate\/belt (0.3-60.0) \u00d7 (400-1000) \u00d7 (1000-3500) mm (cold rolled plate, hot rolled plate)<\/span><br \/>\n<span>titanium tube \u03a6(3-210) \u00d7 (0.2-10.0) \u00d7L (rolled pipes, extruded pipes)<\/span><br \/>\n<span>titanium ring Outer diameter \u03c6(100-1200) \u00d7 inner diameter \u03a6(100-1000) \u00d7 height (20-800) mm<\/span><br \/>\n<span>titanium round cake \u03a6(150-1200) \u00d7 (20-800) mm<\/span><br \/>\n<span>titanium wire \u03a6(0.1-7.0) \u00d7L<\/span><\/p>\n<p><strong><span>1.\u00a0<\/span><\/strong><strong><span>Introduction to TA3\/Gr3 materials<\/span><\/strong><\/p>\n<p><span>TA3 is industrial pure titanium. They have high mechanical properties, excellent stamping properties, and can be welded in various forms. The strength of the welded joint can reach 90% of the metal strength of the matrix, and have good cutting performance. Titanium tubes have high corrosion resistance to chloride, sulfide and ammonia. Titanium has higher corrosion resistance in seawater than aluminum alloys, stainless steel, and nickel-based alloys. Titanium has strong water impact resistance.<\/span><\/p>\n<p><strong><span>2.\u00a0<\/span><\/strong><strong><span>Chemical composition of TA3\/Gr3<\/span><\/strong><\/p>\n<table border=\"-\" width=\"1120\">\n<tbody>\n<tr>\n<td width=\"49\"><span>Num\u00e9ro de marque<\/span><\/td>\n<td colspan=\"9\" width=\"583\"><span>Chemical composition (weight percentage)<\/span><\/p>\n<p>Chemicai composition(WT%)<\/td>\n<\/tr>\n<tr>\n<td rowspan=\"3\" width=\"49\"><span>TA3<\/span><\/td>\n<td rowspan=\"2\" width=\"78\"><span>Ingr\u00e9dients chimiques<\/span><\/td>\n<td width=\"64\"><span>titane<\/span><\/td>\n<td width=\"64\"><span>fer<\/span><\/td>\n<td width=\"64\"><span>carbone<\/span><\/td>\n<td width=\"64\"><span>nitrogen<\/span><\/td>\n<td width=\"64\"><span>hydrogen<\/span><\/td>\n<td width=\"64\"><span>oxygen<\/span><\/td>\n<td colspan=\"2\" width=\"122\"><span>Other impurities<\/span><\/td>\n<\/tr>\n<tr>\n<td width=\"64\"><span>(Of)<\/span><\/td>\n<td width=\"64\">(Fe)<\/td>\n<td width=\"64\">(C)<\/td>\n<td width=\"64\">(N)<\/td>\n<td width=\"64\">(H)<\/td>\n<td width=\"64\">(O)<\/td>\n<td width=\"64\"><span>single<\/span><\/td>\n<td width=\"58\"><span>sum<\/span><\/td>\n<\/tr>\n<tr>\n<td width=\"78\"><span>Industrial pure titanium<\/span><\/td>\n<td width=\"64\"><span>marge<\/span><\/td>\n<td width=\"64\">\u22640.40<\/td>\n<td width=\"64\">\u22640.10<\/td>\n<td width=\"64\">\u22640.05<\/td>\n<td width=\"64\">\u22640.015<\/td>\n<td width=\"64\">\u22640.30<\/td>\n<td width=\"64\">\u22640.1<\/td>\n<td width=\"58\">\u22640.4<\/td>\n<\/tr>\n<\/tbody>\n<\/table>\n<p><strong><span>3.\u00a0<\/span><\/strong><strong><span>Physical properties of TA3\/Gr3<\/span><\/strong><\/p>\n<table border=\"-\">\n<tbody>\n<tr>\n<td rowspan=\"2\" width=\"70\"><span>Num\u00e9ro de marque<\/span><\/td>\n<td colspan=\"5\" width=\"360\"><span>Room temperature mechanical properties are not less than<\/span><\/td>\n<td colspan=\"3\" width=\"202\"><span>High temperature mechanical properties are no less than<\/span><\/td>\n<\/tr>\n<tr>\n<td width=\"70\"><span>Tensile strength \u03c3b MPa<\/span><\/td>\n<td width=\"85\"><span>Yield strength \u03c30.2MPa<\/span><\/td>\n<td width=\"66\"><span>Elongation \u03b45%<\/span><\/td>\n<td width=\"70\"><span>Shrinkage \u03c8 %<\/span><\/td>\n<td width=\"69\"><span>Impact value \u03b1k J\/cm\u00a0<\/span><sup><span>2<\/span><\/sup><\/td>\n<td width=\"68\"><span>Test temperature \u2103<\/span><\/td>\n<td width=\"67\"><span>Tensile strength \u03c3b MPa<\/span><\/td>\n<td width=\"67\"><span>Long-lasting strength \u03c3100 MPa<\/span><\/td>\n<\/tr>\n<tr>\n<td width=\"70\"><span>Ta1<\/span><\/td>\n<td width=\"70\">343<\/td>\n<td width=\"85\">275<\/td>\n<td width=\"66\">25<\/td>\n<td width=\"70\">50<\/td>\n<td width=\"69\">&#8212;<\/td>\n<td width=\"68\">&nbsp;<\/td>\n<td width=\"67\">&nbsp;<\/td>\n<td width=\"67\">&nbsp;<\/td>\n<\/tr>\n<tr>\n<td width=\"70\"><span>TA2<\/span><\/td>\n<td width=\"70\">441<\/td>\n<td width=\"85\">373<\/td>\n<td width=\"66\">20<\/td>\n<td width=\"70\">40<\/td>\n<td width=\"69\"><span>&#8212;<\/span><\/td>\n<td width=\"68\">&nbsp;<\/td>\n<td width=\"67\">&nbsp;<\/td>\n<td width=\"67\">&nbsp;<\/td>\n<\/tr>\n<tr>\n<td width=\"70\"><span>TA3<\/span><\/td>\n<td width=\"70\">539<\/td>\n<td width=\"85\">461<\/td>\n<td width=\"66\">15<\/td>\n<td width=\"70\">35<\/td>\n<td width=\"69\"><span>&#8212;<\/span><\/td>\n<td width=\"68\">&nbsp;<\/td>\n<td width=\"67\">&nbsp;<\/td>\n<td width=\"67\">&nbsp;<\/td>\n<\/tr>\n<tr>\n<td width=\"70\"><span>Ta5<\/span><\/td>\n<td width=\"70\">686<\/td>\n<td width=\"85\"><span>&#8212;<\/span><\/td>\n<td width=\"66\"><span>15<\/span><\/td>\n<td width=\"70\"><span>40<\/span><\/td>\n<td width=\"69\">58.8<\/td>\n<td width=\"68\">&nbsp;<\/td>\n<td width=\"67\">&nbsp;<\/td>\n<td width=\"67\">&nbsp;<\/td>\n<\/tr>\n<tr>\n<td width=\"70\"><span>Ta6<\/span><\/td>\n<td width=\"70\"><span>686<\/span><\/td>\n<td width=\"85\"><span>&#8212;<\/span><\/td>\n<td width=\"66\">10<\/td>\n<td width=\"70\">27<\/td>\n<td width=\"69\">29.4<\/td>\n<td width=\"68\">350<\/td>\n<td width=\"67\">422<\/td>\n<td width=\"67\">392<\/td>\n<\/tr>\n<tr>\n<td width=\"70\"><span>TA7<\/span><\/td>\n<td width=\"70\">785<\/td>\n<td width=\"85\"><span>&#8212;<\/span><\/td>\n<td width=\"66\"><span>10<\/span><\/td>\n<td width=\"70\"><span>27<\/span><\/td>\n<td width=\"69\"><span>29.4<\/span><\/td>\n<td width=\"68\"><span>350<\/span><\/td>\n<td width=\"67\">490<\/td>\n<td width=\"67\"><span>441<\/span><\/td>\n<\/tr>\n<tr>\n<td width=\"70\"><span>TC1<\/span><\/td>\n<td width=\"70\">588<\/td>\n<td width=\"85\"><span>&#8212;<\/span><\/td>\n<td width=\"66\"><span>15<\/span><\/td>\n<td width=\"70\">30<\/td>\n<td width=\"69\">44.1<\/td>\n<td width=\"68\"><span>350<\/span><\/td>\n<td width=\"67\"><span>343<\/span><\/td>\n<td width=\"67\">324<\/td>\n<\/tr>\n<tr>\n<td width=\"70\">TC2<\/td>\n<td width=\"70\"><span>686<\/span><\/td>\n<td width=\"85\"><span>&#8212;<\/span><\/td>\n<td width=\"66\">12<\/td>\n<td width=\"70\"><span>30<\/span><\/td>\n<td width=\"69\">39.2<\/td>\n<td width=\"68\"><span>350<\/span><\/td>\n<td width=\"67\"><span>422<\/span><\/td>\n<td width=\"67\"><span>392<\/span><\/td>\n<\/tr>\n<tr>\n<td width=\"70\"><span>TC4<\/span><\/td>\n<td width=\"70\">902<\/td>\n<td width=\"85\">824<\/td>\n<td width=\"66\"><span>10<\/span><\/td>\n<td width=\"70\"><span>30<\/span><\/td>\n<td width=\"69\"><span>39.2<\/span><\/td>\n<td width=\"68\">400<\/td>\n<td width=\"67\">618<\/td>\n<td width=\"67\">569<\/td>\n<\/tr>\n<tr>\n<td width=\"70\">TC6<\/td>\n<td width=\"70\">981<\/td>\n<td width=\"85\"><span>&#8212;<\/span><\/td>\n<td width=\"66\"><span>10<\/span><\/td>\n<td width=\"70\">23<\/td>\n<td width=\"69\"><span>29.4<\/span><\/td>\n<td width=\"68\"><span>400<\/span><\/td>\n<td width=\"67\">736<\/td>\n<td width=\"67\">667<\/td>\n<\/tr>\n<tr>\n<td width=\"70\">TC9<\/td>\n<td width=\"70\">1059<\/td>\n<td width=\"85\"><span>&#8212;<\/span><\/td>\n<td width=\"66\">9<\/td>\n<td width=\"70\"><span>25<\/span><\/td>\n<td width=\"69\"><span>29.4<\/span><\/td>\n<td width=\"68\">500<\/td>\n<td width=\"67\"><span>785<\/span><\/td>\n<td width=\"67\"><span>588<\/span><\/td>\n<\/tr>\n<tr>\n<td width=\"70\"><span>TC10<\/span><\/td>\n<td width=\"70\">1030<\/td>\n<td width=\"85\"><span>&#8212;<\/span><\/td>\n<td width=\"66\"><span>12<\/span><\/td>\n<td width=\"70\">25~30<\/td>\n<td width=\"69\">34.3<\/td>\n<td width=\"68\"><span>400<\/span><\/td>\n<td width=\"67\">834<\/td>\n<td width=\"67\"><span>785<\/span><\/td>\n<\/tr>\n<tr>\n<td width=\"70\">TC11<\/td>\n<td width=\"70\"><span>1030<\/span><\/td>\n<td width=\"85\"><span>&#8212;<\/span><\/td>\n<td width=\"66\"><span>10<\/span><\/td>\n<td width=\"70\"><span>30<\/span><\/td>\n<td width=\"69\"><span>29.4<\/span><\/td>\n<td width=\"68\"><span>500<\/span><\/td>\n<td width=\"67\"><span>686<\/span><\/td>\n<td width=\"67\"><span>588<\/span><\/td>\n<\/tr>\n<\/tbody>\n<\/table>\n<p><strong><span>4.<\/span><\/strong><span>\u00a0Technical standards of TA3\/Gr3 materials<\/span><\/p>\n<p><span>GB\/T3620.1-2016 Titanium and Titanium Alloy Grades and Chemical Compositions<\/span><\/p>\n<p><span>GB\/T 3621-2007 ASTM\/B265 Titanium and Titanium Alloy Sheet<\/span><\/p>\n<p><span>GB\/T2965 -2007 ASTM\/B348 Titanium and Titanium Alloy Rod Material<\/span><\/p>\n<p><span>GB\/T 3624-2010 ASTM337 Titanium and Titanium Alloy Seamless Tube<\/span><\/p>\n<p><span>GB\/T16598-2013 Titanium and titanium alloy tubes for ASTM381 heat exchanger and condenser<\/span><\/p>\n<p><span>GB\/T13810-1997 Titanium and titanium alloy processing materials for AMST\/F136 surgical implants<\/span><\/p>\n<p><span>GB\/T3623-2007 AMST\/B863 titanium and titanium alloy wire<\/span><\/p>\n<p><span>AMST\/B265 ASTM\/B265 Titanium and Titanium Alloy Band\u00b7Foil<\/span><\/p>\n<p><strong><span>5.\u00a0<\/span><\/strong><strong><span>Six major characteristics of TA3\/Gr3<\/span><\/strong><\/p>\n<p><span>\u3000\u30001. High strength: Titanium has better strength\/density ratio than other metals, and can be made of titanium to make components with high strength, good rigidity and light weight. Titanium is used in aircraft engines, frames, skins, fasteners and landing gear.<\/span><\/p>\n<p><span>\u3000\u30002. Anti-corrosion: Compared with stainless steel, titanium alloy has better corrosion effect in humid air and seawater, and titanium has great resistance to pit corrosion, acid corrosion and stress corrosion. Titanium resists corrosion of alkali, chloride, chlorinated organic matter, sulfuric acid, nitric acid.<\/span><\/p>\n<p><span>\u3000\u30003. High temperature resistance: The application temperature of titanium is higher than that of aluminum alloy. Titanium can work for a long time at 450-500\u2103.<\/span><\/p>\n<p><span>\u3000\u30004. Low temperature resistance: When working at low temperature or ultra-low temperature conditions, titanium alloys still have their mechanical properties. Titanium alloys with low temperature resistance and extremely low gaps still have good ductility, so titanium alloys are a good low temperature structural material.<\/span><\/p>\n<p><span>5. Environmentally friendly metals: Titanium has lower thermal conductivity than carbon steel or copper, but titanium has very good corrosion resistance. Therefore, the thickness of titanium can be greatly reduced, and the heat exchange mode is dropwise condensation between titanium and steam. This mode reduces heat transfer resistance and there is no scaling on the titanium surface, thus making the titanium more thermal conductivity.<\/span><\/p>\n<p><span>6. Good thermal conductivity: Titanium is a non-magnetic metal and cannot be magnetized in large magnetic fields. Moreover, titanium is non-toxic and compatible with blood, so titanium has been used in the medical field.<\/span><\/p>\n<p><strong><span>6. TA3\/Gr3\u00a0<\/span><\/strong><strong><span>champs d'application<\/span><\/strong><\/p>\n<ol>\n<li><span>Used to make airplane engine compressor parts;<\/span><\/li>\n<li><span>Used to manufacture rockets, missiles and aircraft structural parts, aircraft skeletons, skins, engine components, beams, etc.;<\/span><\/li>\n<li><span>Pipeline systems, valves, and pumps that are corroded by marine seawater;<\/span><\/li>\n<li><span>Power station condensers, accelerators for petroleum refining and seawater desalination, and environmental pollution control devices, etc.<\/span><\/li>\n<li><span>Chemical heat exchanger, pump body, distillation tower.<\/span><\/li>\n<\/ol>","protected":false},"excerpt":{"rendered":"<p>Scope of supply for Aviation Group Forgings, round rods, steel plates, rings, seamless pipes, steel plates\/steel belts, capillaries, wire welding [&hellip;]<\/p>","protected":false},"featured_media":664,"template":"","meta":{"site-sidebar-layout":"default","site-content-layout":"","ast-site-content-layout":"default","site-content-style":"default","site-sidebar-style":"default","ast-global-header-display":"","ast-banner-title-visibility":"","ast-main-header-display":"","ast-hfb-above-header-display":"","ast-hfb-below-header-display":"","ast-hfb-mobile-header-display":"","site-post-title":"","ast-breadcrumbs-content":"","ast-featured-img":"","footer-sml-layout":"","theme-transparent-header-meta":"default","adv-header-id-meta":"","stick-header-meta":"","header-above-stick-meta":"","header-main-stick-meta":"","header-below-stick-meta":"","astra-migrate-meta-layouts":"set","ast-page-background-enabled":"default","ast-page-background-meta":{"desktop":{"background-color":"var(--ast-global-color-5)","background-image":"","background-repeat":"repeat","background-position":"center center","background-size":"auto","background-attachment":"scroll","background-type":"","background-media":"","overlay-type":"","overlay-color":"","overlay-opacity":"","overlay-gradient":""},"tablet":{"background-color":"","background-image":"","background-repeat":"repeat","background-position":"center center","background-size":"auto","background-attachment":"scroll","background-type":"","background-media":"","overlay-type":"","overlay-color":"","overlay-opacity":"","overlay-gradient":""},"mobile":{"background-color":"","background-image":"","background-repeat":"repeat","background-position":"center center","background-size":"auto","background-attachment":"scroll","background-type":"","background-media":"","overlay-type":"","overlay-color":"","overlay-opacity":"","overlay-gradient":""}},"ast-content-background-meta":{"desktop":{"background-color":"var(--ast-global-color-4)","background-image":"","background-repeat":"repeat","background-position":"center center","background-size":"auto","background-attachment":"scroll","background-type":"","background-media":"","overlay-type":"","overlay-color":"","overlay-opacity":"","overlay-gradient":""},"tablet":{"background-color":"var(--ast-global-color-4)","background-image":"","background-repeat":"repeat","background-position":"center center","background-size":"auto","background-attachment":"scroll","background-type":"","background-media":"","overlay-type":"","overlay-color":"","overlay-opacity":"","overlay-gradient":""},"mobile":{"background-color":"var(--ast-global-color-4)","background-image":"","background-repeat":"repeat","background-position":"center center","background-size":"auto","background-attachment":"scroll","background-type":"","background-media":"","overlay-type":"","overlay-color":"","overlay-opacity":"","overlay-gradient":""}}},"product_brand":[],"product_cat":[36],"product_tag":[],"class_list":{"0":"post-663","1":"product","2":"type-product","3":"status-publish","4":"has-post-thumbnail","6":"product_cat-titanium-alloy","7":"desktop-align-left","8":"tablet-align-left","9":"mobile-align-left","11":"first","12":"instock","13":"shipping-taxable","14":"product-type-simple"},"_links":{"self":[{"href":"https:\/\/www.dura-alloy.com\/fr\/wp-json\/wp\/v2\/product\/663","targetHints":{"allow":["GET"]}}],"collection":[{"href":"https:\/\/www.dura-alloy.com\/fr\/wp-json\/wp\/v2\/product"}],"about":[{"href":"https:\/\/www.dura-alloy.com\/fr\/wp-json\/wp\/v2\/types\/product"}],"version-history":[{"count":0,"href":"https:\/\/www.dura-alloy.com\/fr\/wp-json\/wp\/v2\/product\/663\/revisions"}],"wp:featuredmedia":[{"embeddable":true,"href":"https:\/\/www.dura-alloy.com\/fr\/wp-json\/wp\/v2\/media\/664"}],"wp:attachment":[{"href":"https:\/\/www.dura-alloy.com\/fr\/wp-json\/wp\/v2\/media?parent=663"}],"wp:term":[{"taxonomy":"product_brand","embeddable":true,"href":"https:\/\/www.dura-alloy.com\/fr\/wp-json\/wp\/v2\/product_brand?post=663"},{"taxonomy":"product_cat","embeddable":true,"href":"https:\/\/www.dura-alloy.com\/fr\/wp-json\/wp\/v2\/product_cat?post=663"},{"taxonomy":"product_tag","embeddable":true,"href":"https:\/\/www.dura-alloy.com\/fr\/wp-json\/wp\/v2\/product_tag?post=663"}],"curies":[{"name":"wp","href":"https:\/\/api.w.org\/{rel}","templated":true}]}}