{"id":644,"date":"2025-06-17T04:39:20","date_gmt":"2025-06-17T04:39:20","guid":{"rendered":"https:\/\/dura-alloy.com\/?post_type=product&#038;p=644"},"modified":"2025-06-17T04:39:20","modified_gmt":"2025-06-17T04:39:20","slug":"inconel-x-750","status":"publish","type":"product","link":"https:\/\/www.dura-alloy.com\/fr\/produit\/inconel-x-750\/","title":{"rendered":"Inconel X-750"},"content":{"rendered":"<p style=\"text-align: center;\"><strong><span>\u00c9tendue de la fourniture pour le groupe Aviation<\/span><\/strong><\/p>\n<p style=\"text-align: center;\"><strong><span>Pi\u00e8ces forg\u00e9es, barres rondes, plaques d'acier, anneaux, tuyaux sans soudure, plaques d'acier\/courroies d'acier, capillaires, mat\u00e9riel de soudage de fils, n'h\u00e9sitez pas \u00e0 nous contacter !<\/span><\/strong><\/p>\n<p>&nbsp;<\/p>\n<p><strong><span>1. Introduction aux mat\u00e9riaux Inconel X-750<\/span><\/strong><\/p>\n<p><span>\u00a0 \u00a0 \u00a0 L'alliage Inconel X-750 est principalement un alliage haute temp\u00e9rature \u00e0 base de nickel avec un renforcement par vieillissement de la phase \u03b3\"[Ni3(Al, Ti, Nb)]. Il pr\u00e9sente une bonne r\u00e9sistance \u00e0 la corrosion et \u00e0 l'oxydation en dessous de 980\u00b0C, une r\u00e9sistance \u00e9lev\u00e9e en dessous de 800\u00b0C, une bonne r\u00e9sistance \u00e0 la relaxation en dessous de 540\u00b0C et de bonnes propri\u00e9t\u00e9s de formage et de soudage. Cet alliage est principalement utilis\u00e9 pour fabriquer des ressorts plats et des ressorts h\u00e9lico\u00efdaux qui fonctionnent \u00e0 une temp\u00e9rature inf\u00e9rieure \u00e0 800\u00b0C et qui n\u00e9cessitent une r\u00e9sistance \u00e9lev\u00e9e. Il peut \u00e9galement \u00eatre utilis\u00e9 pour fabriquer des pi\u00e8ces telles que des aubes de turbines. Les produits disponibles sont des plaques, des bandes, des barres, des pi\u00e8ces forg\u00e9es, des anneaux, des fils et des tuyaux.<\/span><\/p>\n<p><strong><span>2. Composition chimique de l'Inconel X-750<\/span><\/strong><\/p>\n<table border=\"-\">\n<tbody>\n<tr>\n<td width=\"54\"><span>alliage<\/span><\/td>\n<td width=\"50\">%<\/td>\n<td width=\"42\">C<\/td>\n<td width=\"50\">Cr<\/td>\n<td width=\"50\"><span>Ni+quoi<\/span><\/td>\n<td width=\"41\">Al<\/td>\n<td width=\"41\"><span>De<\/span><\/td>\n<td width=\"41\">Fe<\/td>\n<td width=\"47\">Nb+Ta<\/td>\n<td width=\"34\">Cu<\/td>\n<td width=\"33\">Co<\/td>\n<td width=\"41\">Mn<\/td>\n<td width=\"34\"><span>Et<\/span><\/td>\n<td width=\"40\">S<\/td>\n<td width=\"46\">P<\/td>\n<\/tr>\n<tr>\n<td rowspan=\"2\" width=\"54\"><span>Inconel X-750<\/span><\/td>\n<td width=\"50\"><span>Valeur minimale<\/span><\/td>\n<td width=\"42\">&#8211;<\/td>\n<td width=\"50\">14.0<\/td>\n<td width=\"50\">70.0<\/td>\n<td width=\"41\">0.4<\/td>\n<td width=\"41\">2.25<\/td>\n<td width=\"41\">5.0<\/td>\n<td width=\"47\">0.7<\/td>\n<td width=\"34\">&#8211;<\/td>\n<td width=\"33\"><span>&#8211;<\/span><\/td>\n<td width=\"41\"><span>&#8211;<\/span><\/td>\n<td width=\"34\"><span>&#8211;<\/span><\/td>\n<td width=\"40\"><span>&#8211;<\/span><\/td>\n<td width=\"46\"><span>&#8211;<\/span><\/td>\n<\/tr>\n<tr>\n<td width=\"50\"><span>Valeur maximale<\/span><\/td>\n<td width=\"42\">0.08<\/td>\n<td width=\"50\">17.0<\/td>\n<td width=\"50\"><span>marge<\/span><\/td>\n<td width=\"41\">1.0<\/td>\n<td width=\"41\">2.75<\/td>\n<td width=\"41\">9.0<\/td>\n<td width=\"47\">1.2<\/td>\n<td width=\"34\">0.5<\/td>\n<td width=\"33\">1.0<\/td>\n<td width=\"41\"><span>1.0<\/span><\/td>\n<td width=\"34\">0.50<\/td>\n<td width=\"40\">0.010<\/td>\n<td width=\"46\">0.015<\/td>\n<\/tr>\n<\/tbody>\n<\/table>\n<p><span>Note : Mn et Si dans le tableau sont le contenu des barres, des pi\u00e8ces forg\u00e9es, des anneaux et des fils, et les feuilles, les bandes et les tuyaux sont : Mn\u22640,35%, Si\u22640,35%.<\/span><\/p>\n<p><strong><span>3. Performances physiques de l'Inconel X-750<\/span><\/strong><\/p>\n<table border=\"-\">\n<tbody>\n<tr>\n<td width=\"94\"><span>densit\u00e9<\/span><\/td>\n<td width=\"114\"><span>8,28 G \/ cm3<\/span><\/td>\n<td colspan=\"3\" width=\"344\">&nbsp;<\/td>\n<\/tr>\n<tr>\n<td width=\"94\"><span>Point de fusion<\/span><\/td>\n<td width=\"114\">1393-1427 \u2103<\/td>\n<td colspan=\"3\" width=\"344\">&nbsp;<\/td>\n<\/tr>\n<tr>\n<td width=\"94\"><span>Statut de l'alliage<\/span><\/td>\n<td width=\"114\"><span>r\u00e9sistance \u00e0 la traction<\/span><\/p>\n<p>Rm N\/mm\u00b2<\/td>\n<td width=\"113\"><span>Rendement du rendement<\/span><\/p>\n<p>Rp0.2 N\/mm\u00b2<\/td>\n<td width=\"87\"><span>\u00c9longation<\/span><\/p>\n<p><span>A5 %<\/span><\/td>\n<td width=\"144\"><span>Duret\u00e9 Brinell<\/span><\/p>\n<p>HB<\/td>\n<\/tr>\n<tr>\n<td width=\"94\"><span>Traitement des solutions solides<\/span><\/td>\n<td width=\"114\">1267<\/td>\n<td width=\"113\">868<\/td>\n<td width=\"87\">25<\/td>\n<td width=\"144\">\u2264400<\/td>\n<\/tr>\n<\/tbody>\n<\/table>\n<p><strong><span>4. Caract\u00e9ristiques du mat\u00e9riau Inconel X-750<\/span><\/strong><\/p>\n<p><span>\u00a0 \u00a0 \u00a0 L'Inconelx-750 pr\u00e9sente une bonne r\u00e9sistance \u00e0 la corrosion et \u00e0 l'oxydation en dessous de 980\u2103, une r\u00e9sistance \u00e9lev\u00e9e en dessous de 800\u2103, une bonne r\u00e9sistance \u00e0 la relaxation en dessous de 540\u2103, et de bonnes propri\u00e9t\u00e9s de formage et de soudage, ainsi que d'excellentes propri\u00e9t\u00e9s m\u00e9caniques dans les environnements \u00e0 basse temp\u00e9rature.<\/span><\/p>\n<p><strong><span>5. Domaines d'application de l'Inconel X-750<\/span><\/strong><\/p>\n<p><span>\u00a0 \u00a0 \u00a0Cet alliage pr\u00e9sente une bonne r\u00e9sistance \u00e0 la corrosion et \u00e0 la rupture par fluage dans des environnements \u00e0 haute temp\u00e9rature. Shanghai Aoming Industrial Co. a de bonnes propri\u00e9t\u00e9s m\u00e9caniques et est largement utilis\u00e9. Il a une r\u00e9sistance suffisante et une r\u00e9sistance \u00e0 la corrosion en dessous de 980\u2103.<\/span><\/p>\n<ul>\n<li><span>Fabrication de ressorts et de boulons fonctionnant \u00e0 haute temp\u00e9rature, de pales de rotor, d'h\u00e9lices et d'autres pi\u00e8ces structurelles des turbines \u00e0 gaz ;<\/span><\/li>\n<li><span>Chambre de pouss\u00e9e d'un moteur de fus\u00e9e ;<\/span><\/li>\n<li><span>le dispositif d'inversion de pouss\u00e9e de l'avion ;<\/span><\/li>\n<li><span>Grand r\u00e9cipient \u00e0 haute pression ;<\/span><\/li>\n<li><span>Plaque \u00e9lastique de scellement des gaz, plaque \u00e9lastique de scellement des moules, lame chauffante m\u00e9canique \u00e9lectrique en caoutchouc.<\/span><\/li>\n<\/ul>","protected":false},"excerpt":{"rendered":"<p>Scope of supply for Aviation Group Forgings, round rods, steel plates, rings, seamless pipes, steel plates\/steel belts, capillaries, wire welding [&hellip;]<\/p>","protected":false},"featured_media":645,"template":"","meta":{"site-sidebar-layout":"default","site-content-layout":"","ast-site-content-layout":"default","site-content-style":"default","site-sidebar-style":"default","ast-global-header-display":"","ast-banner-title-visibility":"","ast-main-header-display":"","ast-hfb-above-header-display":"","ast-hfb-below-header-display":"","ast-hfb-mobile-header-display":"","site-post-title":"","ast-breadcrumbs-content":"","ast-featured-img":"","footer-sml-layout":"","theme-transparent-header-meta":"default","adv-header-id-meta":"","stick-header-meta":"","header-above-stick-meta":"","header-main-stick-meta":"","header-below-stick-meta":"","astra-migrate-meta-layouts":"set","ast-page-background-enabled":"default","ast-page-background-meta":{"desktop":{"background-color":"var(--ast-global-color-5)","background-image":"","background-repeat":"repeat","background-position":"center center","background-size":"auto","background-attachment":"scroll","background-type":"","background-media":"","overlay-type":"","overlay-color":"","overlay-opacity":"","overlay-gradient":""},"tablet":{"background-color":"","background-image":"","background-repeat":"repeat","background-position":"center center","background-size":"auto","background-attachment":"scroll","background-type":"","background-media":"","overlay-type":"","overlay-color":"","overlay-opacity":"","overlay-gradient":""},"mobile":{"background-color":"","background-image":"","background-repeat":"repeat","background-position":"center center","background-size":"auto","background-attachment":"scroll","background-type":"","background-media":"","overlay-type":"","overlay-color":"","overlay-opacity":"","overlay-gradient":""}},"ast-content-background-meta":{"desktop":{"background-color":"var(--ast-global-color-4)","background-image":"","background-repeat":"repeat","background-position":"center center","background-size":"auto","background-attachment":"scroll","background-type":"","background-media":"","overlay-type":"","overlay-color":"","overlay-opacity":"","overlay-gradient":""},"tablet":{"background-color":"var(--ast-global-color-4)","background-image":"","background-repeat":"repeat","background-position":"center center","background-size":"auto","background-attachment":"scroll","background-type":"","background-media":"","overlay-type":"","overlay-color":"","overlay-opacity":"","overlay-gradient":""},"mobile":{"background-color":"var(--ast-global-color-4)","background-image":"","background-repeat":"repeat","background-position":"center center","background-size":"auto","background-attachment":"scroll","background-type":"","background-media":"","overlay-type":"","overlay-color":"","overlay-opacity":"","overlay-gradient":""}}},"product_brand":[],"product_cat":[35],"product_tag":[],"class_list":{"0":"post-644","1":"product","2":"type-product","3":"status-publish","4":"has-post-thumbnail","6":"product_cat-waspaloy","7":"desktop-align-left","8":"tablet-align-left","9":"mobile-align-left","11":"first","12":"instock","13":"shipping-taxable","14":"product-type-simple"},"_links":{"self":[{"href":"https:\/\/www.dura-alloy.com\/fr\/wp-json\/wp\/v2\/product\/644","targetHints":{"allow":["GET"]}}],"collection":[{"href":"https:\/\/www.dura-alloy.com\/fr\/wp-json\/wp\/v2\/product"}],"about":[{"href":"https:\/\/www.dura-alloy.com\/fr\/wp-json\/wp\/v2\/types\/product"}],"version-history":[{"count":0,"href":"https:\/\/www.dura-alloy.com\/fr\/wp-json\/wp\/v2\/product\/644\/revisions"}],"wp:featuredmedia":[{"embeddable":true,"href":"https:\/\/www.dura-alloy.com\/fr\/wp-json\/wp\/v2\/media\/645"}],"wp:attachment":[{"href":"https:\/\/www.dura-alloy.com\/fr\/wp-json\/wp\/v2\/media?parent=644"}],"wp:term":[{"taxonomy":"product_brand","embeddable":true,"href":"https:\/\/www.dura-alloy.com\/fr\/wp-json\/wp\/v2\/product_brand?post=644"},{"taxonomy":"product_cat","embeddable":true,"href":"https:\/\/www.dura-alloy.com\/fr\/wp-json\/wp\/v2\/product_cat?post=644"},{"taxonomy":"product_tag","embeddable":true,"href":"https:\/\/www.dura-alloy.com\/fr\/wp-json\/wp\/v2\/product_tag?post=644"}],"curies":[{"name":"wp","href":"https:\/\/api.w.org\/{rel}","templated":true}]}}