{"id":638,"date":"2025-06-17T03:29:40","date_gmt":"2025-06-17T03:29:40","guid":{"rendered":"https:\/\/dura-alloy.com\/?post_type=product&#038;p=638"},"modified":"2025-06-17T04:53:36","modified_gmt":"2025-06-17T04:53:36","slug":"inconel600","status":"publish","type":"product","link":"https:\/\/www.dura-alloy.com\/fr\/produit\/inconel600\/","title":{"rendered":"Inconel600"},"content":{"rendered":"<p style=\"text-align: center;\"><strong><span>\u00c9tendue de la fourniture pour le groupe Aviation<\/span><\/strong><\/p>\n<p style=\"text-align: center;\"><strong><span>Pi\u00e8ces forg\u00e9es, barres rondes, plaques d'acier, anneaux, tuyaux sans soudure, plaques d'acier\/courroies d'acier, capillaires, mat\u00e9riel de soudage de fils, n'h\u00e9sitez pas \u00e0 nous contacter !<\/span><\/strong><\/p>\n<p><strong><span>1. Introduction du mat\u00e9riau Inconel 600<\/span><\/strong><\/p>\n<p><span>\u00a0 \u00a0 \u00a0 L'alliage Inconel 600 est un alliage r\u00e9sistant \u00e0 la corrosion et \u00e0 la chaleur \u00e0 base de nickel et de chrome, \u00e9galement connu sous le nom d'alliage \u00e0 base de nickel-chrome-ferro renforc\u00e9 par une solution solide. Il pr\u00e9sente une r\u00e9sistance \u00e0 la corrosion \u00e0 haute temp\u00e9rature et une r\u00e9sistance \u00e0 l'oxydation, ainsi que d'excellentes propri\u00e9t\u00e9s de traitement et de soudage \u00e0 chaud et \u00e0 froid. Il a une r\u00e9sistance thermique satisfaisante et une plasticit\u00e9 \u00e9lev\u00e9e en dessous de 700\u2103.<\/span><\/p>\n<p><strong><span>2. Composition chimique de l'Inconel 600<\/span><\/strong><\/p>\n<table border=\"-\">\n<tbody>\n<tr>\n<td width=\"66\"><strong><span>alliage<\/span><\/strong><\/td>\n<td width=\"66\"><strong>%<\/strong><\/td>\n<td width=\"38\"><strong><span>En<\/span><\/strong><\/td>\n<td width=\"43\"><strong>Cr<\/strong><\/td>\n<td width=\"52\"><strong>Fe<\/strong><\/td>\n<td width=\"47\"><strong>C<\/strong><\/td>\n<td width=\"47\"><strong>Mn<\/strong><\/td>\n<td width=\"57\"><strong><span>Et<\/span><\/strong><\/td>\n<td width=\"57\"><strong>Cu<\/strong><\/td>\n<td width=\"57\"><strong>P<\/strong><\/td>\n<td width=\"57\"><strong>S<\/strong><\/td>\n<\/tr>\n<tr>\n<td rowspan=\"2\" width=\"66\">Inconel<\/p>\n<p>600<\/td>\n<td width=\"66\"><span>Valeur minimale<\/span><\/td>\n<td width=\"38\">71.0<\/td>\n<td width=\"43\">14.0<\/td>\n<td width=\"52\">6.0<\/td>\n<td width=\"47\">&#8211;<\/td>\n<td width=\"47\"><span>&#8211;<\/span><\/td>\n<td width=\"57\"><span>&#8211;<\/span><\/td>\n<td width=\"57\"><span>&#8211;<\/span><\/td>\n<td width=\"57\"><span>&#8211;<\/span><\/td>\n<td width=\"57\"><span>&#8211;<\/span><\/td>\n<\/tr>\n<tr>\n<td width=\"66\"><span>Valeur maximale<\/span><\/td>\n<td width=\"38\">78.0<\/td>\n<td width=\"43\">17.0<\/td>\n<td width=\"52\">10.0<\/td>\n<td width=\"47\">0.15<\/td>\n<td width=\"47\">1.00<\/td>\n<td width=\"57\">0.50<\/td>\n<td width=\"57\"><span>0.50<\/span><\/td>\n<td width=\"57\">0.030<\/td>\n<td width=\"57\">0.015<\/td>\n<\/tr>\n<\/tbody>\n<\/table>\n<p><strong><span>3. Performances physiques de l'Inconel 600<\/span><\/strong><\/p>\n<p><span>Densit\u00e9 du mat\u00e9riau : 8,43g\/cm3<\/span><\/p>\n<p><span>Point de fusion : 1370-1425\u2103<\/span><\/p>\n<table border=\"-\" width=\"720\">\n<tbody>\n<tr>\n<td width=\"100\"><strong><span>Statut de l'alliage<\/span><\/strong><\/td>\n<td width=\"152\"><strong><span>r\u00e9sistance \u00e0 la traction<\/span><\/strong><\/p>\n<p><strong><span>RMN\/mm2<\/span><\/strong><\/td>\n<td width=\"85\"><strong><span>Rendement du rendement<\/span><\/strong><\/p>\n<p><strong><span>RP0.2N\/MM2<\/span><\/strong><\/td>\n<td width=\"85\"><strong><span>\u00c9longation<\/span><\/strong><\/p>\n<p><strong><span>A5%<\/span><\/strong><\/td>\n<td width=\"85\"><strong><span>Duret\u00e9 Brinell<\/span><\/strong><\/p>\n<p><strong>HB<\/strong><\/td>\n<\/tr>\n<tr>\n<td width=\"100\"><span>Traitement de recuit<\/span><\/td>\n<td width=\"152\">550<\/td>\n<td width=\"85\">240<\/td>\n<td width=\"85\">30<\/td>\n<td width=\"85\">\u2264195<\/td>\n<\/tr>\n<tr>\n<td width=\"100\"><span>Traitement des solutions solides<\/span><\/td>\n<td width=\"152\">500<\/td>\n<td width=\"85\">180<\/td>\n<td width=\"85\">35<\/td>\n<td width=\"85\">\u2264185<\/td>\n<\/tr>\n<\/tbody>\n<\/table>\n<p><strong><span>4. Caract\u00e9ristiques du mat\u00e9riau Inconel 600<\/span><\/strong><\/p>\n<ul>\n<li><span>Il pr\u00e9sente une excellente r\u00e9sistance \u00e0 la corrosion dans les milieux r\u00e9ducteurs, oxydants et nitrurig\u00e8nes.<\/span><\/li>\n<li><span>Il pr\u00e9sente une bonne r\u00e9sistance \u00e0 la corrosion fissurante \u00e0 temp\u00e9rature ambiante et \u00e0 haute temp\u00e9rature.<\/span><\/li>\n<li><span>Il pr\u00e9sente une excellente r\u00e9sistance \u00e0 la corrosion par les gaz secs de chlore et de chlorure d'hydrog\u00e8ne.<\/span><\/li>\n<li><span>Il poss\u00e8de de bonnes propri\u00e9t\u00e9s m\u00e9caniques \u00e0 des temp\u00e9ratures inf\u00e9rieures \u00e0 z\u00e9ro, \u00e0 temp\u00e9rature ambiante et \u00e0 haute temp\u00e9rature z<\/span><\/li>\n<li><span>En raison de la bonne r\u00e9sistance au fluage et du contr\u00f4le de la r\u00e9sistance \u00e0 la rupture de la teneur en carbone et de la taille des grains, il est recommand\u00e9 de l'utiliser dans un environnement de travail sup\u00e9rieur \u00e0 700\u2103.<\/span><\/li>\n<\/ul>\n<p><strong><span>5. Domaines d'application de l'Inconel 600<\/span><\/strong><\/p>\n<ul>\n<li><span>Fourreau de thermocouple dans une atmosph\u00e8re d'\u00e9rosion<\/span><\/li>\n<li><span>Production de chlorure de vinyle monom\u00e8re : r\u00e9sistance au chlore, au chlorure d'hydrog\u00e8ne, \u00e0 l'oxydation et \u00e0 la corrosion par carbonisation.<\/span><\/li>\n<li><span>Conversion de l'oxydation de l'uranium en hexafluorure : corrosion anti-fluorure d'hydrog\u00e8ne<\/span><\/li>\n<li><span>Domaines de production et d'utilisation de m\u00e9taux alcalins corrosifs, en particulier dans l'environnement o\u00f9 des sulfures sont utilis\u00e9s<\/span><\/li>\n<li><span>dioxyde de titane par le chlore gazeux<\/span><\/li>\n<li><span>Production de chlorures et de fluorures organiques ou inorganiques : R\u00e9sistance \u00e0 la corrosion par le chlore et le fluor<\/span><\/li>\n<li><span>r\u00e9acteur nucl\u00e9aire<\/span><\/li>\n<li><span>Bouteilles et composants courb\u00e9s dans les fours de traitement thermique, en particulier dans les atmosph\u00e8res de carbonisation et de nitruration<\/span><\/li>\n<li><span>Il est recommand\u00e9 d'utiliser l'alliage 600H dans les r\u00e9g\u00e9n\u00e9rateurs catalytiques de la production p\u00e9trochimique pour obtenir une dur\u00e9e de vie plus longue dans les applications sup\u00e9rieures \u00e0 700\u00b0C.<\/span><\/li>\n<\/ul>","protected":false},"excerpt":{"rendered":"<p>Scope of supply for Aviation Group Forgings, round rods, steel plates, rings, seamless pipes, steel plates\/steel belts, capillaries, wire welding [&hellip;]<\/p>","protected":false},"featured_media":639,"template":"","meta":{"site-sidebar-layout":"default","site-content-layout":"","ast-site-content-layout":"default","site-content-style":"default","site-sidebar-style":"default","ast-global-header-display":"","ast-banner-title-visibility":"","ast-main-header-display":"","ast-hfb-above-header-display":"","ast-hfb-below-header-display":"","ast-hfb-mobile-header-display":"","site-post-title":"","ast-breadcrumbs-content":"","ast-featured-img":"","footer-sml-layout":"","theme-transparent-header-meta":"default","adv-header-id-meta":"","stick-header-meta":"","header-above-stick-meta":"","header-main-stick-meta":"","header-below-stick-meta":"","astra-migrate-meta-layouts":"set","ast-page-background-enabled":"default","ast-page-background-meta":{"desktop":{"background-color":"var(--ast-global-color-5)","background-image":"","background-repeat":"repeat","background-position":"center center","background-size":"auto","background-attachment":"scroll","background-type":"","background-media":"","overlay-type":"","overlay-color":"","overlay-opacity":"","overlay-gradient":""},"tablet":{"background-color":"","background-image":"","background-repeat":"repeat","background-position":"center center","background-size":"auto","background-attachment":"scroll","background-type":"","background-media":"","overlay-type":"","overlay-color":"","overlay-opacity":"","overlay-gradient":""},"mobile":{"background-color":"","background-image":"","background-repeat":"repeat","background-position":"center center","background-size":"auto","background-attachment":"scroll","background-type":"","background-media":"","overlay-type":"","overlay-color":"","overlay-opacity":"","overlay-gradient":""}},"ast-content-background-meta":{"desktop":{"background-color":"var(--ast-global-color-4)","background-image":"","background-repeat":"repeat","background-position":"center center","background-size":"auto","background-attachment":"scroll","background-type":"","background-media":"","overlay-type":"","overlay-color":"","overlay-opacity":"","overlay-gradient":""},"tablet":{"background-color":"var(--ast-global-color-4)","background-image":"","background-repeat":"repeat","background-position":"center center","background-size":"auto","background-attachment":"scroll","background-type":"","background-media":"","overlay-type":"","overlay-color":"","overlay-opacity":"","overlay-gradient":""},"mobile":{"background-color":"var(--ast-global-color-4)","background-image":"","background-repeat":"repeat","background-position":"center center","background-size":"auto","background-attachment":"scroll","background-type":"","background-media":"","overlay-type":"","overlay-color":"","overlay-opacity":"","overlay-gradient":""}}},"product_brand":[],"product_cat":[35],"product_tag":[],"class_list":{"0":"post-638","1":"product","2":"type-product","3":"status-publish","4":"has-post-thumbnail","6":"product_cat-waspaloy","7":"desktop-align-left","8":"tablet-align-left","9":"mobile-align-left","11":"first","12":"instock","13":"shipping-taxable","14":"product-type-simple"},"_links":{"self":[{"href":"https:\/\/www.dura-alloy.com\/fr\/wp-json\/wp\/v2\/product\/638","targetHints":{"allow":["GET"]}}],"collection":[{"href":"https:\/\/www.dura-alloy.com\/fr\/wp-json\/wp\/v2\/product"}],"about":[{"href":"https:\/\/www.dura-alloy.com\/fr\/wp-json\/wp\/v2\/types\/product"}],"version-history":[{"count":0,"href":"https:\/\/www.dura-alloy.com\/fr\/wp-json\/wp\/v2\/product\/638\/revisions"}],"wp:featuredmedia":[{"embeddable":true,"href":"https:\/\/www.dura-alloy.com\/fr\/wp-json\/wp\/v2\/media\/639"}],"wp:attachment":[{"href":"https:\/\/www.dura-alloy.com\/fr\/wp-json\/wp\/v2\/media?parent=638"}],"wp:term":[{"taxonomy":"product_brand","embeddable":true,"href":"https:\/\/www.dura-alloy.com\/fr\/wp-json\/wp\/v2\/product_brand?post=638"},{"taxonomy":"product_cat","embeddable":true,"href":"https:\/\/www.dura-alloy.com\/fr\/wp-json\/wp\/v2\/product_cat?post=638"},{"taxonomy":"product_tag","embeddable":true,"href":"https:\/\/www.dura-alloy.com\/fr\/wp-json\/wp\/v2\/product_tag?post=638"}],"curies":[{"name":"wp","href":"https:\/\/api.w.org\/{rel}","templated":true}]}}