{"id":636,"date":"2025-06-17T03:18:22","date_gmt":"2025-06-17T03:18:22","guid":{"rendered":"https:\/\/dura-alloy.com\/?post_type=product&#038;p=636"},"modified":"2025-06-17T03:27:25","modified_gmt":"2025-06-17T03:27:25","slug":"monel401","status":"publish","type":"product","link":"https:\/\/www.dura-alloy.com\/fr\/produit\/monel401\/","title":{"rendered":"Monel401"},"content":{"rendered":"<p style=\"text-align: center;\"><strong>\u00c9tendue de la fourniture pour le groupe Aviation<\/strong><\/p>\n<p style=\"text-align: center;\"><strong>Pi\u00e8ces forg\u00e9es, barres rondes, plaques d'acier, anneaux, tuyaux sans soudure, plaques d'acier\/courroies d'acier, capillaires, mat\u00e9riel de soudage de fils, n'h\u00e9sitez pas \u00e0 nous contacter !<\/strong><\/p>\n<p><strong>1.\u00a0<\/strong><strong>Introduction aux mat\u00e9riaux Monel 401<\/strong><strong>\u00a0<\/strong><\/p>\n<p>L'alliage Monel 401 (UNS N04401) est un alliage \u00e0 base de nickel qui pr\u00e9sente de bonnes caract\u00e9ristiques de brasage et des propri\u00e9t\u00e9s presque non magn\u00e9tiques. Le soudage par r\u00e9sistance est la meilleure m\u00e9thode de soudage pour ce mat\u00e9riau.<strong>\u00a0<\/strong><\/p>\n<p><strong>2.\u00a0<\/strong><strong>La composition chimique du Monel 401<\/strong><strong>\u00a0<\/strong><\/p>\n<table border=\"-\" width=\"1100\">\n<tbody>\n<tr>\n<td width=\"89\">alliage<\/td>\n<td width=\"72\">%<\/td>\n<td width=\"53\">nickel<\/td>\n<td width=\"53\">cuivre<\/td>\n<td width=\"53\">fer<\/td>\n<td width=\"53\">carbone<\/td>\n<td width=\"53\">mangan\u00e8se<\/td>\n<td width=\"53\">silicium<\/td>\n<td width=\"53\">cobalt<\/td>\n<td width=\"53\">soufre<\/td>\n<\/tr>\n<tr>\n<td rowspan=\"2\" width=\"89\">Monel400<\/td>\n<td width=\"72\">Valeur minimale<\/td>\n<td width=\"53\">40<\/td>\n<td width=\"53\">marge<\/td>\n<td width=\"53\">&#8211;<\/td>\n<td width=\"53\">&#8211;<\/td>\n<td width=\"53\">&#8211;<\/td>\n<td width=\"53\">&#8211;<\/td>\n<td width=\"53\">&#8211;<\/td>\n<td width=\"53\">&#8211;<\/td>\n<\/tr>\n<tr>\n<td width=\"72\">Valeur maximale<\/td>\n<td width=\"53\">45<\/td>\n<td width=\"53\">marge<\/td>\n<td width=\"53\">0.75<\/td>\n<td width=\"53\">0.1<\/td>\n<td width=\"53\">2.25<\/td>\n<td width=\"53\">0.25<\/td>\n<td width=\"53\">0.25<\/td>\n<td width=\"53\">0.015<\/td>\n<\/tr>\n<\/tbody>\n<\/table>\n<p><strong>3. Propri\u00e9t\u00e9s physiques<\/strong><strong>\u00a0<\/strong><\/p>\n<table border=\"-\" width=\"720\">\n<tbody>\n<tr>\n<td width=\"56\">densit\u00e9<\/td>\n<td width=\"94\">Point de fusion<\/td>\n<\/tr>\n<tr>\n<td width=\"56\">g \/ cm3<\/td>\n<td width=\"94\">\u2103<\/td>\n<\/tr>\n<tr>\n<td width=\"56\">8.91<\/td>\n<td width=\"94\">1288-1343<\/td>\n<\/tr>\n<\/tbody>\n<\/table>\n<p>&nbsp;<\/p>\n<table border=\"-\" width=\"920\">\n<tbody>\n<tr>\n<td rowspan=\"2\" width=\"264\">densit\u00e9<\/td>\n<td width=\"388\">0,321 lb\/ in3<\/td>\n<\/tr>\n<tr>\n<td width=\"388\">8,91G \/ cm3<\/td>\n<\/tr>\n<tr>\n<td width=\"264\">R\u00e9sistivit\u00e9<\/td>\n<td width=\"388\">4,98e-005 ohm-cm<\/td>\n<\/tr>\n<tr>\n<td width=\"264\">\u00c9nergie de chauffage<\/td>\n<td width=\"388\">0,414 J\/g-\u00b0C<\/td>\n<\/tr>\n<tr>\n<td width=\"264\">Conducteur thermique<\/td>\n<td width=\"388\">21 W\/m-\u00b0C<\/td>\n<\/tr>\n<tr>\n<td width=\"264\">magn\u00e9tique<\/td>\n<td width=\"388\">1,0017 (et 78 0f)<\/td>\n<\/tr>\n<tr>\n<td colspan=\"2\" width=\"652\">coefficient de dilatation thermique, in.\/in.\/ F x 106<\/td>\n<\/tr>\n<tr>\n<td width=\"264\">70-200F<\/td>\n<td width=\"388\">7.6<\/td>\n<\/tr>\n<tr>\n<td width=\"264\">70 - 500 F<\/td>\n<td width=\"388\">8.5<\/td>\n<\/tr>\n<tr>\n<td width=\"264\">70 - 1000 F<\/td>\n<td width=\"388\">9.2<\/td>\n<\/tr>\n<\/tbody>\n<\/table>\n<p><strong>\u00a0<\/strong><strong>\u00a0<\/strong><strong>IV. Domaines d'application<\/strong><\/p>\n<ul>\n<li>Conduites d'eau et de vapeur sans soudure dans les centrales \u00e9lectriques<\/li>\n<li>\u00c9changeurs et \u00e9vaporateurs d'eau de mer<\/li>\n<li>Environnement de l'acide sulfurique et de l'acide chlorhydrique<\/li>\n<li>Distillation du p\u00e9trole brut<\/li>\n<li>Arbre de pompe et pulpe en spirale pour l'\u00e9quipement d'utilisation de l'eau en haute mer<\/li>\n<li>\u00c9quipement de l'industrie nucl\u00e9aire pour le raffinage de l'uranium et la s\u00e9paration des isotopes<\/li>\n<li>Pompes et vannes utilis\u00e9es pour la fabrication d'\u00e9quipements pour l'acide chlorhydrique<\/li>\n<\/ul>","protected":false},"excerpt":{"rendered":"<p>Scope of supply for Aviation Group Forgings, round rods, steel plates, rings, seamless pipes, steel plates\/steel belts, capillaries, wire welding [&hellip;]<\/p>","protected":false},"featured_media":637,"template":"","meta":{"site-sidebar-layout":"default","site-content-layout":"","ast-site-content-layout":"default","site-content-style":"default","site-sidebar-style":"default","ast-global-header-display":"","ast-banner-title-visibility":"","ast-main-header-display":"","ast-hfb-above-header-display":"","ast-hfb-below-header-display":"","ast-hfb-mobile-header-display":"","site-post-title":"","ast-breadcrumbs-content":"","ast-featured-img":"","footer-sml-layout":"","theme-transparent-header-meta":"default","adv-header-id-meta":"","stick-header-meta":"","header-above-stick-meta":"","header-main-stick-meta":"","header-below-stick-meta":"","astra-migrate-meta-layouts":"set","ast-page-background-enabled":"default","ast-page-background-meta":{"desktop":{"background-color":"var(--ast-global-color-5)","background-image":"","background-repeat":"repeat","background-position":"center center","background-size":"auto","background-attachment":"scroll","background-type":"","background-media":"","overlay-type":"","overlay-color":"","overlay-opacity":"","overlay-gradient":""},"tablet":{"background-color":"","background-image":"","background-repeat":"repeat","background-position":"center center","background-size":"auto","background-attachment":"scroll","background-type":"","background-media":"","overlay-type":"","overlay-color":"","overlay-opacity":"","overlay-gradient":""},"mobile":{"background-color":"","background-image":"","background-repeat":"repeat","background-position":"center center","background-size":"auto","background-attachment":"scroll","background-type":"","background-media":"","overlay-type":"","overlay-color":"","overlay-opacity":"","overlay-gradient":""}},"ast-content-background-meta":{"desktop":{"background-color":"var(--ast-global-color-4)","background-image":"","background-repeat":"repeat","background-position":"center center","background-size":"auto","background-attachment":"scroll","background-type":"","background-media":"","overlay-type":"","overlay-color":"","overlay-opacity":"","overlay-gradient":""},"tablet":{"background-color":"var(--ast-global-color-4)","background-image":"","background-repeat":"repeat","background-position":"center center","background-size":"auto","background-attachment":"scroll","background-type":"","background-media":"","overlay-type":"","overlay-color":"","overlay-opacity":"","overlay-gradient":""},"mobile":{"background-color":"var(--ast-global-color-4)","background-image":"","background-repeat":"repeat","background-position":"center center","background-size":"auto","background-attachment":"scroll","background-type":"","background-media":"","overlay-type":"","overlay-color":"","overlay-opacity":"","overlay-gradient":""}}},"product_brand":[],"product_cat":[35],"product_tag":[],"class_list":{"0":"post-636","1":"product","2":"type-product","3":"status-publish","4":"has-post-thumbnail","6":"product_cat-waspaloy","7":"desktop-align-left","8":"tablet-align-left","9":"mobile-align-left","11":"first","12":"instock","13":"shipping-taxable","14":"product-type-simple"},"_links":{"self":[{"href":"https:\/\/www.dura-alloy.com\/fr\/wp-json\/wp\/v2\/product\/636","targetHints":{"allow":["GET"]}}],"collection":[{"href":"https:\/\/www.dura-alloy.com\/fr\/wp-json\/wp\/v2\/product"}],"about":[{"href":"https:\/\/www.dura-alloy.com\/fr\/wp-json\/wp\/v2\/types\/product"}],"version-history":[{"count":0,"href":"https:\/\/www.dura-alloy.com\/fr\/wp-json\/wp\/v2\/product\/636\/revisions"}],"wp:featuredmedia":[{"embeddable":true,"href":"https:\/\/www.dura-alloy.com\/fr\/wp-json\/wp\/v2\/media\/637"}],"wp:attachment":[{"href":"https:\/\/www.dura-alloy.com\/fr\/wp-json\/wp\/v2\/media?parent=636"}],"wp:term":[{"taxonomy":"product_brand","embeddable":true,"href":"https:\/\/www.dura-alloy.com\/fr\/wp-json\/wp\/v2\/product_brand?post=636"},{"taxonomy":"product_cat","embeddable":true,"href":"https:\/\/www.dura-alloy.com\/fr\/wp-json\/wp\/v2\/product_cat?post=636"},{"taxonomy":"product_tag","embeddable":true,"href":"https:\/\/www.dura-alloy.com\/fr\/wp-json\/wp\/v2\/product_tag?post=636"}],"curies":[{"name":"wp","href":"https:\/\/api.w.org\/{rel}","templated":true}]}}