{"id":634,"date":"2025-06-17T03:16:29","date_gmt":"2025-06-17T03:16:29","guid":{"rendered":"https:\/\/dura-alloy.com\/?post_type=product&#038;p=634"},"modified":"2025-06-17T03:16:29","modified_gmt":"2025-06-17T03:16:29","slug":"monel-k500","status":"publish","type":"product","link":"https:\/\/www.dura-alloy.com\/fr\/produit\/monel-k500\/","title":{"rendered":"Monel K500"},"content":{"rendered":"<p style=\"text-align: center;\"><strong><span>\u00c9tendue de la fourniture pour le groupe Aviation<\/span><\/strong><\/p>\n<p style=\"text-align: center;\"><strong><span>Pi\u00e8ces forg\u00e9es, barres rondes, plaques d'acier, anneaux, tuyaux sans soudure, plaques d'acier\/courroies d'acier, capillaires, mat\u00e9riel de soudage de fils, n'h\u00e9sitez pas \u00e0 nous contacter !<\/span><\/strong><\/p>\n<p>&nbsp;<\/p>\n<p><strong><span>1.\u00a0<\/span><\/strong><strong><span>Introduction aux mat\u00e9riaux Monel K500<\/span><\/strong><strong>\u00a0<\/strong><\/p>\n<p><span>\u00a0 \u00a0 \u00a0 L'alliage MONEL K-500 a une r\u00e9sistance \u00e0 la corrosion comparable \u00e0 celle de l'alliage 400, mais sa r\u00e9sistance m\u00e9canique et sa duret\u00e9 sont plus \u00e9lev\u00e9es. Il pr\u00e9sente une bonne r\u00e9sistance \u00e0 la corrosion thermique et une stabilit\u00e9 tissulaire \u00e0 long terme. Il pr\u00e9sente les caract\u00e9ristiques suivantes : haute r\u00e9sistance, r\u00e9sistance \u00e0 la corrosion, non-magn\u00e9tisme, etc.<\/span><\/p>\n<p><strong><span>2.\u00a0<\/span><\/strong><strong><span>Composition chimique du Monel K500<\/span><\/strong><strong>\u00a0<\/strong><\/p>\n<table border=\"-\" width=\"1120\">\n<tbody>\n<tr>\n<td width=\"89\"><span>alliage<\/span><\/td>\n<td width=\"72\">%<\/td>\n<td width=\"53\"><span>nickel<\/span><\/td>\n<td width=\"53\"><span>cuivre<\/span><\/td>\n<td width=\"53\"><span>aluminium<\/span><\/td>\n<td width=\"55\"><span>titane<\/span><\/td>\n<td width=\"53\"><span>fer<\/span><\/td>\n<td width=\"53\"><span>mangan\u00e8se<\/span><\/td>\n<td width=\"53\"><span>soufre<\/span><\/td>\n<td width=\"40\"><span>carbone<\/span><\/td>\n<td width=\"39\"><span>silicium<\/span><\/td>\n<\/tr>\n<tr>\n<td rowspan=\"2\" width=\"89\">MonelK500<\/td>\n<td width=\"72\"><span>Petite valeur<\/span><\/td>\n<td width=\"53\">63<\/td>\n<td width=\"53\">27<\/td>\n<td width=\"53\">2.3<\/td>\n<td width=\"55\">\u00a00.35<\/td>\n<td width=\"53\">&#8211;<\/td>\n<td width=\"53\"><span>&#8211;<\/span><\/td>\n<td width=\"53\"><span>&#8211;<\/span><\/td>\n<td width=\"40\"><span>&#8211;<\/span><\/td>\n<td width=\"39\"><span>&#8211;<\/span><\/td>\n<\/tr>\n<tr>\n<td width=\"72\"><span>Grande valeur<\/span><\/td>\n<td width=\"53\"><span>&#8211;<\/span><\/td>\n<td width=\"53\">33<\/td>\n<td width=\"53\">3.15<\/td>\n<td width=\"55\">0.85<\/td>\n<td width=\"53\">2<\/td>\n<td width=\"53\">1.5<\/td>\n<td width=\"53\">0.01<\/td>\n<td width=\"40\">0.25<\/td>\n<td width=\"39\">0.5<\/td>\n<\/tr>\n<\/tbody>\n<\/table>\n<p><strong><span>3.\u00a0<\/span><\/strong><strong><span>Performances physiques du Monel K500<\/span><\/strong><strong>\u00a0<\/strong><\/p>\n<table border=\"-\" width=\"720\">\n<tbody>\n<tr>\n<td width=\"56\"><span>densit\u00e9<\/span><\/td>\n<td width=\"94\"><span>Point de fusion<\/span><\/td>\n<\/tr>\n<tr>\n<td width=\"56\"><span>g \/ cm3<\/span><\/td>\n<td width=\"94\">\u2103<\/td>\n<\/tr>\n<tr>\n<td width=\"56\">8.80<\/td>\n<td width=\"94\">1288-1343<\/td>\n<\/tr>\n<\/tbody>\n<\/table>\n<p><span>\u00a0 \u00a0 \u00a0 Valeur minimale des propri\u00e9t\u00e9s m\u00e9caniques des alliages \u00e0 temp\u00e9rature ambiante :<\/span><\/p>\n<table border=\"-\" width=\"720\">\n<tbody>\n<tr>\n<td rowspan=\"2\" width=\"109\"><span>Statut de l'alliage<\/span><\/td>\n<td width=\"109\"><span>r\u00e9sistance \u00e0 la traction<\/span><\/td>\n<td rowspan=\"2\" width=\"109\"><span>Limite d'\u00e9lasticit\u00e9<\/span><br \/>\n<span>RP0,2 N\/mm<\/span><\/td>\n<td width=\"109\"><span>\u00c9longation<\/span><\/td>\n<\/tr>\n<tr>\n<td width=\"109\">Rm N\/mm<\/td>\n<td width=\"109\"><span>A5 %<\/span><\/td>\n<\/tr>\n<tr>\n<td width=\"109\"><span>\u00c9tat de fusion solide<\/span><\/td>\n<td width=\"109\">1100<\/td>\n<td width=\"109\">790<\/td>\n<td width=\"109\">20<\/td>\n<\/tr>\n<\/tbody>\n<\/table>\n<p><strong><span>4.\u00a0<\/span><\/strong><strong><span>Caract\u00e9ristiques du Monel K500<\/span><\/strong><\/p>\n<p><span>\u00a0 \u00a0 \u00a0 Le Monel K500 a une limite d'\u00e9lasticit\u00e9 trois fois sup\u00e9rieure et une r\u00e9sistance \u00e0 la traction deux fois sup\u00e9rieure \u00e0 celle du Monel 400. Il peut atteindre des propri\u00e9t\u00e9s m\u00e9caniques plus \u00e9lev\u00e9es gr\u00e2ce \u00e0 l'\u00e9crouissage ou au durcissement par vieillissement. L'alliage Monel K500 pr\u00e9sente la m\u00eame r\u00e9sistance \u00e0 la corrosion que l'alliage Monel 400.<\/span><\/p>\n<p><strong>\u00a0<\/strong><strong><span>5. Monel K500\u00a0<\/span><\/strong><strong><span>champ d'application<\/span><\/strong><\/p>\n<p><span>\u00a0 \u00a0 \u00a0 L'alliage Monel K500 est principalement utilis\u00e9 dans les arbres de pompes et les tiges de vannes, les racleurs de convoyeurs, les anneaux de forage de puits de p\u00e9trole, les composants \u00e9lastiques, les tampons de vannes, etc. Il convient aux secteurs du p\u00e9trole, de l'industrie chimique, de la construction navale, de l'industrie pharmaceutique et de l'\u00e9lectronique.<\/span><\/p>","protected":false},"excerpt":{"rendered":"<p>Scope of supply for Aviation Group Forgings, round rods, steel plates, rings, seamless pipes, steel plates\/steel belts, capillaries, wire welding [&hellip;]<\/p>","protected":false},"featured_media":635,"template":"","meta":{"site-sidebar-layout":"default","site-content-layout":"","ast-site-content-layout":"default","site-content-style":"default","site-sidebar-style":"default","ast-global-header-display":"","ast-banner-title-visibility":"","ast-main-header-display":"","ast-hfb-above-header-display":"","ast-hfb-below-header-display":"","ast-hfb-mobile-header-display":"","site-post-title":"","ast-breadcrumbs-content":"","ast-featured-img":"","footer-sml-layout":"","theme-transparent-header-meta":"default","adv-header-id-meta":"","stick-header-meta":"","header-above-stick-meta":"","header-main-stick-meta":"","header-below-stick-meta":"","astra-migrate-meta-layouts":"set","ast-page-background-enabled":"default","ast-page-background-meta":{"desktop":{"background-color":"var(--ast-global-color-5)","background-image":"","background-repeat":"repeat","background-position":"center center","background-size":"auto","background-attachment":"scroll","background-type":"","background-media":"","overlay-type":"","overlay-color":"","overlay-opacity":"","overlay-gradient":""},"tablet":{"background-color":"","background-image":"","background-repeat":"repeat","background-position":"center center","background-size":"auto","background-attachment":"scroll","background-type":"","background-media":"","overlay-type":"","overlay-color":"","overlay-opacity":"","overlay-gradient":""},"mobile":{"background-color":"","background-image":"","background-repeat":"repeat","background-position":"center center","background-size":"auto","background-attachment":"scroll","background-type":"","background-media":"","overlay-type":"","overlay-color":"","overlay-opacity":"","overlay-gradient":""}},"ast-content-background-meta":{"desktop":{"background-color":"var(--ast-global-color-4)","background-image":"","background-repeat":"repeat","background-position":"center center","background-size":"auto","background-attachment":"scroll","background-type":"","background-media":"","overlay-type":"","overlay-color":"","overlay-opacity":"","overlay-gradient":""},"tablet":{"background-color":"var(--ast-global-color-4)","background-image":"","background-repeat":"repeat","background-position":"center center","background-size":"auto","background-attachment":"scroll","background-type":"","background-media":"","overlay-type":"","overlay-color":"","overlay-opacity":"","overlay-gradient":""},"mobile":{"background-color":"var(--ast-global-color-4)","background-image":"","background-repeat":"repeat","background-position":"center center","background-size":"auto","background-attachment":"scroll","background-type":"","background-media":"","overlay-type":"","overlay-color":"","overlay-opacity":"","overlay-gradient":""}}},"product_brand":[],"product_cat":[35],"product_tag":[],"class_list":{"0":"post-634","1":"product","2":"type-product","3":"status-publish","4":"has-post-thumbnail","6":"product_cat-waspaloy","7":"desktop-align-left","8":"tablet-align-left","9":"mobile-align-left","11":"first","12":"instock","13":"shipping-taxable","14":"product-type-simple"},"_links":{"self":[{"href":"https:\/\/www.dura-alloy.com\/fr\/wp-json\/wp\/v2\/product\/634","targetHints":{"allow":["GET"]}}],"collection":[{"href":"https:\/\/www.dura-alloy.com\/fr\/wp-json\/wp\/v2\/product"}],"about":[{"href":"https:\/\/www.dura-alloy.com\/fr\/wp-json\/wp\/v2\/types\/product"}],"version-history":[{"count":0,"href":"https:\/\/www.dura-alloy.com\/fr\/wp-json\/wp\/v2\/product\/634\/revisions"}],"wp:featuredmedia":[{"embeddable":true,"href":"https:\/\/www.dura-alloy.com\/fr\/wp-json\/wp\/v2\/media\/635"}],"wp:attachment":[{"href":"https:\/\/www.dura-alloy.com\/fr\/wp-json\/wp\/v2\/media?parent=634"}],"wp:term":[{"taxonomy":"product_brand","embeddable":true,"href":"https:\/\/www.dura-alloy.com\/fr\/wp-json\/wp\/v2\/product_brand?post=634"},{"taxonomy":"product_cat","embeddable":true,"href":"https:\/\/www.dura-alloy.com\/fr\/wp-json\/wp\/v2\/product_cat?post=634"},{"taxonomy":"product_tag","embeddable":true,"href":"https:\/\/www.dura-alloy.com\/fr\/wp-json\/wp\/v2\/product_tag?post=634"}],"curies":[{"name":"wp","href":"https:\/\/api.w.org\/{rel}","templated":true}]}}