{"id":632,"date":"2025-06-17T03:13:53","date_gmt":"2025-06-17T03:13:53","guid":{"rendered":"https:\/\/dura-alloy.com\/?post_type=product&#038;p=632"},"modified":"2025-06-17T03:13:53","modified_gmt":"2025-06-17T03:13:53","slug":"monel400","status":"publish","type":"product","link":"https:\/\/www.dura-alloy.com\/fr\/produit\/monel400\/","title":{"rendered":"Monel400"},"content":{"rendered":"<p><strong><span>1. Introduction aux mat\u00e9riaux Monel400<\/span><\/strong><br \/>\n<span>Le Monel 400 est un alliage r\u00e9sistant \u00e0 la corrosion dont l'utilisation est vaste et \u00e9tendue et dont les performances globales sont excellentes. Cet alliage pr\u00e9sente une excellente r\u00e9sistance \u00e0 la corrosion dans l'acide fluorhydrique et les gaz fluor\u00e9s, ainsi qu'une excellente r\u00e9sistance \u00e0 la corrosion dans les liquides alcalins concentr\u00e9s chauds. Les mat\u00e9riaux en alliage \u00e0 base de nickel pr\u00e9sentent une bonne r\u00e9sistance \u00e0 la corrosion dans l'eau de mer, les solutions neutres, les solvants chimiques, le chlorure de sulfhydryle d'ammoniac, le chlorure d'hydrog\u00e8ne, divers milieux acides tels que l'acide sulfurique, l'acide fluorhydrique, l'acide chlorhydrique, l'acide phosphorique, l'acide organique, les milieux alcalins, les sels et les sels fondus.<\/span><\/p>\n<p><span>Une caract\u00e9ristique importante de cet alliage est qu'il ne produit g\u00e9n\u00e9ralement pas de fissures de corrosion sous contrainte et qu'il pr\u00e9sente de bonnes performances de coupe. La structure de l'alliage Monelhe 400 est une solution solide monophas\u00e9e \u00e0 haute r\u00e9sistance.<\/span><\/p>\n<p><strong><span>2. Composition chimique du Monel400<\/span><\/strong><\/p>\n<table class=\"table table-bordered\">\n<tbody>\n<tr>\n<td><span>alliage<\/span><\/td>\n<td>%<\/td>\n<td><span>nickel<\/span><\/td>\n<td><span>cuivre<\/span><\/td>\n<td><span>fer<\/span><\/td>\n<td><span>carbone<\/span><\/td>\n<td><span>mangan\u00e8se<\/span><\/td>\n<td><span>silicium<\/span><\/td>\n<td><span>soufre<\/span><\/td>\n<\/tr>\n<tr>\n<td rowspan=\"2\"><span>Monel400<\/span><\/td>\n<td><span>Valeur minimale<\/span><\/td>\n<td>63.0<\/td>\n<td>28.0<\/td>\n<td>&#8211;<\/td>\n<td><span>&#8211;<\/span><\/td>\n<td><span>&#8211;<\/span><\/td>\n<td><span>&#8211;<\/span><\/td>\n<td><span>&#8211;<\/span><\/td>\n<\/tr>\n<tr>\n<td><span>Valeur maximale<\/span><\/td>\n<td><span>&#8211;<\/span><\/td>\n<td>34.0<\/td>\n<td>2.50<\/td>\n<td>0.30<\/td>\n<td>2.0<\/td>\n<td>0.50<\/td>\n<td>0.024<\/td>\n<\/tr>\n<\/tbody>\n<\/table>\n<p><strong><span>3. Performances physiques du Monel400<\/span><\/strong><\/p>\n<table class=\"table table-bordered\">\n<tbody>\n<tr>\n<td><span>Densit\u00e9 g\/cm3<\/span><\/td>\n<td><span>Point de fusion \u2103<\/span><\/td>\n<\/tr>\n<tr>\n<td>8.83<\/td>\n<td>1300-1390<\/td>\n<\/tr>\n<\/tbody>\n<\/table>\n<p><span>Valeur minimale des propri\u00e9t\u00e9s m\u00e9caniques des alliages \u00e0 temp\u00e9rature ambiante :<\/span><\/p>\n<table class=\"table table-bordered\">\n<tbody>\n<tr>\n<td rowspan=\"2\"><span>Statut de l'alliage<\/span><\/td>\n<td><span>R\u00e9sistance \u00e0 la traction Rm N\/mm<\/span><\/td>\n<td rowspan=\"2\"><span>Limite d'\u00e9lasticit\u00e9 RP0.2 N\/mm<\/span><\/td>\n<td><span>\u00c9longation A5%<\/span><\/td>\n<\/tr>\n<tr>\n<td><span>\u00c9tat de fusion solide<\/span><\/td>\n<td>480<\/td>\n<td>170<\/td>\n<td>35<\/td>\n<\/tr>\n<\/tbody>\n<\/table>\n<p><strong><span>Propri\u00e9t\u00e9s m\u00e9caniques du Monel400<\/span><\/strong><\/p>\n<table class=\"table table-bordered\">\n<tbody>\n<tr>\n<td><span>forme<\/span><\/td>\n<td><span>r\u00e9sistance \u00e0 la traction<\/span><\/td>\n<td><span>Limite d'\u00e9lasticit\u00e9 (d\u00e9calage de 0,2%)<\/span><\/td>\n<td><span>\u00c9longation, %<\/span><\/td>\n<td><span>duret\u00e9<\/span><\/td>\n<td><\/td>\n<td><\/td>\n<td><\/td>\n<\/tr>\n<tr>\n<td><\/td>\n<td>ksi<\/td>\n<td>MPa<\/td>\n<td><\/td>\n<td><span>Brinell (3000-kg)<\/span><\/td>\n<td>Rockwell B<\/td>\n<td><\/td>\n<td><\/td>\n<\/tr>\n<tr>\n<td><span>Superbe<\/span><\/td>\n<td>70-110<\/td>\n<td>480-760<\/td>\n<td>25-85<\/td>\n<td>170-585<\/td>\n<td>50-5<\/td>\n<td>110 minutes<\/td>\n<td>60 minutes<\/td>\n<\/tr>\n<tr>\n<td><span>assiette<\/span><\/td>\n<td>70-95<\/td>\n<td>482-655<\/td>\n<td>28-75<\/td>\n<td>193-517<\/td>\n<td>50-30<\/td>\n<td>110-215<\/td>\n<td>60-96 min<\/td>\n<\/tr>\n<tr>\n<td><span>feuille<\/span><\/td>\n<td>70-120<\/td>\n<td>482-827<\/td>\n<td>30-110<\/td>\n<td>207-758<\/td>\n<td>45-2<\/td>\n<td><\/td>\n<td>65 minutes<\/td>\n<\/tr>\n<tr>\n<td><span>apporter<\/span><\/td>\n<td>70-140<\/td>\n<td>482-965<\/td>\n<td>25-130<\/td>\n<td>172-896<\/td>\n<td>50-2<\/td>\n<td><\/td>\n<td>68min<\/td>\n<\/tr>\n<tr>\n<td><span>Tube sans soudure<\/span><\/td>\n<td>70-130<\/td>\n<td>482-896<\/td>\n<td>25-110<\/td>\n<td>172-758<\/td>\n<td>50-3<\/td>\n<td><\/td>\n<td>100max<\/td>\n<\/tr>\n<tr>\n<td><span>Fil de traction \u00e0 froid<\/span><\/td>\n<td>70-180<\/td>\n<td>482-1241<\/td>\n<td>30-170<\/td>\n<td>207-1172<\/td>\n<td><span>45-2<\/span><\/td>\n<td><\/td>\n<td><\/td>\n<\/tr>\n<\/tbody>\n<\/table>\n<p><strong><span>4. Monel400 Caract\u00e9ristiques des mat\u00e9riaux<\/span><\/strong><br \/>\n<span>Le Monel400 est un alliage r\u00e9sistant \u00e0 la corrosion dont l'utilisation est importante, les applications sont nombreuses et les performances globales sont bonnes. Cet alliage pr\u00e9sente une excellente r\u00e9sistance \u00e0 la corrosion dans l'acide fluorhydrique et les gaz fluor\u00e9s, ainsi qu'une excellente r\u00e9sistance \u00e0 la corrosion dans les liquides alcalins concentr\u00e9s chauds. Il r\u00e9siste \u00e9galement \u00e0 la corrosion des solutions neutres, de l'eau, de l'eau de mer, de l'atmosph\u00e8re, des compos\u00e9s organiques, etc. Une caract\u00e9ristique importante de cet alliage est qu'il ne produit g\u00e9n\u00e9ralement pas de fissures de corrosion sous contrainte et qu'il pr\u00e9sente de bonnes performances de coupe.<\/span><\/p>\n<p><span>La structure m\u00e9tallographique du Monel400 est une solution solide monophas\u00e9e \u00e0 haute r\u00e9sistance.<\/span><\/p>\n<p><strong><span>5. R\u00e9sistance \u00e0 la corrosion du Monel400 :<\/span><\/strong><\/p>\n<ul>\n<li><span>L'alliage Monel 400 pr\u00e9sente une excellente r\u00e9sistance \u00e0 la corrosion dans le gaz fluor, l'acide chlorhydrique, l'acide sulfurique, l'acide fluorhydrique et leurs d\u00e9riv\u00e9s. En m\u00eame temps, il est plus r\u00e9sistant \u00e0 la corrosion que les alliages \u00e0 base de cuivre dans l'eau de mer.<\/span><\/li>\n<li><span>Milieu acide : Le Monel 400 est r\u00e9sistant \u00e0 la corrosion dans l'acide sulfurique avec une concentration inf\u00e9rieure \u00e0 85%. Le Monel 400 est l'un des rares mat\u00e9riaux importants \u00e0 pouvoir r\u00e9sister \u00e0 l'acide fluorhydrique.<\/span><\/li>\n<li><span>Corrosion par l'eau : L'alliage Monel 400 pr\u00e9sente non seulement une excellente r\u00e9sistance \u00e0 la corrosion dans la plupart des conditions de corrosion de l'eau, mais aussi peu de corrosion des pores, de corrosion sous contrainte, etc. et la vitesse de corrosion est inf\u00e9rieure \u00e0 025 mm\/a.<\/span><\/li>\n<li><span>Corrosion \u00e0 haute temp\u00e9rature : La temp\u00e9rature maximale du Monel 400 en fonctionnement continu de l'air est g\u00e9n\u00e9ralement autour de 600\u2103, et dans la vapeur \u00e0 haute temp\u00e9rature, le taux de corrosion est inf\u00e9rieur \u00e0 026mm\/a.<\/span><\/li>\n<li><span>Ammoniaque : L'alliage Monel 400 ayant une teneur \u00e9lev\u00e9e en nickel, il peut r\u00e9sister \u00e0 la corrosion dans des conditions d'ammoniac anhydre et d'ammonisation inf\u00e9rieures \u00e0 585\u00b0C.<\/span><\/li>\n<\/ul>\n<p><strong><span>6. Domaines d'application du Monel400<\/span><\/strong><\/p>\n<ul>\n<li><span>Conduites d'eau et de vapeur sans soudure dans les centrales \u00e9lectriques<\/span><\/li>\n<li><span>\u00c9changeurs et \u00e9vaporateurs d'eau de mer<\/span><\/li>\n<li><span>Environnement de l'acide sulfurique et de l'acide chlorhydrique<\/span><\/li>\n<li><span>Distillation du p\u00e9trole brut<\/span><\/li>\n<li><span>Arbre de pompe et pulpe en spirale pour l'\u00e9quipement d'utilisation de l'eau en haute mer<\/span><\/li>\n<li><span>\u00c9quipement de l'industrie nucl\u00e9aire pour le raffinage de l'uranium et la s\u00e9paration des isotopes<\/span><\/li>\n<li><span>Pompes et vannes utilis\u00e9es pour la fabrication d'\u00e9quipements pour l'acide chlorhydrique<\/span><\/li>\n<\/ul>","protected":false},"excerpt":{"rendered":"<p>1. Introduction to Monel400 Materials Monel 400 is a corrosion-resistant alloy with large usage, wide use and excellent comprehensive performance. [&hellip;]<\/p>","protected":false},"featured_media":633,"template":"","meta":{"site-sidebar-layout":"default","site-content-layout":"","ast-site-content-layout":"default","site-content-style":"default","site-sidebar-style":"default","ast-global-header-display":"","ast-banner-title-visibility":"","ast-main-header-display":"","ast-hfb-above-header-display":"","ast-hfb-below-header-display":"","ast-hfb-mobile-header-display":"","site-post-title":"","ast-breadcrumbs-content":"","ast-featured-img":"","footer-sml-layout":"","theme-transparent-header-meta":"default","adv-header-id-meta":"","stick-header-meta":"","header-above-stick-meta":"","header-main-stick-meta":"","header-below-stick-meta":"","astra-migrate-meta-layouts":"set","ast-page-background-enabled":"default","ast-page-background-meta":{"desktop":{"background-color":"var(--ast-global-color-5)","background-image":"","background-repeat":"repeat","background-position":"center center","background-size":"auto","background-attachment":"scroll","background-type":"","background-media":"","overlay-type":"","overlay-color":"","overlay-opacity":"","overlay-gradient":""},"tablet":{"background-color":"","background-image":"","background-repeat":"repeat","background-position":"center center","background-size":"auto","background-attachment":"scroll","background-type":"","background-media":"","overlay-type":"","overlay-color":"","overlay-opacity":"","overlay-gradient":""},"mobile":{"background-color":"","background-image":"","background-repeat":"repeat","background-position":"center center","background-size":"auto","background-attachment":"scroll","background-type":"","background-media":"","overlay-type":"","overlay-color":"","overlay-opacity":"","overlay-gradient":""}},"ast-content-background-meta":{"desktop":{"background-color":"var(--ast-global-color-4)","background-image":"","background-repeat":"repeat","background-position":"center center","background-size":"auto","background-attachment":"scroll","background-type":"","background-media":"","overlay-type":"","overlay-color":"","overlay-opacity":"","overlay-gradient":""},"tablet":{"background-color":"var(--ast-global-color-4)","background-image":"","background-repeat":"repeat","background-position":"center center","background-size":"auto","background-attachment":"scroll","background-type":"","background-media":"","overlay-type":"","overlay-color":"","overlay-opacity":"","overlay-gradient":""},"mobile":{"background-color":"var(--ast-global-color-4)","background-image":"","background-repeat":"repeat","background-position":"center center","background-size":"auto","background-attachment":"scroll","background-type":"","background-media":"","overlay-type":"","overlay-color":"","overlay-opacity":"","overlay-gradient":""}}},"product_brand":[],"product_cat":[35],"product_tag":[],"class_list":{"0":"post-632","1":"product","2":"type-product","3":"status-publish","4":"has-post-thumbnail","6":"product_cat-waspaloy","7":"desktop-align-left","8":"tablet-align-left","9":"mobile-align-left","11":"first","12":"instock","13":"shipping-taxable","14":"product-type-simple"},"_links":{"self":[{"href":"https:\/\/www.dura-alloy.com\/fr\/wp-json\/wp\/v2\/product\/632","targetHints":{"allow":["GET"]}}],"collection":[{"href":"https:\/\/www.dura-alloy.com\/fr\/wp-json\/wp\/v2\/product"}],"about":[{"href":"https:\/\/www.dura-alloy.com\/fr\/wp-json\/wp\/v2\/types\/product"}],"version-history":[{"count":0,"href":"https:\/\/www.dura-alloy.com\/fr\/wp-json\/wp\/v2\/product\/632\/revisions"}],"wp:featuredmedia":[{"embeddable":true,"href":"https:\/\/www.dura-alloy.com\/fr\/wp-json\/wp\/v2\/media\/633"}],"wp:attachment":[{"href":"https:\/\/www.dura-alloy.com\/fr\/wp-json\/wp\/v2\/media?parent=632"}],"wp:term":[{"taxonomy":"product_brand","embeddable":true,"href":"https:\/\/www.dura-alloy.com\/fr\/wp-json\/wp\/v2\/product_brand?post=632"},{"taxonomy":"product_cat","embeddable":true,"href":"https:\/\/www.dura-alloy.com\/fr\/wp-json\/wp\/v2\/product_cat?post=632"},{"taxonomy":"product_tag","embeddable":true,"href":"https:\/\/www.dura-alloy.com\/fr\/wp-json\/wp\/v2\/product_tag?post=632"}],"curies":[{"name":"wp","href":"https:\/\/api.w.org\/{rel}","templated":true}]}}