{"id":623,"date":"2025-06-17T02:28:56","date_gmt":"2025-06-17T02:28:56","guid":{"rendered":"https:\/\/dura-alloy.com\/?post_type=product&#038;p=623"},"modified":"2025-06-17T02:28:56","modified_gmt":"2025-06-17T02:28:56","slug":"1j22-soft-magnetic-alloy","status":"publish","type":"product","link":"https:\/\/www.dura-alloy.com\/fr\/produit\/1j22-soft-magnetic-alloy\/","title":{"rendered":"1J22 Alliage magn\u00e9tique doux"},"content":{"rendered":"<p><span>1. Introduction \u00e0 l'alliage magn\u00e9tique doux 1J22<\/span><\/p>\n<p><span>1J22 correspond aux qualit\u00e9s correspondantes et aux qualit\u00e9s similaires Co50V2, 50\u041a\u0424 (Russie), Permendur (Royaume-Uni), Supermendur (\u00c9tats-Unis), HiperCo50 (\u00c9tats-Unis).<\/span><br \/>\n<span>1J22 est un alliage magn\u00e9tique doux fer-cobalt-vanadium \u00e0 haute force d'induction magn\u00e9tique \u00e0 saturation. Parmi les mat\u00e9riaux magn\u00e9tiques doux existants, le 1J22 poss\u00e8de la force d'induction magn\u00e9tique \u00e0 saturation la plus \u00e9lev\u00e9e, jusqu'\u00e0 2,4T, le point de Curie peut atteindre 980\u2103, et le coefficient de magn\u00e9tostriction \u00e0 saturation peut atteindre 60~100\u00d710-6. En raison de la force d'induction magn\u00e9tique \u00e0 saturation \u00e9lev\u00e9e, le volume peut \u00eatre consid\u00e9rablement r\u00e9duit lors de la fabrication d'un moteur de m\u00eame puissance, et lors de l'utilisation d'un \u00e9lectro-aimant, une grande force d'aspiration peut \u00eatre g\u00e9n\u00e9r\u00e9e dans la m\u00eame zone de section transversale. Gr\u00e2ce \u00e0 son point de Curie \u00e9lev\u00e9, l'alliage peut fonctionner \u00e0 des temp\u00e9ratures plus \u00e9lev\u00e9es o\u00f9 d'autres mat\u00e9riaux magn\u00e9tiques doux ont \u00e9t\u00e9 compl\u00e8tement d\u00e9magn\u00e9tis\u00e9s et conservent une bonne stabilit\u00e9 magn\u00e9tique. En raison de son coefficient magn\u00e9tostrictif \u00e9lev\u00e9, il convient parfaitement aux transducteurs magn\u00e9tostrictifs, avec une \u00e9nergie de sortie \u00e9lev\u00e9e et une grande efficacit\u00e9 de fonctionnement. L'alliage a une faible r\u00e9sistivit\u00e9 (0,27\u03bc\u03a9-m) et ne doit pas \u00eatre utilis\u00e9 \u00e0 des fr\u00e9quences \u00e9lev\u00e9es. Il est co\u00fbteux, facile \u00e0 oxyder et pr\u00e9sente de mauvaises performances de traitement. L'ajout d'une quantit\u00e9 appropri\u00e9e de nickel ou d'autres \u00e9l\u00e9ments peut am\u00e9liorer sa capacit\u00e9 de traitement.<\/span><\/p>\n<p><span>Normes techniques du mat\u00e9riau 1J22<\/span><br \/>\n<span>GB\/T 15001-1994 \"Taille, apparence, qualit\u00e9 de surface, m\u00e9thodes exp\u00e9rimentales et r\u00e8gles d'inspection des alliages magn\u00e9tiques doux\".<\/span><br \/>\n<span>GB\/T 15002-1994 \"Technical conditions for soft magnetic alloys with high saturation magnetic induction strength\" (Conditions techniques pour les alliages magn\u00e9tiques doux ayant une force d'induction magn\u00e9tique \u00e9lev\u00e9e \u00e0 saturation)<\/span><\/p>\n<p><span>2. Composition chimique du 1J22<\/span><\/p>\n<p><span>Conform\u00e9ment \u00e0 la norme am\u00e9ricaine, la norme nationale est strictement appliqu\u00e9e.<\/span><\/p>\n<p><span>3. Traitement thermique 1J22 et \u00e9tat des livraisons<\/span><\/p>\n<p><span>\u00c9chantillon de bande lamin\u00e9e \u00e0 froid : Comme le four chauffe \u00e0 850-900\u2103, garder la chaleur pendant 3-6 heures, refroidir \u00e0 750\u2103 \u00e0 une vitesse de 50\u2103\/h, puis refroidir \u00e0 300\u2103 \u00e0 une vitesse de 180-240\u2103\/h, et sort du four. Le milieu de recuit est de l'hydrog\u00e8ne dont le point de ros\u00e9e n'est pas sup\u00e9rieur \u00e0 -40\u2103.<\/span><br \/>\n<span>\u00c9chantillon pr\u00e9lev\u00e9 sur le forgeage : Comme le four monte \u00e0 1100\u2103\u00b120\u2103, garder la chaleur pendant 3 \u00e0 6 heures, refroidir \u00e0 850\u2103 \u00e0 une vitesse de 50 \u00e0 100\u2103\/h, garder la chaleur pendant 3 heures, puis refroidir \u00e0 700\u2103 \u00e0 une vitesse de 30\u2103\/h, et puis refroidir \u00e0 300\u2103 \u00e0 une vitesse de 200\u2103\/h, et sortir du four. Le milieu de recuit est de l'hydrog\u00e8ne dont le point de ros\u00e9e n'est pas sup\u00e9rieur \u00e0 -40\u2103.<\/span><br \/>\n<span>Mat\u00e9riaux utilis\u00e9s pour une force d'induction magn\u00e9tique \u00e9lev\u00e9e, une faible force coercitive et un rapport rectangulaire \u00e9lev\u00e9 sous un champ magn\u00e9tique inf\u00e9rieur : le four monte \u00e0 850 \u2103\u00b110 \u2103, est isol\u00e9 pendant 4 heures, refroidit \u00e0 750 \u2103 \u00e0 une vitesse de 50 \u2103\/h, est isol\u00e9 pendant 3 heures, puis refroidit \u00e0 300 \u2103 \u00e0 une vitesse de 200 \u2103\/h, et se d\u00e9charge du four. Au niveau de l'isolation (750 \u2103), un champ magn\u00e9tique continu de 1240-1600 A\/m est ajout\u00e9, et le milieu de recuit est de l'hydrog\u00e8ne dont le point de ros\u00e9e n'est pas sup\u00e9rieur \u00e0 -40 \u2103.<\/span><br \/>\n<span>Les sp\u00e9cifications des vari\u00e9t\u00e9s 1J22 et les \u00e9tats d'approvisionnement comprennent les bandes lamin\u00e9es \u00e0 froid, les mat\u00e9riaux filaires \u00e9tir\u00e9s \u00e0 froid, les mat\u00e9riaux plats et les barres lamin\u00e9s \u00e0 chaud (forg\u00e9s), les pi\u00e8ces forg\u00e9es non standard, et les processus de fusion et de moulage 1J22 sont fondus dans des fours \u00e0 induction sous vide.<\/span><\/p>\n<p><span>4. Propri\u00e9t\u00e9s m\u00e9caniques du 1J22 \u00e0 temp\u00e9rature ambiante et \u00e0 diff\u00e9rentes temp\u00e9ratures<\/span><\/p>\n<p><span>1J22 Duret\u00e9 : alliage doux HRB90, duret\u00e9 \u00e0 froid HRC35.<\/span><br \/>\n<span>1J22 R\u00e9sistance \u00e0 la traction : Alliage \u00e0 l'\u00e9tat mou \u03c3b=490MPa ; \u00e0 l'\u00e9tat dur \u00e0 froid \u03c3b=1323MPa.<\/span><br \/>\n<span>1J22 stipule une contrainte d'allongement non proportionnelle [1] \u00c9tat mou de l'alliage \u03c3P0.2=343MPa.<\/span><br \/>\n<span>1J22 allongement apr\u00e8s rupture alliage allongement apr\u00e8s rupture \u03b4=1%.<\/span><br \/>\n<span>1J22 module d'\u00e9lasticit\u00e9 E=216GPa.<\/span><\/p>\n<p><span>V. 1J22 structure organisationnelle<\/span><\/p>\n<p><span>Structure de l'alliage 1J22 La structure de l'alliage est une solution solide monophas\u00e9e avec un r\u00e9seau cubique \u00e0 centre apparent. La transition de phase \u03b3\u03b1 se produit vers 900-930\u00b0C. Lorsque la temp\u00e9rature est inf\u00e9rieure \u00e0 730\u00b0C, un ordre est g\u00e9n\u00e9r\u00e9 pour former une superstructure FeCo, et la phase \u03b1 d\u00e9sordonn\u00e9e est convertie en une phase \u03b1\u2032 ordonn\u00e9e.<\/span><\/p>\n<p><span>6. Performance et exigences du processus 1J22<\/span><\/p>\n<p><span>Apr\u00e8s une trempe \u00e0 environ 880\u00b0C, l'alliage de formage 1J22 peut \u00eatre transform\u00e9 en bandes et filaments minces. Les bandes et les filaments peuvent \u00eatre poin\u00e7onn\u00e9s, enroul\u00e9s ou transform\u00e9s en composants de diff\u00e9rentes formes.<\/span><br \/>\n<span>1J22 performance de soudage La performance de soudage est m\u00e9diocre.<\/span><br \/>\n<span>Processus de traitement thermique des pi\u00e8ces 1J22<\/span><br \/>\n<span>1J22 Processus de traitement de surface<\/span><br \/>\n<span>1J22 Performance de coupe et de meulage Les mat\u00e9riaux lamin\u00e9s \u00e0 chaud (forg\u00e9s), les mat\u00e9riaux d'\u00e9tirage \u00e0 froid et les bandes de cet alliage peuvent \u00eatre coup\u00e9s et meul\u00e9s. Lorsque l'alliage est transform\u00e9 en composants et soumis \u00e0 un traitement thermique final \u00e0 refroidissement lent, la plasticit\u00e9 est faible et ne peut \u00eatre que l\u00e9g\u00e8rement rectifi\u00e9e.<\/span><\/p>\n<p><span>7. Champs d'application de la norme 1J22<\/span><br \/>\n<span>Convient aux composants \u00e9lectriques l\u00e9gers et de petite taille pour l'aviation et l'a\u00e9rospatiale, tels que les rotors micro\u00e9lectroniques, les t\u00eates de p\u00f4les \u00e9lectromagn\u00e9tiques, les relais, les transducteurs, etc.<\/span><\/p>","protected":false},"excerpt":{"rendered":"<p>1. Introduction to 1J22 soft magnetic alloy 1J22 corresponds to the corresponding grades and similar grades Co50V2, 50\u041a\u0424 (Russia), Permendur [&hellip;]<\/p>","protected":false},"featured_media":624,"template":"","meta":{"site-sidebar-layout":"default","site-content-layout":"","ast-site-content-layout":"default","site-content-style":"default","site-sidebar-style":"default","ast-global-header-display":"","ast-banner-title-visibility":"","ast-main-header-display":"","ast-hfb-above-header-display":"","ast-hfb-below-header-display":"","ast-hfb-mobile-header-display":"","site-post-title":"","ast-breadcrumbs-content":"","ast-featured-img":"","footer-sml-layout":"","theme-transparent-header-meta":"default","adv-header-id-meta":"","stick-header-meta":"","header-above-stick-meta":"","header-main-stick-meta":"","header-below-stick-meta":"","astra-migrate-meta-layouts":"set","ast-page-background-enabled":"default","ast-page-background-meta":{"desktop":{"background-color":"var(--ast-global-color-5)","background-image":"","background-repeat":"repeat","background-position":"center center","background-size":"auto","background-attachment":"scroll","background-type":"","background-media":"","overlay-type":"","overlay-color":"","overlay-opacity":"","overlay-gradient":""},"tablet":{"background-color":"","background-image":"","background-repeat":"repeat","background-position":"center center","background-size":"auto","background-attachment":"scroll","background-type":"","background-media":"","overlay-type":"","overlay-color":"","overlay-opacity":"","overlay-gradient":""},"mobile":{"background-color":"","background-image":"","background-repeat":"repeat","background-position":"center center","background-size":"auto","background-attachment":"scroll","background-type":"","background-media":"","overlay-type":"","overlay-color":"","overlay-opacity":"","overlay-gradient":""}},"ast-content-background-meta":{"desktop":{"background-color":"var(--ast-global-color-4)","background-image":"","background-repeat":"repeat","background-position":"center center","background-size":"auto","background-attachment":"scroll","background-type":"","background-media":"","overlay-type":"","overlay-color":"","overlay-opacity":"","overlay-gradient":""},"tablet":{"background-color":"var(--ast-global-color-4)","background-image":"","background-repeat":"repeat","background-position":"center center","background-size":"auto","background-attachment":"scroll","background-type":"","background-media":"","overlay-type":"","overlay-color":"","overlay-opacity":"","overlay-gradient":""},"mobile":{"background-color":"var(--ast-global-color-4)","background-image":"","background-repeat":"repeat","background-position":"center center","background-size":"auto","background-attachment":"scroll","background-type":"","background-media":"","overlay-type":"","overlay-color":"","overlay-opacity":"","overlay-gradient":""}}},"product_brand":[],"product_cat":[34],"product_tag":[],"class_list":{"0":"post-623","1":"product","2":"type-product","3":"status-publish","4":"has-post-thumbnail","6":"product_cat-precision-alloy","7":"desktop-align-left","8":"tablet-align-left","9":"mobile-align-left","11":"first","12":"instock","13":"shipping-taxable","14":"product-type-simple"},"_links":{"self":[{"href":"https:\/\/www.dura-alloy.com\/fr\/wp-json\/wp\/v2\/product\/623","targetHints":{"allow":["GET"]}}],"collection":[{"href":"https:\/\/www.dura-alloy.com\/fr\/wp-json\/wp\/v2\/product"}],"about":[{"href":"https:\/\/www.dura-alloy.com\/fr\/wp-json\/wp\/v2\/types\/product"}],"version-history":[{"count":0,"href":"https:\/\/www.dura-alloy.com\/fr\/wp-json\/wp\/v2\/product\/623\/revisions"}],"wp:featuredmedia":[{"embeddable":true,"href":"https:\/\/www.dura-alloy.com\/fr\/wp-json\/wp\/v2\/media\/624"}],"wp:attachment":[{"href":"https:\/\/www.dura-alloy.com\/fr\/wp-json\/wp\/v2\/media?parent=623"}],"wp:term":[{"taxonomy":"product_brand","embeddable":true,"href":"https:\/\/www.dura-alloy.com\/fr\/wp-json\/wp\/v2\/product_brand?post=623"},{"taxonomy":"product_cat","embeddable":true,"href":"https:\/\/www.dura-alloy.com\/fr\/wp-json\/wp\/v2\/product_cat?post=623"},{"taxonomy":"product_tag","embeddable":true,"href":"https:\/\/www.dura-alloy.com\/fr\/wp-json\/wp\/v2\/product_tag?post=623"}],"curies":[{"name":"wp","href":"https:\/\/api.w.org\/{rel}","templated":true}]}}