{"id":619,"date":"2025-06-17T01:59:20","date_gmt":"2025-06-17T01:59:20","guid":{"rendered":"https:\/\/dura-alloy.com\/?post_type=product&#038;p=619"},"modified":"2025-06-17T01:59:20","modified_gmt":"2025-06-17T01:59:20","slug":"1j85-permo-alloy","status":"publish","type":"product","link":"https:\/\/www.dura-alloy.com\/fr\/produit\/1j85-permo-alloy\/","title":{"rendered":"1J85 Alliage Permo"},"content":{"rendered":"<p><span>1. Introduction aux mat\u00e9riaux 1J85<\/span><\/p>\n<p><span>1J85 Le m\u00e9tal \u00e0 base de nickel est un alliage magn\u00e9tique doux, \u00e9galement connu sous le nom de permalliage. Il poss\u00e8de une susceptibilit\u00e9 magn\u00e9tique tr\u00e8s \u00e9lev\u00e9e et peut \u00eatre magn\u00e9tis\u00e9 dans un champ magn\u00e9tique plus faible et obtenir une force d'induction magn\u00e9tique plus \u00e9lev\u00e9e. Il peut \u00e9galement atteindre rapidement la saturation. C'est un meilleur ferromagn\u00e9tique lorsque la temp\u00e9rature de Curie est inf\u00e9rieure \u00e0 400\u2103. L'alliage \u00e0 base de nickel 1J85 a une perm\u00e9abilit\u00e9 magn\u00e9tique de d\u00e9part \u00e9lev\u00e9e, une force coercitive relativement faible et une perm\u00e9abilit\u00e9 magn\u00e9tique maximale \u00e9lev\u00e9e. Il r\u00e9agit de mani\u00e8re tr\u00e8s sensible \u00e0 certains signaux faibles et pr\u00e9sente un grand potentiel d'application dans l'industrie des t\u00e9l\u00e9communications et l'industrie de l'instrumentation. Parall\u00e8lement, l'alliage \u00e0 base de nickel 1J85 est \u00e9galement facile \u00e0 transformer en une bande m\u00e9tallique tr\u00e8s fine, qui peut \u00eatre utilis\u00e9e dans les selfs \u00e0 haute sensibilit\u00e9, les transformateurs audio, les amplificateurs magn\u00e9tiques rapides, les relais, les boucliers magn\u00e9tiques, divers noyaux de fer, etc. et constitue un composant de l'industrie de la d\u00e9fense, comme l'a\u00e9rospatiale et l'industrie nucl\u00e9aire.<\/span><\/p>\n<p><span>2. Composition chimique du 1J85<\/span><\/p>\n<p><span>Mise en \u0153uvre conform\u00e9ment aux normes am\u00e9ricaines, aux normes nationales et aux normes militaires nationales<\/span><\/p>\n<p><span>3. 1J85 propri\u00e9t\u00e9s physiques<\/span><\/p>\n<p><span>1J85 densit\u00e9 : 8,75 g\/cm3<\/span><br \/>\n<span>1J85 Point de fusion : 1395-1425 \u2103<\/span><\/p>\n<p><span>IV. Caract\u00e9ristiques du mat\u00e9riau 1J85<\/span><\/p>\n<p><span>L'alliage fer-nickel 1J85 est un alliage de nickel contenant 79-81% avec la perm\u00e9abilit\u00e9 magn\u00e9tique initiale la plus \u00e9lev\u00e9e, la perm\u00e9abilit\u00e9 magn\u00e9tique maximale et une coercivit\u00e9 extr\u00eamement faible, qui est sensible aux signaux faibles. La force d'induction magn\u00e9tique satur\u00e9e du 1J85 est sup\u00e9rieure \u00e0 0,78T, la perm\u00e9abilit\u00e9 magn\u00e9tique initiale est sup\u00e9rieure \u00e0 30mH\/m, la perm\u00e9abilit\u00e9 magn\u00e9tique maximale est sup\u00e9rieure \u00e0 115mH\/m et la force coercitive est inf\u00e9rieure \u00e0 2,4A\/m.<\/span><\/p>\n<p><span>Structure m\u00e9tallographique de 1J85 : L'alliage 1J85 a une structure aust\u00e9nitique.<\/span><\/p>\n<p><span>L'acier alli\u00e9 aust\u00e9nitique est un cristal dont les atomes internes sont dispos\u00e9s selon certaines r\u00e8gles. Il existe g\u00e9n\u00e9ralement trois m\u00e9thodes d'agencement : la structure de r\u00e9seau cubique au centre du corps et la structure polycristalline, qui se forme au cours du processus de cristallisation du m\u00e9tal.<\/span><\/p>\n<p><span>5. Champs d'application du 1J85<\/span><\/p>\n<p><span>1. Stratification du noyau pour les relais \u00e0 courant continu, les transformateurs et les selfs des \u00e9quipements \u00e9lectroniques et de communication<\/span><\/p>\n<p><span>2. Dispositif de blindage magn\u00e9tique, pi\u00e8ces ou composants de contr\u00f4le<\/span><\/p>\n<p><span>3. Industrie \u00e9lectronique, instruments de pr\u00e9cision, syst\u00e8mes de t\u00e9l\u00e9commande et de contr\u00f4le automatique.<\/span><\/p>\n<p><span>4. Transformateurs de haute sensibilit\u00e9 et de faible puissance, amplificateurs magn\u00e9tiques de faible puissance, relais, selfs, t\u00eates magn\u00e9tiques pour appareils d'enregistrement magn\u00e9tique, \u00e9crans magn\u00e9tiques, divers noyaux bobin\u00e9s, noyaux coup\u00e9s et noyaux stratifi\u00e9s utilis\u00e9s dans des champs magn\u00e9tiques faibles.<\/span><\/p>","protected":false},"excerpt":{"rendered":"<p>1. Introduction to 1J85 Materials 1J85 Nickel-based metal is a soft magnetic alloy, also known as permalloy. It has a [&hellip;]<\/p>","protected":false},"featured_media":620,"template":"","meta":{"site-sidebar-layout":"default","site-content-layout":"","ast-site-content-layout":"default","site-content-style":"default","site-sidebar-style":"default","ast-global-header-display":"","ast-banner-title-visibility":"","ast-main-header-display":"","ast-hfb-above-header-display":"","ast-hfb-below-header-display":"","ast-hfb-mobile-header-display":"","site-post-title":"","ast-breadcrumbs-content":"","ast-featured-img":"","footer-sml-layout":"","theme-transparent-header-meta":"default","adv-header-id-meta":"","stick-header-meta":"","header-above-stick-meta":"","header-main-stick-meta":"","header-below-stick-meta":"","astra-migrate-meta-layouts":"set","ast-page-background-enabled":"default","ast-page-background-meta":{"desktop":{"background-color":"var(--ast-global-color-5)","background-image":"","background-repeat":"repeat","background-position":"center center","background-size":"auto","background-attachment":"scroll","background-type":"","background-media":"","overlay-type":"","overlay-color":"","overlay-opacity":"","overlay-gradient":""},"tablet":{"background-color":"","background-image":"","background-repeat":"repeat","background-position":"center center","background-size":"auto","background-attachment":"scroll","background-type":"","background-media":"","overlay-type":"","overlay-color":"","overlay-opacity":"","overlay-gradient":""},"mobile":{"background-color":"","background-image":"","background-repeat":"repeat","background-position":"center center","background-size":"auto","background-attachment":"scroll","background-type":"","background-media":"","overlay-type":"","overlay-color":"","overlay-opacity":"","overlay-gradient":""}},"ast-content-background-meta":{"desktop":{"background-color":"var(--ast-global-color-4)","background-image":"","background-repeat":"repeat","background-position":"center center","background-size":"auto","background-attachment":"scroll","background-type":"","background-media":"","overlay-type":"","overlay-color":"","overlay-opacity":"","overlay-gradient":""},"tablet":{"background-color":"var(--ast-global-color-4)","background-image":"","background-repeat":"repeat","background-position":"center center","background-size":"auto","background-attachment":"scroll","background-type":"","background-media":"","overlay-type":"","overlay-color":"","overlay-opacity":"","overlay-gradient":""},"mobile":{"background-color":"var(--ast-global-color-4)","background-image":"","background-repeat":"repeat","background-position":"center center","background-size":"auto","background-attachment":"scroll","background-type":"","background-media":"","overlay-type":"","overlay-color":"","overlay-opacity":"","overlay-gradient":""}}},"product_brand":[],"product_cat":[34],"product_tag":[],"class_list":{"0":"post-619","1":"product","2":"type-product","3":"status-publish","4":"has-post-thumbnail","6":"product_cat-precision-alloy","7":"desktop-align-left","8":"tablet-align-left","9":"mobile-align-left","11":"first","12":"instock","13":"shipping-taxable","14":"product-type-simple"},"_links":{"self":[{"href":"https:\/\/www.dura-alloy.com\/fr\/wp-json\/wp\/v2\/product\/619","targetHints":{"allow":["GET"]}}],"collection":[{"href":"https:\/\/www.dura-alloy.com\/fr\/wp-json\/wp\/v2\/product"}],"about":[{"href":"https:\/\/www.dura-alloy.com\/fr\/wp-json\/wp\/v2\/types\/product"}],"version-history":[{"count":0,"href":"https:\/\/www.dura-alloy.com\/fr\/wp-json\/wp\/v2\/product\/619\/revisions"}],"wp:featuredmedia":[{"embeddable":true,"href":"https:\/\/www.dura-alloy.com\/fr\/wp-json\/wp\/v2\/media\/620"}],"wp:attachment":[{"href":"https:\/\/www.dura-alloy.com\/fr\/wp-json\/wp\/v2\/media?parent=619"}],"wp:term":[{"taxonomy":"product_brand","embeddable":true,"href":"https:\/\/www.dura-alloy.com\/fr\/wp-json\/wp\/v2\/product_brand?post=619"},{"taxonomy":"product_cat","embeddable":true,"href":"https:\/\/www.dura-alloy.com\/fr\/wp-json\/wp\/v2\/product_cat?post=619"},{"taxonomy":"product_tag","embeddable":true,"href":"https:\/\/www.dura-alloy.com\/fr\/wp-json\/wp\/v2\/product_tag?post=619"}],"curies":[{"name":"wp","href":"https:\/\/api.w.org\/{rel}","templated":true}]}}