{"id":617,"date":"2025-06-17T01:56:57","date_gmt":"2025-06-17T01:56:57","guid":{"rendered":"https:\/\/dura-alloy.com\/?post_type=product&#038;p=617"},"modified":"2025-06-17T01:56:57","modified_gmt":"2025-06-17T01:56:57","slug":"4j32super-invar","status":"publish","type":"product","link":"https:\/\/www.dura-alloy.com\/fr\/produit\/4j32super-invar\/","title":{"rendered":"4J32(Super-Invar)"},"content":{"rendered":"<p><span>1. Introduction aux mat\u00e9riaux 4J32<\/span><\/p>\n<p><span>L'alliage 4J32 est \u00e9galement appel\u00e9 alliage Super-Invar. Dans la plage de temp\u00e9rature de -60-80\u2103, son coefficient d'expansion est inf\u00e9rieur \u00e0 celui de l'alliage 4J36, mais la stabilit\u00e9 de sa structure \u00e0 basse temp\u00e9rature est moins bonne que celle de l'alliage 4J36. Cet alliage est principalement utilis\u00e9 pour fabriquer des pi\u00e8ces d'instruments de haute pr\u00e9cision dont la taille doit \u00eatre comprise dans la plage de variation de la temp\u00e9rature ambiante.<\/span><\/p>\n<p><span>2. Normes techniques pour les mat\u00e9riaux 4J32<\/span><br \/>\n<span>YB\/T 5241-1993 \"Conditions techniques pour les alliages \u00e0 faible dilatation 4J32, 4J36, 4J38 et 4J40\".<\/span><\/p>\n<p><span>Les \u00e9chantillons d'essai de performance pour le coefficient de dilatation et la stabilit\u00e9 des tissus \u00e0 basse temp\u00e9rature sp\u00e9cifi\u00e9s dans la norme du syst\u00e8me de traitement thermique 4J32 sont transform\u00e9s et trait\u00e9s thermiquement selon les m\u00e9thodes suivantes : chauffer l'\u00e9chantillon semi-fini \u00e0 840\u2103\u00b110\u2103, isoler pendant 1 h, tremper \u00e0 l'eau, puis transformer l'\u00e9chantillon en un \u00e9chantillon fini, isoler \u00e0 315\u2103\u00b110\u2103 pendant 1 h, et refroidir avec le four ou l'air.<\/span><br \/>\n<span>Les sp\u00e9cifications des vari\u00e9t\u00e9s 4J32 et les conditions d'approvisionnement comprennent les barres, les tubes, les plaques, la soie et les courroies.<\/span><br \/>\n<span>Le processus de fusion et de coul\u00e9e de 4J32 utilise des fours \u00e0 induction sans vide, des fours \u00e0 induction sous vide et des fours \u00e0 arc.<\/span><br \/>\n<span>4J32 Aper\u00e7u des applications et exigences particuli\u00e8res Cet alliage est un alliage typique \u00e0 faible dilatation, il est utilis\u00e9 depuis longtemps dans les usines d'aviation et ses performances sont stables. Il est principalement utilis\u00e9 pour fabriquer des composants de pr\u00e9cision avec des dimensions tr\u00e8s pr\u00e9cises dans la plage de temp\u00e9rature ambiante. Pendant l'utilisation, le processus de traitement thermique et le processus de traitement doivent \u00eatre strictement contr\u00f4l\u00e9s, et la stabilit\u00e9 des tissus doit \u00eatre strictement v\u00e9rifi\u00e9e en fonction de la temp\u00e9rature d'utilisation.<\/span><\/p>\n<p><span>3. 4J32 propri\u00e9t\u00e9s physiques<\/span><\/p>\n<p><span>La temp\u00e9rature de fusion de 4J32 est de 1430~1450\u2103[1,2].<\/span><br \/>\n<span>4J32 conductivit\u00e9 thermique \u03bb=13.9W\/(m-\u2103)[1,2].<\/span><br \/>\n<span>La norme pour le coefficient de dilatation lin\u00e9aire de 4J32 stipule que \u03b11 (20~100\u2103) est \u22641.0\u00d710-6\u2103-1[5].<\/span><br \/>\n<span>Comme l'alliage 4J36, l'alliage 4J32 a le coefficient de dilatation lin\u00e9aire le plus \u00e9lev\u00e9 lorsqu'il est recuit \u00e0 plus de 850 \u2103. Une vitesse de refroidissement rapide peut r\u00e9duire le coefficient de dilatation lin\u00e9aire. Pour \u03b11 (temp\u00e9rature ambiante ~ 100\u00b0C), la trempe (vitesse de refroidissement rapide) peut \u00eatre r\u00e9duite de pr\u00e8s de la moiti\u00e9 par rapport au recuit.<\/span><\/p>\n<p><span>4. Syst\u00e8me de manutention sp\u00e9cial 4J32<\/span><\/p>\n<p><span>Les \u00e9chantillons d'essai de performance pour le coefficient de dilatation et la stabilit\u00e9 des tissus \u00e0 basse temp\u00e9rature sp\u00e9cifi\u00e9s par la norme sont trait\u00e9s et chauff\u00e9s selon les m\u00e9thodes suivantes : chauffer l'\u00e9chantillon semi-fini \u00e0 840\u2103\u00b110\u2103, isol\u00e9 pendant 1 h, tremp\u00e9 \u00e0 l'eau, puis transformer l'\u00e9chantillon en un \u00e9chantillon fini, isol\u00e9 \u00e0 315\u2103\u00b110\u2103 pendant 1 h, et refroidi avec le four ou \u00e0 l'air.<\/span><\/p>\n<p><span>Profil de l'application 4J32 et exigences particuli\u00e8res<\/span><\/p>\n<p><span>Cet alliage est un alliage typique \u00e0 faible dilatation, il est utilis\u00e9 depuis longtemps dans les usines d'aviation et ses performances sont stables. Il est principalement utilis\u00e9 pour fabriquer des composants de pr\u00e9cision avec des dimensions tr\u00e8s pr\u00e9cises dans la plage de temp\u00e9rature ambiante. Pendant l'utilisation, le processus de traitement thermique et le processus de traitement doivent \u00eatre strictement contr\u00f4l\u00e9s, et la stabilit\u00e9 des tissus doit \u00eatre strictement v\u00e9rifi\u00e9e en fonction de la temp\u00e9rature d'utilisation.<\/span><\/p>\n<p><span>Structure en alliage 4J32 :<\/span><\/p>\n<p><span>Apr\u00e8s l'alliage 4J32 inwa est trait\u00e9 selon le syst\u00e8me de traitement thermique sp\u00e9cifi\u00e9 dans 1.5, et puis la vitesse de refroidissement est 2h \u00e0 -60\u2103, la structure de martensite ne devrait pas appara\u00eetre. Cependant, lorsque la composition de l'alliage n'est pas correcte, diff\u00e9rents degr\u00e9s d'aust\u00e9nite (\u03b3) subiront une transformation en martensite aciculaire (\u03b1) \u00e0 temp\u00e9rature ambiante ou \u00e0 basse temp\u00e9rature, et le changement de phase sera accompagn\u00e9 d'un effet d'expansion de volume. Le changement de phase s'accompagne d'un effet d'expansion volumique. Le coefficient d'expansion de l'alliage augmente en cons\u00e9quence. Le principal facteur affectant la stabilit\u00e9 de la structure \u00e0 basse temp\u00e9rature de l'alliage est la composition chimique de l'alliage. Comme le montre le diagramme de phase ternaire Fe-Ni-Co, le nickel est l'\u00e9l\u00e9ment principal de la phase gamma stable. Une teneur \u00e9lev\u00e9e en nickel favorise la stabilit\u00e9 de la phase gamma. Le cuivre est \u00e9galement un \u00e9l\u00e9ment important dans la stabilisation de la structure de l'alliage. Plus le taux de d\u00e9formation totale de l'alliage augmente, plus sa structure tend \u00e0 \u00eatre stable. La s\u00e9gr\u00e9gation de la composition de l'alliage peut \u00e9galement entra\u00eener un changement de phase \u03b3\u2192\u03b1 dans des zones locales. En outre, les gros grains favorisent \u00e9galement la transition de phase \u03b3\u2192\u03b1.<\/span><\/p>\n<p><span>Les alliages 4J32 peuvent \u00eatre soud\u00e9s par brasage, soudage par fusion, soudage par r\u00e9sistance et autres m\u00e9thodes. Le coefficient de dilatation \u00e9tant li\u00e9 \u00e0 la composition chimique, il convient d'\u00e9viter autant que possible de modifier la composition de l'alliage, et il est donc pr\u00e9f\u00e9rable d'utiliser le soudage \u00e0 l'arc sous argon.<\/span><br \/>\n<span>Processus de traitement thermique des pi\u00e8ces 4J32 Le traitement thermique peut \u00eatre divis\u00e9 en : recuit d'\u00e9limination des contraintes, recuit interm\u00e9diaire et traitement de stabilisation.<\/span><br \/>\n<span>(1) Recuit d'\u00e9limination des contraintes Pour \u00e9liminer les contraintes r\u00e9siduelles apr\u00e8s le traitement m\u00e9canique des pi\u00e8ces, un recuit d'\u00e9limination des contraintes doit \u00eatre effectu\u00e9 : 530~550 \u2103, isolation pendant 1~2h, et refroidissement du four.<\/span><br \/>\n<span>(2) Le recuit interm\u00e9diaire vise \u00e0 \u00e9liminer le durcissement de l'alliage au cours du laminage \u00e0 froid, de l'\u00e9tirage \u00e0 froid et de l'estampage \u00e0 froid afin de faciliter la poursuite du traitement. La pi\u00e8ce est chauff\u00e9e \u00e0 830-880 \u2103, la chaleur est maintenue pendant 30 minutes et le four est refroidi ou refroidi \u00e0 l'air.<\/span><br \/>\n<span>(3) Le traitement de stabilisation permet d'abaisser le coefficient d'expansion et de stabiliser les performances. On utilise g\u00e9n\u00e9ralement un traitement en trois \u00e9tapes.<\/span><br \/>\n<span>a) Homog\u00e9n\u00e9isation : Pendant le chauffage, les impuret\u00e9s de l'alliage sont suffisamment dissoutes et les \u00e9l\u00e9ments d'alliage tendent \u00e0 s'uniformiser. La pi\u00e8ce est chauff\u00e9e \u00e0 830 \u00b0C dans une atmosph\u00e8re protectrice, maintenue \u00e0 chaud pendant 20 minutes \u00e0 1 heure et tremp\u00e9e.<\/span><br \/>\n<span>b) Revenu : Au cours du processus de revenu, la contrainte g\u00e9n\u00e9r\u00e9e par la trempe peut \u00eatre partiellement \u00e9limin\u00e9e. La pi\u00e8ce est chauff\u00e9e \u00e0 315 \u2103, maintenue \u00e0 la chaleur pendant 1 \u00e0 4 heures, puis le four est refroidi.<\/span><br \/>\n<span>c) Vieillissement de stabilisation : stabilisation des dimensions de l'alliage. La pi\u00e8ce est chauff\u00e9e \u00e0 95 \u2103 et maintenue \u00e0 chaud pendant 48 heures.<\/span><br \/>\n<span>Lorsque le traitement \u00e0 haute temp\u00e9rature ne convient pas, le traitement de d\u00e9tente et de stabilisation suivant peut \u00eatre utilis\u00e9 : la pi\u00e8ce est chauff\u00e9e \u00e0 315-370 \u2103, 1-4h.<\/span><br \/>\n<span>L'alliage ne peut pas \u00eatre durci par traitement thermique.<\/span><br \/>\n<span>Traitement de surface 4J32 Le traitement de surface peut \u00eatre effectu\u00e9 par sablage, polissage ou d\u00e9capage. L'alliage peut \u00eatre d\u00e9cap\u00e9 \u00e0 70\u00b0C avec une solution d'acide chlorhydrique 25% pour \u00e9liminer la calamine.<\/span><br \/>\n<span>Propri\u00e9t\u00e9s de coupe et de rectification 4J32 Les caract\u00e9ristiques de coupe et de traitement de cet alliage sont similaires \u00e0 celles de l'acier inoxydable aust\u00e9nitique. Des outils de coupe en acier rapide ou en carbure sont utilis\u00e9s pour le traitement, ainsi que pour la coupe et le traitement \u00e0 basse vitesse. Un liquide de refroidissement peut \u00eatre utilis\u00e9 lors de la coupe. L'alliage pr\u00e9sente de bonnes performances de rectification.<\/span><\/p>\n<p><span>5. Champs d'application de la norme 4J32<\/span><\/p>\n<p><span>Le 4J32 est un alliage typique \u00e0 faible dilatation, utilis\u00e9 depuis longtemps dans les usines d'aviation et dont les performances sont stables. Il est principalement utilis\u00e9 pour fabriquer des composants de pr\u00e9cision avec des dimensions tr\u00e8s pr\u00e9cises dans la plage de temp\u00e9rature ambiante. Pendant l'utilisation, le processus de traitement thermique et le processus de traitement doivent \u00eatre strictement contr\u00f4l\u00e9s, et la stabilit\u00e9 des tissus doit \u00eatre strictement v\u00e9rifi\u00e9e en fonction de la temp\u00e9rature d'utilisation.<\/span><\/p>","protected":false},"excerpt":{"rendered":"<p>1. Introduction to 4J32 materials 4J32 alloy is also called Super-Invar alloy. In the temperature range of -60-80\u2103, its expansion [&hellip;]<\/p>","protected":false},"featured_media":618,"template":"","meta":{"site-sidebar-layout":"default","site-content-layout":"","ast-site-content-layout":"default","site-content-style":"default","site-sidebar-style":"default","ast-global-header-display":"","ast-banner-title-visibility":"","ast-main-header-display":"","ast-hfb-above-header-display":"","ast-hfb-below-header-display":"","ast-hfb-mobile-header-display":"","site-post-title":"","ast-breadcrumbs-content":"","ast-featured-img":"","footer-sml-layout":"","theme-transparent-header-meta":"default","adv-header-id-meta":"","stick-header-meta":"","header-above-stick-meta":"","header-main-stick-meta":"","header-below-stick-meta":"","astra-migrate-meta-layouts":"set","ast-page-background-enabled":"default","ast-page-background-meta":{"desktop":{"background-color":"var(--ast-global-color-5)","background-image":"","background-repeat":"repeat","background-position":"center center","background-size":"auto","background-attachment":"scroll","background-type":"","background-media":"","overlay-type":"","overlay-color":"","overlay-opacity":"","overlay-gradient":""},"tablet":{"background-color":"","background-image":"","background-repeat":"repeat","background-position":"center center","background-size":"auto","background-attachment":"scroll","background-type":"","background-media":"","overlay-type":"","overlay-color":"","overlay-opacity":"","overlay-gradient":""},"mobile":{"background-color":"","background-image":"","background-repeat":"repeat","background-position":"center center","background-size":"auto","background-attachment":"scroll","background-type":"","background-media":"","overlay-type":"","overlay-color":"","overlay-opacity":"","overlay-gradient":""}},"ast-content-background-meta":{"desktop":{"background-color":"var(--ast-global-color-4)","background-image":"","background-repeat":"repeat","background-position":"center center","background-size":"auto","background-attachment":"scroll","background-type":"","background-media":"","overlay-type":"","overlay-color":"","overlay-opacity":"","overlay-gradient":""},"tablet":{"background-color":"var(--ast-global-color-4)","background-image":"","background-repeat":"repeat","background-position":"center center","background-size":"auto","background-attachment":"scroll","background-type":"","background-media":"","overlay-type":"","overlay-color":"","overlay-opacity":"","overlay-gradient":""},"mobile":{"background-color":"var(--ast-global-color-4)","background-image":"","background-repeat":"repeat","background-position":"center center","background-size":"auto","background-attachment":"scroll","background-type":"","background-media":"","overlay-type":"","overlay-color":"","overlay-opacity":"","overlay-gradient":""}}},"product_brand":[],"product_cat":[34],"product_tag":[],"class_list":{"0":"post-617","1":"product","2":"type-product","3":"status-publish","4":"has-post-thumbnail","6":"product_cat-precision-alloy","7":"desktop-align-left","8":"tablet-align-left","9":"mobile-align-left","11":"first","12":"instock","13":"shipping-taxable","14":"product-type-simple"},"_links":{"self":[{"href":"https:\/\/www.dura-alloy.com\/fr\/wp-json\/wp\/v2\/product\/617","targetHints":{"allow":["GET"]}}],"collection":[{"href":"https:\/\/www.dura-alloy.com\/fr\/wp-json\/wp\/v2\/product"}],"about":[{"href":"https:\/\/www.dura-alloy.com\/fr\/wp-json\/wp\/v2\/types\/product"}],"version-history":[{"count":0,"href":"https:\/\/www.dura-alloy.com\/fr\/wp-json\/wp\/v2\/product\/617\/revisions"}],"wp:featuredmedia":[{"embeddable":true,"href":"https:\/\/www.dura-alloy.com\/fr\/wp-json\/wp\/v2\/media\/618"}],"wp:attachment":[{"href":"https:\/\/www.dura-alloy.com\/fr\/wp-json\/wp\/v2\/media?parent=617"}],"wp:term":[{"taxonomy":"product_brand","embeddable":true,"href":"https:\/\/www.dura-alloy.com\/fr\/wp-json\/wp\/v2\/product_brand?post=617"},{"taxonomy":"product_cat","embeddable":true,"href":"https:\/\/www.dura-alloy.com\/fr\/wp-json\/wp\/v2\/product_cat?post=617"},{"taxonomy":"product_tag","embeddable":true,"href":"https:\/\/www.dura-alloy.com\/fr\/wp-json\/wp\/v2\/product_tag?post=617"}],"curies":[{"name":"wp","href":"https:\/\/api.w.org\/{rel}","templated":true}]}}