{"id":611,"date":"2025-06-17T01:48:03","date_gmt":"2025-06-17T01:48:03","guid":{"rendered":"https:\/\/dura-alloy.com\/?post_type=product&#038;p=611"},"modified":"2025-06-17T01:48:04","modified_gmt":"2025-06-17T01:48:04","slug":"sus630","status":"publish","type":"product","link":"https:\/\/www.dura-alloy.com\/fr\/produit\/sus630\/","title":{"rendered":"SUS630"},"content":{"rendered":"<p style=\"text-align: center;\"><strong><span>\u00c9tendue de la fourniture du groupe Aviation :<\/span><\/strong><\/p>\n<p style=\"text-align: center;\"><strong><span>Pi\u00e8ces forg\u00e9es non standard, barres rondes, plaques d'acier, anneaux, tubes sans soudure<\/span><\/strong><\/p>\n<ol>\n<li><strong><span>Introduction \u00e0 SUS630\u00a0<\/span><\/strong><strong><span>Mat\u00e9riaux<\/span><\/strong><strong style=\"font-size: 16px;\">\u00a0<\/strong><\/li>\n<\/ol>\n<p><span>\u00a0 \u00a0 \u00a0 L'alliage SUS630 est un acier inoxydable martensitique pr\u00e9cipit\u00e9 et durci, compos\u00e9 de cuivre, de niobium et de cinabre. Nuance correspondante : 0Cr17Ni4Cu4Nb 05Cr17Ni4Cu4Nb S17400<\/span><\/p>\n<p><span>\u00a0 \u00a0 \u00a0 Le SUS630 est un acier inoxydable durci \u00e0 pr\u00e9cipitation de martensite qui pr\u00e9sente une r\u00e9sistance \u00e9lev\u00e9e, une grande duret\u00e9, de bonnes performances de soudage et une bonne r\u00e9sistance \u00e0 la corrosion. Il a \u00e9t\u00e9 largement promu et utilis\u00e9 dans les vannes, les arbres, les fibres chimiques, l'a\u00e9rospatiale et d'autres industries, et a des composants \u00e0 haute r\u00e9sistance avec certaines exigences de r\u00e9sistance \u00e0 la corrosion.<\/span><\/p>\n<ol start=\"2\">\n<li><strong><span>SUS630\u00a0<\/span><\/strong><strong><span>Composition chimique<\/span><\/strong><strong style=\"font-size: 16px;\">\u00a0<\/strong><\/li>\n<\/ol>\n<table border=\"-\">\n<tbody>\n<tr>\n<td width=\"56\"><span>alliage<\/span><\/td>\n<td width=\"64\">%<\/td>\n<td width=\"42\">C<\/td>\n<td width=\"37\">Mn<\/td>\n<td width=\"41\"><span>Et\u00a0<\/span><\/td>\n<td width=\"47\">P<\/td>\n<td width=\"59\">S<\/td>\n<td width=\"41\">Cr<\/td>\n<td width=\"40\"><span>En<\/span><\/td>\n<td width=\"40\">Cu<\/td>\n<td width=\"40\">Fe<\/td>\n<td width=\"41\">Nb<\/td>\n<\/tr>\n<tr>\n<td rowspan=\"2\" width=\"56\"><span>SUS630<\/span><\/td>\n<td width=\"64\"><span>Valeur minimale<\/span><\/td>\n<td width=\"42\">&#8211;<\/td>\n<td width=\"37\"><span>&#8211;<\/span><\/td>\n<td width=\"41\"><span>&#8211;<\/span><\/td>\n<td width=\"47\"><span>&#8211;<\/span><\/td>\n<td width=\"59\"><span>&#8211;<\/span><\/td>\n<td width=\"41\">15.5<\/td>\n<td width=\"40\">3.0<\/td>\n<td width=\"40\"><span>3.0<\/span><\/td>\n<td rowspan=\"2\" width=\"40\"><span>marge<\/span><\/td>\n<td width=\"41\">0.15<\/td>\n<\/tr>\n<tr>\n<td width=\"64\"><span>Valeur maximale<\/span><\/td>\n<td width=\"42\">0.07<\/td>\n<td width=\"37\">1.0<\/td>\n<td width=\"41\"><span>1.0<\/span><\/td>\n<td width=\"47\">0.040<\/td>\n<td width=\"59\">0.030<\/td>\n<td width=\"41\">17.5<\/td>\n<td width=\"40\">5.0<\/td>\n<td width=\"40\"><span>5.0<\/span><\/td>\n<td width=\"41\">0.45<\/td>\n<\/tr>\n<\/tbody>\n<\/table>\n<ol start=\"3\">\n<li><strong><span>SUS630\u00a0<\/span><\/strong><strong><span>Performance physique<\/span><\/strong><strong style=\"font-size: 16px;\">\u00a0<\/strong><\/li>\n<\/ol>\n<table border=\"-\">\n<tbody>\n<tr>\n<td width=\"106\"><span>densit\u00e9<\/span><\/td>\n<td width=\"247\">7,78g\/cm3<\/td>\n<\/tr>\n<tr>\n<td width=\"106\"><span>Point de fusion<\/span><\/td>\n<td width=\"247\">1400-1440\u2103<\/td>\n<\/tr>\n<\/tbody>\n<\/table>\n<p><span>Propri\u00e9t\u00e9s m\u00e9caniques de l'alliage SUS630 \u00e0 temp\u00e9rature ambiante :<\/span><\/p>\n<table border=\"-\">\n<tbody>\n<tr>\n<td width=\"96\"><span>alliage<\/span><\/td>\n<td width=\"103\"><span>R\u00e9sistance \u00e0 la traction<\/span><br \/>\n<span>Rm N\/mm2<\/span><\/td>\n<td width=\"120\"><span>Limite d'\u00e9lasticit\u00e9<\/span><br \/>\n<span>RP0,2N\/mm2<\/span><\/td>\n<td width=\"67\"><span>\u00c9longation<\/span><br \/>\n<span>A5 %<\/span><\/td>\n<td width=\"90\"><span>Duret\u00e9 Brinell\u00a0<\/span><br \/>\n<span>HB<\/span><\/td>\n<\/tr>\n<tr>\n<td width=\"96\"><span>480\u2103 vieillissement<\/span><\/td>\n<td width=\"103\">\u22651310<\/td>\n<td width=\"120\">\u22651180<\/td>\n<td width=\"67\">\u226510<\/td>\n<td width=\"90\">\u226540<\/td>\n<\/tr>\n<tr>\n<td width=\"96\"><span>550\u2103 vieillissement<\/span><\/td>\n<td width=\"103\">\u22651060<\/td>\n<td width=\"120\">\u22651000<\/td>\n<td width=\"67\">\u226512<\/td>\n<td width=\"90\">\u226535<\/td>\n<\/tr>\n<tr>\n<td width=\"96\"><span>580\u2103 vieillissement<\/span><\/td>\n<td width=\"103\"><span>\u22651000<\/span><\/td>\n<td width=\"120\">\u2265865<\/td>\n<td width=\"67\">\u226513<\/td>\n<td width=\"90\">\u226531<\/td>\n<\/tr>\n<tr>\n<td width=\"96\"><span>Effet de vieillissement de 620\u2103<\/span><\/td>\n<td width=\"103\">\u2265930<\/td>\n<td width=\"120\">\u2265325<\/td>\n<td width=\"67\">\u226516<\/td>\n<td width=\"90\">\u226528<\/td>\n<\/tr>\n<\/tbody>\n<\/table>\n<ol start=\"4\">\n<li><strong><span>SUS630\u00a0<\/span><\/strong><strong><span>r\u00e9sistance \u00e0 la corrosion<\/span><\/strong><strong style=\"font-size: 16px;\">\u00a0<\/strong><\/li>\n<\/ol>\n<ul>\n<li><span>L'alliage SUS630 pr\u00e9sente une r\u00e9sistance \u00e0 la corrosion sup\u00e9rieure \u00e0 celle de toute autre plaque d'acier inoxydable trempable standard. Dans la plupart des cas, sa r\u00e9sistance \u00e0 la corrosion n'est pas inf\u00e9rieure \u00e0 celle de 304.<\/span><\/li>\n<li><span>S'il existe un risque de fissuration par corrosion sous contrainte, la temp\u00e9rature de vieillissement la plus \u00e9lev\u00e9e doit \u00eatre sup\u00e9rieure \u00e0 550\u00b0C (1022\u00b0F), de pr\u00e9f\u00e9rence \u00e0 590\u00b0C (1094\u00b0F).<\/span><\/li>\n<li><span>La temp\u00e9rature de trempe dans le milieu chlorure est de 550\u00b0C-1022\u00b0F.<\/span><\/li>\n<li><span>La temp\u00e9rature de trempe en milieu H2S est de 590\u00b0C-1094\u00b0F.<\/span><\/li>\n<li><span>Il est sensible \u00e0 la corrosion ou \u00e0 la corrosion fissurante dans l'eau de mer statique.<\/span><\/li>\n<li><span>Sa r\u00e9sistance \u00e0 la corrosion est la m\u00eame que celle de la nuance 304L dans les industries p\u00e9trochimique, alimentaire et papeti\u00e8re.<\/span><\/li>\n<\/ul>\n<ol start=\"5\">\n<li><strong><span>\u00c9tat de la livraison de la SUS630<\/span><\/strong><strong style=\"font-size: 16px;\">\u00a0<\/strong><\/li>\n<\/ol>\n<p><span>G\u00e9n\u00e9ralement, la livraison est effectu\u00e9e \u00e0 l'\u00e9tat de traitement thermique, et le type de traitement thermique est indiqu\u00e9 dans le contrat ; si cela n'est pas sp\u00e9cifi\u00e9, la livraison est effectu\u00e9e \u00e0 l'\u00e9tat de traitement thermique.<\/span><\/p>\n<p><span>L'alliage SUS630 est un acier inoxydable martensitique pr\u00e9cipit\u00e9 et tremp\u00e9, et cette nuance pr\u00e9sente une r\u00e9sistance m\u00e9canique, une duret\u00e9 et une r\u00e9sistance \u00e0 la corrosion \u00e9lev\u00e9es. Apr\u00e8s traitement thermique, les propri\u00e9t\u00e9s m\u00e9caniques du produit sont plus parfaites, atteignant une r\u00e9sistance \u00e0 la compression allant jusqu'\u00e0 1100-1300 mpa (160-190 ksi). Cette qualit\u00e9 ne peut pas \u00eatre utilis\u00e9e \u00e0 des temp\u00e9ratures sup\u00e9rieures \u00e0 300\u00b0C (570F) ou tr\u00e8s basses. Elle pr\u00e9sente une bonne r\u00e9sistance \u00e0 la corrosion dans l'atmosph\u00e8re et aux acides ou sels dilu\u00e9s, et sa r\u00e9sistance \u00e0 la corrosion est la m\u00eame que celle des nuances 304 et 430.<\/span><\/p>\n<p><strong><span>SUS630 Propri\u00e9t\u00e9s m\u00e9caniques<\/span><\/strong><\/p>\n<p><span>R\u00e9sistance \u00e0 la traction \u03c3b (MPa) : 480\u2103 vieillissement, \u22651310 ; 550\u2103 vieillissement, \u22651060 ; 580\u2103 vieillissement, \u22651000 ; 620\u2103 vieillissement, \u2265930.<\/span><\/p>\n<p><span>Limite d'\u00e9lasticit\u00e9 conditionnelle \u03c30,2 (MPa) : 480\u2103 vieillissement, \u22651180 ; 550\u2103 vieillissement, \u22651000 ; 580\u2103 vieillissement, \u2265865 ; 620\u2103 vieillissement, \u2265725.<\/span><\/p>\n<p><span>\u00c9longation \u03b45 (%) : 480\u2103 vieillissement, \u226510 ; 550\u2103 vieillissement, \u226512 ; 580\u2103 vieillissement, \u226513 ; 620\u2103 vieillissement, \u226516.<\/span><\/p>\n<p><span>Taux de retrait de la section \u03c8 (%) : 480\u2103 vieillissement, \u226540 ; 550\u2103 vieillissement, \u226545 ; 580\u2103 vieillissement, \u226545 ; 620\u2103 vieillissement, \u226550.<\/span><\/p>\n<p><span>Duret\u00e9 : solution solide, \u2264363HB et \u226438HRC ; vieillissement de 480\u2103, \u2265375HB et \u226540HRC ; vieillissement de 550\u2103, \u2265331HB et \u226535HRC ; vieillissement de 580\u2103, \u2265302HB et \u226531HRC ; vieillissement de 620\u2103, \u2265277HB et \u226528HRC.<\/span><\/p>\n<p><strong><span>SUS630<\/span><\/strong><span>\u00a0le processus de traitement thermique, les sp\u00e9cifications du traitement thermique :<\/span><\/p>\n<p><span>1) Solution solide \u00e0 1020~1060\u2103 rapidement refroidie ;<\/span><\/p>\n<p><span>2) Vieillissement \u00e0 480\u2103, apr\u00e8s traitement en solution solide, refroidissement \u00e0 l'air \u00e0 470~490\u2103 ;<\/span><\/p>\n<p><span>3) Vieillissement \u00e0 550\u2103, apr\u00e8s traitement en solution solide, refroidissement \u00e0 l'air \u00e0 540~560\u2103 ;<\/span><\/p>\n<p><span>4) Vieillissement \u00e0 580\u2103, apr\u00e8s traitement en solution solide, refroidissement \u00e0 l'air \u00e0 570~590\u2103 ;<\/span><\/p>\n<p><span>5) Vieillissement \u00e0 620\u2103, apr\u00e8s traitement en solution solide, refroidissement \u00e0 l'air \u00e0 610~630\u2103. Structure m\u00e9tallographique : Le tissu est caract\u00e9ris\u00e9 par la pr\u00e9cipitation et le durcissement.<\/span><\/p>\n<p><span>\u00c9tat de la livraison<\/span><\/p>\n<p><span>G\u00e9n\u00e9ralement, la livraison est effectu\u00e9e \u00e0 l'\u00e9tat de traitement thermique, et le type de traitement thermique est indiqu\u00e9 dans le contrat ; si cela n'est pas sp\u00e9cifi\u00e9, la livraison est effectu\u00e9e \u00e0 l'\u00e9tat de traitement thermique.<\/span><\/p>\n<ol start=\"6\">\n<li><strong><span>SUS630\u00a0<\/span><\/strong><strong><span>champs d'application<\/span><\/strong><strong style=\"font-size: 16px;\">\u00a0<\/strong><\/li>\n<\/ol>\n<ul>\n<li><span>Plate-forme maritime, pont d'h\u00e9licopt\u00e8re, autres plates-formes<\/span><\/li>\n<li><span>Industrie alimentaire<\/span><\/li>\n<li><span>Industrie du papier et de la p\u00e2te \u00e0 papier<\/span><\/li>\n<li><span>A\u00e9rospatiale (pales de turbine)<\/span><\/li>\n<li><span>Composants m\u00e9caniques<\/span><\/li>\n<li><span>Seau \u00e0 d\u00e9chets nucl\u00e9aires<\/span><\/li>\n<\/ul>","protected":false},"excerpt":{"rendered":"<p>Scope of supply of Aviation Group: Non-standard forgings, round rods, steel plates, rings, seamless pipes Introduction to SUS630\u00a0Materials\u00a0 \u00a0 \u00a0 [&hellip;]<\/p>","protected":false},"featured_media":612,"template":"","meta":{"site-sidebar-layout":"default","site-content-layout":"","ast-site-content-layout":"default","site-content-style":"default","site-sidebar-style":"default","ast-global-header-display":"","ast-banner-title-visibility":"","ast-main-header-display":"","ast-hfb-above-header-display":"","ast-hfb-below-header-display":"","ast-hfb-mobile-header-display":"","site-post-title":"","ast-breadcrumbs-content":"","ast-featured-img":"","footer-sml-layout":"","theme-transparent-header-meta":"default","adv-header-id-meta":"","stick-header-meta":"","header-above-stick-meta":"","header-main-stick-meta":"","header-below-stick-meta":"","astra-migrate-meta-layouts":"set","ast-page-background-enabled":"default","ast-page-background-meta":{"desktop":{"background-color":"var(--ast-global-color-5)","background-image":"","background-repeat":"repeat","background-position":"center center","background-size":"auto","background-attachment":"scroll","background-type":"","background-media":"","overlay-type":"","overlay-color":"","overlay-opacity":"","overlay-gradient":""},"tablet":{"background-color":"","background-image":"","background-repeat":"repeat","background-position":"center center","background-size":"auto","background-attachment":"scroll","background-type":"","background-media":"","overlay-type":"","overlay-color":"","overlay-opacity":"","overlay-gradient":""},"mobile":{"background-color":"","background-image":"","background-repeat":"repeat","background-position":"center center","background-size":"auto","background-attachment":"scroll","background-type":"","background-media":"","overlay-type":"","overlay-color":"","overlay-opacity":"","overlay-gradient":""}},"ast-content-background-meta":{"desktop":{"background-color":"var(--ast-global-color-4)","background-image":"","background-repeat":"repeat","background-position":"center center","background-size":"auto","background-attachment":"scroll","background-type":"","background-media":"","overlay-type":"","overlay-color":"","overlay-opacity":"","overlay-gradient":""},"tablet":{"background-color":"var(--ast-global-color-4)","background-image":"","background-repeat":"repeat","background-position":"center center","background-size":"auto","background-attachment":"scroll","background-type":"","background-media":"","overlay-type":"","overlay-color":"","overlay-opacity":"","overlay-gradient":""},"mobile":{"background-color":"var(--ast-global-color-4)","background-image":"","background-repeat":"repeat","background-position":"center center","background-size":"auto","background-attachment":"scroll","background-type":"","background-media":"","overlay-type":"","overlay-color":"","overlay-opacity":"","overlay-gradient":""}}},"product_brand":[],"product_cat":[33],"product_tag":[],"class_list":{"0":"post-611","1":"product","2":"type-product","3":"status-publish","4":"has-post-thumbnail","6":"product_cat-precipitation-hardening-stainless-steel","7":"desktop-align-left","8":"tablet-align-left","9":"mobile-align-left","11":"first","12":"instock","13":"shipping-taxable","14":"product-type-simple"},"_links":{"self":[{"href":"https:\/\/www.dura-alloy.com\/fr\/wp-json\/wp\/v2\/product\/611","targetHints":{"allow":["GET"]}}],"collection":[{"href":"https:\/\/www.dura-alloy.com\/fr\/wp-json\/wp\/v2\/product"}],"about":[{"href":"https:\/\/www.dura-alloy.com\/fr\/wp-json\/wp\/v2\/types\/product"}],"version-history":[{"count":0,"href":"https:\/\/www.dura-alloy.com\/fr\/wp-json\/wp\/v2\/product\/611\/revisions"}],"wp:featuredmedia":[{"embeddable":true,"href":"https:\/\/www.dura-alloy.com\/fr\/wp-json\/wp\/v2\/media\/612"}],"wp:attachment":[{"href":"https:\/\/www.dura-alloy.com\/fr\/wp-json\/wp\/v2\/media?parent=611"}],"wp:term":[{"taxonomy":"product_brand","embeddable":true,"href":"https:\/\/www.dura-alloy.com\/fr\/wp-json\/wp\/v2\/product_brand?post=611"},{"taxonomy":"product_cat","embeddable":true,"href":"https:\/\/www.dura-alloy.com\/fr\/wp-json\/wp\/v2\/product_cat?post=611"},{"taxonomy":"product_tag","embeddable":true,"href":"https:\/\/www.dura-alloy.com\/fr\/wp-json\/wp\/v2\/product_tag?post=611"}],"curies":[{"name":"wp","href":"https:\/\/api.w.org\/{rel}","templated":true}]}}