{"id":550,"date":"2025-06-16T08:19:30","date_gmt":"2025-06-16T08:19:30","guid":{"rendered":"https:\/\/dura-alloy.com\/?post_type=product&#038;p=550"},"modified":"2025-06-16T08:19:30","modified_gmt":"2025-06-16T08:19:30","slug":"zirconium-wire","status":"publish","type":"product","link":"https:\/\/www.dura-alloy.com\/fr\/produit\/zirconium-wire\/","title":{"rendered":"Fil de zirconium"},"content":{"rendered":"<p><span>Marque : ZR60702, ZR60704, ZR60705, ZR1, ZR2<\/span><br \/>\n<span>Sp\u00e9cifications de production : \u03a60.1-\u03a68.0mm<\/span><br \/>\n<span>Norme : ASTM B550, GB\/T8769-2010<\/span><br \/>\n<span>Vari\u00e9t\u00e9 : fil droit, fil \u00e0 disque<\/span><br \/>\n<span>\u00c9tat : \u00e9tat recuit (M), \u00e9tat de traitement \u00e0 chaud (R), \u00e9tat de traitement \u00e0 froid (Y)<\/span><br \/>\n<span>densit\u00e9 : 6,51g\/cm3<\/span><\/p>\n<p><strong><span>Domaines d'application du fil de zirconium :<\/span><\/strong><\/p>\n<p><span>P\u00e9trochimie, \u00e9lectricit\u00e9 et \u00e9lectronique, a\u00e9rospatiale, etc.<\/span><\/p>\n<p><strong><span>Introduction aux mat\u00e9riaux en zirconium :<\/span><\/strong><\/p>\n<p><span>L'alliage de zirconium pr\u00e9sente une bonne r\u00e9sistance \u00e0 la corrosion, des propri\u00e9t\u00e9s m\u00e9caniques mod\u00e9r\u00e9es et une faible section transversale d'absorption des neutrons thermiques atomiques (le zirconium est \u00e0 0,18 m\u00e8tre) dans l'eau et la vapeur \u00e0 haute temp\u00e9rature et \u00e0 haute pression \u00e0 300-400\u2103. Il pr\u00e9sente une bonne compatibilit\u00e9 avec le combustible nucl\u00e9aire. Il peut donc \u00eatre utilis\u00e9 comme mat\u00e9riau structurel du c\u0153ur (gaine de combustible, tube de pression, support et tube de pore) pour les r\u00e9acteurs nucl\u00e9aires refroidis \u00e0 l'eau. C'est la principale utilisation de l'alliage de zirconium.<\/span><\/p>\n<p><span>Le zirconium pr\u00e9sente une excellente r\u00e9sistance \u00e0 la corrosion de divers acides (tels que l'acide chlorhydrique, l'acide nitrique, l'acide sulfurique et l'acide ac\u00e9tique), alcalis et sels, de sorte que les alliages de zirconium sont \u00e9galement utilis\u00e9s pour fabriquer des composants r\u00e9sistants \u00e0 la corrosion et des dispositifs pharmaceutiques. Le zirconium a une forte affinit\u00e9 avec les gaz tels que l'oxyg\u00e8ne et l'azote, de sorte que les alliages de zirconium sont \u00e9galement largement utilis\u00e9s comme agents de d\u00e9gazage non \u00e9vaporatifs dans les industries du vide \u00e9lectrique et des ampoules. Le zirconium poss\u00e8de d'excellentes propri\u00e9t\u00e9s lumineuses, ce qui en fait un mat\u00e9riau id\u00e9al pour les feux d'artifice.<\/span><\/p>\n<p><span>Le zirconium et les alliages de zirconium ont une bonne plasticit\u00e9 et peuvent \u00eatre transform\u00e9s en tuyaux, plaques, barres et fils, dont les tuyaux sont les principaux produits. La technologie de transformation du zirconium et des alliages de zirconium d\u00e9pend des propri\u00e9t\u00e9s de base du zirconium et des exigences particuli\u00e8res des r\u00e9acteurs nucl\u00e9aires en mati\u00e8re de composants en zirconium. Les propri\u00e9t\u00e9s de base du zirconium sont les suivantes : il est facilement contamin\u00e9 par l'oxyg\u00e8ne, l'azote, l'hydrog\u00e8ne, etc., il adh\u00e8re facilement au moule et pr\u00e9sente une transformation homog\u00e8ne et h\u00e9t\u00e9roclite.<\/span><\/p>\n<p><span>Le zirconium et les alliages de zirconium ont de bonnes propri\u00e9t\u00e9s de soudage. Les m\u00e9thodes de soudage couramment utilis\u00e9es sont le soudage \u00e0 l'arc sous argon avec \u00e9lectrode de tungst\u00e8ne et le soudage par faisceau d'\u00e9lectrons. Les tuyaux \u00e0 paroi mince de grand diam\u00e8tre sont g\u00e9n\u00e9ralement fabriqu\u00e9s par soudage. Les copeaux de poudre de zirconium sont inflammables, il convient donc d'\u00eatre prudent lors du meulage et du d\u00e9coupage des produits en zirconium.<\/span><\/p>\n<p><span>Les alliages de zirconium sont r\u00e9sistants \u00e0 la corrosion et biocompatibles, de sorte qu'ils peuvent \u00eatre utilis\u00e9s pour des implants dans le corps. En m\u00e9decine, l'alliage Zr-2,5Nb peut \u00eatre utilis\u00e9 pour les implants du genou ou de la hanche, un mat\u00e9riau en alliage de zirconium qui r\u00e9duit la friction, augmente la r\u00e9sistance \u00e0 l'usure, tout en maintenant les performances globales (fabricabilit\u00e9, r\u00e9sistance \u00e0 la rupture et ductilit\u00e9), ce qui constitue une bonne solution pour les implants m\u00e9dicaux.<\/span><\/p>\n<p><span>Les r\u00e9acteurs nucl\u00e9aires exigent des composants en zirconium une grande pr\u00e9cision dimensionnelle, des exigences strictes en mati\u00e8re de microstructure et des performances stables. Les principaux processus de traitement des tubes en zirconium sans soudure les plus utilis\u00e9s sont : la pr\u00e9paration des \u00e9lectrodes consommables, le moulage par fusion, le forgeage, l'extrusion \u00e0 chaud (\u00e9bauche de tube), le traitement \u00e0 froid et la finition.<\/span><\/p>","protected":false},"excerpt":{"rendered":"<p>Brand: ZR60702, ZR60704, ZR60705, ZR1, ZR2 Production specifications: \u03a60.1-\u03a68.0mm Standard: ASTM B550, GB\/T8769-2010 Variety: straight wire, disc wire State: annealed [&hellip;]<\/p>","protected":false},"featured_media":551,"template":"","meta":{"site-sidebar-layout":"default","site-content-layout":"","ast-site-content-layout":"default","site-content-style":"default","site-sidebar-style":"default","ast-global-header-display":"","ast-banner-title-visibility":"","ast-main-header-display":"","ast-hfb-above-header-display":"","ast-hfb-below-header-display":"","ast-hfb-mobile-header-display":"","site-post-title":"","ast-breadcrumbs-content":"","ast-featured-img":"","footer-sml-layout":"","theme-transparent-header-meta":"default","adv-header-id-meta":"","stick-header-meta":"","header-above-stick-meta":"","header-main-stick-meta":"","header-below-stick-meta":"","astra-migrate-meta-layouts":"set","ast-page-background-enabled":"default","ast-page-background-meta":{"desktop":{"background-color":"var(--ast-global-color-5)","background-image":"","background-repeat":"repeat","background-position":"center center","background-size":"auto","background-attachment":"scroll","background-type":"","background-media":"","overlay-type":"","overlay-color":"","overlay-opacity":"","overlay-gradient":""},"tablet":{"background-color":"","background-image":"","background-repeat":"repeat","background-position":"center center","background-size":"auto","background-attachment":"scroll","background-type":"","background-media":"","overlay-type":"","overlay-color":"","overlay-opacity":"","overlay-gradient":""},"mobile":{"background-color":"","background-image":"","background-repeat":"repeat","background-position":"center center","background-size":"auto","background-attachment":"scroll","background-type":"","background-media":"","overlay-type":"","overlay-color":"","overlay-opacity":"","overlay-gradient":""}},"ast-content-background-meta":{"desktop":{"background-color":"var(--ast-global-color-4)","background-image":"","background-repeat":"repeat","background-position":"center center","background-size":"auto","background-attachment":"scroll","background-type":"","background-media":"","overlay-type":"","overlay-color":"","overlay-opacity":"","overlay-gradient":""},"tablet":{"background-color":"var(--ast-global-color-4)","background-image":"","background-repeat":"repeat","background-position":"center center","background-size":"auto","background-attachment":"scroll","background-type":"","background-media":"","overlay-type":"","overlay-color":"","overlay-opacity":"","overlay-gradient":""},"mobile":{"background-color":"var(--ast-global-color-4)","background-image":"","background-repeat":"repeat","background-position":"center center","background-size":"auto","background-attachment":"scroll","background-type":"","background-media":"","overlay-type":"","overlay-color":"","overlay-opacity":"","overlay-gradient":""}}},"product_brand":[],"product_cat":[31],"product_tag":[],"class_list":{"0":"post-550","1":"product","2":"type-product","3":"status-publish","4":"has-post-thumbnail","6":"product_cat-tantalum-niobium-zirconium-nickel","7":"desktop-align-left","8":"tablet-align-left","9":"mobile-align-left","11":"first","12":"instock","13":"shipping-taxable","14":"product-type-simple"},"_links":{"self":[{"href":"https:\/\/www.dura-alloy.com\/fr\/wp-json\/wp\/v2\/product\/550","targetHints":{"allow":["GET"]}}],"collection":[{"href":"https:\/\/www.dura-alloy.com\/fr\/wp-json\/wp\/v2\/product"}],"about":[{"href":"https:\/\/www.dura-alloy.com\/fr\/wp-json\/wp\/v2\/types\/product"}],"version-history":[{"count":0,"href":"https:\/\/www.dura-alloy.com\/fr\/wp-json\/wp\/v2\/product\/550\/revisions"}],"wp:featuredmedia":[{"embeddable":true,"href":"https:\/\/www.dura-alloy.com\/fr\/wp-json\/wp\/v2\/media\/551"}],"wp:attachment":[{"href":"https:\/\/www.dura-alloy.com\/fr\/wp-json\/wp\/v2\/media?parent=550"}],"wp:term":[{"taxonomy":"product_brand","embeddable":true,"href":"https:\/\/www.dura-alloy.com\/fr\/wp-json\/wp\/v2\/product_brand?post=550"},{"taxonomy":"product_cat","embeddable":true,"href":"https:\/\/www.dura-alloy.com\/fr\/wp-json\/wp\/v2\/product_cat?post=550"},{"taxonomy":"product_tag","embeddable":true,"href":"https:\/\/www.dura-alloy.com\/fr\/wp-json\/wp\/v2\/product_tag?post=550"}],"curies":[{"name":"wp","href":"https:\/\/api.w.org\/{rel}","templated":true}]}}