{"id":542,"date":"2025-06-16T07:58:18","date_gmt":"2025-06-16T07:58:18","guid":{"rendered":"https:\/\/dura-alloy.com\/?post_type=product&#038;p=542"},"modified":"2025-06-16T07:58:18","modified_gmt":"2025-06-16T07:58:18","slug":"xm-27","status":"publish","type":"product","link":"https:\/\/www.dura-alloy.com\/fr\/produit\/xm-27\/","title":{"rendered":"XM-27"},"content":{"rendered":"<p><strong><span>1. Introduction du mat\u00e9riau XM-27<\/span><\/strong><br \/>\n<span>XM-27 est le premier acier \u00e0 ferrite inoxydable \u00e0 haute teneur en fil, avec une performance de 447J1. La temp\u00e9rature de transition fragile est basse, la r\u00e9sistance \u00e0 la corrosion est bonne, la r\u00e9sistance \u00e0 la corrosion est comparable \u00e0 celle du nickel pur, et il a une bonne t\u00e9nacit\u00e9, une bonne aptitude au moulage et de bonnes propri\u00e9t\u00e9s de soudage.<\/span><\/p>\n<p><strong><span>2.\u00a0<\/span><\/strong><strong><span>Composition chimique du XM-27<\/span><\/strong><\/p>\n<table border=\"-\" width=\"1120\">\n<tbody>\n<tr>\n<td width=\"75\"><span>alliage<\/span><\/td>\n<td width=\"64\">%<\/td>\n<td width=\"51\">C<\/td>\n<td width=\"51\"><span>Et<\/span><\/td>\n<td width=\"51\">Mn<\/td>\n<td width=\"51\">P<\/td>\n<td width=\"51\">S<\/td>\n<td width=\"51\">Cu<\/td>\n<td width=\"51\"><span>En<\/span><\/td>\n<td width=\"51\">Cr<\/td>\n<td width=\"51\">N<\/td>\n<td width=\"51\">Mo<\/td>\n<td width=\"51\">Nb<\/td>\n<\/tr>\n<tr>\n<td rowspan=\"2\" width=\"75\"><span>XM-27<\/span><\/td>\n<td width=\"64\"><span>Valeur minimale<\/span><\/td>\n<td width=\"51\">&#8211;<\/td>\n<td width=\"51\"><span>&#8211;<\/span><\/td>\n<td width=\"51\"><span>&#8211;<\/span><\/td>\n<td width=\"51\"><span>&#8211;<\/span><\/td>\n<td width=\"51\"><span>&#8211;<\/span><\/td>\n<td width=\"51\"><span>&#8211;<\/span><\/td>\n<td width=\"51\"><span>&#8211;<\/span><\/td>\n<td width=\"51\">25.0<\/td>\n<td width=\"51\"><span>&#8211;<\/span><\/td>\n<td width=\"51\">0.75<\/td>\n<td width=\"51\">0.05<\/td>\n<\/tr>\n<tr>\n<td width=\"64\"><span>Valeur maximale<\/span><\/td>\n<td width=\"51\">0.01<\/td>\n<td width=\"51\">0.40<\/td>\n<td width=\"51\"><span>0.40<\/span><\/td>\n<td width=\"51\">0.020<\/td>\n<td width=\"51\"><span>0.020<\/span><\/td>\n<td width=\"51\">0.20<\/td>\n<td width=\"51\">0.50<\/td>\n<td width=\"51\">27.5<\/td>\n<td width=\"51\">0.015<\/td>\n<td width=\"51\">1.50<\/td>\n<td width=\"51\"><span>0.20<\/span><\/td>\n<\/tr>\n<\/tbody>\n<\/table>\n<p><strong><span>3. XM-27 Champs d'application<\/span><\/strong><br \/>\n<span>1) Ensemble complet d'\u00e9quipements dans l'industrie chimique (CH3COOH, acide lactique, acide organique, ing\u00e9nierie de concentration de la soude caustique) ;<\/span><br \/>\n<span>2) L'industrie alimentaire ;<\/span><br \/>\n<span>3) Industrie p\u00e9troli\u00e8re, industrie \u00e9nerg\u00e9tique ;<\/span><br \/>\n<span>4) \u00c9changeurs de chaleur, r\u00e9cipients sous pression, r\u00e9servoirs et autres \u00e9quipements tels que le traitement de l'eau ;<\/span><\/p>","protected":false},"excerpt":{"rendered":"<p>1. XM-27 Material Introduction XM-27 is the first steel for high-wire ferrite stainless steel development, with performance 447J1. The brittle [&hellip;]<\/p>","protected":false},"featured_media":543,"template":"","meta":{"site-sidebar-layout":"default","site-content-layout":"","ast-site-content-layout":"default","site-content-style":"default","site-sidebar-style":"default","ast-global-header-display":"","ast-banner-title-visibility":"","ast-main-header-display":"","ast-hfb-above-header-display":"","ast-hfb-below-header-display":"","ast-hfb-mobile-header-display":"","site-post-title":"","ast-breadcrumbs-content":"","ast-featured-img":"","footer-sml-layout":"","theme-transparent-header-meta":"default","adv-header-id-meta":"","stick-header-meta":"","header-above-stick-meta":"","header-main-stick-meta":"","header-below-stick-meta":"","astra-migrate-meta-layouts":"set","ast-page-background-enabled":"default","ast-page-background-meta":{"desktop":{"background-color":"var(--ast-global-color-5)","background-image":"","background-repeat":"repeat","background-position":"center center","background-size":"auto","background-attachment":"scroll","background-type":"","background-media":"","overlay-type":"","overlay-color":"","overlay-opacity":"","overlay-gradient":""},"tablet":{"background-color":"","background-image":"","background-repeat":"repeat","background-position":"center center","background-size":"auto","background-attachment":"scroll","background-type":"","background-media":"","overlay-type":"","overlay-color":"","overlay-opacity":"","overlay-gradient":""},"mobile":{"background-color":"","background-image":"","background-repeat":"repeat","background-position":"center center","background-size":"auto","background-attachment":"scroll","background-type":"","background-media":"","overlay-type":"","overlay-color":"","overlay-opacity":"","overlay-gradient":""}},"ast-content-background-meta":{"desktop":{"background-color":"var(--ast-global-color-4)","background-image":"","background-repeat":"repeat","background-position":"center center","background-size":"auto","background-attachment":"scroll","background-type":"","background-media":"","overlay-type":"","overlay-color":"","overlay-opacity":"","overlay-gradient":""},"tablet":{"background-color":"var(--ast-global-color-4)","background-image":"","background-repeat":"repeat","background-position":"center center","background-size":"auto","background-attachment":"scroll","background-type":"","background-media":"","overlay-type":"","overlay-color":"","overlay-opacity":"","overlay-gradient":""},"mobile":{"background-color":"var(--ast-global-color-4)","background-image":"","background-repeat":"repeat","background-position":"center center","background-size":"auto","background-attachment":"scroll","background-type":"","background-media":"","overlay-type":"","overlay-color":"","overlay-opacity":"","overlay-gradient":""}}},"product_brand":[],"product_cat":[30],"product_tag":[],"class_list":{"0":"post-542","1":"product","2":"type-product","3":"status-publish","4":"has-post-thumbnail","6":"product_cat-advanced-stainless-steel","7":"desktop-align-left","8":"tablet-align-left","9":"mobile-align-left","11":"first","12":"instock","13":"shipping-taxable","14":"product-type-simple"},"_links":{"self":[{"href":"https:\/\/www.dura-alloy.com\/fr\/wp-json\/wp\/v2\/product\/542","targetHints":{"allow":["GET"]}}],"collection":[{"href":"https:\/\/www.dura-alloy.com\/fr\/wp-json\/wp\/v2\/product"}],"about":[{"href":"https:\/\/www.dura-alloy.com\/fr\/wp-json\/wp\/v2\/types\/product"}],"version-history":[{"count":0,"href":"https:\/\/www.dura-alloy.com\/fr\/wp-json\/wp\/v2\/product\/542\/revisions"}],"wp:featuredmedia":[{"embeddable":true,"href":"https:\/\/www.dura-alloy.com\/fr\/wp-json\/wp\/v2\/media\/543"}],"wp:attachment":[{"href":"https:\/\/www.dura-alloy.com\/fr\/wp-json\/wp\/v2\/media?parent=542"}],"wp:term":[{"taxonomy":"product_brand","embeddable":true,"href":"https:\/\/www.dura-alloy.com\/fr\/wp-json\/wp\/v2\/product_brand?post=542"},{"taxonomy":"product_cat","embeddable":true,"href":"https:\/\/www.dura-alloy.com\/fr\/wp-json\/wp\/v2\/product_cat?post=542"},{"taxonomy":"product_tag","embeddable":true,"href":"https:\/\/www.dura-alloy.com\/fr\/wp-json\/wp\/v2\/product_tag?post=542"}],"curies":[{"name":"wp","href":"https:\/\/api.w.org\/{rel}","templated":true}]}}