{"id":520,"date":"2025-06-16T07:07:15","date_gmt":"2025-06-16T07:07:15","guid":{"rendered":"https:\/\/dura-alloy.com\/?post_type=product&#038;p=520"},"modified":"2025-06-16T07:07:15","modified_gmt":"2025-06-16T07:07:15","slug":"6063","status":"publish","type":"product","link":"https:\/\/www.dura-alloy.com\/fr\/produit\/6063\/","title":{"rendered":"6063"},"content":{"rendered":"<p style=\"text-align: center;\"><strong><span>\u00c9tendue de la fourniture du groupe Aviation :<\/span><\/strong><\/p>\n<p style=\"text-align: center;\"><strong><span>Il peut \u00eatre personnalis\u00e9 hors norme, plaque d'aluminium (plaque enti\u00e8re\/coupe), tige d'aluminium, pi\u00e8ces forg\u00e9es en aluminium, tubes d'aluminium, profils d'aluminium, etc. N'h\u00e9sitez pas \u00e0 vous renseigner !<\/span><\/strong><\/p>\n<p><strong><span>1. Introduction \u00e0 la\u00a0<\/span><\/strong><strong><span>6063\u00a0<\/span><\/strong><strong><span>Mat\u00e9riaux<\/span><\/strong><\/p>\n<p><span>\u00a0 \u00a0 \u00a0 6063 is a low alloyed Al-Mg-Si system high-plastic alloy. The main alloy elements are magnesium and silicon, which have excellent processing performance, excellent weldability, extrusion and electroplating properties, good corrosion resistance and toughness, are easy to polish and color films, and have excellent anodization effect. They are a typical extruded alloy. 6063 aluminum alloy profiles are widely used in building profiles, irrigation pipes, pipes, rods, and profiles for vehicles, treads, furniture, elevators, fences, and many advantages of their good plasticity, moderate heat treatment strength, good welding performance and the gorgeous color of the surface after anodization treatment.<\/span><\/p>\n<p><strong>\u00a0<\/strong><strong><span>2,\u00a0<\/span><\/strong><strong><span>6063\u00a0<\/span><\/strong><strong><span>Ingr\u00e9dients chimiques<\/span><\/strong><strong>\u00a0<\/strong><\/p>\n<table border=\"-\">\n<tbody>\n<tr>\n<td colspan=\"2\" width=\"101\"><span>M\u00e9daille en alliage<\/span><\/td>\n<td width=\"48\"><span>Silicium Si<\/span><\/td>\n<td width=\"48\"><span>Fer Fe<\/span><\/td>\n<td width=\"49\"><span>\u94dc avec<\/span><\/td>\n<td width=\"46\"><span>Mangan\u00e8se Mn<\/span><\/td>\n<td width=\"47\"><span>Magn\u00e9sium Mg<\/span><\/td>\n<td width=\"45\"><span>Chrome Cr<\/span><\/td>\n<td width=\"46\"><span>Zinc Zn<\/span><\/td>\n<td width=\"48\"><span>Titane Ti<\/span><\/td>\n<td colspan=\"2\" width=\"84\"><span>autres<\/span><\/td>\n<td width=\"56\"><span>Aluminium AL<\/span><\/td>\n<\/tr>\n<tr>\n<td width=\"50\"><span>Nouveau grade<\/span><\/td>\n<td width=\"51\"><span>Ancienne marque<\/span><\/td>\n<td rowspan=\"2\" width=\"48\">0.2-0.6<\/td>\n<td rowspan=\"2\" width=\"48\">0.35<\/td>\n<td rowspan=\"2\" width=\"49\">0.10<\/td>\n<td rowspan=\"2\" width=\"46\"><span>0.10<\/span><\/td>\n<td rowspan=\"2\" width=\"47\">0.45-0.9<\/td>\n<td rowspan=\"2\" width=\"45\"><span>0.10<\/span><\/td>\n<td rowspan=\"2\" width=\"46\"><span>0.10<\/span><\/td>\n<td rowspan=\"2\" width=\"48\"><span>0.10<\/span><\/td>\n<td width=\"43\"><span>Chaque<\/span><\/td>\n<td width=\"41\"><span>total<\/span><\/td>\n<td rowspan=\"2\" width=\"56\"><span>marge<\/span><\/td>\n<\/tr>\n<tr>\n<td width=\"50\">6063<\/td>\n<td width=\"51\"><span>LD31<\/span><\/td>\n<td width=\"43\">0.05<\/td>\n<td width=\"41\">0.15<\/td>\n<\/tr>\n<\/tbody>\n<\/table>\n<p><strong>\u00a0<\/strong><strong><span>3.\u00a0<\/span><\/strong><strong><span>6063\u00a0<\/span><\/strong><strong><span>Physical properties and characteristics<\/span><\/strong><strong>\u00a0<\/strong><\/p>\n<table border=\"-\">\n<tbody>\n<tr>\n<td width=\"98\"><span>Nuance et \u00e9tat de l'alliage d'aluminium<\/span><\/td>\n<td width=\"108\"><span>r\u00e9sistance \u00e0 la traction<\/span><\/p>\n<p>Rm\/Mpa<\/td>\n<td width=\"100\"><span>Rendement du rendement<\/span><\/p>\n<p>Rp0,2\/Mpa<\/td>\n<td width=\"98\"><span>\u00c9longation\/%<\/span><\/td>\n<td width=\"104\"><span>Duret\u00e9\/HBW\u03b1<\/span><\/td>\n<td width=\"107\"><span>densit\u00e9<\/span><\/p>\n<p><span>(20 \u2103) (g \/ cm3)<\/span><\/td>\n<\/tr>\n<tr>\n<td width=\"98\"><span>6063-T6<\/span><\/td>\n<td width=\"108\">240<\/td>\n<td width=\"100\">190<\/td>\n<td width=\"98\">8<\/td>\n<td width=\"104\">80<\/td>\n<td width=\"107\">2.8<\/td>\n<\/tr>\n<\/tbody>\n<\/table>\n<p><strong>\u00a0<\/strong><strong><span>6063\u00a0<\/span><\/strong><strong><span>has many valuable features\u00a0<\/span><\/strong><strong><span>:<\/span><\/strong><\/p>\n<ul>\n<li><span>\u00a0 \u00a0 \u00a0 Heat treatment strengthens, has high impact toughness, and is not sensitive to notches.<\/span><\/li>\n<li><span>\u00a0 \u00a0 \u00a0 Excellent welding performance and corrosion resistance, and no tendency to stress corrosion cracking. Among the heat-treated aluminum alloys, Al-Mg-Si-based alloys are the only alloys that have not been found to have stress corrosion cracking.<\/span><\/li>\n<li><span>\u00a0 \u00a0 \u00a0 The surface is very smooth after processing and is easy to anodize and color. The disadvantage is that after quenching, if it is parked at room temperature for a period of time, it will have an adverse impact on the strength (parking effect).<\/span><\/li>\n<\/ul>\n<p><strong><span>IV.\u00a0<\/span><\/strong><strong><span>6063\u00a0<\/span><\/strong><strong><span>Application Fields<\/span><\/strong><\/p>\n<p><span>\u00a0 \u00a0 \u00a0 6063 Aluminum alloy is widely used in the frames of building aluminum doors, windows and curtain walls, automobile bottom plates, truck wheel hubs, precision molds, and chassis In order to ensure that doors, windows and curtain walls have high wind pressure resistance, assembly performance, corrosion resistance and decorative performance, the requirements for the comprehensive performance of aluminum alloy profiles are far higher than the industrial profile standards.<\/span><\/p>","protected":false},"excerpt":{"rendered":"<p>Scope of supply of Aviation Group: It can be customized non-standard, aluminum plate (whole plate\/cut), aluminum rod, aluminum forgings, aluminum [&hellip;]<\/p>","protected":false},"featured_media":255,"template":"","meta":{"site-sidebar-layout":"default","site-content-layout":"","ast-site-content-layout":"default","site-content-style":"default","site-sidebar-style":"default","ast-global-header-display":"","ast-banner-title-visibility":"","ast-main-header-display":"","ast-hfb-above-header-display":"","ast-hfb-below-header-display":"","ast-hfb-mobile-header-display":"","site-post-title":"","ast-breadcrumbs-content":"","ast-featured-img":"","footer-sml-layout":"","theme-transparent-header-meta":"default","adv-header-id-meta":"","stick-header-meta":"","header-above-stick-meta":"","header-main-stick-meta":"","header-below-stick-meta":"","astra-migrate-meta-layouts":"set","ast-page-background-enabled":"default","ast-page-background-meta":{"desktop":{"background-color":"var(--ast-global-color-5)","background-image":"","background-repeat":"repeat","background-position":"center center","background-size":"auto","background-attachment":"scroll","background-type":"","background-media":"","overlay-type":"","overlay-color":"","overlay-opacity":"","overlay-gradient":""},"tablet":{"background-color":"","background-image":"","background-repeat":"repeat","background-position":"center center","background-size":"auto","background-attachment":"scroll","background-type":"","background-media":"","overlay-type":"","overlay-color":"","overlay-opacity":"","overlay-gradient":""},"mobile":{"background-color":"","background-image":"","background-repeat":"repeat","background-position":"center center","background-size":"auto","background-attachment":"scroll","background-type":"","background-media":"","overlay-type":"","overlay-color":"","overlay-opacity":"","overlay-gradient":""}},"ast-content-background-meta":{"desktop":{"background-color":"var(--ast-global-color-4)","background-image":"","background-repeat":"repeat","background-position":"center center","background-size":"auto","background-attachment":"scroll","background-type":"","background-media":"","overlay-type":"","overlay-color":"","overlay-opacity":"","overlay-gradient":""},"tablet":{"background-color":"var(--ast-global-color-4)","background-image":"","background-repeat":"repeat","background-position":"center center","background-size":"auto","background-attachment":"scroll","background-type":"","background-media":"","overlay-type":"","overlay-color":"","overlay-opacity":"","overlay-gradient":""},"mobile":{"background-color":"var(--ast-global-color-4)","background-image":"","background-repeat":"repeat","background-position":"center center","background-size":"auto","background-attachment":"scroll","background-type":"","background-media":"","overlay-type":"","overlay-color":"","overlay-opacity":"","overlay-gradient":""}}},"product_brand":[],"product_cat":[29],"product_tag":[],"class_list":{"0":"post-520","1":"product","2":"type-product","3":"status-publish","4":"has-post-thumbnail","6":"product_cat-aviation-aluminum-alloy","7":"desktop-align-left","8":"tablet-align-left","9":"mobile-align-left","11":"first","12":"instock","13":"shipping-taxable","14":"product-type-simple"},"_links":{"self":[{"href":"https:\/\/www.dura-alloy.com\/fr\/wp-json\/wp\/v2\/product\/520","targetHints":{"allow":["GET"]}}],"collection":[{"href":"https:\/\/www.dura-alloy.com\/fr\/wp-json\/wp\/v2\/product"}],"about":[{"href":"https:\/\/www.dura-alloy.com\/fr\/wp-json\/wp\/v2\/types\/product"}],"version-history":[{"count":0,"href":"https:\/\/www.dura-alloy.com\/fr\/wp-json\/wp\/v2\/product\/520\/revisions"}],"wp:featuredmedia":[{"embeddable":true,"href":"https:\/\/www.dura-alloy.com\/fr\/wp-json\/wp\/v2\/media\/255"}],"wp:attachment":[{"href":"https:\/\/www.dura-alloy.com\/fr\/wp-json\/wp\/v2\/media?parent=520"}],"wp:term":[{"taxonomy":"product_brand","embeddable":true,"href":"https:\/\/www.dura-alloy.com\/fr\/wp-json\/wp\/v2\/product_brand?post=520"},{"taxonomy":"product_cat","embeddable":true,"href":"https:\/\/www.dura-alloy.com\/fr\/wp-json\/wp\/v2\/product_cat?post=520"},{"taxonomy":"product_tag","embeddable":true,"href":"https:\/\/www.dura-alloy.com\/fr\/wp-json\/wp\/v2\/product_tag?post=520"}],"curies":[{"name":"wp","href":"https:\/\/api.w.org\/{rel}","templated":true}]}}