{"id":517,"date":"2025-06-16T07:02:57","date_gmt":"2025-06-16T07:02:57","guid":{"rendered":"https:\/\/dura-alloy.com\/?post_type=product&#038;p=517"},"modified":"2025-06-16T07:02:57","modified_gmt":"2025-06-16T07:02:57","slug":"6061","status":"publish","type":"product","link":"https:\/\/www.dura-alloy.com\/fr\/produit\/6061\/","title":{"rendered":"6061"},"content":{"rendered":"<p style=\"text-align: center;\"><strong><span>\u00c9tendue de la fourniture du groupe Aviation :<\/span><\/strong><\/p>\n<p style=\"text-align: center;\"><strong><span>Il peut \u00eatre personnalis\u00e9 hors norme, plaque d'aluminium (plaque enti\u00e8re\/coupe), tige d'aluminium, pi\u00e8ces forg\u00e9es en aluminium, tubes d'aluminium, profils d'aluminium, etc. N'h\u00e9sitez pas \u00e0 vous renseigner !<\/span><\/strong><\/p>\n<p><strong><span>1. Introduction \u00e0 la\u00a0<\/span><\/strong><strong><span>6061\u00a0<\/span><\/strong><strong><span>Mat\u00e9riaux<\/span><\/strong><\/p>\n<p><span>\u00a0 \u00a0 \u00a0 Le 6061 est un alliage renforc\u00e9 trait\u00e9 thermiquement qui pr\u00e9sente une bonne formabilit\u00e9, une bonne soudabilit\u00e9, une bonne usinabilit\u00e9 et une r\u00e9sistance moyenne. Il peut encore conserver une bonne op\u00e9rabilit\u00e9 apr\u00e8s le recuit.<\/span><\/p>\n<p><span>\u00a0 \u00a0 \u00a0 Les principaux \u00e9l\u00e9ments de l'alliage 6061 sont le magn\u00e9sium et le silicium, et forment la phase Mg2Si. Si une certaine quantit\u00e9 de mangan\u00e8se et de chrome est contenue, les mauvais effets du fer peuvent \u00eatre neutralis\u00e9s ; parfois, une petite quantit\u00e9 de cuivre ou de zinc est ajout\u00e9e pour am\u00e9liorer la r\u00e9sistance de l'alliage sans r\u00e9duire de mani\u00e8re significative sa r\u00e9sistance \u00e0 la corrosion ; il y a \u00e9galement une petite quantit\u00e9 de cuivre dans le mat\u00e9riau conducteur pour compenser les effets n\u00e9gatifs du titane et du fer sur la conductivit\u00e9 \u00e9lectrique ; le zirconium ou le titane peuvent affiner les grains et contr\u00f4ler la structure de recristallisation ; afin d'am\u00e9liorer les performances de coupe, du plomb et du bismuth peuvent \u00eatre ajout\u00e9s. Le Mg2Si est dissous dans l'aluminium, de sorte que l'alliage est artificiellement vieilli et durci.<\/span><\/p>\n<p><span>\u00a0 \u00a0 \u00a0 6061-T651 est l'alliage principal de l'alliage 6061. Il s'agit d'un alliage d'aluminium de haute qualit\u00e9 produit par un processus de pr\u00e9-\u00e9tirage par traitement thermique. Bien que sa r\u00e9sistance ne puisse \u00eatre compar\u00e9e \u00e0 celle des s\u00e9ries 2XXX ou 7XXX, ses alliages de magn\u00e9sium et de silicium pr\u00e9sentent de nombreuses caract\u00e9ristiques, ainsi que d'excellentes performances de traitement, d'excellentes caract\u00e9ristiques de soudage, des propri\u00e9t\u00e9s de galvanoplastie, une bonne r\u00e9sistance \u00e0 la corrosion, une grande t\u00e9nacit\u00e9, aucune d\u00e9formation apr\u00e8s traitement, un mat\u00e9riau dense sans d\u00e9fauts, un polissage facile, un film de coloration facile, et un excellent effet d'oxydation.<\/span><\/p>\n<p><strong>\u00a0<\/strong><strong><span>2,\u00a0<\/span><\/strong><strong><span>6061\u00a0<\/span><\/strong><strong><span>Ingr\u00e9dients chimiques<\/span><\/strong><\/p>\n<table border=\"-\">\n<tbody>\n<tr>\n<td colspan=\"2\" width=\"103\"><span>M\u00e9daille en alliage<\/span><\/td>\n<td width=\"49\"><span>silicium<\/span><\/p>\n<p><span>Et<\/span><\/td>\n<td width=\"49\"><span>fer<\/span><\/p>\n<p>Fe<\/td>\n<td width=\"50\"><span>cuivre<\/span><\/p>\n<p>Cu<\/td>\n<td width=\"47\"><span>mangan\u00e8se<\/span><\/p>\n<p>Mn<\/td>\n<td width=\"48\"><span>magn\u00e9sium<\/span><\/p>\n<p>Mg<\/td>\n<td width=\"46\"><span>chrome<\/span><\/p>\n<p>Cr<\/td>\n<td width=\"47\"><span>Zinc<\/span><\/p>\n<p>Zn<\/td>\n<td width=\"49\"><span>titane<\/span><\/p>\n<p><span>De<\/span><\/td>\n<td colspan=\"2\" width=\"86\"><span>autres<\/span><\/td>\n<td width=\"47\"><span>aluminium<\/span><\/p>\n<p>AL<\/td>\n<\/tr>\n<tr>\n<td width=\"51\"><span>Nouveau grade<\/span><\/td>\n<td width=\"51\"><span>Ancienne marque<\/span><\/td>\n<td rowspan=\"2\" width=\"49\">0.40-0.80<\/td>\n<td rowspan=\"2\" width=\"49\">0.70<\/td>\n<td rowspan=\"2\" width=\"50\">0.15-0.40<\/td>\n<td rowspan=\"2\" width=\"47\">0.15<\/td>\n<td rowspan=\"2\" width=\"48\">0.8-1.2<\/td>\n<td rowspan=\"2\" width=\"46\">0.04-0.35<\/td>\n<td rowspan=\"2\" width=\"47\">0.25<\/td>\n<td rowspan=\"2\" width=\"49\"><span>0.15<\/span><\/td>\n<td width=\"44\"><span>Chaque<\/span><\/td>\n<td width=\"42\"><span>total<\/span><\/td>\n<td rowspan=\"2\" width=\"47\"><span>marge<\/span><\/td>\n<\/tr>\n<tr>\n<td width=\"51\">6061<\/td>\n<td width=\"51\">LD30<\/td>\n<td width=\"44\">0.05<\/td>\n<td width=\"42\"><span>0.15<\/span><\/td>\n<\/tr>\n<\/tbody>\n<\/table>\n<p><strong>\u00a0<\/strong><strong><span>3.\u00a0<\/span><\/strong><strong><span>6061\u00a0<\/span><\/strong><strong><span>Propri\u00e9t\u00e9s physiques<\/span><\/strong><\/p>\n<table border=\"-\">\n<tbody>\n<tr>\n<td width=\"99\"><span>Nuance et \u00e9tat de l'alliage d'aluminium<\/span><\/td>\n<td width=\"109\"><span>r\u00e9sistance \u00e0 la traction<\/span><\/p>\n<p>Rm\/Mpa<\/td>\n<td width=\"101\"><span>Rendement du rendement<\/span><\/p>\n<p>Rp0,2\/Mpa<\/td>\n<td width=\"98\"><span>\u00c9longation\/%<\/span><\/td>\n<td width=\"104\"><span>Duret\u00e9\/HBW\u03b1<\/span><\/td>\n<td width=\"108\"><span>densit\u00e9<\/span><\/p>\n<p><span>(20 \u2103) (g \/ cm3)<\/span><\/td>\n<\/tr>\n<tr>\n<td width=\"99\"><span>6061-T6<\/span><\/td>\n<td width=\"109\">290<\/td>\n<td width=\"101\">240<\/td>\n<td width=\"98\">10<\/td>\n<td width=\"104\">95<\/td>\n<td width=\"108\">2.8<\/td>\n<\/tr>\n<\/tbody>\n<\/table>\n<p><strong>\u00a0<\/strong><strong><span>IV.\u00a0<\/span><\/strong><strong><span>6061\u00a0<\/span><\/strong><strong><span>Domaines d'application<\/span><\/strong><\/p>\n<p><span>\u00a0 \u00a0 \u00a0 Les utilisations du mat\u00e9riau 6061 comprennent les fixations a\u00e9rospatiales, les fixations \u00e9lectriques et les domaines de la communication. Elles sont \u00e9galement largement utilis\u00e9es dans les pi\u00e8ces m\u00e9caniques automatis\u00e9es, le traitement de pr\u00e9cision, la fabrication de moules, l'\u00e9lectronique et les instruments de pr\u00e9cision, les ponts, les grues, les charpentes de toit, les avions de transport, les navires de transport, etc.<\/span><\/p>","protected":false},"excerpt":{"rendered":"<p>Scope of supply of Aviation Group: It can be customized non-standard, aluminum plate (whole plate\/cut), aluminum rod, aluminum forgings, aluminum [&hellip;]<\/p>","protected":false},"featured_media":518,"template":"","meta":{"site-sidebar-layout":"default","site-content-layout":"","ast-site-content-layout":"default","site-content-style":"default","site-sidebar-style":"default","ast-global-header-display":"","ast-banner-title-visibility":"","ast-main-header-display":"","ast-hfb-above-header-display":"","ast-hfb-below-header-display":"","ast-hfb-mobile-header-display":"","site-post-title":"","ast-breadcrumbs-content":"","ast-featured-img":"","footer-sml-layout":"","theme-transparent-header-meta":"default","adv-header-id-meta":"","stick-header-meta":"","header-above-stick-meta":"","header-main-stick-meta":"","header-below-stick-meta":"","astra-migrate-meta-layouts":"set","ast-page-background-enabled":"default","ast-page-background-meta":{"desktop":{"background-color":"var(--ast-global-color-5)","background-image":"","background-repeat":"repeat","background-position":"center center","background-size":"auto","background-attachment":"scroll","background-type":"","background-media":"","overlay-type":"","overlay-color":"","overlay-opacity":"","overlay-gradient":""},"tablet":{"background-color":"","background-image":"","background-repeat":"repeat","background-position":"center center","background-size":"auto","background-attachment":"scroll","background-type":"","background-media":"","overlay-type":"","overlay-color":"","overlay-opacity":"","overlay-gradient":""},"mobile":{"background-color":"","background-image":"","background-repeat":"repeat","background-position":"center center","background-size":"auto","background-attachment":"scroll","background-type":"","background-media":"","overlay-type":"","overlay-color":"","overlay-opacity":"","overlay-gradient":""}},"ast-content-background-meta":{"desktop":{"background-color":"var(--ast-global-color-4)","background-image":"","background-repeat":"repeat","background-position":"center center","background-size":"auto","background-attachment":"scroll","background-type":"","background-media":"","overlay-type":"","overlay-color":"","overlay-opacity":"","overlay-gradient":""},"tablet":{"background-color":"var(--ast-global-color-4)","background-image":"","background-repeat":"repeat","background-position":"center center","background-size":"auto","background-attachment":"scroll","background-type":"","background-media":"","overlay-type":"","overlay-color":"","overlay-opacity":"","overlay-gradient":""},"mobile":{"background-color":"var(--ast-global-color-4)","background-image":"","background-repeat":"repeat","background-position":"center center","background-size":"auto","background-attachment":"scroll","background-type":"","background-media":"","overlay-type":"","overlay-color":"","overlay-opacity":"","overlay-gradient":""}}},"product_brand":[],"product_cat":[29],"product_tag":[],"class_list":{"0":"post-517","1":"product","2":"type-product","3":"status-publish","4":"has-post-thumbnail","6":"product_cat-aviation-aluminum-alloy","7":"desktop-align-left","8":"tablet-align-left","9":"mobile-align-left","11":"first","12":"instock","13":"shipping-taxable","14":"product-type-simple"},"_links":{"self":[{"href":"https:\/\/www.dura-alloy.com\/fr\/wp-json\/wp\/v2\/product\/517","targetHints":{"allow":["GET"]}}],"collection":[{"href":"https:\/\/www.dura-alloy.com\/fr\/wp-json\/wp\/v2\/product"}],"about":[{"href":"https:\/\/www.dura-alloy.com\/fr\/wp-json\/wp\/v2\/types\/product"}],"version-history":[{"count":0,"href":"https:\/\/www.dura-alloy.com\/fr\/wp-json\/wp\/v2\/product\/517\/revisions"}],"wp:featuredmedia":[{"embeddable":true,"href":"https:\/\/www.dura-alloy.com\/fr\/wp-json\/wp\/v2\/media\/518"}],"wp:attachment":[{"href":"https:\/\/www.dura-alloy.com\/fr\/wp-json\/wp\/v2\/media?parent=517"}],"wp:term":[{"taxonomy":"product_brand","embeddable":true,"href":"https:\/\/www.dura-alloy.com\/fr\/wp-json\/wp\/v2\/product_brand?post=517"},{"taxonomy":"product_cat","embeddable":true,"href":"https:\/\/www.dura-alloy.com\/fr\/wp-json\/wp\/v2\/product_cat?post=517"},{"taxonomy":"product_tag","embeddable":true,"href":"https:\/\/www.dura-alloy.com\/fr\/wp-json\/wp\/v2\/product_tag?post=517"}],"curies":[{"name":"wp","href":"https:\/\/api.w.org\/{rel}","templated":true}]}}