{"id":515,"date":"2025-06-16T06:55:56","date_gmt":"2025-06-16T06:55:56","guid":{"rendered":"https:\/\/dura-alloy.com\/?post_type=product&#038;p=515"},"modified":"2025-06-16T06:55:57","modified_gmt":"2025-06-16T06:55:57","slug":"5a06","status":"publish","type":"product","link":"https:\/\/www.dura-alloy.com\/fr\/produit\/5a06\/","title":{"rendered":"5A06"},"content":{"rendered":"<p style=\"font-weight: 400; text-align: center;\"><b><strong>\u00c9tendue de la fourniture du groupe Aviation :<\/strong><\/b><\/p>\n<p style=\"font-weight: 400;\"><b><strong>Il peut \u00eatre personnalis\u00e9 hors norme, plaque d'aluminium (plaque enti\u00e8re\/coupe), tige d'aluminium, pi\u00e8ces forg\u00e9es en aluminium, tubes d'aluminium, profils d'aluminium, etc. N'h\u00e9sitez pas \u00e0 vous renseigner !<\/strong><\/b><\/p>\n<ol>\n<li style=\"font-weight: 400;\"><b><strong> Introduction to<\/strong><\/b><b><strong>5A06<\/strong><\/b><b><strong>Mat\u00e9riaux<\/strong><\/b><\/li>\n<\/ol>\n<p style=\"font-weight: 400;\">\u00a0 \u00a0 \u00a0 5A06 aluminum plate is AL-Mg-type rust-proof aluminum, and 06 aluminum alloy has high strength, corrosion resistance and stability. The welds with argon arc welding have a good airtightness and plasticity. The strength of the joints of gas welding and spot welding is 90~95 of the matrix strength, and the machinability is good.<\/p>\n<ol start=\"2\">\n<li style=\"font-weight: 400;\"><b><\/b><b><strong>5A06<\/strong><\/b><b><strong>composition chimique<\/strong><\/b><\/li>\n<\/ol>\n<table style=\"font-weight: 400;\">\n<tbody>\n<tr>\n<td colspan=\"2\" width=\"111\">M\u00e9daille en alliage<\/td>\n<td width=\"52\">Silicium Si<\/td>\n<td width=\"52\">Fer Fe<\/td>\n<td width=\"53\">\u94dc avec<\/td>\n<td width=\"50\">Mangan\u00e8se Mn<\/td>\n<td width=\"51\">Magn\u00e9sium Mg<\/td>\n<td width=\"50\">Zinc Zn<\/td>\n<td width=\"52\">Titane Ti<\/td>\n<td colspan=\"2\" width=\"93\">autres<\/td>\n<td width=\"50\">Aluminium AL<\/td>\n<\/tr>\n<tr>\n<td width=\"55\">Nouveau grade<\/td>\n<td width=\"55\">Ancienne marque<\/td>\n<td rowspan=\"2\" width=\"52\">0.40<\/td>\n<td rowspan=\"2\" width=\"52\">0.40<\/td>\n<td rowspan=\"2\" width=\"53\">0.10<\/td>\n<td rowspan=\"2\" width=\"50\">0.5-0.8<\/td>\n<td rowspan=\"2\" width=\"51\">5.8-6.8<\/td>\n<td rowspan=\"2\" width=\"50\">0.20<\/td>\n<td rowspan=\"2\" width=\"52\">0.02-0.10<\/td>\n<td width=\"47\">Chaque<\/td>\n<td width=\"45\">total<\/td>\n<td rowspan=\"2\" width=\"50\">marge<\/td>\n<\/tr>\n<tr>\n<td width=\"55\">5A06<\/td>\n<td width=\"55\">LF6<\/td>\n<td width=\"47\">0.05<\/td>\n<td width=\"45\">0.10<\/td>\n<\/tr>\n<\/tbody>\n<\/table>\n<p style=\"font-weight: 400;\"><b><strong>\u00a0<\/strong><\/b><b style=\"font-style: inherit;\"><strong>5A06<\/strong><\/b><b style=\"font-style: inherit;\"><strong>propri\u00e9t\u00e9s physiques<\/strong><\/b><\/p>\n<table style=\"font-weight: 400;\">\n<tbody>\n<tr>\n<td width=\"88\">Nuance et \u00e9tat de l'alliage d'aluminium<\/td>\n<td width=\"96\">r\u00e9sistance \u00e0 la traction<\/p>\n<p>Rm\/Mpa<\/td>\n<td width=\"89\">Rendement du rendement<\/p>\n<p>Rp0,2\/Mpa<\/td>\n<td width=\"87\">\u00c9longation\/%<\/td>\n<td width=\"92\">Duret\u00e9\/HBW\u03b1<\/td>\n<td width=\"161\">densit\u00e9<\/p>\n<p>(20 \u2103) (g \/ cm3)<\/td>\n<\/tr>\n<tr>\n<td width=\"88\">5A06-H112<\/td>\n<td width=\"96\">305<\/td>\n<td width=\"89\">145<\/td>\n<td width=\"87\">12<\/td>\n<td width=\"92\">&#8211;<\/td>\n<td width=\"161\">2.8<\/td>\n<\/tr>\n<\/tbody>\n<\/table>\n<p style=\"font-weight: 400;\"><b><strong>\u00a0<\/strong><\/b><b style=\"font-style: inherit;\"><strong>5A06<\/strong><\/b><b style=\"font-style: inherit;\"><strong>champs d'application<\/strong><\/b><\/p>\n<p style=\"font-weight: 400;\">\u00a0 \u00a0 \u00a0 5A06 alloy has a wide range of uses such as aerospace, military industry, automobiles, aircraft welded parts, subway light rail, and pressure vessels that require strict fireproof (such as liquid tankers, refrigerated trucks, refrigerated containers), refrigeration devices, television towers, drilling equipment, transportation equipment, missile parts, tooling fixtures, armor, etc.<\/p>","protected":false},"excerpt":{"rendered":"<p>Scope of supply of Aviation Group: It can be customized non-standard, aluminum plate (whole plate\/cut), aluminum rod, aluminum forgings, aluminum [&hellip;]<\/p>","protected":false},"featured_media":516,"template":"","meta":{"site-sidebar-layout":"default","site-content-layout":"","ast-site-content-layout":"default","site-content-style":"default","site-sidebar-style":"default","ast-global-header-display":"","ast-banner-title-visibility":"","ast-main-header-display":"","ast-hfb-above-header-display":"","ast-hfb-below-header-display":"","ast-hfb-mobile-header-display":"","site-post-title":"","ast-breadcrumbs-content":"","ast-featured-img":"","footer-sml-layout":"","theme-transparent-header-meta":"default","adv-header-id-meta":"","stick-header-meta":"","header-above-stick-meta":"","header-main-stick-meta":"","header-below-stick-meta":"","astra-migrate-meta-layouts":"set","ast-page-background-enabled":"default","ast-page-background-meta":{"desktop":{"background-color":"var(--ast-global-color-5)","background-image":"","background-repeat":"repeat","background-position":"center center","background-size":"auto","background-attachment":"scroll","background-type":"","background-media":"","overlay-type":"","overlay-color":"","overlay-opacity":"","overlay-gradient":""},"tablet":{"background-color":"","background-image":"","background-repeat":"repeat","background-position":"center center","background-size":"auto","background-attachment":"scroll","background-type":"","background-media":"","overlay-type":"","overlay-color":"","overlay-opacity":"","overlay-gradient":""},"mobile":{"background-color":"","background-image":"","background-repeat":"repeat","background-position":"center center","background-size":"auto","background-attachment":"scroll","background-type":"","background-media":"","overlay-type":"","overlay-color":"","overlay-opacity":"","overlay-gradient":""}},"ast-content-background-meta":{"desktop":{"background-color":"var(--ast-global-color-4)","background-image":"","background-repeat":"repeat","background-position":"center center","background-size":"auto","background-attachment":"scroll","background-type":"","background-media":"","overlay-type":"","overlay-color":"","overlay-opacity":"","overlay-gradient":""},"tablet":{"background-color":"var(--ast-global-color-4)","background-image":"","background-repeat":"repeat","background-position":"center center","background-size":"auto","background-attachment":"scroll","background-type":"","background-media":"","overlay-type":"","overlay-color":"","overlay-opacity":"","overlay-gradient":""},"mobile":{"background-color":"var(--ast-global-color-4)","background-image":"","background-repeat":"repeat","background-position":"center center","background-size":"auto","background-attachment":"scroll","background-type":"","background-media":"","overlay-type":"","overlay-color":"","overlay-opacity":"","overlay-gradient":""}}},"product_brand":[],"product_cat":[29],"product_tag":[],"class_list":{"0":"post-515","1":"product","2":"type-product","3":"status-publish","4":"has-post-thumbnail","6":"product_cat-aviation-aluminum-alloy","7":"desktop-align-left","8":"tablet-align-left","9":"mobile-align-left","11":"first","12":"instock","13":"shipping-taxable","14":"product-type-simple"},"_links":{"self":[{"href":"https:\/\/www.dura-alloy.com\/fr\/wp-json\/wp\/v2\/product\/515","targetHints":{"allow":["GET"]}}],"collection":[{"href":"https:\/\/www.dura-alloy.com\/fr\/wp-json\/wp\/v2\/product"}],"about":[{"href":"https:\/\/www.dura-alloy.com\/fr\/wp-json\/wp\/v2\/types\/product"}],"version-history":[{"count":0,"href":"https:\/\/www.dura-alloy.com\/fr\/wp-json\/wp\/v2\/product\/515\/revisions"}],"wp:featuredmedia":[{"embeddable":true,"href":"https:\/\/www.dura-alloy.com\/fr\/wp-json\/wp\/v2\/media\/516"}],"wp:attachment":[{"href":"https:\/\/www.dura-alloy.com\/fr\/wp-json\/wp\/v2\/media?parent=515"}],"wp:term":[{"taxonomy":"product_brand","embeddable":true,"href":"https:\/\/www.dura-alloy.com\/fr\/wp-json\/wp\/v2\/product_brand?post=515"},{"taxonomy":"product_cat","embeddable":true,"href":"https:\/\/www.dura-alloy.com\/fr\/wp-json\/wp\/v2\/product_cat?post=515"},{"taxonomy":"product_tag","embeddable":true,"href":"https:\/\/www.dura-alloy.com\/fr\/wp-json\/wp\/v2\/product_tag?post=515"}],"curies":[{"name":"wp","href":"https:\/\/api.w.org\/{rel}","templated":true}]}}