{"id":509,"date":"2025-06-16T06:45:00","date_gmt":"2025-06-16T06:45:00","guid":{"rendered":"https:\/\/dura-alloy.com\/?post_type=product&#038;p=509"},"modified":"2025-06-16T06:45:00","modified_gmt":"2025-06-16T06:45:00","slug":"3a21","status":"publish","type":"product","link":"https:\/\/www.dura-alloy.com\/fr\/produit\/3a21\/","title":{"rendered":"3A21"},"content":{"rendered":"<p style=\"text-align: center;\"><strong><span>\u00c9tendue de la fourniture du groupe Aviation :<\/span><\/strong><\/p>\n<p><strong><span>Il peut \u00eatre personnalis\u00e9 hors norme, plaque d'aluminium (plaque enti\u00e8re\/coupe), tige d'aluminium, pi\u00e8ces forg\u00e9es en aluminium, tubes d'aluminium, profils d'aluminium, etc. N'h\u00e9sitez pas \u00e0 vous renseigner !<\/span><\/strong><\/p>\n<p><strong><span>1. Introduction \u00e0 la\u00a0<\/span><\/strong><strong><span>3A21\u00a0<\/span><\/strong><strong><span>Mat\u00e9riaux<\/span><\/strong><\/p>\n<p><span>\u00a0 \u00a0 \u00a0 3A21 is an Al-Mn-based alloy, which is an excellent rust military aluminum alloy material. 3A21 aluminum plate is a widely used anti-rust aluminum with low strength (only slightly higher than industrial pure aluminum) and cannot be strengthened by heat treatment. Therefore, cold processing methods are often used to improve its mechanical properties. It has high plasticity in annealed state, and it is still good when hardened semi-cooled work, low plasticity during hardening, good corrosion resistance, good welding, and poor cutting performance.<\/span><\/p>\n<p><strong><span>2.\u00a0<\/span><\/strong><span><strong>Composition chimique de\u00a0<\/strong><\/span><strong><span>3A21<\/span><\/strong><\/p>\n<table border=\"-\">\n<tbody>\n<tr>\n<td colspan=\"3\"><span>M\u00e9daille en alliage<\/span><\/td>\n<td colspan=\"2\"><span>silicium<\/span><\/p>\n<p><span>Et<\/span><\/td>\n<td colspan=\"2\"><span>fer<\/span><\/p>\n<p>Fe<\/td>\n<td colspan=\"2\"><span>cuivre<\/span><\/p>\n<p>Cu<\/td>\n<td colspan=\"2\"><span>mangan\u00e8se<\/span><\/p>\n<p>Mn<\/td>\n<td colspan=\"2\"><span>magn\u00e9sium<\/span><\/p>\n<p>Mg<\/td>\n<td colspan=\"2\"><span>chrome<\/span><\/p>\n<p>Cr<\/td>\n<td colspan=\"2\"><span>Zinc<\/span><\/p>\n<p>Zn<\/td>\n<td colspan=\"2\"><span>titane<\/span><\/p>\n<p><span>De<\/span><\/td>\n<td colspan=\"3\"><span>autres<\/span><\/td>\n<td colspan=\"2\"><span>aluminium<\/span><\/p>\n<p>AL<\/td>\n<\/tr>\n<tr>\n<td><span>Nouveau grade<\/span><\/td>\n<td><span>Ancienne marque<\/span><\/td>\n<td colspan=\"2\" rowspan=\"2\">0.60<\/td>\n<td colspan=\"2\" rowspan=\"2\">0.70<\/td>\n<td colspan=\"2\" rowspan=\"2\">0.20<\/td>\n<td colspan=\"2\" rowspan=\"2\">1.0-1.6<\/td>\n<td colspan=\"2\" rowspan=\"2\">0.05<\/td>\n<td colspan=\"2\" rowspan=\"2\">&#8211;<\/td>\n<td colspan=\"2\" rowspan=\"2\">0.10<\/td>\n<td colspan=\"2\" rowspan=\"2\">0.15<\/td>\n<td colspan=\"2\"><span>Chaque<\/span><\/td>\n<td><span>total<\/span><\/td>\n<td colspan=\"2\" rowspan=\"2\"><span>marge<\/span><\/td>\n<td>&nbsp;<\/td>\n<\/tr>\n<tr>\n<td><span>3A21<\/span><\/td>\n<td>LF21<\/td>\n<td colspan=\"2\"><span>0.05<\/span><\/td>\n<td><span>0.10<\/span><\/td>\n<td>&nbsp;<\/td>\n<\/tr>\n<\/tbody>\n<\/table>\n<p><strong><span>3.\u00a0<\/span><\/strong><strong><span>3A21\u00a0<\/span><\/strong><strong><span>propri\u00e9t\u00e9s physiques<\/span><\/strong><\/p>\n<table border=\"-\">\n<tbody>\n<tr>\n<td width=\"97\"><span>Nuance et \u00e9tat de l'alliage d'aluminium<\/span><\/td>\n<td width=\"106\"><span>r\u00e9sistance \u00e0 la traction<\/span><\/p>\n<p>Rm\/Mpa<\/td>\n<td width=\"99\"><span>Rendement du rendement<\/span><\/p>\n<p>Rp0,2\/Mpa<\/td>\n<td width=\"96\"><span>\u00c9longation\/%<\/span><\/td>\n<td width=\"102\"><span>Duret\u00e9\/HBW\u03b1<\/span><\/td>\n<td width=\"105\"><span>densit\u00e9<\/span><\/p>\n<p><span>(20 \u2103) (g \/ cm3)<\/span><\/td>\n<\/tr>\n<tr>\n<td width=\"97\"><span>3a21-h112<\/span><\/td>\n<td width=\"106\">120<\/td>\n<td width=\"99\"><span>&#8211;<\/span><\/td>\n<td width=\"96\">16<\/td>\n<td width=\"102\"><span>&#8211;<\/span><\/td>\n<td width=\"105\">2.75<\/td>\n<\/tr>\n<\/tbody>\n<\/table>\n<p><strong>\u00a0<\/strong><strong>\u00a0<\/strong><strong><span>Four: Applicable areas<\/span><\/strong><\/p>\n<p><span>\u00a0 \u00a0 \u00a0 3A21 is mainly used for welding parts such as aerospace, military equipment, tooling and fixtures, automobiles, transportation, propellant storage boxes, welded structural cabin skins, end frames, brackets and other welded parts, as well as conduits that work in corrosive media.<\/span><\/p>","protected":false},"excerpt":{"rendered":"<p>Scope of supply of Aviation Group: It can be customized non-standard, aluminum plate (whole plate\/cut), aluminum rod, aluminum forgings, aluminum [&hellip;]<\/p>","protected":false},"featured_media":510,"template":"","meta":{"site-sidebar-layout":"default","site-content-layout":"","ast-site-content-layout":"default","site-content-style":"default","site-sidebar-style":"default","ast-global-header-display":"","ast-banner-title-visibility":"","ast-main-header-display":"","ast-hfb-above-header-display":"","ast-hfb-below-header-display":"","ast-hfb-mobile-header-display":"","site-post-title":"","ast-breadcrumbs-content":"","ast-featured-img":"","footer-sml-layout":"","theme-transparent-header-meta":"default","adv-header-id-meta":"","stick-header-meta":"","header-above-stick-meta":"","header-main-stick-meta":"","header-below-stick-meta":"","astra-migrate-meta-layouts":"set","ast-page-background-enabled":"default","ast-page-background-meta":{"desktop":{"background-color":"var(--ast-global-color-5)","background-image":"","background-repeat":"repeat","background-position":"center center","background-size":"auto","background-attachment":"scroll","background-type":"","background-media":"","overlay-type":"","overlay-color":"","overlay-opacity":"","overlay-gradient":""},"tablet":{"background-color":"","background-image":"","background-repeat":"repeat","background-position":"center center","background-size":"auto","background-attachment":"scroll","background-type":"","background-media":"","overlay-type":"","overlay-color":"","overlay-opacity":"","overlay-gradient":""},"mobile":{"background-color":"","background-image":"","background-repeat":"repeat","background-position":"center center","background-size":"auto","background-attachment":"scroll","background-type":"","background-media":"","overlay-type":"","overlay-color":"","overlay-opacity":"","overlay-gradient":""}},"ast-content-background-meta":{"desktop":{"background-color":"var(--ast-global-color-4)","background-image":"","background-repeat":"repeat","background-position":"center center","background-size":"auto","background-attachment":"scroll","background-type":"","background-media":"","overlay-type":"","overlay-color":"","overlay-opacity":"","overlay-gradient":""},"tablet":{"background-color":"var(--ast-global-color-4)","background-image":"","background-repeat":"repeat","background-position":"center center","background-size":"auto","background-attachment":"scroll","background-type":"","background-media":"","overlay-type":"","overlay-color":"","overlay-opacity":"","overlay-gradient":""},"mobile":{"background-color":"var(--ast-global-color-4)","background-image":"","background-repeat":"repeat","background-position":"center center","background-size":"auto","background-attachment":"scroll","background-type":"","background-media":"","overlay-type":"","overlay-color":"","overlay-opacity":"","overlay-gradient":""}}},"product_brand":[],"product_cat":[29],"product_tag":[],"class_list":{"0":"post-509","1":"product","2":"type-product","3":"status-publish","4":"has-post-thumbnail","6":"product_cat-aviation-aluminum-alloy","7":"desktop-align-left","8":"tablet-align-left","9":"mobile-align-left","11":"first","12":"instock","13":"shipping-taxable","14":"product-type-simple"},"_links":{"self":[{"href":"https:\/\/www.dura-alloy.com\/fr\/wp-json\/wp\/v2\/product\/509","targetHints":{"allow":["GET"]}}],"collection":[{"href":"https:\/\/www.dura-alloy.com\/fr\/wp-json\/wp\/v2\/product"}],"about":[{"href":"https:\/\/www.dura-alloy.com\/fr\/wp-json\/wp\/v2\/types\/product"}],"version-history":[{"count":0,"href":"https:\/\/www.dura-alloy.com\/fr\/wp-json\/wp\/v2\/product\/509\/revisions"}],"wp:featuredmedia":[{"embeddable":true,"href":"https:\/\/www.dura-alloy.com\/fr\/wp-json\/wp\/v2\/media\/510"}],"wp:attachment":[{"href":"https:\/\/www.dura-alloy.com\/fr\/wp-json\/wp\/v2\/media?parent=509"}],"wp:term":[{"taxonomy":"product_brand","embeddable":true,"href":"https:\/\/www.dura-alloy.com\/fr\/wp-json\/wp\/v2\/product_brand?post=509"},{"taxonomy":"product_cat","embeddable":true,"href":"https:\/\/www.dura-alloy.com\/fr\/wp-json\/wp\/v2\/product_cat?post=509"},{"taxonomy":"product_tag","embeddable":true,"href":"https:\/\/www.dura-alloy.com\/fr\/wp-json\/wp\/v2\/product_tag?post=509"}],"curies":[{"name":"wp","href":"https:\/\/api.w.org\/{rel}","templated":true}]}}