{"id":506,"date":"2025-06-16T06:41:35","date_gmt":"2025-06-16T06:41:35","guid":{"rendered":"https:\/\/dura-alloy.com\/?post_type=product&#038;p=506"},"modified":"2025-06-16T06:42:21","modified_gmt":"2025-06-16T06:42:21","slug":"2a14","status":"publish","type":"product","link":"https:\/\/www.dura-alloy.com\/fr\/produit\/2a14\/","title":{"rendered":"2A14"},"content":{"rendered":"<p style=\"text-align: center;\"><strong><span>\u00c9tendue de la fourniture du groupe Aviation :<\/span><\/strong><\/p>\n<p><strong><span>Il peut \u00eatre personnalis\u00e9 hors norme, plaque d'aluminium (plaque enti\u00e8re\/coupe), tige d'aluminium, pi\u00e8ces forg\u00e9es en aluminium, tubes d'aluminium, profils d'aluminium, etc. N'h\u00e9sitez pas \u00e0 vous renseigner !<\/span><\/strong><\/p>\n<p><strong><span>1. Introduction \u00e0 la\u00a0<\/span><\/strong><strong><span>2A14\u00a0<\/span><\/strong><strong><span>Mat\u00e9riaux<\/span><\/strong><\/p>\n<p><span>\u00a0 \u00a0 \u00a0 L'alliage d'aluminium 2A14 est un alliage d'aluminium dur, dont l'ancienne qualit\u00e9 est LD10. L'alliage 2A14 a une teneur \u00e9lev\u00e9e en cuivre, une r\u00e9sistance \u00e9lev\u00e9e, une bonne r\u00e9sistance thermique, une bonne usinabilit\u00e9, une bonne r\u00e9sistivit\u00e9, des performances de soudage par points et de soudage \u00e0 la molette, peut \u00eatre trait\u00e9 thermiquement et renforc\u00e9, et a un effet d'extrusion, mais il y a des diff\u00e9rences dans les propri\u00e9t\u00e9s longitudinales et transversales. La r\u00e9sistance \u00e0 la corrosion n'est pas tr\u00e8s bonne, et la tendance \u00e0 la corrosion intergranulaire, \u00e0 la corrosion sous contrainte et \u00e0 la fracture appara\u00eetra dans l'\u00e9tat de vieillissement artificiel.<\/span><\/p>\n<p><span>2.\u00a0<\/span><strong><span>2A12\u00a0<\/span><\/strong><strong><span>composition chimique<\/span><\/strong><\/p>\n<table border=\"-\">\n<tbody>\n<tr>\n<td colspan=\"2\" width=\"102\"><span>M\u00e9daille en alliage<\/span><\/td>\n<td width=\"48\"><span>Silicium Si<\/span><\/td>\n<td width=\"48\"><span>Fer Fe<\/span><\/td>\n<td width=\"49\"><span>\u94dc avec<\/span><\/td>\n<td width=\"46\"><span>Mangan\u00e8se Mn<\/span><\/td>\n<td width=\"47\"><span>Magn\u00e9sium Mg<\/span><\/td>\n<td width=\"46\"><span>Zinc Zn<\/span><\/td>\n<td width=\"48\"><span>Titane Ti<\/span><\/td>\n<td width=\"46\"><span>Ni<\/span><\/td>\n<td colspan=\"2\" width=\"91\"><span>autres<\/span><\/td>\n<td width=\"47\"><span>Aluminium AL<\/span><\/td>\n<\/tr>\n<tr>\n<td width=\"51\"><span>Nouveau grade<\/span><\/td>\n<td width=\"51\"><span>Ancienne marque<\/span><\/td>\n<td rowspan=\"2\" width=\"48\"><span>0.6-1.2<\/span><\/td>\n<td rowspan=\"2\" width=\"48\"><span>0.70<\/span><\/td>\n<td rowspan=\"2\" width=\"49\"><span>3.9-4.8<\/span><\/td>\n<td rowspan=\"2\" width=\"46\"><span>0.4-1.0<\/span><\/td>\n<td rowspan=\"2\" width=\"47\"><span>0.4-0.8<\/span><\/td>\n<td rowspan=\"2\" width=\"46\"><span>0.30<\/span><\/td>\n<td rowspan=\"2\" width=\"48\"><span>0.15<\/span><\/td>\n<td rowspan=\"2\" width=\"46\"><span>0.10<\/span><\/td>\n<td width=\"43\"><span>Chaque<\/span><\/td>\n<td width=\"47\"><span>total<\/span><\/td>\n<td rowspan=\"2\" width=\"47\"><span>marge<\/span><\/td>\n<\/tr>\n<tr>\n<td width=\"51\"><span>2a14<\/span><\/td>\n<td width=\"51\"><span>LD10<\/span><\/td>\n<td width=\"43\"><span>0.05<\/span><\/td>\n<td width=\"47\"><span>0.10<\/span><\/td>\n<\/tr>\n<\/tbody>\n<\/table>\n<p><strong><span>3.\u00a0<\/span><\/strong><strong><span>2A14\u00a0<\/span><\/strong><strong><span>propri\u00e9t\u00e9s physiques et sp\u00e9cifications du traitement thermique<\/span><\/strong><\/p>\n<table border=\"-\">\n<tbody>\n<tr>\n<td width=\"91\"><span>Nuance et \u00e9tat de l'alliage d'aluminium<\/span><\/td>\n<td width=\"100\"><span>r\u00e9sistance \u00e0 la traction<\/span><\/p>\n<p><span>Rm\/Mpa<\/span><\/td>\n<td width=\"93\"><span>Rendement du rendement<\/span><\/p>\n<p><span>Rp0,2\/Mpa<\/span><\/td>\n<td width=\"91\"><span>\u00c9longation\/%<\/span><\/td>\n<td width=\"96\"><span>Duret\u00e9\/HBW\u03b1<\/span><\/td>\n<td width=\"146\"><span>densit\u00e9<\/span><\/p>\n<p><span>(20 \u2103) (g \/ cm3)<\/span><\/td>\n<\/tr>\n<tr>\n<td width=\"91\"><span>2A14-T4<\/span><\/td>\n<td width=\"100\"><span>440<\/span><\/td>\n<td width=\"93\"><span>280<\/span><\/td>\n<td width=\"91\"><span>10<\/span><\/td>\n<td width=\"96\"><span>120<\/span><\/td>\n<td width=\"146\"><span>2.8<\/span><\/td>\n<\/tr>\n<\/tbody>\n<\/table>\n<p><span>Statut de l'usine d'alliage d'aluminium 2A14 :<\/span><\/p>\n<p><span>\u00a0 \u00a0 \u00a0 Les alliages d'aluminium dur de la s\u00e9rie 2 sont disponibles en O, T4, T6, H12, H14, H18, H112, F<\/span><\/p>\n<p><span>\u00a0 \u00a0 \u00a0 Les cat\u00e9gories d'alliages d'aluminium 2A14 comprennent les plaques d'aluminium, les pi\u00e8ces forg\u00e9es en aluminium, les barres d'aluminium, les rubans d'aluminium, les bobines d'aluminium, les feuilles d'aluminium et les tubes d'aluminium.<\/span><\/p>\n<p><strong><span>2A14\u00a0<\/span><\/strong><strong><span>Sp\u00e9cifications du traitement thermique<\/span><\/strong><\/p>\n<p><span>1) Recuit d'homog\u00e9n\u00e9isation : Chauffage \u00e0 475-490\u2103 ; isolation pendant 12-14 heures ; refroidissement du four.<\/span><\/p>\n<p><span>2) Recuit complet : Chauffer 350~400\u2103 ; selon l'\u00e9paisseur effective du mat\u00e9riau, le temps d'isolation est 30~120min ; refroidir avec le four \u00e0 300\u2103 \u00e0 une vitesse de 30~50\u2103\/h, puis refroidir \u00e0 l'air.<\/span><\/p>\n<p><span>3) Recuit rapide : Chauffage \u00e0 350-460\u2103 ; temps d'isolation \u00e0 30-120min ; refroidissement \u00e0 l'air.<\/span><\/p>\n<p><span>4) Trempe et vieillissement : Trempe est 495-505\u2103, refroidi \u00e0 l'eau ; vieillissement naturel est 96h temp\u00e9rature ambiante.<\/span><\/p>\n<p><strong>\u00a0<\/strong><strong><span>4. 2A14 champs d'application<\/span><\/strong><strong>\u00a0<\/strong><\/p>\n<ul>\n<li><span>L'alliage d'aluminium 2A14 est utilis\u00e9 pour fabriquer des pi\u00e8ces forg\u00e9es libres et des pi\u00e8ces forg\u00e9es sous pression qui supportent des charges \u00e9lev\u00e9es. Il est \u00e9galement utilis\u00e9 dans les grands cadres, les ponts, les grandes coquilles, les pi\u00e8ces structurelles automobiles, etc.<\/span><\/li>\n<li><span>L'aluminium 2A14 est principalement utilis\u00e9 dans les pi\u00e8ces structurelles des avions.<\/span><\/li>\n<li><span>Appliqu\u00e9 au r\u00e9servoir de carburant du premier \u00e9tage et aux pi\u00e8ces de l'engin spatial des fus\u00e9es \u00e0 plusieurs \u00e9tages.<\/span><\/li>\n<li><span>Pour les ch\u00e2ssis de camions et les pi\u00e8ces du syst\u00e8me de suspension.\u00a0<\/span><\/li>\n<\/ul>","protected":false},"excerpt":{"rendered":"<p>Scope of supply of Aviation Group: It can be customized non-standard, aluminum plate (whole plate\/cut), aluminum rod, aluminum forgings, aluminum [&hellip;]<\/p>","protected":false},"featured_media":508,"template":"","meta":{"site-sidebar-layout":"default","site-content-layout":"","ast-site-content-layout":"default","site-content-style":"default","site-sidebar-style":"default","ast-global-header-display":"","ast-banner-title-visibility":"","ast-main-header-display":"","ast-hfb-above-header-display":"","ast-hfb-below-header-display":"","ast-hfb-mobile-header-display":"","site-post-title":"","ast-breadcrumbs-content":"","ast-featured-img":"","footer-sml-layout":"","theme-transparent-header-meta":"default","adv-header-id-meta":"","stick-header-meta":"","header-above-stick-meta":"","header-main-stick-meta":"","header-below-stick-meta":"","astra-migrate-meta-layouts":"set","ast-page-background-enabled":"default","ast-page-background-meta":{"desktop":{"background-color":"var(--ast-global-color-5)","background-image":"","background-repeat":"repeat","background-position":"center center","background-size":"auto","background-attachment":"scroll","background-type":"","background-media":"","overlay-type":"","overlay-color":"","overlay-opacity":"","overlay-gradient":""},"tablet":{"background-color":"","background-image":"","background-repeat":"repeat","background-position":"center center","background-size":"auto","background-attachment":"scroll","background-type":"","background-media":"","overlay-type":"","overlay-color":"","overlay-opacity":"","overlay-gradient":""},"mobile":{"background-color":"","background-image":"","background-repeat":"repeat","background-position":"center center","background-size":"auto","background-attachment":"scroll","background-type":"","background-media":"","overlay-type":"","overlay-color":"","overlay-opacity":"","overlay-gradient":""}},"ast-content-background-meta":{"desktop":{"background-color":"var(--ast-global-color-4)","background-image":"","background-repeat":"repeat","background-position":"center center","background-size":"auto","background-attachment":"scroll","background-type":"","background-media":"","overlay-type":"","overlay-color":"","overlay-opacity":"","overlay-gradient":""},"tablet":{"background-color":"var(--ast-global-color-4)","background-image":"","background-repeat":"repeat","background-position":"center center","background-size":"auto","background-attachment":"scroll","background-type":"","background-media":"","overlay-type":"","overlay-color":"","overlay-opacity":"","overlay-gradient":""},"mobile":{"background-color":"var(--ast-global-color-4)","background-image":"","background-repeat":"repeat","background-position":"center center","background-size":"auto","background-attachment":"scroll","background-type":"","background-media":"","overlay-type":"","overlay-color":"","overlay-opacity":"","overlay-gradient":""}}},"product_brand":[],"product_cat":[29],"product_tag":[],"class_list":{"0":"post-506","1":"product","2":"type-product","3":"status-publish","4":"has-post-thumbnail","6":"product_cat-aviation-aluminum-alloy","7":"desktop-align-left","8":"tablet-align-left","9":"mobile-align-left","11":"first","12":"instock","13":"shipping-taxable","14":"product-type-simple"},"_links":{"self":[{"href":"https:\/\/www.dura-alloy.com\/fr\/wp-json\/wp\/v2\/product\/506","targetHints":{"allow":["GET"]}}],"collection":[{"href":"https:\/\/www.dura-alloy.com\/fr\/wp-json\/wp\/v2\/product"}],"about":[{"href":"https:\/\/www.dura-alloy.com\/fr\/wp-json\/wp\/v2\/types\/product"}],"version-history":[{"count":0,"href":"https:\/\/www.dura-alloy.com\/fr\/wp-json\/wp\/v2\/product\/506\/revisions"}],"wp:featuredmedia":[{"embeddable":true,"href":"https:\/\/www.dura-alloy.com\/fr\/wp-json\/wp\/v2\/media\/508"}],"wp:attachment":[{"href":"https:\/\/www.dura-alloy.com\/fr\/wp-json\/wp\/v2\/media?parent=506"}],"wp:term":[{"taxonomy":"product_brand","embeddable":true,"href":"https:\/\/www.dura-alloy.com\/fr\/wp-json\/wp\/v2\/product_brand?post=506"},{"taxonomy":"product_cat","embeddable":true,"href":"https:\/\/www.dura-alloy.com\/fr\/wp-json\/wp\/v2\/product_cat?post=506"},{"taxonomy":"product_tag","embeddable":true,"href":"https:\/\/www.dura-alloy.com\/fr\/wp-json\/wp\/v2\/product_tag?post=506"}],"curies":[{"name":"wp","href":"https:\/\/api.w.org\/{rel}","templated":true}]}}