{"id":282,"date":"2025-06-11T04:49:46","date_gmt":"2025-06-11T04:49:46","guid":{"rendered":"https:\/\/dura-alloy.com\/?post_type=product&#038;p=282"},"modified":"2025-06-11T04:49:46","modified_gmt":"2025-06-11T04:49:46","slug":"904l","status":"publish","type":"product","link":"https:\/\/www.dura-alloy.com\/fr\/produit\/904l\/","title":{"rendered":"904L"},"content":{"rendered":"<p style=\"text-align: center;\"><strong><span>L'offre de notre soci\u00e9t\u00e9 comprend<\/span><\/strong><\/p>\n<p style=\"text-align: center;\"><strong><span>Pi\u00e8ces forg\u00e9es non standard, barres rondes, plaques\/ceintures en acier, raccords de tuyauterie \u00e0 bride, tuyaux sans soudure, capillaires, etc. N'h\u00e9sitez pas \u00e0 vous renseigner !<\/span><\/strong><\/p>\n<p><strong><span>1.\u00a0<\/span><\/strong><strong><span>Introduction aux mat\u00e9riaux 904L<\/span><\/strong><\/p>\n<p><span>\u00a0 \u00a0 \u00a0 L'acier inoxydable super aust\u00e9nitique 904L est un acier inoxydable aust\u00e9nitique \u00e0 faible teneur en carbone, \u00e0 forte teneur en nickel et en molybd\u00e8ne, r\u00e9sistant \u00e0 l'acide. Il s'agit d'un mat\u00e9riau brevet\u00e9 introduit par la soci\u00e9t\u00e9 fran\u00e7aise H.S. Il poss\u00e8de une bonne capacit\u00e9 de transformation par activation-passivation, une excellente r\u00e9sistance \u00e0 la corrosion, une excellente r\u00e9sistance \u00e0 la corrosion dans les acides non oxydants tels que l'acide sulfurique, l'acide ac\u00e9tique, l'acide formique et l'acide phosphorique, une bonne r\u00e9sistance \u00e0 la piq\u00fbre dans les milieux neutres contenant du chlorure, une bonne r\u00e9sistance \u00e0 la corrosion anti-cavit\u00e9 et \u00e0 la corrosion sous contrainte. Il convient \u00e0 l'acide sulfurique \u00e0 diverses concentrations inf\u00e9rieures \u00e0 70\u00b0C. Il est \u00e9galement tr\u00e8s r\u00e9sistant \u00e0 la corrosion dans l'acide \u00e0 n'importe quelle concentration ou temp\u00e9rature sous pression normale, et dans le m\u00e9lange d'acide formique et d'acide ac\u00e9tique.<\/span><\/p>\n<p><strong><span>2. Composition chimique du 904L<\/span><\/strong><\/p>\n<table border=\"-\" width=\"1120\">\n<tbody>\n<tr>\n<td width=\"97\"><span>alliage<\/span><\/td>\n<td width=\"64\"><span>%<\/span><\/td>\n<td width=\"51\"><span>Chrome Cr<\/span><\/td>\n<td width=\"51\"><span>Carbone C<\/span><\/td>\n<td width=\"51\"><span>Mangan\u00e8se Mn<\/span><\/td>\n<td width=\"51\"><span>Silicium Si<\/span><\/td>\n<td width=\"51\"><span>Phosphore P<\/span><\/td>\n<td width=\"51\"><span>Soufre S<\/span><\/td>\n<td width=\"51\"><span>Ni<\/span><\/td>\n<td width=\"51\"><span>Molybd\u00e8ne Mo<\/span><\/td>\n<td width=\"51\"><span>Cuivre Cu<\/span><\/td>\n<\/tr>\n<tr>\n<td rowspan=\"2\" width=\"97\"><span>904L<\/span><\/td>\n<td width=\"64\"><span>Valeur minimale<\/span><\/td>\n<td width=\"51\"><span>19.0<\/span><\/td>\n<td width=\"51\"><span>&#8211;<\/span><\/td>\n<td width=\"51\"><span>&#8211;<\/span><\/td>\n<td width=\"51\"><span>&#8211;<\/span><\/td>\n<td width=\"51\"><span>&#8211;<\/span><\/td>\n<td width=\"51\"><span>&#8211;<\/span><\/td>\n<td width=\"51\"><span>23.0<\/span><\/td>\n<td width=\"51\"><span>4.0<\/span><\/td>\n<td width=\"51\"><span>1.0<\/span><\/td>\n<\/tr>\n<tr>\n<td width=\"64\"><span>Valeur maximale<\/span><\/td>\n<td width=\"51\"><span>23.0<\/span><\/td>\n<td width=\"51\"><span>0.02<\/span><\/td>\n<td width=\"51\"><span>2.0<\/span><\/td>\n<td width=\"51\"><span>1.0<\/span><\/td>\n<td width=\"51\"><span>0.045<\/span><\/td>\n<td width=\"51\"><span>0.035<\/span><\/td>\n<td width=\"51\"><span>28.0<\/span><\/td>\n<td width=\"51\"><span>5.0<\/span><\/td>\n<td width=\"51\"><span>2.0<\/span><\/td>\n<\/tr>\n<\/tbody>\n<\/table>\n<p><strong><span>3. Propri\u00e9t\u00e9s physiques du 904L<\/span><\/strong><\/p>\n<p><span>Propri\u00e9t\u00e9s m\u00e9caniques :<\/span><\/p>\n<table border=\"-\">\n<tbody>\n<tr>\n<td width=\"96\"><span>Densit\u00e9<\/span><\/td>\n<td width=\"144\"><span>8,0 g\/cm3<\/span><\/td>\n<\/tr>\n<tr>\n<td width=\"96\"><span>Point de fusion<\/span><\/td>\n<td width=\"144\"><span>1300-1390 \u2103<\/span><\/td>\n<\/tr>\n<\/tbody>\n<\/table>\n<p>&nbsp;<\/p>\n<p><span>Valeur minimale des propri\u00e9t\u00e9s m\u00e9caniques des alliages \u00e0 temp\u00e9rature ambiante :<\/span><\/p>\n<table border=\"-\">\n<tbody>\n<tr>\n<td width=\"108\"><span>Statut de l'alliage<\/span><\/td>\n<td width=\"93\"><span>r\u00e9sistance \u00e0 la traction<\/span><\/p>\n<p><span>Rm N\/mm2<\/span><\/td>\n<td width=\"120\"><span>Limite d'\u00e9lasticit\u00e9 RP0.2N\/mm2<\/span><\/td>\n<td width=\"87\"><span>\u00c9longation<\/span><\/p>\n<p><span>A5 %<\/span><\/td>\n<\/tr>\n<tr>\n<td width=\"108\"><span>904L<\/span><\/td>\n<td width=\"93\"><span>520<\/span><\/td>\n<td width=\"120\"><span>216<\/span><\/td>\n<td width=\"87\"><span>35<\/span><\/td>\n<\/tr>\n<\/tbody>\n<\/table>\n<p><strong><span>3. R\u00e9sistance \u00e0 la corrosion 904L<\/span><\/strong><\/p>\n<p><span>\u00a0 \u00a0 \u00a0 La teneur en carbone du 904L \u00e9tant tr\u00e8s faible (maximum 0,020%), il n'y a pas de pr\u00e9cipitation de carbure en cas de traitement thermique g\u00e9n\u00e9ral et de soudage. Cela \u00e9limine le risque de corrosion intergranulaire qui se produit apr\u00e8s le traitement thermique g\u00e9n\u00e9ral et le soudage. En raison de sa teneur \u00e9lev\u00e9e en chrome, nickel et molybd\u00e8ne et de l'ajout d'\u00e9l\u00e9ments de cuivre, le 904L peut \u00eatre passiv\u00e9 m\u00eame dans un environnement r\u00e9ducteur, tel que l'acide sulfurique et l'acide formique. La teneur \u00e9lev\u00e9e en nickel permet \u00e9galement de r\u00e9duire la vitesse de corrosion \u00e0 l'\u00e9tat actif ;<\/span><\/p>\n<p><span>\u00a0 \u00a0 \u00a0 Dans l'acide sulfurique pur \u00e0 une concentration de 0~98%, la temp\u00e9rature de fonctionnement du 904L peut atteindre 40 degr\u00e9s Celsius. Dans l'acide phosphorique pur \u00e0 une concentration de 0~85%, sa r\u00e9sistance \u00e0 la corrosion est tr\u00e8s bonne ;<\/span><\/p>\n<p><span>\u00a0 \u00a0 \u00a0 Dans l'acide phosphorique industriel produit par voie humide, les impuret\u00e9s ont un impact important sur la r\u00e9sistance \u00e0 la corrosion. Parmi les diff\u00e9rents acides phosphoriques, le 904L est meilleur que l'acier inoxydable ordinaire. Dans l'acide nitrique fortement oxydant, la r\u00e9sistance \u00e0 la corrosion de l'acier 904L est inf\u00e9rieure \u00e0 celle des aciers fortement alli\u00e9s sans molybd\u00e8ne ;<\/span><\/p>\n<p><span>\u00a0 \u00a0 \u00a0 Dans l'acide chlorhydrique, l'utilisation de 904L est limit\u00e9e \u00e0 une concentration inf\u00e9rieure de 1-2%. Dans cette gamme de concentration, la r\u00e9sistance \u00e0 la corrosion du 904L est meilleure que celle de l'acier inoxydable conventionnel. La r\u00e9sistance \u00e0 la corrosion de l'acier 904L est meilleure que celle de l'acier inoxydable conventionnel. L'acier 904L pr\u00e9sente une r\u00e9sistance \u00e9lev\u00e9e \u00e0 la corrosion par piq\u00fbres ;<\/span><\/p>\n<p><span>\u00a0 \u00a0 \u00a0 Sa capacit\u00e9 anti-cavit\u00e9 est \u00e9galement tr\u00e8s bonne dans les solutions de chlorure. La teneur \u00e9lev\u00e9e en nickel du 904L r\u00e9duit la vitesse de corrosion dans les piq\u00fbres et les interstices. Les aciers inoxydables aust\u00e9nitiques courants peuvent \u00eatre sensibles \u00e0 la corrosion sous contrainte dans un environnement riche en chlorure \u00e0 des temp\u00e9ratures sup\u00e9rieures \u00e0 60 degr\u00e9s Celsius, et cette sensibilisation peut \u00eatre r\u00e9duite en augmentant la teneur en nickel de l'acier inoxydable. En raison de la teneur \u00e9lev\u00e9e en nickel, le 904L pr\u00e9sente une r\u00e9sistance \u00e9lev\u00e9e \u00e0 la corrosion sous contrainte et \u00e0 la rupture dans les solutions de chlorure, les solutions d'hydroxyde concentr\u00e9es et les environnements riches en sulfure d'hydrog\u00e8ne.<\/span><\/p>\n<p><strong><span>4. Domaines d'application du 904L<\/span><\/strong><\/p>\n<ul>\n<li><span>\u00c9quipements p\u00e9troliers et p\u00e9trochimiques, tels que les r\u00e9acteurs des \u00e9quipements p\u00e9trochimiques, etc.<\/span><\/li>\n<li><span>\u00c9quipement de stockage et de transport de l'acide sulfurique, tel que les \u00e9changeurs de chaleur, etc.<\/span><\/li>\n<li><span>Les principales pi\u00e8ces du dispositif de d\u00e9sulfuration des gaz de combustion de la centrale \u00e9lectrique comprennent : le corps de la tour, le conduit, le panneau de la porte de l'engrenage, les pi\u00e8ces internes, le syst\u00e8me de pulv\u00e9risation, etc. de la tour d'absorption.<\/span><\/li>\n<li><span>\u00c9purateurs et ventilateurs dans les syst\u00e8mes de traitement des acides organiques.<\/span><\/li>\n<li><span>Dispositifs de traitement de l'eau de mer, \u00e9changeurs de chaleur pour l'eau de mer, \u00e9quipements pour l'industrie papeti\u00e8re, \u00e9quipements pour l'acide sulfurique et l'acide nitrique, production d'acide, industrie pharmaceutique et autres \u00e9quipements chimiques, r\u00e9cipients sous pression et \u00e9quipements pour l'industrie alimentaire.<\/span><\/li>\n<li><span>Usine pharmaceutique : centrifugeuse, r\u00e9acteur, etc.<\/span><\/li>\n<li><span>Aliments v\u00e9g\u00e9taux : bo\u00eetes de sauce soja, vin de cuisine, bo\u00eetes de sel, \u00e9quipements et vinaigrettes.<\/span><\/li>\n<li><span>Le milieu tr\u00e8s corrosif de l'acide sulfurique dilu\u00e9 est un type d'acier correspondant.<\/span><\/li>\n<\/ul>","protected":false},"excerpt":{"rendered":"<p>Our company&#8217;s scope of supply includes Non-standard forgings, round rods, steel plates\/steel belts, flange pipe fittings, seamless pipes, capillaries, etc. [&hellip;]<\/p>","protected":false},"featured_media":284,"template":"","meta":{"site-sidebar-layout":"default","site-content-layout":"","ast-site-content-layout":"default","site-content-style":"default","site-sidebar-style":"default","ast-global-header-display":"","ast-banner-title-visibility":"","ast-main-header-display":"","ast-hfb-above-header-display":"","ast-hfb-below-header-display":"","ast-hfb-mobile-header-display":"","site-post-title":"","ast-breadcrumbs-content":"","ast-featured-img":"","footer-sml-layout":"","theme-transparent-header-meta":"default","adv-header-id-meta":"","stick-header-meta":"","header-above-stick-meta":"","header-main-stick-meta":"","header-below-stick-meta":"","astra-migrate-meta-layouts":"set","ast-page-background-enabled":"default","ast-page-background-meta":{"desktop":{"background-color":"var(--ast-global-color-5)","background-image":"","background-repeat":"repeat","background-position":"center center","background-size":"auto","background-attachment":"scroll","background-type":"","background-media":"","overlay-type":"","overlay-color":"","overlay-opacity":"","overlay-gradient":""},"tablet":{"background-color":"","background-image":"","background-repeat":"repeat","background-position":"center center","background-size":"auto","background-attachment":"scroll","background-type":"","background-media":"","overlay-type":"","overlay-color":"","overlay-opacity":"","overlay-gradient":""},"mobile":{"background-color":"","background-image":"","background-repeat":"repeat","background-position":"center center","background-size":"auto","background-attachment":"scroll","background-type":"","background-media":"","overlay-type":"","overlay-color":"","overlay-opacity":"","overlay-gradient":""}},"ast-content-background-meta":{"desktop":{"background-color":"var(--ast-global-color-4)","background-image":"","background-repeat":"repeat","background-position":"center center","background-size":"auto","background-attachment":"scroll","background-type":"","background-media":"","overlay-type":"","overlay-color":"","overlay-opacity":"","overlay-gradient":""},"tablet":{"background-color":"var(--ast-global-color-4)","background-image":"","background-repeat":"repeat","background-position":"center center","background-size":"auto","background-attachment":"scroll","background-type":"","background-media":"","overlay-type":"","overlay-color":"","overlay-opacity":"","overlay-gradient":""},"mobile":{"background-color":"var(--ast-global-color-4)","background-image":"","background-repeat":"repeat","background-position":"center center","background-size":"auto","background-attachment":"scroll","background-type":"","background-media":"","overlay-type":"","overlay-color":"","overlay-opacity":"","overlay-gradient":""}}},"product_brand":[],"product_cat":[30],"product_tag":[],"class_list":{"0":"post-282","1":"product","2":"type-product","3":"status-publish","4":"has-post-thumbnail","6":"product_cat-advanced-stainless-steel","7":"desktop-align-left","8":"tablet-align-left","9":"mobile-align-left","11":"first","12":"instock","13":"shipping-taxable","14":"product-type-simple"},"_links":{"self":[{"href":"https:\/\/www.dura-alloy.com\/fr\/wp-json\/wp\/v2\/product\/282","targetHints":{"allow":["GET"]}}],"collection":[{"href":"https:\/\/www.dura-alloy.com\/fr\/wp-json\/wp\/v2\/product"}],"about":[{"href":"https:\/\/www.dura-alloy.com\/fr\/wp-json\/wp\/v2\/types\/product"}],"version-history":[{"count":1,"href":"https:\/\/www.dura-alloy.com\/fr\/wp-json\/wp\/v2\/product\/282\/revisions"}],"predecessor-version":[{"id":285,"href":"https:\/\/www.dura-alloy.com\/fr\/wp-json\/wp\/v2\/product\/282\/revisions\/285"}],"wp:featuredmedia":[{"embeddable":true,"href":"https:\/\/www.dura-alloy.com\/fr\/wp-json\/wp\/v2\/media\/284"}],"wp:attachment":[{"href":"https:\/\/www.dura-alloy.com\/fr\/wp-json\/wp\/v2\/media?parent=282"}],"wp:term":[{"taxonomy":"product_brand","embeddable":true,"href":"https:\/\/www.dura-alloy.com\/fr\/wp-json\/wp\/v2\/product_brand?post=282"},{"taxonomy":"product_cat","embeddable":true,"href":"https:\/\/www.dura-alloy.com\/fr\/wp-json\/wp\/v2\/product_cat?post=282"},{"taxonomy":"product_tag","embeddable":true,"href":"https:\/\/www.dura-alloy.com\/fr\/wp-json\/wp\/v2\/product_tag?post=282"}],"curies":[{"name":"wp","href":"https:\/\/api.w.org\/{rel}","templated":true}]}}