{"id":280,"date":"2025-06-11T03:27:25","date_gmt":"2025-06-11T03:27:25","guid":{"rendered":"https:\/\/dura-alloy.com\/?post_type=product&#038;p=280"},"modified":"2025-06-11T03:29:30","modified_gmt":"2025-06-11T03:29:30","slug":"2520si2","status":"publish","type":"product","link":"https:\/\/www.dura-alloy.com\/fr\/produit\/2520si2\/","title":{"rendered":"2520Si2"},"content":{"rendered":"<p style=\"text-align: center;\"><strong>L'offre de notre soci\u00e9t\u00e9 comprend<\/strong><\/p>\n<p style=\"text-align: center;\"><strong>Pi\u00e8ces forg\u00e9es non standard, barres rondes, plaques\/ceintures en acier, raccords de tuyauterie \u00e0 bride, tuyaux sans soudure, capillaires, etc. N'h\u00e9sitez pas \u00e0 vous renseigner !<\/strong><\/p>\n<p><strong>1.\u00a0<\/strong><strong>Introduction aux mat\u00e9riaux 2520Si2<\/strong><\/p>\n<p>L'acier inoxydable 2520Si2 est un acier inoxydable aust\u00e9nitique au chrome et au nickel qui pr\u00e9sente une bonne r\u00e9sistance \u00e0 l'oxydation et \u00e0 la corrosion, car le pourcentage plus \u00e9lev\u00e9 de chrome et de nickel lui conf\u00e8re une bien meilleure r\u00e9sistance au fluage et lui permet de continuer \u00e0 fonctionner \u00e0 des temp\u00e9ratures \u00e9lev\u00e9es. Il s'agit d'un nouveau mat\u00e9riau am\u00e9lior\u00e9 sur la base du 310S.<\/p>\n<p><strong>2. Composition chimique de 2520Si2<\/strong><\/p>\n<table border=\"-\" width=\"1120\">\n<tbody>\n<tr>\n<td width=\"97\">alliage<\/td>\n<td width=\"64\">%<\/td>\n<td width=\"51\">Chrome Cr<\/td>\n<td width=\"51\">Carbone C<\/td>\n<td width=\"51\">Mangan\u00e8se Mn<\/td>\n<td width=\"51\">Silicium Si<\/td>\n<td width=\"51\">Phosphore P<\/td>\n<td width=\"51\">Soufre S<\/td>\n<td width=\"51\">Ni<\/td>\n<\/tr>\n<tr>\n<td rowspan=\"2\" width=\"97\">2520Si2<\/td>\n<td width=\"64\">Valeur minimale<\/td>\n<td width=\"51\">24.0<\/td>\n<td width=\"51\">&#8211;<\/td>\n<td width=\"51\">&#8211;<\/td>\n<td width=\"51\">1.50<\/td>\n<td width=\"51\">&#8211;<\/td>\n<td width=\"51\">&#8211;<\/td>\n<td width=\"51\">18.0<\/td>\n<\/tr>\n<tr>\n<td width=\"64\">Valeur maximale<\/td>\n<td width=\"51\">27.0<\/td>\n<td width=\"51\">0.20<\/td>\n<td width=\"51\">1.50<\/td>\n<td width=\"51\">2.50<\/td>\n<td width=\"51\">0.045<\/td>\n<td width=\"51\">0.030<\/td>\n<td width=\"51\">21.0<\/td>\n<\/tr>\n<\/tbody>\n<\/table>\n<p><strong>3. Performance physique de 2520Si2<\/strong><\/p>\n<p>Densit\u00e9 : 7,98<\/p>\n<p>Duret\u00e9 (HBW) : \u2264187<\/p>\n<p>R\u00e9sistance \u00e0 la traction (\u0431b)(Mpa) : \u2265540<\/p>\n<p>Limite d'\u00e9lasticit\u00e9 (\u03c3s) (Mpa) : \u2265230<\/p>\n<p>\u00c9longation (\u03b4)% : \u226535<\/p>\n<p><strong>4. Champs d'application du 2520Si2<\/strong><\/p>\n<p>Largement utilis\u00e9 dans les secteurs du p\u00e9trole, de l'\u00e9lectronique, des produits chimiques, de la m\u00e9decine, des textiles l\u00e9gers, de l'alimentation, des machines, de la construction, de l'\u00e9nergie nucl\u00e9aire, de l'a\u00e9rospatiale, de l'industrie militaire et d'autres industries.<\/p>","protected":false},"excerpt":{"rendered":"<p>Our company&#8217;s scope of supply includes Non-standard forgings, round rods, steel plates\/steel belts, flange pipe fittings, seamless pipes, capillaries, etc. [&hellip;]<\/p>","protected":false},"featured_media":281,"template":"","meta":{"site-sidebar-layout":"default","site-content-layout":"","ast-site-content-layout":"default","site-content-style":"default","site-sidebar-style":"default","ast-global-header-display":"","ast-banner-title-visibility":"","ast-main-header-display":"","ast-hfb-above-header-display":"","ast-hfb-below-header-display":"","ast-hfb-mobile-header-display":"","site-post-title":"","ast-breadcrumbs-content":"","ast-featured-img":"","footer-sml-layout":"","theme-transparent-header-meta":"default","adv-header-id-meta":"","stick-header-meta":"","header-above-stick-meta":"","header-main-stick-meta":"","header-below-stick-meta":"","astra-migrate-meta-layouts":"set","ast-page-background-enabled":"default","ast-page-background-meta":{"desktop":{"background-color":"var(--ast-global-color-5)","background-image":"","background-repeat":"repeat","background-position":"center center","background-size":"auto","background-attachment":"scroll","background-type":"","background-media":"","overlay-type":"","overlay-color":"","overlay-opacity":"","overlay-gradient":""},"tablet":{"background-color":"","background-image":"","background-repeat":"repeat","background-position":"center center","background-size":"auto","background-attachment":"scroll","background-type":"","background-media":"","overlay-type":"","overlay-color":"","overlay-opacity":"","overlay-gradient":""},"mobile":{"background-color":"","background-image":"","background-repeat":"repeat","background-position":"center center","background-size":"auto","background-attachment":"scroll","background-type":"","background-media":"","overlay-type":"","overlay-color":"","overlay-opacity":"","overlay-gradient":""}},"ast-content-background-meta":{"desktop":{"background-color":"var(--ast-global-color-4)","background-image":"","background-repeat":"repeat","background-position":"center center","background-size":"auto","background-attachment":"scroll","background-type":"","background-media":"","overlay-type":"","overlay-color":"","overlay-opacity":"","overlay-gradient":""},"tablet":{"background-color":"var(--ast-global-color-4)","background-image":"","background-repeat":"repeat","background-position":"center center","background-size":"auto","background-attachment":"scroll","background-type":"","background-media":"","overlay-type":"","overlay-color":"","overlay-opacity":"","overlay-gradient":""},"mobile":{"background-color":"var(--ast-global-color-4)","background-image":"","background-repeat":"repeat","background-position":"center center","background-size":"auto","background-attachment":"scroll","background-type":"","background-media":"","overlay-type":"","overlay-color":"","overlay-opacity":"","overlay-gradient":""}}},"product_brand":[],"product_cat":[30],"product_tag":[],"class_list":{"0":"post-280","1":"product","2":"type-product","3":"status-publish","4":"has-post-thumbnail","6":"product_cat-advanced-stainless-steel","7":"desktop-align-left","8":"tablet-align-left","9":"mobile-align-left","11":"first","12":"instock","13":"shipping-taxable","14":"product-type-simple"},"_links":{"self":[{"href":"https:\/\/www.dura-alloy.com\/fr\/wp-json\/wp\/v2\/product\/280","targetHints":{"allow":["GET"]}}],"collection":[{"href":"https:\/\/www.dura-alloy.com\/fr\/wp-json\/wp\/v2\/product"}],"about":[{"href":"https:\/\/www.dura-alloy.com\/fr\/wp-json\/wp\/v2\/types\/product"}],"version-history":[{"count":0,"href":"https:\/\/www.dura-alloy.com\/fr\/wp-json\/wp\/v2\/product\/280\/revisions"}],"wp:featuredmedia":[{"embeddable":true,"href":"https:\/\/www.dura-alloy.com\/fr\/wp-json\/wp\/v2\/media\/281"}],"wp:attachment":[{"href":"https:\/\/www.dura-alloy.com\/fr\/wp-json\/wp\/v2\/media?parent=280"}],"wp:term":[{"taxonomy":"product_brand","embeddable":true,"href":"https:\/\/www.dura-alloy.com\/fr\/wp-json\/wp\/v2\/product_brand?post=280"},{"taxonomy":"product_cat","embeddable":true,"href":"https:\/\/www.dura-alloy.com\/fr\/wp-json\/wp\/v2\/product_cat?post=280"},{"taxonomy":"product_tag","embeddable":true,"href":"https:\/\/www.dura-alloy.com\/fr\/wp-json\/wp\/v2\/product_tag?post=280"}],"curies":[{"name":"wp","href":"https:\/\/api.w.org\/{rel}","templated":true}]}}