{"id":275,"date":"2025-06-11T03:09:34","date_gmt":"2025-06-11T03:09:34","guid":{"rendered":"https:\/\/dura-alloy.com\/?post_type=product&#038;p=275"},"modified":"2025-06-11T03:09:34","modified_gmt":"2025-06-11T03:09:34","slug":"309s","status":"publish","type":"product","link":"https:\/\/www.dura-alloy.com\/fr\/produit\/309s\/","title":{"rendered":"309S"},"content":{"rendered":"<p style=\"text-align: center;\"><strong><span>L'offre de notre soci\u00e9t\u00e9 comprend<\/span><\/strong><\/p>\n<p style=\"text-align: center;\"><strong><span>Pi\u00e8ces forg\u00e9es non standard, barres rondes, plaques\/ceintures en acier, raccords de tuyauterie \u00e0 bride, tuyaux sans soudure, capillaires, etc. N'h\u00e9sitez pas \u00e0 vous renseigner !<\/span><\/strong><\/p>\n<p><strong><span>1.\u00a0<\/span><\/strong><strong><span>Introduction aux mat\u00e9riaux 309S<\/span><\/strong><\/p>\n<p><span>309S est un acier inoxydable facile \u00e0 couper, contenant du soufre, qui est utilis\u00e9 dans les cas o\u00f9 une coupe facile et une finition de surface \u00e9lev\u00e9e sont principalement requises. Le 309s est une variante de l'acier inoxydable 309 \u00e0 faible teneur en carbone et est utilis\u00e9 dans les situations o\u00f9 le soudage est n\u00e9cessaire. Une faible teneur en carbone minimise la pr\u00e9cipitation de carbures dans la zone affect\u00e9e thermiquement pr\u00e8s de la soudure, et la pr\u00e9cipitation de carbures peut provoquer une corrosion intergranulaire (\u00e9rosion par soudage) de l'acier inoxydable dans certains environnements.<\/span><\/p>\n<p><span>Sa teneur \u00e9lev\u00e9e en chrome et en nickel garantit une bonne r\u00e9sistance \u00e0 la corrosion et \u00e0 l'oxydation. Par rapport \u00e0 l'alliage aust\u00e9nitique 304, il est l\u00e9g\u00e8rement plus r\u00e9sistant \u00e0 temp\u00e9rature ambiante.<\/span><\/p>\n<p><strong><span>2. Composition chimique du 309S<\/span><\/strong><\/p>\n<table border=\"-\" width=\"1120\">\n<tbody>\n<tr>\n<td width=\"99\"><span>alliage<\/span><\/td>\n<td width=\"65\"><span>%<\/span><\/td>\n<td width=\"52\"><span>Chrome Cr<\/span><\/td>\n<td width=\"52\"><span>Carbone C<\/span><\/td>\n<td width=\"52\"><span>Mangan\u00e8se Mn<\/span><\/td>\n<td width=\"52\"><span>Silicium Si<\/span><\/td>\n<td width=\"52\"><span>Phosphore P<\/span><\/td>\n<td width=\"52\"><span>Soufre S<\/span><\/td>\n<td width=\"52\"><span>Ni<\/span><\/td>\n<td width=\"52\"><span>Titane Ti<\/span><\/td>\n<\/tr>\n<tr>\n<td rowspan=\"2\" width=\"99\"><span>309S<\/span><\/td>\n<td width=\"65\"><span>Valeur minimale<\/span><\/td>\n<td width=\"52\"><span>17.0<\/span><\/td>\n<td width=\"52\"><span>&#8211;<\/span><\/td>\n<td width=\"52\"><span>&#8211;<\/span><\/td>\n<td width=\"52\"><span>&#8211;<\/span><\/td>\n<td width=\"52\"><span>&#8211;<\/span><\/td>\n<td width=\"52\"><span>&#8211;<\/span><\/td>\n<td width=\"52\"><span>9.0<\/span><\/td>\n<td width=\"52\"><span>5*C%<\/span><\/td>\n<\/tr>\n<tr>\n<td width=\"65\"><span>Valeur maximale<\/span><\/td>\n<td width=\"52\"><span>19.0<\/span><\/td>\n<td width=\"52\"><span>0.08<\/span><\/td>\n<td width=\"52\"><span>2.00<\/span><\/td>\n<td width=\"52\"><span>1.00<\/span><\/td>\n<td width=\"52\"><span>0.035<\/span><\/td>\n<td width=\"52\"><span>0.030<\/span><\/td>\n<td width=\"52\"><span>12.0<\/span><\/td>\n<td width=\"52\"><span>&#8211;<\/span><\/td>\n<\/tr>\n<\/tbody>\n<\/table>\n<p><strong><span>3. 309S propri\u00e9t\u00e9s m\u00e9caniques<\/span><\/strong><\/p>\n<p><span>R\u00e9sistance \u00e0 la traction \u03c3b (MPa) : \u2265520<\/span><\/p>\n<p><span>Limite d'\u00e9lasticit\u00e9 conditionnelle \u03c30,2 (MPa) : \u2265205<\/span><\/p>\n<p><span>\u00c9longation \u03b45 (%) : \u226540<\/span><\/p>\n<p><span>Retrait de section \u03c8 (%) : \u226550<\/span><\/p>\n<p><span>Duret\u00e9 : \u2264187HB ; \u226490HRB ; \u2264200HV<\/span><\/p>\n<p><span>Sp\u00e9cifications de traitement thermique et structure m\u00e9tallographique :<\/span><\/p>\n<p><span>Sp\u00e9cifications de traitement thermique : 1) Solution solide 920~1150\u2103 rapidement refroidi ; 2) Traitement de stabilisation peut \u00eatre effectu\u00e9e selon les exigences de la partie de la demande, et la temp\u00e9rature de traitement thermique est 850~930\u2103, mais il doit \u00eatre not\u00e9 dans le contrat.<\/span><\/p>\n<p><span>Structure m\u00e9tallographique : La structure est caract\u00e9ris\u00e9e par un type d'aust\u00e9nite.<\/span><\/p>\n<p><span>\u00c9tat de livraison : G\u00e9n\u00e9ralement livr\u00e9 en \u00e9tat de traitement thermique, le type de traitement thermique est indiqu\u00e9 dans le contrat ; si cela n'est pas sp\u00e9cifi\u00e9, la livraison est effectu\u00e9e en \u00e9tat de traitement thermique.<\/span><\/p>\n<p><strong><span>4. Champ d'application 309S<\/span><\/strong><\/p>\n<p><span>\u00a0 \u00a0 \u00a0 Largement utilis\u00e9 dans des domaines importants tels que les chaudi\u00e8res, l'\u00e9nergie (\u00e9nergie nucl\u00e9aire, \u00e9nergie thermique, piles \u00e0 combustible), les fours industriels, les incin\u00e9rateurs, les fours de chauffage, les produits chimiques, les produits p\u00e9trochimiques et d'autres domaines importants.<\/span><\/p>","protected":false},"excerpt":{"rendered":"<p>Our company&#8217;s scope of supply includes Non-standard forgings, round rods, steel plates\/steel belts, flange pipe fittings, seamless pipes, capillaries, etc. [&hellip;]<\/p>","protected":false},"featured_media":276,"template":"","meta":{"site-sidebar-layout":"default","site-content-layout":"","ast-site-content-layout":"default","site-content-style":"default","site-sidebar-style":"default","ast-global-header-display":"","ast-banner-title-visibility":"","ast-main-header-display":"","ast-hfb-above-header-display":"","ast-hfb-below-header-display":"","ast-hfb-mobile-header-display":"","site-post-title":"","ast-breadcrumbs-content":"","ast-featured-img":"","footer-sml-layout":"","theme-transparent-header-meta":"default","adv-header-id-meta":"","stick-header-meta":"","header-above-stick-meta":"","header-main-stick-meta":"","header-below-stick-meta":"","astra-migrate-meta-layouts":"set","ast-page-background-enabled":"default","ast-page-background-meta":{"desktop":{"background-color":"var(--ast-global-color-5)","background-image":"","background-repeat":"repeat","background-position":"center center","background-size":"auto","background-attachment":"scroll","background-type":"","background-media":"","overlay-type":"","overlay-color":"","overlay-opacity":"","overlay-gradient":""},"tablet":{"background-color":"","background-image":"","background-repeat":"repeat","background-position":"center center","background-size":"auto","background-attachment":"scroll","background-type":"","background-media":"","overlay-type":"","overlay-color":"","overlay-opacity":"","overlay-gradient":""},"mobile":{"background-color":"","background-image":"","background-repeat":"repeat","background-position":"center center","background-size":"auto","background-attachment":"scroll","background-type":"","background-media":"","overlay-type":"","overlay-color":"","overlay-opacity":"","overlay-gradient":""}},"ast-content-background-meta":{"desktop":{"background-color":"var(--ast-global-color-4)","background-image":"","background-repeat":"repeat","background-position":"center center","background-size":"auto","background-attachment":"scroll","background-type":"","background-media":"","overlay-type":"","overlay-color":"","overlay-opacity":"","overlay-gradient":""},"tablet":{"background-color":"var(--ast-global-color-4)","background-image":"","background-repeat":"repeat","background-position":"center center","background-size":"auto","background-attachment":"scroll","background-type":"","background-media":"","overlay-type":"","overlay-color":"","overlay-opacity":"","overlay-gradient":""},"mobile":{"background-color":"var(--ast-global-color-4)","background-image":"","background-repeat":"repeat","background-position":"center center","background-size":"auto","background-attachment":"scroll","background-type":"","background-media":"","overlay-type":"","overlay-color":"","overlay-opacity":"","overlay-gradient":""}}},"product_brand":[],"product_cat":[30],"product_tag":[],"class_list":{"0":"post-275","1":"product","2":"type-product","3":"status-publish","4":"has-post-thumbnail","6":"product_cat-advanced-stainless-steel","7":"desktop-align-left","8":"tablet-align-left","9":"mobile-align-left","11":"first","12":"instock","13":"shipping-taxable","14":"product-type-simple"},"_links":{"self":[{"href":"https:\/\/www.dura-alloy.com\/fr\/wp-json\/wp\/v2\/product\/275","targetHints":{"allow":["GET"]}}],"collection":[{"href":"https:\/\/www.dura-alloy.com\/fr\/wp-json\/wp\/v2\/product"}],"about":[{"href":"https:\/\/www.dura-alloy.com\/fr\/wp-json\/wp\/v2\/types\/product"}],"version-history":[{"count":0,"href":"https:\/\/www.dura-alloy.com\/fr\/wp-json\/wp\/v2\/product\/275\/revisions"}],"wp:featuredmedia":[{"embeddable":true,"href":"https:\/\/www.dura-alloy.com\/fr\/wp-json\/wp\/v2\/media\/276"}],"wp:attachment":[{"href":"https:\/\/www.dura-alloy.com\/fr\/wp-json\/wp\/v2\/media?parent=275"}],"wp:term":[{"taxonomy":"product_brand","embeddable":true,"href":"https:\/\/www.dura-alloy.com\/fr\/wp-json\/wp\/v2\/product_brand?post=275"},{"taxonomy":"product_cat","embeddable":true,"href":"https:\/\/www.dura-alloy.com\/fr\/wp-json\/wp\/v2\/product_cat?post=275"},{"taxonomy":"product_tag","embeddable":true,"href":"https:\/\/www.dura-alloy.com\/fr\/wp-json\/wp\/v2\/product_tag?post=275"}],"curies":[{"name":"wp","href":"https:\/\/api.w.org\/{rel}","templated":true}]}}