{"id":254,"date":"2025-06-11T01:40:25","date_gmt":"2025-06-11T01:40:25","guid":{"rendered":"https:\/\/dura-alloy.com\/?post_type=product&#038;p=254"},"modified":"2025-06-11T01:52:21","modified_gmt":"2025-06-11T01:52:21","slug":"2a12","status":"publish","type":"product","link":"https:\/\/www.dura-alloy.com\/fr\/produit\/2a12\/","title":{"rendered":"2A12"},"content":{"rendered":"<p style=\"text-align: center;\"><strong><span>\u00c9tendue de la fourniture du groupe Aviation :<\/span><\/strong><\/p>\n<p style=\"text-align: center;\"><strong><span>Il peut \u00eatre personnalis\u00e9 hors norme, plaque d'aluminium (plaque enti\u00e8re\/coupe), tige d'aluminium, pi\u00e8ces forg\u00e9es en aluminium, tubes d'aluminium, profils d'aluminium, etc. N'h\u00e9sitez pas \u00e0 vous renseigner !<\/span><\/strong><\/p>\n<p><strong><span>1. Introduction \u00e0 la\u00a0<\/span><\/strong><strong><span>2A12\u00a0<\/span><\/strong><strong><span>Mat\u00e9riaux<\/span><\/strong><\/p>\n<p><span>\u00a0 \u00a0 \u00a0 2A12 aluminum alloy Al-Cu-Mg aluminum alloy, main features and application range: This is a hard aluminum, which can be strengthened by heat treatment. It has medium plasticity in quenching and rigid quenching states, good spot welding, and tends to form intergranular cracks when using gas welding. The alloy has good cutting performance after quenching and cold hardening, and has low machinability after annealing: low corrosion resistance, and often uses male oxidation treatment and paint coating methods or an aluminum coated layer on the surface to improve its corrosion resistance.<\/span><\/p>\n<p><span>\u00a0 \u00a0 \u00a0 Standard: GB\/T 3191-2010 Replaces old GB\/T 3191-1998<\/span><\/p>\n<p><span>2.\u00a0<\/span><strong><span>2A12\u00a0<\/span><\/strong><strong><span>composition chimique<\/span><\/strong><\/p>\n<table border=\"-\">\n<tbody>\n<tr>\n<td colspan=\"2\"><span>M\u00e9daille en alliage<\/span><\/td>\n<td><span>Fer Fe<\/span><\/td>\n<td><span>Cuivre Cu<\/span><\/td>\n<td><span>Mangan\u00e8se Mn<\/span><\/td>\n<td><span>Magn\u00e9sium Mg<\/span><\/td>\n<td><span>Zinc Zn<\/span><\/td>\n<td><span>Titane Ti<\/span><\/td>\n<td><span>Nickel Ni<\/span><\/td>\n<td colspan=\"2\"><span>autres<\/span><\/td>\n<td><span>Aluminium AL<\/span><\/td>\n<\/tr>\n<tr>\n<td><span>Nouveau grade<\/span><\/td>\n<td><span>Ancienne marque<\/span><\/td>\n<td rowspan=\"2\"><span>0.50<\/span><\/td>\n<td rowspan=\"2\"><span>3.8-4.9<\/span><\/td>\n<td rowspan=\"2\"><span>0.3-0.9<\/span><\/td>\n<td rowspan=\"2\"><span>1.2-1.8<\/span><\/td>\n<td rowspan=\"2\"><span>0.30<\/span><\/td>\n<td rowspan=\"2\"><span>0.15<\/span><\/td>\n<td rowspan=\"2\"><span>0.10<\/span><\/td>\n<td><span>Chaque<\/span><\/td>\n<td><span>total<\/span><\/td>\n<td>&nbsp;<\/td>\n<\/tr>\n<tr>\n<td><span>2A12<\/span><\/td>\n<td><span>LY12<\/span><\/td>\n<td><span>0.05<\/span><\/td>\n<td><span>0.10<\/span><\/td>\n<td><span>marge<\/span><\/td>\n<\/tr>\n<\/tbody>\n<\/table>\n<p><strong><span>3. 2A12 mechanical properties and status<\/span><\/strong><\/p>\n<table border=\"-\">\n<tbody>\n<tr>\n<td width=\"99\"><span>Nuance et \u00e9tat de l'alliage d'aluminium<\/span><\/td>\n<td width=\"108\"><span>r\u00e9sistance \u00e0 la traction<\/span><\/p>\n<p><span>Rm\/Mpa<\/span><\/td>\n<td width=\"100\"><span>Rendement du rendement<\/span><\/p>\n<p><span>Rp0,2\/Mpa<\/span><\/td>\n<td width=\"98\"><span>\u00c9longation\/%<\/span><\/td>\n<td width=\"104\"><span>Duret\u00e9\/HBW\u03b1<\/span><\/td>\n<td width=\"107\"><span>densit\u00e9<\/span><\/p>\n<p><span>(20\u2103) (g\/cm3)<\/span><\/td>\n<\/tr>\n<tr>\n<td width=\"99\"><span>2A12-T4<\/span><\/td>\n<td width=\"108\"><span>425<\/span><\/td>\n<td width=\"100\"><span>275<\/span><\/td>\n<td width=\"98\"><span>12<\/span><\/td>\n<td width=\"104\"><span>120<\/span><\/td>\n<td width=\"107\"><span>2.8<\/span><\/td>\n<\/tr>\n<\/tbody>\n<\/table>\n<p><span>\u00a0 \u00a0 \u00a0 The status of 2A12 is: T4, T3, T351, T451, H112<\/span><\/p>\n<p><strong>\u00a0<\/strong><strong><span>IV. 2A12 application fields<\/span><\/strong><strong>\u00a0<\/strong><\/p>\n<ul>\n<li><span>2A12 aluminum is mainly used for machine appearance parts structure, molds, transportation vehicles, compressors, rivets, truck hubs, spiral components and various other structural parts.<\/span><\/li>\n<li><span>It is mainly used to make various high-load parts and components (but not stamping forgings) such as skeleton parts on aircraft, skins, partitions, ribs, spars, rivets, etc., working parts below 150\u2103.<\/span><\/li>\n<\/ul>","protected":false},"excerpt":{"rendered":"<p>Scope of supply of Aviation Group: It can be customized non-standard, aluminum plate (whole plate\/cut), aluminum rod, aluminum forgings, aluminum [&hellip;]<\/p>","protected":false},"featured_media":255,"template":"","meta":{"site-sidebar-layout":"default","site-content-layout":"","ast-site-content-layout":"default","site-content-style":"default","site-sidebar-style":"default","ast-global-header-display":"","ast-banner-title-visibility":"","ast-main-header-display":"","ast-hfb-above-header-display":"","ast-hfb-below-header-display":"","ast-hfb-mobile-header-display":"","site-post-title":"","ast-breadcrumbs-content":"","ast-featured-img":"","footer-sml-layout":"","theme-transparent-header-meta":"default","adv-header-id-meta":"","stick-header-meta":"","header-above-stick-meta":"","header-main-stick-meta":"","header-below-stick-meta":"","astra-migrate-meta-layouts":"set","ast-page-background-enabled":"default","ast-page-background-meta":{"desktop":{"background-color":"var(--ast-global-color-5)","background-image":"","background-repeat":"repeat","background-position":"center center","background-size":"auto","background-attachment":"scroll","background-type":"","background-media":"","overlay-type":"","overlay-color":"","overlay-opacity":"","overlay-gradient":""},"tablet":{"background-color":"","background-image":"","background-repeat":"repeat","background-position":"center center","background-size":"auto","background-attachment":"scroll","background-type":"","background-media":"","overlay-type":"","overlay-color":"","overlay-opacity":"","overlay-gradient":""},"mobile":{"background-color":"","background-image":"","background-repeat":"repeat","background-position":"center center","background-size":"auto","background-attachment":"scroll","background-type":"","background-media":"","overlay-type":"","overlay-color":"","overlay-opacity":"","overlay-gradient":""}},"ast-content-background-meta":{"desktop":{"background-color":"var(--ast-global-color-4)","background-image":"","background-repeat":"repeat","background-position":"center center","background-size":"auto","background-attachment":"scroll","background-type":"","background-media":"","overlay-type":"","overlay-color":"","overlay-opacity":"","overlay-gradient":""},"tablet":{"background-color":"var(--ast-global-color-4)","background-image":"","background-repeat":"repeat","background-position":"center center","background-size":"auto","background-attachment":"scroll","background-type":"","background-media":"","overlay-type":"","overlay-color":"","overlay-opacity":"","overlay-gradient":""},"mobile":{"background-color":"var(--ast-global-color-4)","background-image":"","background-repeat":"repeat","background-position":"center center","background-size":"auto","background-attachment":"scroll","background-type":"","background-media":"","overlay-type":"","overlay-color":"","overlay-opacity":"","overlay-gradient":""}}},"product_brand":[],"product_cat":[29],"product_tag":[],"class_list":{"0":"post-254","1":"product","2":"type-product","3":"status-publish","4":"has-post-thumbnail","6":"product_cat-aviation-aluminum-alloy","7":"desktop-align-left","8":"tablet-align-left","9":"mobile-align-left","11":"first","12":"instock","13":"shipping-taxable","14":"product-type-simple"},"_links":{"self":[{"href":"https:\/\/www.dura-alloy.com\/fr\/wp-json\/wp\/v2\/product\/254","targetHints":{"allow":["GET"]}}],"collection":[{"href":"https:\/\/www.dura-alloy.com\/fr\/wp-json\/wp\/v2\/product"}],"about":[{"href":"https:\/\/www.dura-alloy.com\/fr\/wp-json\/wp\/v2\/types\/product"}],"version-history":[{"count":0,"href":"https:\/\/www.dura-alloy.com\/fr\/wp-json\/wp\/v2\/product\/254\/revisions"}],"wp:featuredmedia":[{"embeddable":true,"href":"https:\/\/www.dura-alloy.com\/fr\/wp-json\/wp\/v2\/media\/255"}],"wp:attachment":[{"href":"https:\/\/www.dura-alloy.com\/fr\/wp-json\/wp\/v2\/media?parent=254"}],"wp:term":[{"taxonomy":"product_brand","embeddable":true,"href":"https:\/\/www.dura-alloy.com\/fr\/wp-json\/wp\/v2\/product_brand?post=254"},{"taxonomy":"product_cat","embeddable":true,"href":"https:\/\/www.dura-alloy.com\/fr\/wp-json\/wp\/v2\/product_cat?post=254"},{"taxonomy":"product_tag","embeddable":true,"href":"https:\/\/www.dura-alloy.com\/fr\/wp-json\/wp\/v2\/product_tag?post=254"}],"curies":[{"name":"wp","href":"https:\/\/api.w.org\/{rel}","templated":true}]}}