{"id":654,"date":"2025-06-17T04:51:19","date_gmt":"2025-06-17T04:51:19","guid":{"rendered":"https:\/\/dura-alloy.com\/?post_type=product&#038;p=654"},"modified":"2025-06-17T04:51:19","modified_gmt":"2025-06-17T04:51:19","slug":"inconel600-2","status":"publish","type":"product","link":"https:\/\/www.dura-alloy.com\/es\/producto\/inconel600-2\/","title":{"rendered":"Inconel600"},"content":{"rendered":"<p><strong><span>1. Introducci\u00f3n a los materiales Inconel 600<\/span><\/strong><br \/>\n<span>La aleaci\u00f3n Inconel 600 es una aleaci\u00f3n a base de n\u00edquel-cromo resistente a la corrosi\u00f3n y al calor desarrollada en una fase temprana, tambi\u00e9n conocida como aleaci\u00f3n a base de n\u00edquel-cromo-ferro reforzada con soluci\u00f3n s\u00f3lida. Presenta resistencia a la corrosi\u00f3n a alta temperatura y resistencia a la oxidaci\u00f3n, y tiene excelentes propiedades de procesamiento en fr\u00edo y en caliente y de soldadura. Tiene una resistencia t\u00e9rmica satisfactoria y una alta plasticidad por debajo de 700\u2103.<\/span><\/p>\n<p><strong><span>2. Composici\u00f3n qu\u00edmica del Inconel 600<\/span><\/strong><\/p>\n<table class=\"table table-bordered\">\n<tbody>\n<tr>\n<td><strong><span>aleaci\u00f3n<\/span><\/strong><\/td>\n<td><strong>%<\/strong><\/td>\n<td><strong><span>En<\/span><\/strong><\/td>\n<td><strong>Cr<\/strong><\/td>\n<td><strong>Fe<\/strong><\/td>\n<td><strong>C<\/strong><\/td>\n<td><strong>Mn<\/strong><\/td>\n<td><strong><span>Y<\/span><\/strong><\/td>\n<td><strong>Cu<\/strong><\/td>\n<td><strong>P<\/strong><\/td>\n<td><strong>S<\/strong><\/td>\n<\/tr>\n<tr>\n<td rowspan=\"2\">Inconel 600<\/td>\n<td><span>Valor m\u00ednimo<\/span><\/td>\n<td>71.0<\/td>\n<td>14.0<\/td>\n<td>6.0<\/td>\n<td>&#8211;<\/td>\n<td><span>&#8211;<\/span><\/td>\n<td><span>&#8211;<\/span><\/td>\n<td><span>&#8211;<\/span><\/td>\n<td><span>&#8211;<\/span><\/td>\n<td><span>&#8211;<\/span><\/td>\n<\/tr>\n<tr>\n<td><span>Valor m\u00e1ximo<\/span><\/td>\n<td>78.0<\/td>\n<td>17.0<\/td>\n<td>10.0<\/td>\n<td>0.15<\/td>\n<td>1.00<\/td>\n<td>0.50<\/td>\n<td><span>0.50<\/span><\/td>\n<td>0.030<\/td>\n<td>0.015<\/td>\n<\/tr>\n<\/tbody>\n<\/table>\n<p><strong><span>3. Comportamiento f\u00edsico de Inconel 600<\/span><\/strong><br \/>\n<span>Densidad del material: 8,43 g\/cm3<\/span><br \/>\n<span>Punto de fusi\u00f3n: 1370-1425\u2103<\/span><\/p>\n<table class=\"table table-bordered\">\n<tbody>\n<tr>\n<td><span>Estado de la aleaci\u00f3n<\/span><\/td>\n<td><span>Resistencia a la tracci\u00f3n RmN\/mm2<\/span><\/td>\n<td><span>L\u00edmite el\u00e1stico RP0,2N\/mm2<\/span><\/td>\n<td><span>Alargamiento A5%<\/span><\/td>\n<td><span>Dureza Brinell HB<\/span><\/td>\n<\/tr>\n<tr>\n<td><span>Tratamiento de recocido<\/span><\/td>\n<td>550<\/td>\n<td>240<\/td>\n<td>30<\/td>\n<td>\u2264195<\/td>\n<\/tr>\n<tr>\n<td><span>Tratamiento de soluciones s\u00f3lidas<\/span><\/td>\n<td>500<\/td>\n<td>180<\/td>\n<td>35<\/td>\n<td>\u2264185<\/td>\n<\/tr>\n<\/tbody>\n<\/table>\n<p><strong><span>4. Caracter\u00edsticas del material Inconel 600<\/span><\/strong><\/p>\n<ul>\n<li><span>Presenta una excelente resistencia a la corrosi\u00f3n de los medios reductores, oxidantes y nitrurantes<\/span><\/li>\n<li><span>Presenta una buena resistencia al agrietamiento por corrosi\u00f3n bajo tensi\u00f3n a temperatura ambiente y a alta temperatura.<\/span><\/li>\n<li><span>Presenta una excelente resistencia a la corrosi\u00f3n de los gases secos de cloro y cloruro de hidr\u00f3geno<\/span><\/li>\n<li><span>Tiene buenas propiedades mec\u00e1nicas a temperaturas bajo cero, temperatura ambiente y alta temperatura z<\/span><\/li>\n<li><span>Debido a la buena resistencia a la fluencia y al control de la resistencia a la fractura del contenido de carbono y el tama\u00f1o de grano, se recomienda su uso en un entorno de trabajo superior a 700\u2103.<\/span><\/li>\n<\/ul>\n<p><strong><span>5. Campos de aplicaci\u00f3n de Inconel 600<\/span><\/strong><\/p>\n<ul>\n<li><span>Manguito termopar en atm\u00f3sfera de erosi\u00f3n<\/span><\/li>\n<li><span>Producci\u00f3n de mon\u00f3mero de cloruro de vinilo: resistente al cloro, al cloruro de hidr\u00f3geno, a la oxidaci\u00f3n y a la corrosi\u00f3n por carbonizaci\u00f3n<\/span><\/li>\n<li><span>Conversi\u00f3n de la oxidaci\u00f3n del uranio en hexafluoruro: corrosi\u00f3n antifluoruro de hidr\u00f3geno<\/span><\/li>\n<li><span>Campos de producci\u00f3n y uso de metales alcalinos corrosivos, especialmente en el entorno donde se utilizan sulfuros.<\/span><\/li>\n<li><span>di\u00f3xido de titanio por gas cloro<\/span><\/li>\n<li><span>Producci\u00f3n de cloruros y fluoruros org\u00e1nicos o inorg\u00e1nicos: Resistente a la corrosi\u00f3n por cloro y fl\u00faor<\/span><\/li>\n<li><span>reactor nuclear<\/span><\/li>\n<li><span>Botellas y componentes curvados en hornos de tratamiento t\u00e9rmico, especialmente en atm\u00f3sferas de carbonizaci\u00f3n y nitruraci\u00f3n<\/span><\/li>\n<li><span>Se recomienda utilizar la aleaci\u00f3n 600H en regeneradores catal\u00edticos en la producci\u00f3n petroqu\u00edmica para obtener una mayor vida \u00fatil en aplicaciones por encima de 700\u00b0C.<\/span><\/li>\n<\/ul>","protected":false},"excerpt":{"rendered":"<p>1. Introduction to Inconel 600 Materials Inconel 600 alloy is a nickel-chromium-based nickel-based corrosion-resistant heat-resistant alloy developed in the early [&hellip;]<\/p>","protected":false},"featured_media":655,"template":"","meta":{"site-sidebar-layout":"default","site-content-layout":"","ast-site-content-layout":"default","site-content-style":"default","site-sidebar-style":"default","ast-global-header-display":"","ast-banner-title-visibility":"","ast-main-header-display":"","ast-hfb-above-header-display":"","ast-hfb-below-header-display":"","ast-hfb-mobile-header-display":"","site-post-title":"","ast-breadcrumbs-content":"","ast-featured-img":"","footer-sml-layout":"","theme-transparent-header-meta":"default","adv-header-id-meta":"","stick-header-meta":"","header-above-stick-meta":"","header-main-stick-meta":"","header-below-stick-meta":"","astra-migrate-meta-layouts":"set","ast-page-background-enabled":"default","ast-page-background-meta":{"desktop":{"background-color":"var(--ast-global-color-5)","background-image":"","background-repeat":"repeat","background-position":"center center","background-size":"auto","background-attachment":"scroll","background-type":"","background-media":"","overlay-type":"","overlay-color":"","overlay-opacity":"","overlay-gradient":""},"tablet":{"background-color":"","background-image":"","background-repeat":"repeat","background-position":"center center","background-size":"auto","background-attachment":"scroll","background-type":"","background-media":"","overlay-type":"","overlay-color":"","overlay-opacity":"","overlay-gradient":""},"mobile":{"background-color":"","background-image":"","background-repeat":"repeat","background-position":"center center","background-size":"auto","background-attachment":"scroll","background-type":"","background-media":"","overlay-type":"","overlay-color":"","overlay-opacity":"","overlay-gradient":""}},"ast-content-background-meta":{"desktop":{"background-color":"var(--ast-global-color-4)","background-image":"","background-repeat":"repeat","background-position":"center center","background-size":"auto","background-attachment":"scroll","background-type":"","background-media":"","overlay-type":"","overlay-color":"","overlay-opacity":"","overlay-gradient":""},"tablet":{"background-color":"var(--ast-global-color-4)","background-image":"","background-repeat":"repeat","background-position":"center center","background-size":"auto","background-attachment":"scroll","background-type":"","background-media":"","overlay-type":"","overlay-color":"","overlay-opacity":"","overlay-gradient":""},"mobile":{"background-color":"var(--ast-global-color-4)","background-image":"","background-repeat":"repeat","background-position":"center center","background-size":"auto","background-attachment":"scroll","background-type":"","background-media":"","overlay-type":"","overlay-color":"","overlay-opacity":"","overlay-gradient":""}}},"product_brand":[],"product_cat":[35],"product_tag":[],"class_list":{"0":"post-654","1":"product","2":"type-product","3":"status-publish","4":"has-post-thumbnail","6":"product_cat-waspaloy","7":"desktop-align-left","8":"tablet-align-left","9":"mobile-align-left","11":"first","12":"instock","13":"shipping-taxable","14":"product-type-simple"},"_links":{"self":[{"href":"https:\/\/www.dura-alloy.com\/es\/wp-json\/wp\/v2\/product\/654","targetHints":{"allow":["GET"]}}],"collection":[{"href":"https:\/\/www.dura-alloy.com\/es\/wp-json\/wp\/v2\/product"}],"about":[{"href":"https:\/\/www.dura-alloy.com\/es\/wp-json\/wp\/v2\/types\/product"}],"version-history":[{"count":0,"href":"https:\/\/www.dura-alloy.com\/es\/wp-json\/wp\/v2\/product\/654\/revisions"}],"wp:featuredmedia":[{"embeddable":true,"href":"https:\/\/www.dura-alloy.com\/es\/wp-json\/wp\/v2\/media\/655"}],"wp:attachment":[{"href":"https:\/\/www.dura-alloy.com\/es\/wp-json\/wp\/v2\/media?parent=654"}],"wp:term":[{"taxonomy":"product_brand","embeddable":true,"href":"https:\/\/www.dura-alloy.com\/es\/wp-json\/wp\/v2\/product_brand?post=654"},{"taxonomy":"product_cat","embeddable":true,"href":"https:\/\/www.dura-alloy.com\/es\/wp-json\/wp\/v2\/product_cat?post=654"},{"taxonomy":"product_tag","embeddable":true,"href":"https:\/\/www.dura-alloy.com\/es\/wp-json\/wp\/v2\/product_tag?post=654"}],"curies":[{"name":"wp","href":"https:\/\/api.w.org\/{rel}","templated":true}]}}