{"id":630,"date":"2025-06-17T02:58:57","date_gmt":"2025-06-17T02:58:57","guid":{"rendered":"https:\/\/dura-alloy.com\/?post_type=product&#038;p=630"},"modified":"2025-06-17T08:16:32","modified_gmt":"2025-06-17T08:16:32","slug":"inconel602ca","status":"publish","type":"product","link":"https:\/\/www.dura-alloy.com\/es\/producto\/inconel602ca\/","title":{"rendered":"Inconel602CA"},"content":{"rendered":"<p>1. Introducci\u00f3n a los materiales Inconel 602CA<\/p>\n<p>Inconel 602CA es una aleaci\u00f3n de hierro-cromo resistente a la corrosi\u00f3n, con alto contenido de carbono y base de n\u00edquel, y contiene trazas de titanio, circonio, aluminio e itrio de tierras raras. Excelente comportamiento a la fluencia a alta temperatura. Presenta una buena resistencia a la fatiga tanto en ciclos de alta temperatura como en ciclos de baja. Tiene una resistencia ideal a la oxidaci\u00f3n en entornos de alta temperatura, especialmente en entornos de ciclos peri\u00f3dicos. Al mismo tiempo, tambi\u00e9n tiene una buena resistencia a la corrosi\u00f3n a alta temperatura en entornos de carbonizaci\u00f3n, oxidaci\u00f3n, cloraci\u00f3n y pulverizaci\u00f3n de metales.<\/p>\n<p>2. Composici\u00f3n qu\u00edmica de Inconel 602CA (%)<\/p>\n<p>Carbono C: \u22640,15~0,2<br \/>\nSilicio Si: \u22640,5<br \/>\nManganeso Mn: \u22640,15<br \/>\nAzufre S: \u22640,01<br \/>\nF\u00f3sforo P: \u22640,02<br \/>\nCr: 24,0~26,0<br \/>\nN\u00edquel Ni: Basura<br \/>\nHierro Fe: 8,0~11,0<br \/>\nCobre Cu: &lt;0.1<br \/>\nVanadio V:<br \/>\nMolibdeno Mo:<br \/>\nTi: 0,1~0,2<br \/>\nAluminio Al: 1,8~2,4<br \/>\nZirconio Zr: 0.01~0.1<br \/>\nOtros Y: 0,05~0,12<\/p>\n<p>3. Propiedades f\u00edsicas de Inconel 602CA<\/p>\n<p>Punto de disoluci\u00f3n: 1325-1370 \u2103<\/p>\n<p>Densidad: 8,90 g\/cm3<\/p>\n<p>4. Caracter\u00edsticas del material Inconel 602CA<\/p>\n<p>-Cuando la temperatura alcanza los 2250\u00b0F (1232\u00b0C) en un entorno de oxidaci\u00f3n c\u00edclica, sigue funcionando de forma continua durante mucho tiempo.<\/p>\n<p>-Excelente resistencia a la fluencia y al agrietamiento a altas temperaturas<\/p>\n<p>-Resistencia a la carbonizaci\u00f3n<\/p>\n<p>-Resistencia a la oxidaci\u00f3n y cloraci\u00f3n ambiente<\/p>\n<p>4. Principales aplicaciones de Inconel 602CA<\/p>\n<p>1. Horno de calcinaci\u00f3n de mineral<br \/>\n2. Horno de retorta de tratamiento t\u00e9rmico, horno de mufla, accesorio y cesta de material.<br \/>\n3. Horno de cubierta de deposici\u00f3n qu\u00edmica de vapor<br \/>\n4. Accesorio para horno de vac\u00edo<br \/>\n5 horno de oxidaci\u00f3n de amon\u00edaco malla catal\u00edtica soporte<br \/>\n6. Equipos de tratamiento a alta temperatura del vidrio fundido<br \/>\n7. Tubo de radiaci\u00f3n<br \/>\n8. Horno de conversi\u00f3n petroqu\u00edmica<\/p>","protected":false},"excerpt":{"rendered":"<p>1. Introduction to Inconel 602CA Materials Inconel 602CA is a high carbon content nickel-based iron-chrome corrosion-resistant alloy, and contains trace [&hellip;]<\/p>","protected":false},"featured_media":631,"template":"","meta":{"site-sidebar-layout":"default","site-content-layout":"","ast-site-content-layout":"default","site-content-style":"default","site-sidebar-style":"default","ast-global-header-display":"","ast-banner-title-visibility":"","ast-main-header-display":"","ast-hfb-above-header-display":"","ast-hfb-below-header-display":"","ast-hfb-mobile-header-display":"","site-post-title":"","ast-breadcrumbs-content":"","ast-featured-img":"","footer-sml-layout":"","theme-transparent-header-meta":"default","adv-header-id-meta":"","stick-header-meta":"","header-above-stick-meta":"","header-main-stick-meta":"","header-below-stick-meta":"","astra-migrate-meta-layouts":"set","ast-page-background-enabled":"default","ast-page-background-meta":{"desktop":{"background-color":"var(--ast-global-color-5)","background-image":"","background-repeat":"repeat","background-position":"center center","background-size":"auto","background-attachment":"scroll","background-type":"","background-media":"","overlay-type":"","overlay-color":"","overlay-opacity":"","overlay-gradient":""},"tablet":{"background-color":"","background-image":"","background-repeat":"repeat","background-position":"center center","background-size":"auto","background-attachment":"scroll","background-type":"","background-media":"","overlay-type":"","overlay-color":"","overlay-opacity":"","overlay-gradient":""},"mobile":{"background-color":"","background-image":"","background-repeat":"repeat","background-position":"center center","background-size":"auto","background-attachment":"scroll","background-type":"","background-media":"","overlay-type":"","overlay-color":"","overlay-opacity":"","overlay-gradient":""}},"ast-content-background-meta":{"desktop":{"background-color":"var(--ast-global-color-4)","background-image":"","background-repeat":"repeat","background-position":"center center","background-size":"auto","background-attachment":"scroll","background-type":"","background-media":"","overlay-type":"","overlay-color":"","overlay-opacity":"","overlay-gradient":""},"tablet":{"background-color":"var(--ast-global-color-4)","background-image":"","background-repeat":"repeat","background-position":"center center","background-size":"auto","background-attachment":"scroll","background-type":"","background-media":"","overlay-type":"","overlay-color":"","overlay-opacity":"","overlay-gradient":""},"mobile":{"background-color":"var(--ast-global-color-4)","background-image":"","background-repeat":"repeat","background-position":"center center","background-size":"auto","background-attachment":"scroll","background-type":"","background-media":"","overlay-type":"","overlay-color":"","overlay-opacity":"","overlay-gradient":""}}},"product_brand":[],"product_cat":[35],"product_tag":[],"class_list":{"0":"post-630","1":"product","2":"type-product","3":"status-publish","4":"has-post-thumbnail","6":"product_cat-waspaloy","7":"desktop-align-left","8":"tablet-align-left","9":"mobile-align-left","11":"first","12":"instock","13":"shipping-taxable","14":"product-type-simple"},"_links":{"self":[{"href":"https:\/\/www.dura-alloy.com\/es\/wp-json\/wp\/v2\/product\/630","targetHints":{"allow":["GET"]}}],"collection":[{"href":"https:\/\/www.dura-alloy.com\/es\/wp-json\/wp\/v2\/product"}],"about":[{"href":"https:\/\/www.dura-alloy.com\/es\/wp-json\/wp\/v2\/types\/product"}],"version-history":[{"count":0,"href":"https:\/\/www.dura-alloy.com\/es\/wp-json\/wp\/v2\/product\/630\/revisions"}],"wp:featuredmedia":[{"embeddable":true,"href":"https:\/\/www.dura-alloy.com\/es\/wp-json\/wp\/v2\/media\/631"}],"wp:attachment":[{"href":"https:\/\/www.dura-alloy.com\/es\/wp-json\/wp\/v2\/media?parent=630"}],"wp:term":[{"taxonomy":"product_brand","embeddable":true,"href":"https:\/\/www.dura-alloy.com\/es\/wp-json\/wp\/v2\/product_brand?post=630"},{"taxonomy":"product_cat","embeddable":true,"href":"https:\/\/www.dura-alloy.com\/es\/wp-json\/wp\/v2\/product_cat?post=630"},{"taxonomy":"product_tag","embeddable":true,"href":"https:\/\/www.dura-alloy.com\/es\/wp-json\/wp\/v2\/product_tag?post=630"}],"curies":[{"name":"wp","href":"https:\/\/api.w.org\/{rel}","templated":true}]}}