{"id":623,"date":"2025-06-17T02:28:56","date_gmt":"2025-06-17T02:28:56","guid":{"rendered":"https:\/\/dura-alloy.com\/?post_type=product&#038;p=623"},"modified":"2025-06-17T02:28:56","modified_gmt":"2025-06-17T02:28:56","slug":"1j22-soft-magnetic-alloy","status":"publish","type":"product","link":"https:\/\/www.dura-alloy.com\/es\/producto\/1j22-soft-magnetic-alloy\/","title":{"rendered":"1J22 Aleaci\u00f3n magn\u00e9tica blanda"},"content":{"rendered":"<p><span>1. Introducci\u00f3n a la aleaci\u00f3n magn\u00e9tica blanda 1J22<\/span><\/p>\n<p><span>1J22 corresponde a los grados correspondientes y grados similares Co50V2, 50\u041a\u0424 (Rusia), Permendur (Reino Unido), Supermendur (EE.UU.), HiperCo50 (EE.UU.).<\/span><br \/>\n<span>1J22 es una aleaci\u00f3n magn\u00e9tica blanda de hierro, cobalto y vanadio con una elevada fuerza de inducci\u00f3n magn\u00e9tica de saturaci\u00f3n. Entre los materiales magn\u00e9ticos blandos existentes, el 1J22 tiene la mayor fuerza de inducci\u00f3n magn\u00e9tica de saturaci\u00f3n, hasta 2,4T, el punto Curie puede alcanzar 980\u2103, y el coeficiente de magnetostricci\u00f3n de saturaci\u00f3n puede llegar a 60~100\u00d710-6. Debido a la alta fuerza de inducci\u00f3n magn\u00e9tica de saturaci\u00f3n, el volumen se puede reducir en gran medida al hacer un motor de la misma potencia, y cuando se utiliza un electroim\u00e1n, una gran fuerza de succi\u00f3n se puede generar en la misma \u00e1rea de secci\u00f3n transversal. Gracias a su elevado punto Curie, la aleaci\u00f3n puede funcionar a temperaturas m\u00e1s elevadas en las que otros materiales magn\u00e9ticos blandos se han desmagnetizado por completo y mantener una buena estabilidad magn\u00e9tica. Debido a su gran coeficiente magnetostrictivo, es muy adecuada para transductores magnetostrictivos, con alta energ\u00eda de salida y alta eficiencia de trabajo. La aleaci\u00f3n tiene una baja resistividad (0,27\u03bc\u03a9-m) y no debe utilizarse a altas frecuencias. Es cara, f\u00e1cil de oxidar y tiene un rendimiento de procesamiento deficiente. La adici\u00f3n de una cantidad adecuada de n\u00edquel u otros elementos puede mejorar su procesabilidad.<\/span><\/p>\n<p><span>Normas t\u00e9cnicas del material 1J22<\/span><br \/>\n<span>GB\/T 15001-1994 \"Tama\u00f1o, aspecto, calidad superficial, m\u00e9todos experimentales y reglas de inspecci\u00f3n de la aleaci\u00f3n magn\u00e9tica blanda\".<\/span><br \/>\n<span>GB\/T 15002-1994 \"Condiciones t\u00e9cnicas para aleaciones magn\u00e9ticas blandas con alta fuerza de inducci\u00f3n magn\u00e9tica de saturaci\u00f3n\".<\/span><\/p>\n<p><span>2. Composici\u00f3n qu\u00edmica del 1J22<\/span><\/p>\n<p><span>Seg\u00fan la norma estadounidense, la norma nacional se aplica estrictamente<\/span><\/p>\n<p><span>3. 1J22 tratamiento t\u00e9rmico y estado de entrega<\/span><\/p>\n<p><span>Muestra de banda laminada en fr\u00edo: A medida que el horno se calienta hasta 850-900\u2103, mantener el calor durante 3-6 horas, se enfr\u00eda a 750\u2103 a una velocidad de 50\u2103\/h, y luego se enfr\u00eda a 300\u2103 a una velocidad de 180-240\u2103\/h, y sale del horno. El medio de recocido es hidr\u00f3geno con un punto de roc\u00edo no superior a -40\u2103.<\/span><br \/>\n<span>Muestra tomada de la forja: Al subir el horno a 1100\u2103\u00b120\u2103, mantener el calor de 3 a 6 horas, enfriar a 850\u2103 a una velocidad de 50 a 100\u2103\/h, mantener el calor 3 horas, enfriar a 700\u2103 a una velocidad de 30\u2103\/h, y enfriar a 300\u2103 a una velocidad de 200\u2103\/h, y salir del horno. El medio de recocido es hidr\u00f3geno con un punto de roc\u00edo no superior a -40\u2103.<\/span><br \/>\n<span>Materiales utilizados para una alta fuerza de inducci\u00f3n magn\u00e9tica, baja fuerza coercitiva y alta relaci\u00f3n rectangular bajo un campo magn\u00e9tico inferior: a medida que el horno se eleva a 850 \u2103\u00b110 \u2103, se a\u00edsla durante 4 horas, se enfr\u00eda a 750 \u2103 a una velocidad de 50 \u2103\/h, se a\u00edsla durante 3 horas y, a continuaci\u00f3n, se enfr\u00eda a 300 \u2103 a una velocidad de 200 \u2103\/h y se descarga del horno. En el aislamiento (750 \u2103), se a\u00f1ade un campo magn\u00e9tico de corriente continua de 1240-1600 A\/m, y el medio de recocido es hidr\u00f3geno con un punto de roc\u00edo no superior a -40 \u2103.<\/span><br \/>\n<span>Las especificaciones y estados de suministro de las variedades 1J22 incluyen flejes laminados en fr\u00edo, materiales de alambre estirados en fr\u00edo, materiales planos y barras laminados en caliente (forjados), piezas forjadas no est\u00e1ndar, y los procesos de fundici\u00f3n y colada 1J22 se funden mediante hornos de inducci\u00f3n de vac\u00edo.<\/span><\/p>\n<p><span>4. Propiedades mec\u00e1nicas de 1J22 a temperatura ambiente y a varias temperaturas<\/span><\/p>\n<p><span>1J22 Dureza: aleaci\u00f3n blanda HRB90, dureza en fr\u00edo HRC35.<\/span><br \/>\n<span>1J22 Resistencia a la tracci\u00f3n: Aleaci\u00f3n estado blando \u03c3b=490MPa; estado duro en fr\u00edo \u03c3b=1323MPa.<\/span><br \/>\n<span>1J22 estipula la tensi\u00f3n de alargamiento no proporcional [1] Aleaci\u00f3n estado blando \u03c3P0.2=343MPa.<\/span><br \/>\n<span>1J22 alargamiento tras rotura aleaci\u00f3n alargamiento tras rotura \u03b4=1%.<\/span><br \/>\n<span>1J22 m\u00f3dulo el\u00e1stico E=216GPa.<\/span><\/p>\n<p><span>V. 1J22 estructura organizativa<\/span><\/p>\n<p><span>Estructura de la aleaci\u00f3n 1J22 La estructura de la aleaci\u00f3n es una soluci\u00f3n s\u00f3lida monof\u00e1sica con una red c\u00fabica central. La transici\u00f3n de fase \u03b3\u03b1 se produce cerca de 900-930\u00b0C. Cuando la temperatura es inferior a 730\u00b0C, se genera un orden para formar una superestructura de FeCo, y la fase \u03b1 desordenada se convierte en una fase \u03b1\u2032 ordenada.<\/span><\/p>\n<p><span>6. Rendimiento y requisitos del proceso 1J22<\/span><\/p>\n<p><span>Tras enfriarse a unos 880\u00b0C, la aleaci\u00f3n de rendimiento de conformado 1J22 puede transformarse en bandas finas y filamentos finos. Las bandas y los filamentos pueden punzonarse, enrollarse o transformarse en componentes de diversas formas.<\/span><br \/>\n<span>1J22 rendimiento de la soldadura El rendimiento de la soldadura es deficiente.<\/span><br \/>\n<span>Proceso de tratamiento t\u00e9rmico de piezas 1J22<\/span><br \/>\n<span>1J22 Proceso de tratamiento de superficies<\/span><br \/>\n<span>1J22 Rendimiento de corte y rectificado Los materiales laminados en caliente (forjados), los materiales estirados en fr\u00edo y las tiras de esta aleaci\u00f3n pueden cortarse y rectificarse. Cuando la aleaci\u00f3n se procesa en componentes y se somete a un tratamiento t\u00e9rmico final de enfriamiento lento, la plasticidad es escasa y s\u00f3lo puede rectificarse ligeramente.<\/span><\/p>\n<p><span>7. Campos de aplicaci\u00f3n 1J22<\/span><br \/>\n<span>Adecuado para componentes el\u00e9ctricos aeron\u00e1uticos y aeroespaciales ligeros y de peque\u00f1o tama\u00f1o, como rotores microelectr\u00f3nicos, cabezas polares de electroimanes, rel\u00e9s, transductores, etc.<\/span><\/p>","protected":false},"excerpt":{"rendered":"<p>1. Introduction to 1J22 soft magnetic alloy 1J22 corresponds to the corresponding grades and similar grades Co50V2, 50\u041a\u0424 (Russia), Permendur [&hellip;]<\/p>","protected":false},"featured_media":624,"template":"","meta":{"site-sidebar-layout":"default","site-content-layout":"","ast-site-content-layout":"default","site-content-style":"default","site-sidebar-style":"default","ast-global-header-display":"","ast-banner-title-visibility":"","ast-main-header-display":"","ast-hfb-above-header-display":"","ast-hfb-below-header-display":"","ast-hfb-mobile-header-display":"","site-post-title":"","ast-breadcrumbs-content":"","ast-featured-img":"","footer-sml-layout":"","theme-transparent-header-meta":"default","adv-header-id-meta":"","stick-header-meta":"","header-above-stick-meta":"","header-main-stick-meta":"","header-below-stick-meta":"","astra-migrate-meta-layouts":"set","ast-page-background-enabled":"default","ast-page-background-meta":{"desktop":{"background-color":"var(--ast-global-color-5)","background-image":"","background-repeat":"repeat","background-position":"center center","background-size":"auto","background-attachment":"scroll","background-type":"","background-media":"","overlay-type":"","overlay-color":"","overlay-opacity":"","overlay-gradient":""},"tablet":{"background-color":"","background-image":"","background-repeat":"repeat","background-position":"center center","background-size":"auto","background-attachment":"scroll","background-type":"","background-media":"","overlay-type":"","overlay-color":"","overlay-opacity":"","overlay-gradient":""},"mobile":{"background-color":"","background-image":"","background-repeat":"repeat","background-position":"center center","background-size":"auto","background-attachment":"scroll","background-type":"","background-media":"","overlay-type":"","overlay-color":"","overlay-opacity":"","overlay-gradient":""}},"ast-content-background-meta":{"desktop":{"background-color":"var(--ast-global-color-4)","background-image":"","background-repeat":"repeat","background-position":"center center","background-size":"auto","background-attachment":"scroll","background-type":"","background-media":"","overlay-type":"","overlay-color":"","overlay-opacity":"","overlay-gradient":""},"tablet":{"background-color":"var(--ast-global-color-4)","background-image":"","background-repeat":"repeat","background-position":"center center","background-size":"auto","background-attachment":"scroll","background-type":"","background-media":"","overlay-type":"","overlay-color":"","overlay-opacity":"","overlay-gradient":""},"mobile":{"background-color":"var(--ast-global-color-4)","background-image":"","background-repeat":"repeat","background-position":"center center","background-size":"auto","background-attachment":"scroll","background-type":"","background-media":"","overlay-type":"","overlay-color":"","overlay-opacity":"","overlay-gradient":""}}},"product_brand":[],"product_cat":[34],"product_tag":[],"class_list":{"0":"post-623","1":"product","2":"type-product","3":"status-publish","4":"has-post-thumbnail","6":"product_cat-precision-alloy","7":"desktop-align-left","8":"tablet-align-left","9":"mobile-align-left","11":"first","12":"instock","13":"shipping-taxable","14":"product-type-simple"},"_links":{"self":[{"href":"https:\/\/www.dura-alloy.com\/es\/wp-json\/wp\/v2\/product\/623","targetHints":{"allow":["GET"]}}],"collection":[{"href":"https:\/\/www.dura-alloy.com\/es\/wp-json\/wp\/v2\/product"}],"about":[{"href":"https:\/\/www.dura-alloy.com\/es\/wp-json\/wp\/v2\/types\/product"}],"version-history":[{"count":0,"href":"https:\/\/www.dura-alloy.com\/es\/wp-json\/wp\/v2\/product\/623\/revisions"}],"wp:featuredmedia":[{"embeddable":true,"href":"https:\/\/www.dura-alloy.com\/es\/wp-json\/wp\/v2\/media\/624"}],"wp:attachment":[{"href":"https:\/\/www.dura-alloy.com\/es\/wp-json\/wp\/v2\/media?parent=623"}],"wp:term":[{"taxonomy":"product_brand","embeddable":true,"href":"https:\/\/www.dura-alloy.com\/es\/wp-json\/wp\/v2\/product_brand?post=623"},{"taxonomy":"product_cat","embeddable":true,"href":"https:\/\/www.dura-alloy.com\/es\/wp-json\/wp\/v2\/product_cat?post=623"},{"taxonomy":"product_tag","embeddable":true,"href":"https:\/\/www.dura-alloy.com\/es\/wp-json\/wp\/v2\/product_tag?post=623"}],"curies":[{"name":"wp","href":"https:\/\/api.w.org\/{rel}","templated":true}]}}