{"id":617,"date":"2025-06-17T01:56:57","date_gmt":"2025-06-17T01:56:57","guid":{"rendered":"https:\/\/dura-alloy.com\/?post_type=product&#038;p=617"},"modified":"2025-06-17T01:56:57","modified_gmt":"2025-06-17T01:56:57","slug":"4j32super-invar","status":"publish","type":"product","link":"https:\/\/www.dura-alloy.com\/es\/producto\/4j32super-invar\/","title":{"rendered":"4J32(Super-Invar)"},"content":{"rendered":"<p><span>1. Introducci\u00f3n a los materiales 4J32<\/span><\/p>\n<p><span>La aleaci\u00f3n 4J32 tambi\u00e9n se denomina aleaci\u00f3n Super-Invar. En la gama de temperaturas de -60-80\u2103, su coeficiente de dilataci\u00f3n es inferior al de la aleaci\u00f3n 4J36, pero su estabilidad estructural a baja temperatura es peor que la de la aleaci\u00f3n 4J36. Esta aleaci\u00f3n se utiliza principalmente para fabricar piezas de instrumentos de alta precisi\u00f3n que requieren un tama\u00f1o dentro del intervalo de variaci\u00f3n de la temperatura ambiente.<\/span><\/p>\n<p><span>2. Normas t\u00e9cnicas para los materiales 4J32<\/span><br \/>\n<span>YB\/T 5241-1993 \"Condiciones t\u00e9cnicas para las aleaciones de baja dilataci\u00f3n 4J32, 4J36, 4J38 y 4J40\".<\/span><\/p>\n<p><span>Las muestras de la prueba de funcionamiento para el coeficiente de extensi\u00f3n y la estabilidad del tejido de la baja temperatura especificados en el est\u00e1ndar 4J32 del sistema del tratamiento t\u00e9rmico se procesan y se tratan t\u00e9rmicamente seg\u00fan los m\u00e9todos siguientes: Caliente la muestra semielaborada a 840\u2103\u00b110\u2103, aislada por 1 h, agua apagada, y despu\u00e9s procese la muestra en una muestra acabada, aislada en 315\u2103\u00b110\u2103 por 1 h, y refrescada con el horno o el aire.<\/span><br \/>\n<span>Las especificaciones y condiciones de suministro de las variedades 4J32 incluyen varillas, tubos, placas, seda y correas.<\/span><br \/>\n<span>El proceso de fundici\u00f3n y colada 4J32 utiliza hornos de inducci\u00f3n sin vac\u00edo, hornos de inducci\u00f3n al vac\u00edo y hornos de arco.<\/span><br \/>\n<span>4J32 Descripci\u00f3n general de la aplicaci\u00f3n y requisitos especiales Esta aleaci\u00f3n es una aleaci\u00f3n t\u00edpica de baja expansi\u00f3n, y se ha utilizado durante mucho tiempo en las f\u00e1bricas de aviaci\u00f3n y tiene un rendimiento estable. Se utiliza principalmente para fabricar componentes de precisi\u00f3n con dimensiones muy exactas dentro del rango de temperatura ambiente. Durante su uso, el proceso de tratamiento t\u00e9rmico y el proceso de transformaci\u00f3n deben controlarse estrictamente, y la estabilidad del tejido debe comprobarse estrictamente en funci\u00f3n de la temperatura de uso.<\/span><\/p>\n<p><span>3. 4J32 propiedades f\u00edsicas<\/span><\/p>\n<p><span>La temperatura de fusi\u00f3n del 4J32 es de 1430~1450\u2103[1,2].<\/span><br \/>\n<span>4J32 conductividad t\u00e9rmica \u03bb=13,9W\/(m-\u2103)[1,2].<\/span><br \/>\n<span>La norma para el coeficiente de dilataci\u00f3n lineal de 4J32 estipula que \u03b11 (20~100\u2103) es \u22641,0\u00d710-6\u2103-1[5].<\/span><br \/>\n<span>Al igual que la aleaci\u00f3n 4J36, la aleaci\u00f3n 4J32 tiene el mayor valor de coeficiente de dilataci\u00f3n lineal cuando se recuece por encima de 850 \u2103. La velocidad de enfriamiento r\u00e1pido puede reducir el coeficiente de dilataci\u00f3n lineal. Para \u03b11 (temperatura ambiente ~ 100\u00b0C), el temple (velocidad de enfriamiento r\u00e1pido) puede reducirse casi a la mitad en comparaci\u00f3n con el recocido.<\/span><\/p>\n<p><span>4. Sistema de manipulaci\u00f3n especial 4J32<\/span><\/p>\n<p><span>Las muestras de la prueba de funcionamiento para el coeficiente de extensi\u00f3n y la estabilidad del tejido de la baja temperatura especificados por el est\u00e1ndar se procesan y se calientan seg\u00fan los m\u00e9todos siguientes: Caliente la muestra semielaborada a 840\u2103\u00b110\u2103, aislada por 1 h, agua apagada, y despu\u00e9s procese la muestra en una muestra acabada, aislada en 315\u2103\u00b110\u2103 por 1 h, y refrescada con el horno o el aire.<\/span><\/p>\n<p><span>4J32 perfil de aplicaci\u00f3n y requisitos especiales<\/span><\/p>\n<p><span>Esta aleaci\u00f3n es una aleaci\u00f3n t\u00edpica de baja expansi\u00f3n, y se ha utilizado durante mucho tiempo en las f\u00e1bricas de aviaci\u00f3n y tiene un rendimiento estable. Se utiliza principalmente para fabricar componentes de precisi\u00f3n con dimensiones muy exactas dentro del intervalo de temperatura ambiente. Durante su uso, el proceso de tratamiento t\u00e9rmico y el proceso de transformaci\u00f3n deben controlarse estrictamente, y la estabilidad del tejido debe comprobarse estrictamente en funci\u00f3n de la temperatura de uso.<\/span><\/p>\n<p><span>Estructura de aleaci\u00f3n 4J32:<\/span><\/p>\n<p><span>Despu\u00e9s de tratar la aleaci\u00f3n 4J32 inwa seg\u00fan el sistema de tratamiento t\u00e9rmico especificado en 1.5, y a continuaci\u00f3n la velocidad de enfriamiento es de 2h a -60\u2103, no deber\u00eda aparecer estructura de martensita. Sin embargo, cuando la composici\u00f3n de la aleaci\u00f3n no es la adecuada, diferentes grados de austenita (\u03b3) sufrir\u00e1n una transformaci\u00f3n a martensita acicular (\u03b1) a temperatura ambiente o baja temperatura, y el cambio de fase ir\u00e1 acompa\u00f1ado de un efecto de expansi\u00f3n de volumen. El coeficiente de dilataci\u00f3n de la aleaci\u00f3n aumenta en consecuencia. El principal factor que afecta a la estabilidad de la estructura de la aleaci\u00f3n a baja temperatura es la composici\u00f3n qu\u00edmica de la aleaci\u00f3n. Como puede verse en el diagrama de fases ternario Fe-Ni-Co, el n\u00edquel es el elemento principal de la fase gamma estable. Un alto contenido en n\u00edquel favorece la estabilidad de la fase gamma. El cobre tambi\u00e9n es un elemento importante en la estabilizaci\u00f3n de la estructura de la aleaci\u00f3n. A medida que aumenta la tasa de deformaci\u00f3n total de la aleaci\u00f3n, su estructura tiende a ser m\u00e1s estable. La segregaci\u00f3n de la composici\u00f3n de la aleaci\u00f3n tambi\u00e9n puede provocar un cambio de fase \u03b3\u2192\u03b1 en zonas locales. Adem\u00e1s, los granos gruesos tambi\u00e9n promover\u00e1n la transici\u00f3n de fase de \u03b3\u2192\u03b1.<\/span><\/p>\n<p><span>Las aleaciones de rendimiento de soldadura 4J32 pueden soldarse mediante soldadura fuerte, soldadura por fusi\u00f3n, soldadura por resistencia y otros m\u00e9todos. Dado que el coeficiente de dilataci\u00f3n est\u00e1 relacionado con la composici\u00f3n qu\u00edmica, los cambios en la composici\u00f3n de la aleaci\u00f3n deben evitarse en la medida de lo posible, por lo que es mejor utilizar la soldadura por arco de arg\u00f3n.<\/span><br \/>\n<span>Proceso de tratamiento t\u00e9rmico de piezas 4J32 El tratamiento t\u00e9rmico puede dividirse en: recocido de eliminaci\u00f3n de tensiones, recocido intermedio y tratamiento de estabilizaci\u00f3n.<\/span><br \/>\n<span>(1) Recocido de eliminaci\u00f3n de tensiones Para eliminar las tensiones residuales tras el procesamiento mec\u00e1nico de las piezas, debe realizarse un recocido de eliminaci\u00f3n de tensiones: 530~550 \u2103, aislamiento durante 1~2h, y enfriamiento del horno.<\/span><br \/>\n<span>(2) El recocido intermedio sirve para eliminar el endurecimiento por proceso de la aleaci\u00f3n durante el laminado en fr\u00edo, el estirado en fr\u00edo y el estampado en fr\u00edo para facilitar la continuaci\u00f3n del proceso. Se calienta la pieza a 830-880 \u2103, se mantiene el calor durante 30 minutos y se enfr\u00eda el horno o se enfr\u00eda con aire.<\/span><br \/>\n<span>(3) El tratamiento de estabilizaci\u00f3n puede lograr un coeficiente de dilataci\u00f3n m\u00e1s bajo y estabilizar su rendimiento. Por lo general, se utiliza el tratamiento en tres etapas.<\/span><br \/>\n<span>a) Homogeneizaci\u00f3n: Durante el calentamiento, las impurezas de la aleaci\u00f3n se disuelven suficientemente y los elementos de aleaci\u00f3n tienden a homogeneizarse. La pieza se calienta a 830 \u00b0C en atm\u00f3sfera protectora, se mantiene en calor de 20 minutos a 1 h y se templa.<\/span><br \/>\n<span>b) Revenido: Durante el proceso de templado se puede eliminar parcialmente la tensi\u00f3n generada por el temple. Se calienta la pieza a 315 \u2103, se mantiene en calor de 1 a 4 horas y se enfr\u00eda el horno.<\/span><br \/>\n<span>c) Envejecimiento de estabilizaci\u00f3n: estabiliza las dimensiones de la aleaci\u00f3n. La pieza se calienta a 95 \u2103 y se mantiene en calor durante 48 horas.<\/span><br \/>\n<span>Cuando el tratamiento a alta temperatura no es adecuado para el tratamiento a alta temperatura, se puede utilizar el siguiente tratamiento de eliminaci\u00f3n de tensiones y estabilizaci\u00f3n: la pieza se calienta a 315-370 \u2103, 1-4h.<\/span><br \/>\n<span>La aleaci\u00f3n no puede endurecerse mediante tratamiento t\u00e9rmico.<\/span><br \/>\n<span>4J32 proceso de tratamiento de la superficie El tratamiento de la superficie puede ser arenado, pulido o decapado. La aleaci\u00f3n puede decaparse a 70\u00b0C con una soluci\u00f3n de \u00e1cido clorh\u00eddrico 25% para eliminar la cascarilla.<\/span><br \/>\n<span>Propiedades de corte y rectificado de 4J32 Las caracter\u00edsticas de corte y procesado de esta aleaci\u00f3n son similares a las del acero inoxidable austen\u00edtico. Para el mecanizado se utilizan herramientas de corte de acero r\u00e1pido o de metal duro, y para el corte y mecanizado, herramientas de baja velocidad. Se puede utilizar refrigerante en el corte. La aleaci\u00f3n tiene un buen rendimiento de rectificado.<\/span><\/p>\n<p><span>5. Campos de aplicaci\u00f3n 4J32<\/span><\/p>\n<p><span>4J32 es una aleaci\u00f3n t\u00edpica de baja dilataci\u00f3n, que se utiliza desde hace mucho tiempo en las f\u00e1bricas de aviaci\u00f3n y tiene un rendimiento estable. Se utiliza principalmente para fabricar componentes de precisi\u00f3n con dimensiones muy exactas dentro del intervalo de temperatura ambiente. Durante su uso, el proceso de tratamiento t\u00e9rmico y el proceso de transformaci\u00f3n deben controlarse estrictamente, y la estabilidad del tejido debe comprobarse estrictamente en funci\u00f3n de la temperatura de uso.<\/span><\/p>","protected":false},"excerpt":{"rendered":"<p>1. Introduction to 4J32 materials 4J32 alloy is also called Super-Invar alloy. In the temperature range of -60-80\u2103, its expansion [&hellip;]<\/p>","protected":false},"featured_media":618,"template":"","meta":{"site-sidebar-layout":"default","site-content-layout":"","ast-site-content-layout":"default","site-content-style":"default","site-sidebar-style":"default","ast-global-header-display":"","ast-banner-title-visibility":"","ast-main-header-display":"","ast-hfb-above-header-display":"","ast-hfb-below-header-display":"","ast-hfb-mobile-header-display":"","site-post-title":"","ast-breadcrumbs-content":"","ast-featured-img":"","footer-sml-layout":"","theme-transparent-header-meta":"default","adv-header-id-meta":"","stick-header-meta":"","header-above-stick-meta":"","header-main-stick-meta":"","header-below-stick-meta":"","astra-migrate-meta-layouts":"set","ast-page-background-enabled":"default","ast-page-background-meta":{"desktop":{"background-color":"var(--ast-global-color-5)","background-image":"","background-repeat":"repeat","background-position":"center center","background-size":"auto","background-attachment":"scroll","background-type":"","background-media":"","overlay-type":"","overlay-color":"","overlay-opacity":"","overlay-gradient":""},"tablet":{"background-color":"","background-image":"","background-repeat":"repeat","background-position":"center center","background-size":"auto","background-attachment":"scroll","background-type":"","background-media":"","overlay-type":"","overlay-color":"","overlay-opacity":"","overlay-gradient":""},"mobile":{"background-color":"","background-image":"","background-repeat":"repeat","background-position":"center center","background-size":"auto","background-attachment":"scroll","background-type":"","background-media":"","overlay-type":"","overlay-color":"","overlay-opacity":"","overlay-gradient":""}},"ast-content-background-meta":{"desktop":{"background-color":"var(--ast-global-color-4)","background-image":"","background-repeat":"repeat","background-position":"center center","background-size":"auto","background-attachment":"scroll","background-type":"","background-media":"","overlay-type":"","overlay-color":"","overlay-opacity":"","overlay-gradient":""},"tablet":{"background-color":"var(--ast-global-color-4)","background-image":"","background-repeat":"repeat","background-position":"center center","background-size":"auto","background-attachment":"scroll","background-type":"","background-media":"","overlay-type":"","overlay-color":"","overlay-opacity":"","overlay-gradient":""},"mobile":{"background-color":"var(--ast-global-color-4)","background-image":"","background-repeat":"repeat","background-position":"center center","background-size":"auto","background-attachment":"scroll","background-type":"","background-media":"","overlay-type":"","overlay-color":"","overlay-opacity":"","overlay-gradient":""}}},"product_brand":[],"product_cat":[34],"product_tag":[],"class_list":{"0":"post-617","1":"product","2":"type-product","3":"status-publish","4":"has-post-thumbnail","6":"product_cat-precision-alloy","7":"desktop-align-left","8":"tablet-align-left","9":"mobile-align-left","11":"first","12":"instock","13":"shipping-taxable","14":"product-type-simple"},"_links":{"self":[{"href":"https:\/\/www.dura-alloy.com\/es\/wp-json\/wp\/v2\/product\/617","targetHints":{"allow":["GET"]}}],"collection":[{"href":"https:\/\/www.dura-alloy.com\/es\/wp-json\/wp\/v2\/product"}],"about":[{"href":"https:\/\/www.dura-alloy.com\/es\/wp-json\/wp\/v2\/types\/product"}],"version-history":[{"count":0,"href":"https:\/\/www.dura-alloy.com\/es\/wp-json\/wp\/v2\/product\/617\/revisions"}],"wp:featuredmedia":[{"embeddable":true,"href":"https:\/\/www.dura-alloy.com\/es\/wp-json\/wp\/v2\/media\/618"}],"wp:attachment":[{"href":"https:\/\/www.dura-alloy.com\/es\/wp-json\/wp\/v2\/media?parent=617"}],"wp:term":[{"taxonomy":"product_brand","embeddable":true,"href":"https:\/\/www.dura-alloy.com\/es\/wp-json\/wp\/v2\/product_brand?post=617"},{"taxonomy":"product_cat","embeddable":true,"href":"https:\/\/www.dura-alloy.com\/es\/wp-json\/wp\/v2\/product_cat?post=617"},{"taxonomy":"product_tag","embeddable":true,"href":"https:\/\/www.dura-alloy.com\/es\/wp-json\/wp\/v2\/product_tag?post=617"}],"curies":[{"name":"wp","href":"https:\/\/api.w.org\/{rel}","templated":true}]}}