{"id":609,"date":"2025-06-17T01:42:22","date_gmt":"2025-06-17T01:42:22","guid":{"rendered":"https:\/\/dura-alloy.com\/?post_type=product&#038;p=609"},"modified":"2025-06-17T01:44:48","modified_gmt":"2025-06-17T01:44:48","slug":"05cr17ni4cu4nb","status":"publish","type":"product","link":"https:\/\/www.dura-alloy.com\/es\/producto\/05cr17ni4cu4nb\/","title":{"rendered":"05Cr17Ni4Cu4Nb"},"content":{"rendered":"<p style=\"text-align: center;\"><strong><span>Alcance del suministro de Aviation Group:<\/span><\/strong><\/p>\n<p style=\"text-align: center;\"><strong><span>Piezas forjadas no normalizadas, varillas redondas, chapas de acero, anillos, tubos sin soldadura<\/span><\/strong><strong>\u00a0<\/strong><\/p>\n<p>&nbsp;<\/p>\n<ol>\n<li><strong><span>05Cr17Ni4Cu4Nb\u00a0<\/span><\/strong><strong><span>material introduction<\/span><\/strong><\/li>\n<\/ol>\n<p><span>05Cr17Ni4Cu4Nb alloy is a precipitated, hardened, martensite stainless steel composed of copper, niobium\/cinnabar.<\/span><\/p>\n<p><span>05Cr17Ni4Cu4Nb is a martensite precipitation hardened stainless steel with high strength, high hardness, good welding performance and corrosion resistance. It has been widely promoted and used in valves, shafts, chemical fibers, aerospace and other industries, and has high-strength components with certain corrosion resistance requirements.<\/span><\/p>\n<ol start=\"2\">\n<li><strong><span>05Cr17Ni4Cu4Nb\u00a0<\/span><\/strong><strong><span>Chemical Components<\/span><\/strong><\/li>\n<\/ol>\n<table border=\"-\">\n<tbody>\n<tr>\n<td width=\"124\"><span>aleaci\u00f3n<\/span><\/td>\n<td width=\"69\">%<\/td>\n<td width=\"46\">C<\/td>\n<td width=\"41\">Mn<\/td>\n<td width=\"45\"><span>Y\u00a0<\/span><\/td>\n<td width=\"51\">P<\/td>\n<td width=\"64\">S<\/td>\n<td width=\"45\">Cr<\/td>\n<td width=\"44\"><span>En<\/span><\/td>\n<td width=\"44\">Cu<\/td>\n<td width=\"44\">Fe<\/td>\n<td width=\"45\">Nb<\/td>\n<\/tr>\n<tr>\n<td rowspan=\"2\" width=\"124\"><span>05Cr17Ni4Cu4Nb<\/span><\/td>\n<td width=\"69\"><span>Valor m\u00ednimo<\/span><\/td>\n<td width=\"46\">&#8211;<\/td>\n<td width=\"41\"><span>&#8211;<\/span><\/td>\n<td width=\"45\"><span>&#8211;<\/span><\/td>\n<td width=\"51\"><span>&#8211;<\/span><\/td>\n<td width=\"64\"><span>&#8211;<\/span><\/td>\n<td width=\"45\">15.5<\/td>\n<td width=\"44\">3.0<\/td>\n<td width=\"44\"><span>3.0<\/span><\/td>\n<td rowspan=\"2\" width=\"44\"><span>margen<\/span><\/td>\n<td width=\"45\">0.15<\/td>\n<\/tr>\n<tr>\n<td width=\"69\"><span>Valor m\u00e1ximo<\/span><\/td>\n<td width=\"46\">0.07<\/td>\n<td width=\"41\">1.00<\/td>\n<td width=\"45\"><span>1.00<\/span><\/td>\n<td width=\"51\">0.040<\/td>\n<td width=\"64\">0.030<\/td>\n<td width=\"45\">17.5<\/td>\n<td width=\"44\">5.0<\/td>\n<td width=\"44\"><span>5.0<\/span><\/td>\n<td width=\"45\">0.45<\/td>\n<\/tr>\n<\/tbody>\n<\/table>\n<ol start=\"3\">\n<li><strong><span>05Cr17Ni4Cu4Nb\u00a0<\/span><\/strong><strong><span>Rendimiento f\u00edsico<\/span><\/strong><\/li>\n<\/ol>\n<table border=\"-\">\n<tbody>\n<tr>\n<td width=\"106\"><span>densidad<\/span><\/td>\n<td width=\"247\">7,78 g\/cm3<\/td>\n<\/tr>\n<tr>\n<td width=\"106\"><span>Punto de fusi\u00f3n<\/span><\/td>\n<td width=\"247\">1400-1440\u2103<\/td>\n<\/tr>\n<\/tbody>\n<\/table>\n<p><strong><span>Mechanical properties of 05Cr17Ni4Cu4Nb<\/span><\/strong><span>\u00a0alloy at room temperature:<\/span><\/p>\n<table border=\"-\">\n<tbody>\n<tr>\n<td width=\"137\"><span>aleaci\u00f3n<\/span><\/td>\n<td width=\"146\"><span>Resistencia a la tracci\u00f3n<\/span><br \/>\n<span>Rm N\/mm2<\/span><\/td>\n<td width=\"171\"><span>L\u00edmite el\u00e1stico<\/span><br \/>\n<span>RP0,2N\/mm2<\/span><\/td>\n<td width=\"95\"><span>Alargamiento<\/span><br \/>\n<span>A5 %<\/span><\/td>\n<td width=\"128\"><span>Dureza Brinell\u00a0<\/span><br \/>\n<span>HB<\/span><\/td>\n<\/tr>\n<tr>\n<td width=\"137\"><span>480\u2103 envejecimiento<\/span><\/td>\n<td width=\"146\">\u22651310<\/td>\n<td width=\"171\">\u22651180<\/td>\n<td width=\"95\">\u226510<\/td>\n<td width=\"128\">\u226540<\/td>\n<\/tr>\n<tr>\n<td width=\"137\"><span>550\u2103 envejecimiento<\/span><\/td>\n<td width=\"146\">\u22651060<\/td>\n<td width=\"171\">\u22651000<\/td>\n<td width=\"95\">\u226512<\/td>\n<td width=\"128\">\u226535<\/td>\n<\/tr>\n<tr>\n<td width=\"137\"><span>580\u2103 envejecimiento<\/span><\/td>\n<td width=\"146\"><span>\u22651000<\/span><\/td>\n<td width=\"171\">\u2265865<\/td>\n<td width=\"95\">\u226513<\/td>\n<td width=\"128\">\u226531<\/td>\n<\/tr>\n<tr>\n<td width=\"137\"><span>Efecto de envejecimiento de 620\u2103<\/span><\/td>\n<td width=\"146\">\u2265930<\/td>\n<td width=\"171\">\u2265325<\/td>\n<td width=\"95\">\u226516<\/td>\n<td width=\"128\">\u226528<\/td>\n<\/tr>\n<\/tbody>\n<\/table>\n<p><span>After heat treatment, the mechanical properties of the product are more perfect, reaching a compressive strength of up to 1100-1300 mpa (160-190 ksi).<\/span><\/p>\n<p><span>This grade cannot be used at temperatures above 300\u00b0C (572\u00b0F) or very low. It has good corrosion resistance to both the atmosphere and diluted acids or salts, and its corrosion resistance is the same as that of 304 and 430.<\/span><\/p>\n<ol start=\"4\">\n<li><strong><span>05Cr17Ni4Cu4Nb corrosion resistance<\/span><\/strong><\/li>\n<\/ol>\n<ul>\n<li><span>The corrosion resistance of 05CR17NI4CU4NB alloy is better than any other standard hardenable stainless steel plate. In most cases, its corrosion resistance is no less than 304.<\/span><\/li>\n<li><span>Si existe riesgo de agrietamiento por corrosi\u00f3n bajo tensi\u00f3n, la temperatura de envejecimiento superior debe ser superior a 550\u00b0C (1022\u00b0F), preferiblemente 590\u00b0C (1094\u00b0F).<\/span><\/li>\n<li><span>La temperatura de revenido en el medio clorado es de 550\u00b0C-1022\u00b0F.<\/span><\/li>\n<li><span>La temperatura de revenido en medio H2S es de 590\u00b0C-1094\u00b0F.<\/span><\/li>\n<li><span>Es susceptible a la corrosi\u00f3n o a la corrosi\u00f3n por fisuras en agua de mar est\u00e1tica.<\/span><\/li>\n<li><span>Su resistencia a la corrosi\u00f3n es la misma que la del grado 304L en la industria petroqu\u00edmica, alimentaria y papelera.<\/span><\/li>\n<\/ul>\n<ol start=\"5\">\n<li><strong><span>05Cr17Ni4Cu4Nb application field<\/span><\/strong><\/li>\n<\/ol>\n<ul>\n<li><span>Plataforma mar\u00edtima, cubierta para helic\u00f3pteros, otras plataformas<\/span><\/li>\n<li><span>Industria alimentaria<\/span><\/li>\n<li><span>Industria papelera<\/span><\/li>\n<li><span>Aeroespacial (\u00e1labes de turbina)<\/span><\/li>\n<li><span>Componentes mec\u00e1nicos<\/span><\/li>\n<li><span>Cubo de residuos nucleares<\/span><\/li>\n<\/ul>","protected":false},"excerpt":{"rendered":"<p>Scope of supply of Aviation Group: Non-standard forgings, round rods, steel plates, rings, seamless pipes\u00a0 &nbsp; 05Cr17Ni4Cu4Nb\u00a0material introduction 05Cr17Ni4Cu4Nb alloy [&hellip;]<\/p>","protected":false},"featured_media":579,"template":"","meta":{"site-sidebar-layout":"default","site-content-layout":"","ast-site-content-layout":"default","site-content-style":"default","site-sidebar-style":"default","ast-global-header-display":"","ast-banner-title-visibility":"","ast-main-header-display":"","ast-hfb-above-header-display":"","ast-hfb-below-header-display":"","ast-hfb-mobile-header-display":"","site-post-title":"","ast-breadcrumbs-content":"","ast-featured-img":"","footer-sml-layout":"","theme-transparent-header-meta":"default","adv-header-id-meta":"","stick-header-meta":"","header-above-stick-meta":"","header-main-stick-meta":"","header-below-stick-meta":"","astra-migrate-meta-layouts":"set","ast-page-background-enabled":"default","ast-page-background-meta":{"desktop":{"background-color":"var(--ast-global-color-5)","background-image":"","background-repeat":"repeat","background-position":"center center","background-size":"auto","background-attachment":"scroll","background-type":"","background-media":"","overlay-type":"","overlay-color":"","overlay-opacity":"","overlay-gradient":""},"tablet":{"background-color":"","background-image":"","background-repeat":"repeat","background-position":"center center","background-size":"auto","background-attachment":"scroll","background-type":"","background-media":"","overlay-type":"","overlay-color":"","overlay-opacity":"","overlay-gradient":""},"mobile":{"background-color":"","background-image":"","background-repeat":"repeat","background-position":"center center","background-size":"auto","background-attachment":"scroll","background-type":"","background-media":"","overlay-type":"","overlay-color":"","overlay-opacity":"","overlay-gradient":""}},"ast-content-background-meta":{"desktop":{"background-color":"var(--ast-global-color-4)","background-image":"","background-repeat":"repeat","background-position":"center center","background-size":"auto","background-attachment":"scroll","background-type":"","background-media":"","overlay-type":"","overlay-color":"","overlay-opacity":"","overlay-gradient":""},"tablet":{"background-color":"var(--ast-global-color-4)","background-image":"","background-repeat":"repeat","background-position":"center center","background-size":"auto","background-attachment":"scroll","background-type":"","background-media":"","overlay-type":"","overlay-color":"","overlay-opacity":"","overlay-gradient":""},"mobile":{"background-color":"var(--ast-global-color-4)","background-image":"","background-repeat":"repeat","background-position":"center center","background-size":"auto","background-attachment":"scroll","background-type":"","background-media":"","overlay-type":"","overlay-color":"","overlay-opacity":"","overlay-gradient":""}}},"product_brand":[],"product_cat":[33],"product_tag":[],"class_list":{"0":"post-609","1":"product","2":"type-product","3":"status-publish","4":"has-post-thumbnail","6":"product_cat-precipitation-hardening-stainless-steel","7":"desktop-align-left","8":"tablet-align-left","9":"mobile-align-left","11":"first","12":"instock","13":"shipping-taxable","14":"product-type-simple"},"_links":{"self":[{"href":"https:\/\/www.dura-alloy.com\/es\/wp-json\/wp\/v2\/product\/609","targetHints":{"allow":["GET"]}}],"collection":[{"href":"https:\/\/www.dura-alloy.com\/es\/wp-json\/wp\/v2\/product"}],"about":[{"href":"https:\/\/www.dura-alloy.com\/es\/wp-json\/wp\/v2\/types\/product"}],"version-history":[{"count":1,"href":"https:\/\/www.dura-alloy.com\/es\/wp-json\/wp\/v2\/product\/609\/revisions"}],"predecessor-version":[{"id":610,"href":"https:\/\/www.dura-alloy.com\/es\/wp-json\/wp\/v2\/product\/609\/revisions\/610"}],"wp:featuredmedia":[{"embeddable":true,"href":"https:\/\/www.dura-alloy.com\/es\/wp-json\/wp\/v2\/media\/579"}],"wp:attachment":[{"href":"https:\/\/www.dura-alloy.com\/es\/wp-json\/wp\/v2\/media?parent=609"}],"wp:term":[{"taxonomy":"product_brand","embeddable":true,"href":"https:\/\/www.dura-alloy.com\/es\/wp-json\/wp\/v2\/product_brand?post=609"},{"taxonomy":"product_cat","embeddable":true,"href":"https:\/\/www.dura-alloy.com\/es\/wp-json\/wp\/v2\/product_cat?post=609"},{"taxonomy":"product_tag","embeddable":true,"href":"https:\/\/www.dura-alloy.com\/es\/wp-json\/wp\/v2\/product_tag?post=609"}],"curies":[{"name":"wp","href":"https:\/\/api.w.org\/{rel}","templated":true}]}}