{"id":607,"date":"2025-06-17T01:26:31","date_gmt":"2025-06-17T01:26:31","guid":{"rendered":"https:\/\/dura-alloy.com\/?post_type=product&#038;p=607"},"modified":"2025-06-17T01:26:31","modified_gmt":"2025-06-17T01:26:31","slug":"sus631","status":"publish","type":"product","link":"https:\/\/www.dura-alloy.com\/es\/producto\/sus631\/","title":{"rendered":"SUS631"},"content":{"rendered":"<p style=\"text-align: center;\"><strong><span>Alcance del suministro de Aviation Group:<\/span><\/strong><\/p>\n<p style=\"text-align: center;\"><strong><span>Piezas forjadas no normalizadas, varillas redondas, chapas de acero, anillos, tubos sin soldadura<\/span><\/strong><\/p>\n<p><strong>\u00a0<\/strong><\/p>\n<ol>\n<li><strong><span>Introduction to SUS631\u00a0<\/span><\/strong><strong><span>Materiales<\/span><\/strong><\/li>\n<\/ol>\n<p><span>SUS631 is an austenite-martensite precipitation hardened stainless steel developed based on 18-8CrNi, also known as controlled phase change stainless steel.<\/span><\/p>\n<p><span>SUS631 is also a diffuse hardened stainless steel, with high strength and high hardness, fatigue resistance, good corrosion resistance and die forging, and rarely deformed when exposed to high temperatures. This steel has good performance and is especially suitable for aerospace and aerospace. This special alloy is also suitable for other fields with high strength and corrosion resistance requirements. At high temperatures to 316\u00b0C, the spring performance is still good. SUS631 is used in aerospace, chemical, petrochemical, papermaking and metal processing industries.<\/span><\/p>\n<p>&nbsp;<\/p>\n<ol start=\"2\">\n<li><strong><span>Ingredientes qu\u00edmicos<\/span><\/strong><\/li>\n<\/ol>\n<table border=\"-\">\n<tbody>\n<tr>\n<td width=\"49\"><span>aleaci\u00f3n<\/span><\/td>\n<td width=\"47\">C<\/td>\n<td width=\"40\">Mn<\/td>\n<td width=\"37\"><span>Y<\/span><\/td>\n<td width=\"39\">P<\/td>\n<td width=\"47\">S<\/td>\n<td width=\"59\">Cr<\/td>\n<td width=\"53\"><span>En<\/span><\/td>\n<td width=\"53\">Al<\/td>\n<\/tr>\n<tr>\n<td rowspan=\"2\" width=\"49\"><span>SUS631<\/span><\/td>\n<td width=\"47\">&#8211;<\/td>\n<td width=\"40\"><span>&#8211;<\/span><\/td>\n<td width=\"37\"><span>&#8211;<\/span><\/td>\n<td width=\"39\"><span>&#8211;<\/span><\/td>\n<td width=\"47\"><span>&#8211;<\/span><\/td>\n<td width=\"59\">16.0<\/td>\n<td width=\"53\">6.50<\/td>\n<td width=\"53\">0.75<\/td>\n<\/tr>\n<tr>\n<td width=\"47\">0.09<\/td>\n<td width=\"40\">1.0<\/td>\n<td width=\"37\"><span>1.0<\/span><\/td>\n<td width=\"39\">0.040<\/td>\n<td width=\"47\">0.030<\/td>\n<td width=\"59\">18.0<\/td>\n<td width=\"53\">7.75<\/td>\n<td width=\"53\">1.50<\/td>\n<\/tr>\n<\/tbody>\n<\/table>\n<ol start=\"3\">\n<li><strong><span>Propiedades f\u00edsicas<\/span><\/strong><\/li>\n<\/ol>\n<table border=\"-\">\n<tbody>\n<tr>\n<td width=\"122\"><span>densidad<\/span><\/td>\n<td width=\"131\">7,65 g\/cm3<\/td>\n<\/tr>\n<tr>\n<td width=\"122\"><span>Punto de fusi\u00f3n<\/span><\/td>\n<td width=\"131\">1415-1450\u2103<\/td>\n<\/tr>\n<\/tbody>\n<\/table>\n<p><strong><span>Mechanical properties of SUS631\u00a0<\/span><\/strong><strong><span>aleaci\u00f3n a temperatura ambiente<\/span><\/strong><\/p>\n<table border=\"-\">\n<tbody>\n<tr>\n<td width=\"177\"><span>Aleaci\u00f3n de Jubao<\/span><\/td>\n<td width=\"98\"><span>Resistencia a la tracci\u00f3n<\/span><br \/>\n<span>Rm N\/mm2<\/span><\/td>\n<td width=\"110\"><span>L\u00edmite el\u00e1stico<\/span><br \/>\n<span>RP0,2N\/mm2<\/span><\/td>\n<td width=\"58\"><span>Alargamiento<\/span><br \/>\n<span>A5 %<\/span><\/td>\n<td width=\"78\"><span>Dureza Brinell\u00a0<\/span><br \/>\n<span>HB<\/span><\/td>\n<\/tr>\n<tr>\n<td width=\"177\"><span>Fusi\u00f3n s\u00f3lida 1000~1100\u2103 Enfriamiento r\u00e1pido<\/span><\/td>\n<td width=\"98\">\u22641030<\/td>\n<td width=\"110\">\u2264380<\/td>\n<td width=\"58\">\u226520<\/td>\n<td width=\"78\">\u2264229<\/td>\n<\/tr>\n<tr>\n<td width=\"177\"><span>565\u2103 envejecimiento<\/span><\/td>\n<td width=\"98\">\u22651140<\/td>\n<td width=\"110\">\u2265960<\/td>\n<td width=\"58\">\u22655<\/td>\n<td width=\"78\">\u2265363<\/td>\n<\/tr>\n<tr>\n<td width=\"177\"><span>510\u2103 envejecimiento<\/span><\/td>\n<td width=\"98\">\u22651230<\/td>\n<td width=\"110\">\u22651030<\/td>\n<td width=\"58\">\u22654<\/td>\n<td width=\"78\">\u2265388<\/td>\n<\/tr>\n<\/tbody>\n<\/table>\n<p><strong>\u00a0<\/strong><\/p>\n<ol start=\"4\">\n<li><strong><span>Propiedades de los materiales<\/span><\/strong><\/li>\n<\/ol>\n<p><span>\u00a0SUS631 is a hardened stainless steel with high strength and hardness, fatigue resistance, good corrosion resistance and die forging. After solid solution treatment, it is an unstable austenite structure with good plastic toughness and processability. After adjustment, the austenite precipitation of carbide phenol composition changes. After martensite transformation treatment, most of the structures are transformed into low-carbon tempered martensite with good toughness. This state is the use state of steel and has good medium-temperature mechanical properties. Corrosion resistance is better than general martensitic stainless steel.<\/span><\/p>\n<p>&nbsp;<\/p>\n<ol start=\"5\">\n<li><strong><span>\u00c1mbitos de aplicaci\u00f3n<\/span><\/strong><\/li>\n<\/ol>\n<p><span>Se utiliza en las industrias aeroespacial, qu\u00edmica, petroqu\u00edmica, papelera y de transformaci\u00f3n de metales.<\/span><\/p>","protected":false},"excerpt":{"rendered":"<p>Scope of supply of Aviation Group: Non-standard forgings, round rods, steel plates, rings, seamless pipes \u00a0 Introduction to SUS631\u00a0Materials SUS631 [&hellip;]<\/p>","protected":false},"featured_media":608,"template":"","meta":{"site-sidebar-layout":"default","site-content-layout":"","ast-site-content-layout":"default","site-content-style":"default","site-sidebar-style":"default","ast-global-header-display":"","ast-banner-title-visibility":"","ast-main-header-display":"","ast-hfb-above-header-display":"","ast-hfb-below-header-display":"","ast-hfb-mobile-header-display":"","site-post-title":"","ast-breadcrumbs-content":"","ast-featured-img":"","footer-sml-layout":"","theme-transparent-header-meta":"default","adv-header-id-meta":"","stick-header-meta":"","header-above-stick-meta":"","header-main-stick-meta":"","header-below-stick-meta":"","astra-migrate-meta-layouts":"set","ast-page-background-enabled":"default","ast-page-background-meta":{"desktop":{"background-color":"var(--ast-global-color-5)","background-image":"","background-repeat":"repeat","background-position":"center center","background-size":"auto","background-attachment":"scroll","background-type":"","background-media":"","overlay-type":"","overlay-color":"","overlay-opacity":"","overlay-gradient":""},"tablet":{"background-color":"","background-image":"","background-repeat":"repeat","background-position":"center center","background-size":"auto","background-attachment":"scroll","background-type":"","background-media":"","overlay-type":"","overlay-color":"","overlay-opacity":"","overlay-gradient":""},"mobile":{"background-color":"","background-image":"","background-repeat":"repeat","background-position":"center center","background-size":"auto","background-attachment":"scroll","background-type":"","background-media":"","overlay-type":"","overlay-color":"","overlay-opacity":"","overlay-gradient":""}},"ast-content-background-meta":{"desktop":{"background-color":"var(--ast-global-color-4)","background-image":"","background-repeat":"repeat","background-position":"center center","background-size":"auto","background-attachment":"scroll","background-type":"","background-media":"","overlay-type":"","overlay-color":"","overlay-opacity":"","overlay-gradient":""},"tablet":{"background-color":"var(--ast-global-color-4)","background-image":"","background-repeat":"repeat","background-position":"center center","background-size":"auto","background-attachment":"scroll","background-type":"","background-media":"","overlay-type":"","overlay-color":"","overlay-opacity":"","overlay-gradient":""},"mobile":{"background-color":"var(--ast-global-color-4)","background-image":"","background-repeat":"repeat","background-position":"center center","background-size":"auto","background-attachment":"scroll","background-type":"","background-media":"","overlay-type":"","overlay-color":"","overlay-opacity":"","overlay-gradient":""}}},"product_brand":[],"product_cat":[33],"product_tag":[],"class_list":{"0":"post-607","1":"product","2":"type-product","3":"status-publish","4":"has-post-thumbnail","6":"product_cat-precipitation-hardening-stainless-steel","7":"desktop-align-left","8":"tablet-align-left","9":"mobile-align-left","11":"first","12":"instock","13":"shipping-taxable","14":"product-type-simple"},"_links":{"self":[{"href":"https:\/\/www.dura-alloy.com\/es\/wp-json\/wp\/v2\/product\/607","targetHints":{"allow":["GET"]}}],"collection":[{"href":"https:\/\/www.dura-alloy.com\/es\/wp-json\/wp\/v2\/product"}],"about":[{"href":"https:\/\/www.dura-alloy.com\/es\/wp-json\/wp\/v2\/types\/product"}],"version-history":[{"count":0,"href":"https:\/\/www.dura-alloy.com\/es\/wp-json\/wp\/v2\/product\/607\/revisions"}],"wp:featuredmedia":[{"embeddable":true,"href":"https:\/\/www.dura-alloy.com\/es\/wp-json\/wp\/v2\/media\/608"}],"wp:attachment":[{"href":"https:\/\/www.dura-alloy.com\/es\/wp-json\/wp\/v2\/media?parent=607"}],"wp:term":[{"taxonomy":"product_brand","embeddable":true,"href":"https:\/\/www.dura-alloy.com\/es\/wp-json\/wp\/v2\/product_brand?post=607"},{"taxonomy":"product_cat","embeddable":true,"href":"https:\/\/www.dura-alloy.com\/es\/wp-json\/wp\/v2\/product_cat?post=607"},{"taxonomy":"product_tag","embeddable":true,"href":"https:\/\/www.dura-alloy.com\/es\/wp-json\/wp\/v2\/product_tag?post=607"}],"curies":[{"name":"wp","href":"https:\/\/api.w.org\/{rel}","templated":true}]}}