{"id":588,"date":"2025-06-17T00:56:35","date_gmt":"2025-06-17T00:56:35","guid":{"rendered":"https:\/\/dura-alloy.com\/?post_type=product&#038;p=588"},"modified":"2025-06-17T00:56:35","modified_gmt":"2025-06-17T00:56:35","slug":"skd61","status":"publish","type":"product","link":"https:\/\/www.dura-alloy.com\/es\/producto\/skd61\/","title":{"rendered":"SKD61"},"content":{"rendered":"<p style=\"text-align: center;\"><strong>Alcance del suministro de Aviation Group:<\/strong><\/p>\n<p style=\"text-align: center;\"><strong>Varillas redondas, chapas de acero, piezas forjadas no est\u00e1ndar, anillos, etc., \u00a1no dude en consultarnos!<\/strong><\/p>\n<p>&nbsp;<\/p>\n<p><strong>1.\u00a0<\/strong><strong>Introducci\u00f3n a los materiales SKD61<\/strong><\/p>\n<p>SKD61 es una barra para moldes de trabajo en caliente. SKD11 es una marca japonesa, correspondiente a la marca de mi pa\u00eds (GB\/T 1299-2000) es 4Cr5MoSi V1, que es el acero para moldes de trabajo en caliente m\u00e1s utilizado.<\/p>\n<p><strong>SKD61\u00a0<\/strong><strong>grado correspondiente:\u00a0<\/strong><\/p>\n<p>Correspondiente a Yisheng Baiqian Marca: 8407<\/p>\n<p>Correspondiente a la marca coreana: STD61<\/p>\n<p>Correspondiente a la marca china: 4Cr5MoSiV1<\/p>\n<p>Correspondiente al grado US: H13<\/p>\n<p>Correspondiente al grado alem\u00e1n: X40CrMoV51<\/p>\n<p>Correspondiente al grado japon\u00e9s Hitachi: DAC<\/p>\n<p>Correspondiente a la marca japonesa Datong: DHA1<\/p>\n<p><strong>2. Componentes qu\u00edmicos<\/strong><\/p>\n<table border=\"-\" width=\"1120\">\n<tbody>\n<tr>\n<td width=\"68\">aleaci\u00f3n<\/td>\n<td width=\"73\">%<\/td>\n<td width=\"57\">Cromo Cr<\/td>\n<td width=\"61\">Piedra Mo<\/td>\n<td width=\"57\">\u94dc con<\/td>\n<td width=\"57\">Vanadio V<\/td>\n<td width=\"57\">Carbono C<\/td>\n<td width=\"61\">Manganeso Mn<\/td>\n<td width=\"57\">Silicio Si<\/td>\n<td width=\"57\">F\u00f3sforo P<\/td>\n<td width=\"57\">Azufre S<\/td>\n<\/tr>\n<tr>\n<td rowspan=\"2\" width=\"68\">Dc53<\/p>\n<p>Cr8mo2SIV<\/td>\n<td width=\"73\">Valor m\u00ednimo<\/td>\n<td width=\"57\">7.80<\/td>\n<td width=\"61\">2.00<\/td>\n<td width=\"57\">&#8211;<\/td>\n<td width=\"57\">0.30<\/td>\n<td width=\"57\">0.95<\/td>\n<td width=\"61\">0.20<\/td>\n<td width=\"57\">0.80<\/td>\n<td width=\"57\">&#8211;<\/td>\n<td width=\"57\">&#8211;<\/td>\n<\/tr>\n<tr>\n<td width=\"73\">Valor m\u00e1ximo<\/td>\n<td width=\"57\">8.30<\/td>\n<td width=\"61\">2.30<\/td>\n<td width=\"57\">0.30<\/td>\n<td width=\"57\">0.40<\/td>\n<td width=\"57\">1.03<\/td>\n<td width=\"61\">2.30<\/td>\n<td width=\"57\">1.10<\/td>\n<td width=\"57\">0.030<\/td>\n<td width=\"57\">0.030<\/td>\n<\/tr>\n<\/tbody>\n<\/table>\n<p>3.\u00a0<strong>Rendimiento f\u00edsico SKD61<\/strong><\/p>\n<p>1. Dureza SKD61:<\/p>\n<p>Antes del tratamiento t\u00e9rmico SKD61 es de aproximadamente HRC15~20 (HB200~230)<\/p>\n<p>Dureza despu\u00e9s del tratamiento t\u00e9rmico: Interna HRC40\u00b0~45\u00b0Superficial HV1000\u00b1100<\/p>\n<p>La densidad es de 7,85 g por cent\u00edmetro c\u00fabico<\/p>\n<p>Dureza tras el tratamiento TD: interna HRC 40\u00b0~45\u00b0 superficial HV2500 o superior<\/p>\n<p>2. Propiedades f\u00edsicas de SKD61:<\/p>\n<p><strong>Coeficiente de dilataci\u00f3n t\u00e9rmica [10-6m\/(m\u00d7k)].<\/strong><\/p>\n<p>20-100\u2103 20-200\u2103 20-300\u2103<\/p>\n<p>10.9\u00a0 \u00a0 \u00a0 \u00a0 \u00a0 \u00a011.9\u00a0 \u00a0 \u00a0 \u00a0 \u00a012.3<\/p>\n<p><strong>Conductividad t\u00e9rmica [W\/(m\u00d7k)\u00a0\u00a0<\/strong><\/p>\n<p>20\u2103 350\u2103 700\u2103<\/p>\n<p>20.1\u00a0\u00a0\u00a0 23.1\u00a0\u00a0\u00a0 26.1<\/p>\n<p><strong>4. \u00c1mbito de aplicaci\u00f3n de SKD61<\/strong><\/p>\n<p>SKD61 es el m\u00e1s utilizado en los materiales para moldes de fundici\u00f3n a presi\u00f3n de aluminio y zinc. Este acero contiene acero de alta aleaci\u00f3n resistente a altas temperaturas con componentes de tungsteno, que es adecuado para el trabajo en caliente, aluminio, magnesio, zinc, moldes de fundici\u00f3n a presi\u00f3n de aleaci\u00f3n de cobre, cortadores ranurados, tijeras y acciones de forja en caliente, moldes de pl\u00e1stico, escariadores de trabajo en caliente, cortadores de laminaci\u00f3n, moldes de forja en caliente en general, moldes de pernos calientes, diversas herramientas en la sala caliente, etc.<\/p>\n<p><strong>Adem\u00e1s, existen los siguientes usos:<\/strong><\/p>\n<p>1. Adecuado para varias tijeras, cuchillas de marqueter\u00eda y cuchillas de carpinter\u00eda.<\/p>\n<p>2. Molde de laminaci\u00f3n de roscas y corredera resistente al desgaste.<\/p>\n<p>3. Molde de estampaci\u00f3n en fr\u00edo, molde de resina termoendurecible.<\/p>\n<p>4. Molde de embutici\u00f3n profunda, molde de extrusi\u00f3n en fr\u00edo.<\/p>\n<p>5. 5. Hojas gruesas de no m\u00e1s de 2 mm de grosor, troquel de corte, troquel de perforaci\u00f3n y troquel de impresi\u00f3n de alta eficiencia.<\/p>","protected":false},"excerpt":{"rendered":"<p>Scope of supply of Aviation Group: Round rods, steel plates, non-standard forgings, rings, etc., welcome to inquire! &nbsp; 1.\u00a0Introduction to [&hellip;]<\/p>","protected":false},"featured_media":589,"template":"","meta":{"site-sidebar-layout":"default","site-content-layout":"","ast-site-content-layout":"default","site-content-style":"default","site-sidebar-style":"default","ast-global-header-display":"","ast-banner-title-visibility":"","ast-main-header-display":"","ast-hfb-above-header-display":"","ast-hfb-below-header-display":"","ast-hfb-mobile-header-display":"","site-post-title":"","ast-breadcrumbs-content":"","ast-featured-img":"","footer-sml-layout":"","theme-transparent-header-meta":"default","adv-header-id-meta":"","stick-header-meta":"","header-above-stick-meta":"","header-main-stick-meta":"","header-below-stick-meta":"","astra-migrate-meta-layouts":"set","ast-page-background-enabled":"default","ast-page-background-meta":{"desktop":{"background-color":"var(--ast-global-color-5)","background-image":"","background-repeat":"repeat","background-position":"center center","background-size":"auto","background-attachment":"scroll","background-type":"","background-media":"","overlay-type":"","overlay-color":"","overlay-opacity":"","overlay-gradient":""},"tablet":{"background-color":"","background-image":"","background-repeat":"repeat","background-position":"center center","background-size":"auto","background-attachment":"scroll","background-type":"","background-media":"","overlay-type":"","overlay-color":"","overlay-opacity":"","overlay-gradient":""},"mobile":{"background-color":"","background-image":"","background-repeat":"repeat","background-position":"center center","background-size":"auto","background-attachment":"scroll","background-type":"","background-media":"","overlay-type":"","overlay-color":"","overlay-opacity":"","overlay-gradient":""}},"ast-content-background-meta":{"desktop":{"background-color":"var(--ast-global-color-4)","background-image":"","background-repeat":"repeat","background-position":"center center","background-size":"auto","background-attachment":"scroll","background-type":"","background-media":"","overlay-type":"","overlay-color":"","overlay-opacity":"","overlay-gradient":""},"tablet":{"background-color":"var(--ast-global-color-4)","background-image":"","background-repeat":"repeat","background-position":"center center","background-size":"auto","background-attachment":"scroll","background-type":"","background-media":"","overlay-type":"","overlay-color":"","overlay-opacity":"","overlay-gradient":""},"mobile":{"background-color":"var(--ast-global-color-4)","background-image":"","background-repeat":"repeat","background-position":"center center","background-size":"auto","background-attachment":"scroll","background-type":"","background-media":"","overlay-type":"","overlay-color":"","overlay-opacity":"","overlay-gradient":""}}},"product_brand":[],"product_cat":[32],"product_tag":[],"class_list":{"0":"post-588","1":"product","2":"type-product","3":"status-publish","4":"has-post-thumbnail","6":"product_cat-alloy-structural-steel","7":"desktop-align-left","8":"tablet-align-left","9":"mobile-align-left","11":"first","12":"instock","13":"shipping-taxable","14":"product-type-simple"},"_links":{"self":[{"href":"https:\/\/www.dura-alloy.com\/es\/wp-json\/wp\/v2\/product\/588","targetHints":{"allow":["GET"]}}],"collection":[{"href":"https:\/\/www.dura-alloy.com\/es\/wp-json\/wp\/v2\/product"}],"about":[{"href":"https:\/\/www.dura-alloy.com\/es\/wp-json\/wp\/v2\/types\/product"}],"version-history":[{"count":1,"href":"https:\/\/www.dura-alloy.com\/es\/wp-json\/wp\/v2\/product\/588\/revisions"}],"predecessor-version":[{"id":591,"href":"https:\/\/www.dura-alloy.com\/es\/wp-json\/wp\/v2\/product\/588\/revisions\/591"}],"wp:featuredmedia":[{"embeddable":true,"href":"https:\/\/www.dura-alloy.com\/es\/wp-json\/wp\/v2\/media\/589"}],"wp:attachment":[{"href":"https:\/\/www.dura-alloy.com\/es\/wp-json\/wp\/v2\/media?parent=588"}],"wp:term":[{"taxonomy":"product_brand","embeddable":true,"href":"https:\/\/www.dura-alloy.com\/es\/wp-json\/wp\/v2\/product_brand?post=588"},{"taxonomy":"product_cat","embeddable":true,"href":"https:\/\/www.dura-alloy.com\/es\/wp-json\/wp\/v2\/product_cat?post=588"},{"taxonomy":"product_tag","embeddable":true,"href":"https:\/\/www.dura-alloy.com\/es\/wp-json\/wp\/v2\/product_tag?post=588"}],"curies":[{"name":"wp","href":"https:\/\/api.w.org\/{rel}","templated":true}]}}