{"id":586,"date":"2025-06-16T09:09:57","date_gmt":"2025-06-16T09:09:57","guid":{"rendered":"https:\/\/dura-alloy.com\/?post_type=product&#038;p=586"},"modified":"2025-06-16T09:09:57","modified_gmt":"2025-06-16T09:09:57","slug":"dc53","status":"publish","type":"product","link":"https:\/\/www.dura-alloy.com\/es\/producto\/dc53\/","title":{"rendered":"DC53"},"content":{"rendered":"<p style=\"text-align: center;\"><strong><span>Alcance del suministro de Aviation Group:<\/span><\/strong><\/p>\n<p style=\"text-align: center;\"><strong><span>Varillas redondas, chapas de acero, piezas forjadas no est\u00e1ndar, anillos, etc., \u00a1no dude en consultarnos!<\/span><\/strong><\/p>\n<p><strong><span>1. Introducci\u00f3n a los materiales DC53<\/span><\/strong><\/p>\n<p><span>\u00a0 \u00a0 \u00a0 El acero DC53 es un nuevo tipo de barra de molde para trabajo en fr\u00edo que mejora el SKD11, y sus especificaciones t\u00e9cnicas se incluyen en la Norma Industrial Japonesa (JIS) G4404. Supera la debilidad de la dureza y tenacidad del revenido a alta temperatura del SKD11, y sustituir\u00e1 por completo al SKD11 en los campos de los moldes generales y de precisi\u00f3n. La tenacidad del DC53 es m\u00e1s destacada en el acero para moldes de trabajo en fr\u00edo, y su tenacidad es el doble que la del SKD11. Por lo tanto, las grietas y fisuras rara vez se producen por DC53, lo que mejora en gran medida la vida \u00fatil. La tensi\u00f3n residual tras el proceso de corte por hilo se reduce mediante el revenido a alta temperatura. Por lo tanto, se suprimen las grietas y deformaciones tras el corte en l\u00ednea y el procesamiento de moldes grandes y moldes que requieren precisi\u00f3n.<\/span><\/p>\n<p><span>\u00a0 \u00a0 \u00a0 Especificaciones especiales para m\u00e1quinas de m\u00e1scaras: 60mm~95mm, especificaciones de uso com\u00fan: 1.3mm~295mm<\/span><\/p>\n<p><strong><span>2. Composici\u00f3n qu\u00edmica de DC53<\/span><\/strong><\/p>\n<table border=\"-\" width=\"1120\">\n<tbody>\n<tr>\n<td width=\"68\"><span>aleaci\u00f3n<\/span><\/td>\n<td width=\"73\">%<\/td>\n<td width=\"57\"><span>Cromo Cr<\/span><\/td>\n<td width=\"61\"><span>Piedra Mo<\/span><\/td>\n<td width=\"57\"><span>\u94dc con<\/span><\/td>\n<td width=\"57\"><span>Vanadio V<\/span><\/td>\n<td width=\"57\"><span>Carbono C<\/span><\/td>\n<td width=\"61\"><span>Manganeso Mn<\/span><\/td>\n<td width=\"57\"><span>Silicio Si<\/span><\/td>\n<td width=\"57\"><span>F\u00f3sforo P<\/span><\/td>\n<td width=\"57\"><span>Azufre S<\/span><\/td>\n<\/tr>\n<tr>\n<td rowspan=\"2\" width=\"68\"><span>Dc53<\/span><\/p>\n<p><span>Cr8mo2SIV<\/span><\/td>\n<td width=\"73\"><span>Valor m\u00ednimo<\/span><\/td>\n<td width=\"57\">7.80<\/td>\n<td width=\"61\">2.00<\/td>\n<td width=\"57\">&#8211;<\/td>\n<td width=\"57\">0.30<\/td>\n<td width=\"57\">0.95<\/td>\n<td width=\"61\">0.20<\/td>\n<td width=\"57\">0.80<\/td>\n<td width=\"57\">&#8211;<\/td>\n<td width=\"57\"><span>&#8211;<\/span><\/td>\n<\/tr>\n<tr>\n<td width=\"73\"><span>Valor m\u00e1ximo<\/span><\/td>\n<td width=\"57\">8.30<\/td>\n<td width=\"61\">2.30<\/td>\n<td width=\"57\">0.30<\/td>\n<td width=\"57\">0.40<\/td>\n<td width=\"57\">1.03<\/td>\n<td width=\"61\"><span>2.30<\/span><\/td>\n<td width=\"57\">1.10<\/td>\n<td width=\"57\">0.030<\/td>\n<td width=\"57\"><span>0.030<\/span><\/td>\n<\/tr>\n<\/tbody>\n<\/table>\n<p><strong><span>3. Ventajas de DC53 sobre SKD11<\/span><\/strong><\/p>\n<p><span>\u00a0 \u00a0 \u00a0 1. La dureza del tratamiento t\u00e9rmico de DC53 es superior a la de SKD11, y su tenacidad es dos veces superior a la de SKD11:<\/span><\/p>\n<p><span>\u00a0 \u00a0 \u00a0 2. DC53 alta temperatura (520-530\u2103) puede alcanzar alta dureza de 62-63HRC despu\u00e9s de templado. Por lo tanto, la fuerza de DC53 y resistencia al desgaste puede ejercer su rendimiento mejor que SKD11;<\/span><\/p>\n<p><span>\u00a0 \u00a0 \u00a0 3. Entre los aceros para herramientas para el procesado en fr\u00edo, el DC53 tiene la mayor tenacidad, por lo que puede evitar grietas y colapsos en herramientas y moldes. Las herramientas fabricadas con DC53 rara vez presentan grietas y fisuras, lo que mejora su vida \u00fatil;<\/span><\/p>\n<p><span>\u00a0 \u00a0 \u00a0 4. DC53 puede mejorar los enormes carburos de SKD11, y mejorarlo a menos de 1\/3 de SKD11, por lo que puede evitar astillado, etc. de causar da\u00f1os en el molde.<\/span><\/p>\n<p><strong><span>4. Tratamiento t\u00e9rmico y dureza DC53<\/span><\/strong><\/p>\n<p><span>\u00a0 \u00a0 \u00a0 Temperatura de forjado: 1100~900\u2103<\/span><\/p>\n<p><span>\u00a0 \u00a0 \u00a0 Temperatura de tratamiento t\u00e9rmico: recocido 830~880\u2103\/secado 1000~1040\u2103\/temperatura baja 180~200\u2103\/secado alta temperatura 520~530\u2103<\/span><\/p>\n<p><span>\u00a0 \u00a0 \u00a0 Dureza: Temple\/templado HRC62~63\/HRC60~62<\/span><\/p>\n<p><strong><span>5. Campo de aplicaci\u00f3n DC53<\/span><\/strong><\/p>\n<ol>\n<li><span>Troqueles de estampaci\u00f3n de precisi\u00f3n: Troquel de estampaci\u00f3n de precisi\u00f3n para el procesamiento de corte de alambre y troquel de estampaci\u00f3n para diversos fines.<\/span><\/li>\n<li><span>Herramientas para la deformaci\u00f3n pl\u00e1stica de materiales dif\u00edciles de procesar<\/span><\/li>\n<li><span>Molde de forja en fr\u00edo, embutici\u00f3n profunda y frotamiento de alambre<\/span><\/li>\n<li><span>Moldes de extracci\u00f3n, moldes de trabajo en fr\u00edo, moldes de extracci\u00f3n en fr\u00edo<\/span><\/li>\n<li><span>M\u00e1quina de m\u00e1scaras rodillos de laminaci\u00f3n, rodillos de conformaci\u00f3n, punzones<\/span><\/li>\n<\/ol>","protected":false},"excerpt":{"rendered":"<p>Scope of supply of Aviation Group: Round rods, steel plates, non-standard forgings, rings, etc., welcome to inquire! 1. Introduction to [&hellip;]<\/p>","protected":false},"featured_media":587,"template":"","meta":{"site-sidebar-layout":"default","site-content-layout":"","ast-site-content-layout":"default","site-content-style":"default","site-sidebar-style":"default","ast-global-header-display":"","ast-banner-title-visibility":"","ast-main-header-display":"","ast-hfb-above-header-display":"","ast-hfb-below-header-display":"","ast-hfb-mobile-header-display":"","site-post-title":"","ast-breadcrumbs-content":"","ast-featured-img":"","footer-sml-layout":"","theme-transparent-header-meta":"default","adv-header-id-meta":"","stick-header-meta":"","header-above-stick-meta":"","header-main-stick-meta":"","header-below-stick-meta":"","astra-migrate-meta-layouts":"set","ast-page-background-enabled":"default","ast-page-background-meta":{"desktop":{"background-color":"var(--ast-global-color-5)","background-image":"","background-repeat":"repeat","background-position":"center center","background-size":"auto","background-attachment":"scroll","background-type":"","background-media":"","overlay-type":"","overlay-color":"","overlay-opacity":"","overlay-gradient":""},"tablet":{"background-color":"","background-image":"","background-repeat":"repeat","background-position":"center center","background-size":"auto","background-attachment":"scroll","background-type":"","background-media":"","overlay-type":"","overlay-color":"","overlay-opacity":"","overlay-gradient":""},"mobile":{"background-color":"","background-image":"","background-repeat":"repeat","background-position":"center center","background-size":"auto","background-attachment":"scroll","background-type":"","background-media":"","overlay-type":"","overlay-color":"","overlay-opacity":"","overlay-gradient":""}},"ast-content-background-meta":{"desktop":{"background-color":"var(--ast-global-color-4)","background-image":"","background-repeat":"repeat","background-position":"center center","background-size":"auto","background-attachment":"scroll","background-type":"","background-media":"","overlay-type":"","overlay-color":"","overlay-opacity":"","overlay-gradient":""},"tablet":{"background-color":"var(--ast-global-color-4)","background-image":"","background-repeat":"repeat","background-position":"center center","background-size":"auto","background-attachment":"scroll","background-type":"","background-media":"","overlay-type":"","overlay-color":"","overlay-opacity":"","overlay-gradient":""},"mobile":{"background-color":"var(--ast-global-color-4)","background-image":"","background-repeat":"repeat","background-position":"center center","background-size":"auto","background-attachment":"scroll","background-type":"","background-media":"","overlay-type":"","overlay-color":"","overlay-opacity":"","overlay-gradient":""}}},"product_brand":[],"product_cat":[32],"product_tag":[],"class_list":{"0":"post-586","1":"product","2":"type-product","3":"status-publish","4":"has-post-thumbnail","6":"product_cat-alloy-structural-steel","7":"desktop-align-left","8":"tablet-align-left","9":"mobile-align-left","11":"first","12":"instock","13":"shipping-taxable","14":"product-type-simple"},"_links":{"self":[{"href":"https:\/\/www.dura-alloy.com\/es\/wp-json\/wp\/v2\/product\/586","targetHints":{"allow":["GET"]}}],"collection":[{"href":"https:\/\/www.dura-alloy.com\/es\/wp-json\/wp\/v2\/product"}],"about":[{"href":"https:\/\/www.dura-alloy.com\/es\/wp-json\/wp\/v2\/types\/product"}],"version-history":[{"count":0,"href":"https:\/\/www.dura-alloy.com\/es\/wp-json\/wp\/v2\/product\/586\/revisions"}],"wp:featuredmedia":[{"embeddable":true,"href":"https:\/\/www.dura-alloy.com\/es\/wp-json\/wp\/v2\/media\/587"}],"wp:attachment":[{"href":"https:\/\/www.dura-alloy.com\/es\/wp-json\/wp\/v2\/media?parent=586"}],"wp:term":[{"taxonomy":"product_brand","embeddable":true,"href":"https:\/\/www.dura-alloy.com\/es\/wp-json\/wp\/v2\/product_brand?post=586"},{"taxonomy":"product_cat","embeddable":true,"href":"https:\/\/www.dura-alloy.com\/es\/wp-json\/wp\/v2\/product_cat?post=586"},{"taxonomy":"product_tag","embeddable":true,"href":"https:\/\/www.dura-alloy.com\/es\/wp-json\/wp\/v2\/product_tag?post=586"}],"curies":[{"name":"wp","href":"https:\/\/api.w.org\/{rel}","templated":true}]}}