{"id":584,"date":"2025-06-16T09:08:01","date_gmt":"2025-06-16T09:08:01","guid":{"rendered":"https:\/\/dura-alloy.com\/?post_type=product&#038;p=584"},"modified":"2025-06-16T09:08:01","modified_gmt":"2025-06-16T09:08:01","slug":"6542-high-speed-steel","status":"publish","type":"product","link":"https:\/\/www.dura-alloy.com\/es\/producto\/6542-high-speed-steel\/","title":{"rendered":"6542 acero r\u00e1pido"},"content":{"rendered":"<p><strong><span>Alcance del suministro de Aviation Group:<\/span><\/strong><\/p>\n<p><strong><span>Varillas redondas, chapas de acero, piezas forjadas no est\u00e1ndar, anillos, etc., \u00a1no dude en consultarnos!<\/span><\/strong><\/p>\n<p><strong><span>1.\u00a0<\/span><\/strong><strong><span>Introducci\u00f3n a los materiales 6542<\/span><\/strong><\/p>\n<p><span>\u00a0 \u00a0 \u00a0 6542 es un grado de acero de alta velocidad, y es un n\u00famero de acero representativo de uno de los aceros de alta velocidad de uso general en el sistema de tungsteno y molibdeno. Su tenacidad y resistencia al desgaste son mejores que W18Cr4V, y su dureza, dureza al rojo y dureza a alta temperatura son comparables.<\/span><\/p>\n<p><strong><span>2, 6542\u00a0<\/span><\/strong><strong><span>Ingredientes qu\u00edmicos<\/span><\/strong><\/p>\n<p><span>Carbono C: 0,80\uff5e0,90 (Desviaci\u00f3n admisible: \u00b10,01)<\/span><\/p>\n<p><span>Silicio Si: 0,20\uff5e0,45 (desviaci\u00f3n admisible: \u00b10,05) Manganeso Mn: 0,15\uff5e0,40 (desviaci\u00f3n admisible: +0,04) Azufre S: \u22640,030<\/span><\/p>\n<p><span>F\u00f3sforo P: \u22640,030<\/span><\/p>\n<p><span>Cromo Cr: 3,80\uff5e4,40 (Desviaci\u00f3n admisible: \u00b10,05)<\/span><\/p>\n<p><span>N\u00edquel Ni: Contenido residual admisible \u22640,30<\/span><\/p>\n<p><span>Cobre Cu: Contenido residual admisible \u22640,25<\/span><\/p>\n<p><span>Vanadio V: 1,75\uff5e2,20 (Desviaci\u00f3n admisible: \u00b10,05)<\/span><\/p>\n<p><span>Molibdeno Mo: 4,50\uff5e5,50 (Desviaci\u00f3n admisible: tama\u00f1o \u22646, \u00b10,05; tama\u00f1o &gt;6, \u00b10,10)<\/span><\/p>\n<p><span>Tungsteno W: 5.50\uff5e6.75 (Desviaci\u00f3n admisible: tama\u00f1o \u226410, \u00b10.10; tama\u00f1o &gt;10, \u00b10.20)<\/span><\/p>\n<p><span>Nota: Seg\u00fan el acuerdo entre las partes de la oferta y la demanda, el contenido de V puede ser de 1,60 a 2,20.<\/span><\/p>\n<p><strong><span>3. 6542 Propiedades f\u00edsicas<\/span><\/strong><\/p>\n<p><span>\u00a0 \u00a0 \u00a0 Dureza: Dureza de suministro: (otros m\u00e9todos de procesamiento) \u2264262HB; (recocido) \u2264255HB.<\/span><\/p>\n<p><span>\u00a0 \u00a0 \u00a0 El sistema de tratamiento t\u00e9rmico de la muestra y la dureza de temple: \u226563HRC (horno de caja), \u226564HRC (horno de ba\u00f1o salino) Especificaciones del tratamiento t\u00e9rmico: temple, precalentamiento a 730-840\u2103, 1210-1230\u2103 (horno de ba\u00f1o salino) o 1210-1230\u2103 (horno de caja), enfriado con aceite, 540-560\u2103 templado dos veces, cada vez durante 2 horas.<\/span><\/p>\n<p><strong><span>IV. 6542 campos de aplicaci\u00f3n<\/span><\/strong><\/p>\n<p><span>\u00a0 \u00a0 \u00a0 Puede utilizarse para fabricar diversas herramientas con gran fuerza de impacto, herramientas generales de gran tama\u00f1o y termopl\u00e1sticas, as\u00ed como piezas de desgaste sometidas a grandes cargas, moldes de trabajo en fr\u00edo, etc.<\/span><\/p>","protected":false},"excerpt":{"rendered":"<p>Scope of supply of Aviation Group: Round rods, steel plates, non-standard forgings, rings, etc., welcome to inquire! 1.\u00a0Introduction to 6542 [&hellip;]<\/p>","protected":false},"featured_media":585,"template":"","meta":{"site-sidebar-layout":"default","site-content-layout":"","ast-site-content-layout":"default","site-content-style":"default","site-sidebar-style":"default","ast-global-header-display":"","ast-banner-title-visibility":"","ast-main-header-display":"","ast-hfb-above-header-display":"","ast-hfb-below-header-display":"","ast-hfb-mobile-header-display":"","site-post-title":"","ast-breadcrumbs-content":"","ast-featured-img":"","footer-sml-layout":"","theme-transparent-header-meta":"default","adv-header-id-meta":"","stick-header-meta":"","header-above-stick-meta":"","header-main-stick-meta":"","header-below-stick-meta":"","astra-migrate-meta-layouts":"set","ast-page-background-enabled":"default","ast-page-background-meta":{"desktop":{"background-color":"var(--ast-global-color-5)","background-image":"","background-repeat":"repeat","background-position":"center center","background-size":"auto","background-attachment":"scroll","background-type":"","background-media":"","overlay-type":"","overlay-color":"","overlay-opacity":"","overlay-gradient":""},"tablet":{"background-color":"","background-image":"","background-repeat":"repeat","background-position":"center center","background-size":"auto","background-attachment":"scroll","background-type":"","background-media":"","overlay-type":"","overlay-color":"","overlay-opacity":"","overlay-gradient":""},"mobile":{"background-color":"","background-image":"","background-repeat":"repeat","background-position":"center center","background-size":"auto","background-attachment":"scroll","background-type":"","background-media":"","overlay-type":"","overlay-color":"","overlay-opacity":"","overlay-gradient":""}},"ast-content-background-meta":{"desktop":{"background-color":"var(--ast-global-color-4)","background-image":"","background-repeat":"repeat","background-position":"center center","background-size":"auto","background-attachment":"scroll","background-type":"","background-media":"","overlay-type":"","overlay-color":"","overlay-opacity":"","overlay-gradient":""},"tablet":{"background-color":"var(--ast-global-color-4)","background-image":"","background-repeat":"repeat","background-position":"center center","background-size":"auto","background-attachment":"scroll","background-type":"","background-media":"","overlay-type":"","overlay-color":"","overlay-opacity":"","overlay-gradient":""},"mobile":{"background-color":"var(--ast-global-color-4)","background-image":"","background-repeat":"repeat","background-position":"center center","background-size":"auto","background-attachment":"scroll","background-type":"","background-media":"","overlay-type":"","overlay-color":"","overlay-opacity":"","overlay-gradient":""}}},"product_brand":[],"product_cat":[32],"product_tag":[],"class_list":{"0":"post-584","1":"product","2":"type-product","3":"status-publish","4":"has-post-thumbnail","6":"product_cat-alloy-structural-steel","7":"desktop-align-left","8":"tablet-align-left","9":"mobile-align-left","11":"first","12":"instock","13":"shipping-taxable","14":"product-type-simple"},"_links":{"self":[{"href":"https:\/\/www.dura-alloy.com\/es\/wp-json\/wp\/v2\/product\/584","targetHints":{"allow":["GET"]}}],"collection":[{"href":"https:\/\/www.dura-alloy.com\/es\/wp-json\/wp\/v2\/product"}],"about":[{"href":"https:\/\/www.dura-alloy.com\/es\/wp-json\/wp\/v2\/types\/product"}],"version-history":[{"count":0,"href":"https:\/\/www.dura-alloy.com\/es\/wp-json\/wp\/v2\/product\/584\/revisions"}],"wp:featuredmedia":[{"embeddable":true,"href":"https:\/\/www.dura-alloy.com\/es\/wp-json\/wp\/v2\/media\/585"}],"wp:attachment":[{"href":"https:\/\/www.dura-alloy.com\/es\/wp-json\/wp\/v2\/media?parent=584"}],"wp:term":[{"taxonomy":"product_brand","embeddable":true,"href":"https:\/\/www.dura-alloy.com\/es\/wp-json\/wp\/v2\/product_brand?post=584"},{"taxonomy":"product_cat","embeddable":true,"href":"https:\/\/www.dura-alloy.com\/es\/wp-json\/wp\/v2\/product_cat?post=584"},{"taxonomy":"product_tag","embeddable":true,"href":"https:\/\/www.dura-alloy.com\/es\/wp-json\/wp\/v2\/product_tag?post=584"}],"curies":[{"name":"wp","href":"https:\/\/api.w.org\/{rel}","templated":true}]}}