{"id":561,"date":"2025-06-16T08:44:07","date_gmt":"2025-06-16T08:44:07","guid":{"rendered":"https:\/\/dura-alloy.com\/?post_type=product&#038;p=561"},"modified":"2025-06-16T08:44:07","modified_gmt":"2025-06-16T08:44:07","slug":"stainless-steel","status":"publish","type":"product","link":"https:\/\/www.dura-alloy.com\/es\/producto\/stainless-steel\/","title":{"rendered":"Acero inoxidable"},"content":{"rendered":"<p style=\"text-align: center;\"><strong><span>El \u00e1mbito de suministro de nuestra empresa incluye:<\/span><\/strong><\/p>\n<p style=\"text-align: center;\"><strong><span>Blanco de tantalio, placa de tantalio, l\u00e1mina de tantalio, varilla de tantalio, alambre de tantalio, tubo de tantalio, part\u00edculas de tantalio, piezas de procesamiento de tantalio<\/span><\/strong><\/p>\n<p><strong><span>1. Introducci\u00f3n a los blancos de t\u00e1ntalo<\/span><\/strong><\/p>\n<ol>\n<li><span>N\u00famero de grado: RO5200, RO5400<\/span><\/li>\n<li><span>Pureza: \u226599.95%<\/span><\/li>\n<li><span>Proceso: Laminado en fr\u00edo, decapado, cizallado<\/span><\/li>\n<li><span>Condiciones t\u00e9cnicas: Conforme a GB3269-83 (chapas, tiras y l\u00e1minas de t\u00e1ntalo y aleaciones de t\u00e1ntalo),<\/span><\/li>\n<li><span>Criterios de aplicaci\u00f3n:<\/span><\/li>\n<\/ol>\n<p><span>\u00a0 \u00a0 \u00a0 \u00a0 \u00a0 \u00a0 \u00a0 \u00a0GB\/T3628-1995 (l\u00e1minas de t\u00e1ntalo y aleaciones de t\u00e1ntalo),<\/span><\/p>\n<p><span>\u00a0 \u00a0 \u00a0 \u00a0 \u00a0 \u00a0 \u00a0 \u00a0ASTM B708-92 (Tantalio y aleaciones de tantalio: chapa semigruesa, chapa fina, banda y l\u00e1mina)<\/span><\/p>\n<p><strong><span>2. Campos de aplicaci\u00f3n de los materiales de t\u00e1ntalo<\/span><\/strong><\/p>\n<ol>\n<li><span>Se utiliza principalmente en procesos de revestimiento, as\u00ed como en los campos de la aviaci\u00f3n, la industria aeroespacial, los dispositivos m\u00e9dicos, etc.<\/span><\/li>\n<li><span>Puede utilizarse para fabricar recipientes de evaporaci\u00f3n, etc.<\/span><\/li>\n<li><span>Electrodo, rectificador, condensador electrol\u00edtico de tubo de electrones.<\/span><\/li>\n<li><span>Se utiliza en medicina para fabricar l\u00e1minas finas o hilos delgados para reparar tejidos da\u00f1ados.<\/span><\/li>\n<li><span>El t\u00e1ntalo se utiliza para fabricar condensadores y equipos militares.<\/span><\/li>\n<\/ol>\n<p><span>3.\u00a0<\/span><strong><span>Ley objetivo, estado y especificaciones del tantalio\u00a0<\/span><\/strong><strong><span>:<\/span><\/strong><\/p>\n<table border=\"-\" width=\"920\">\n<tbody>\n<tr>\n<td rowspan=\"2\" width=\"157\"><span>N\u00famero de marca<\/span><\/td>\n<td rowspan=\"2\" width=\"120\"><span>Estado del suministro<\/span><\/td>\n<td colspan=\"3\" width=\"295\"><span>Especificaciones (mm)<\/span><\/td>\n<td rowspan=\"2\" width=\"66\"><span>variedad<\/span><\/td>\n<\/tr>\n<tr>\n<td width=\"98\"><span>espesor<\/span><\/td>\n<td width=\"88\"><span>anchura<\/span><\/td>\n<td width=\"109\"><span>longitud<\/span><\/td>\n<\/tr>\n<tr>\n<td rowspan=\"4\" width=\"157\"><span>Ta1<\/span><\/p>\n<p><span>TA2<\/span><\/p>\n<p><span>R05200<\/span><\/p>\n<p>R05400<\/p>\n<p>R05255(Ta10W)<\/p>\n<p><span>R05252 (TA2.5W)<\/span><\/p>\n<p><span>TA7.5W<\/span><\/td>\n<td width=\"120\"><span>Estado duro (Y)<\/span><\/td>\n<td width=\"98\">0.025\uff5e0.09<\/td>\n<td width=\"88\">&lt;150<\/td>\n<td width=\"109\">&gt;200<\/td>\n<td width=\"66\"><span>Folio<\/span><\/td>\n<\/tr>\n<tr>\n<td rowspan=\"3\" width=\"120\"><span>Estado duro (Y)<\/span><\/p>\n<p><span>Estado blando (M)<\/span><\/td>\n<td width=\"98\">0.1\uff5e0.5<\/td>\n<td width=\"88\">50\uff5e300<\/td>\n<td width=\"109\">100\uff5e2000<\/td>\n<td width=\"66\"><span>Material de la banda<\/span><\/p>\n<p><span>Placa<\/span><\/td>\n<\/tr>\n<tr>\n<td width=\"98\">&gt;0.5\uff5e2.0<\/td>\n<td width=\"88\">50\uff5e500<\/td>\n<td width=\"109\">50\uff5e1200<\/td>\n<td rowspan=\"2\" width=\"66\"><span>Placa<\/span><\/td>\n<\/tr>\n<tr>\n<td width=\"98\">&gt;2.0\uff5e6.0<\/td>\n<td width=\"88\"><span>50\uff5e500<\/span><\/td>\n<td width=\"109\"><span>50\uff5e1200<\/span><\/td>\n<\/tr>\n<\/tbody>\n<\/table>\n<p><strong><span>El grosor, la anchura, la longitud y la desviaci\u00f3n admisible\u00a0<\/span><\/strong><span><strong>del blanco de t\u00e1ntalo se muestran en la Tabla 2\u00a0<\/strong><\/span><strong><span>:<\/span><\/strong><\/p>\n<p><span>\u00a0Unidad: mm<\/span><\/p>\n<table border=\"-\" width=\"920\">\n<tbody>\n<tr>\n<td rowspan=\"2\" width=\"109\"><span>espesor<\/span><\/td>\n<td colspan=\"2\" width=\"152\"><span>Desviaci\u00f3n admisible del espesor<\/span><\/td>\n<td rowspan=\"2\" width=\"88\"><span>anchura<\/span><\/td>\n<td rowspan=\"2\" width=\"88\"><span>Desviaci\u00f3n admisible de la anchura<\/span><\/td>\n<td rowspan=\"2\" width=\"97\"><span>longitud<\/span><\/td>\n<td rowspan=\"2\" width=\"104\"><span>Desviaci\u00f3n de longitud admisible<\/span><\/td>\n<\/tr>\n<tr>\n<td width=\"76\"><span>Nivel I<\/span><\/td>\n<td width=\"76\"><span>Nivel II<\/span><\/td>\n<\/tr>\n<tr>\n<td width=\"109\">0.025\uff5e0.07<\/td>\n<td width=\"76\">\u00b10.005<\/td>\n<td width=\"76\">\u00b10.006<\/td>\n<td width=\"88\">70\uff5e150<\/td>\n<td width=\"88\">\u00b12.0<\/td>\n<td width=\"97\">\u22651000<\/td>\n<td width=\"104\">-<\/td>\n<\/tr>\n<tr>\n<td width=\"109\">&gt;0.07\uff5e0.09<\/td>\n<td width=\"76\"><span>\u00b10.006<\/span><\/td>\n<td width=\"76\">\u00b10.008<\/td>\n<td width=\"88\"><span>70\uff5e150<\/span><\/td>\n<td width=\"88\"><span>\u00b12.0<\/span><\/td>\n<td width=\"97\"><span>\u22651000<\/span><\/td>\n<td width=\"104\"><span>-<\/span><\/td>\n<\/tr>\n<tr>\n<td width=\"109\">0.1\uff5e0.20<\/td>\n<td width=\"76\">\u00b10.015<\/td>\n<td width=\"76\">\u00b10.02<\/td>\n<td width=\"88\">50\uff5e300<\/td>\n<td width=\"88\"><span>\u00b12.0<\/span><\/td>\n<td width=\"97\"><span>100\uff5e2000<\/span><\/td>\n<td width=\"104\">\u00b13.0<\/td>\n<\/tr>\n<tr>\n<td width=\"109\">&gt;0.2\uff5e0.30<\/td>\n<td width=\"76\"><span>\u00b10.02<\/span><\/td>\n<td width=\"76\">\u00b10.03<\/td>\n<td width=\"88\"><span>50\uff5e300<\/span><\/td>\n<td width=\"88\"><span>\u00b12.0<\/span><\/td>\n<td width=\"97\"><span>100\uff5e2000<\/span><\/td>\n<td width=\"104\"><span>\u00b13.0<\/span><\/td>\n<\/tr>\n<tr>\n<td width=\"109\">&gt;0.30\uff5e0.50<\/td>\n<td width=\"76\"><span>\u00b10.03<\/span><\/td>\n<td width=\"76\">\u00b10.04<\/td>\n<td width=\"88\"><span>50\uff5e500<\/span><\/td>\n<td width=\"88\"><span>\u00b12.0<\/span><\/td>\n<td width=\"97\"><span>100\uff5e2000<\/span><\/td>\n<td width=\"104\"><span>\u00b13.0<\/span><\/td>\n<\/tr>\n<tr>\n<td width=\"109\">&gt;0.50\uff5e0.80<\/td>\n<td width=\"76\"><span>\u00b10.04<\/span><\/td>\n<td width=\"76\">\u00b10.06<\/td>\n<td width=\"88\"><span>50\uff5e500<\/span><\/td>\n<td width=\"88\"><span>\u00b12.0<\/span><\/td>\n<td width=\"97\"><span>50\uff5e1200<\/span><\/td>\n<td width=\"104\"><span>\u00b13.0<\/span><\/td>\n<\/tr>\n<tr>\n<td width=\"109\">&gt;0.80\uff5e1.0<\/td>\n<td width=\"76\"><span>\u00b10.06<\/span><\/td>\n<td width=\"76\">\u00b10.08<\/td>\n<td width=\"88\"><span>50\uff5e500<\/span><\/td>\n<td width=\"88\"><span>\u00b12.0<\/span><\/td>\n<td width=\"97\"><span>50\uff5e1200<\/span><\/td>\n<td width=\"104\"><span>\u00b13.0<\/span><\/td>\n<\/tr>\n<tr>\n<td width=\"109\">&gt;1.0\uff5e1.5<\/td>\n<td width=\"76\"><span>\u00b10.08<\/span><\/td>\n<td width=\"76\">\u00b10.10<\/td>\n<td width=\"88\"><span>50\uff5e500<\/span><\/td>\n<td width=\"88\"><span>\u00b13.0<\/span><\/td>\n<td width=\"97\"><span>50\uff5e1200<\/span><\/td>\n<td width=\"104\">\u00b14.0<\/td>\n<\/tr>\n<tr>\n<td width=\"109\">&gt;1.5\uff5e2.0<\/td>\n<td width=\"76\">\u00b10.12<\/td>\n<td width=\"76\">\u00b10.14<\/td>\n<td width=\"88\"><span>50\uff5e500<\/span><\/td>\n<td width=\"88\"><span>\u00b13.0<\/span><\/td>\n<td width=\"97\"><span>50\uff5e1200<\/span><\/td>\n<td width=\"104\"><span>\u00b14.0<\/span><\/td>\n<\/tr>\n<tr>\n<td width=\"109\">&gt;2.0\uff5e3.0<\/td>\n<td width=\"76\">\u00b10.16<\/td>\n<td width=\"76\">\u00b10.18<\/td>\n<td width=\"88\"><span>50\uff5e500<\/span><\/td>\n<td width=\"88\">\u00b15.0<\/td>\n<td width=\"97\"><span>50\uff5e1200<\/span><\/td>\n<td width=\"104\"><span>\u00b15.0<\/span><\/td>\n<\/tr>\n<tr>\n<td width=\"109\">&gt;3.0\uff5e4.0<\/td>\n<td width=\"76\"><span>\u00b10.18<\/span><\/td>\n<td width=\"76\">\u00b10.20<\/td>\n<td width=\"88\"><span>50\uff5e500<\/span><\/td>\n<td width=\"88\"><span>\u00b15.0<\/span><\/td>\n<td width=\"97\"><span>50\uff5e1200<\/span><\/td>\n<td width=\"104\"><span>\u00b15.0<\/span><\/td>\n<\/tr>\n<tr>\n<td width=\"109\">&gt;4.0\uff5e6.0<\/td>\n<td width=\"76\"><span>\u00b10.12<\/span><\/td>\n<td width=\"76\">\u00b10.24<\/td>\n<td width=\"88\"><span>50\uff5e500<\/span><\/td>\n<td width=\"88\"><span>\u00b15.0<\/span><\/td>\n<td width=\"97\"><span>50\uff5e1200<\/span><\/td>\n<td width=\"104\"><span>\u00b15.0<\/span><\/td>\n<\/tr>\n<tr>\n<td width=\"109\">&gt;6.0\uff5e30.0<\/td>\n<td width=\"76\"><span>\u00b10.24<\/span><\/td>\n<td width=\"76\">\u00b10.50<\/td>\n<td width=\"88\"><span>50\uff5e500<\/span><\/td>\n<td width=\"88\">\u00b15<\/td>\n<td width=\"97\"><span>50\uff5e1200<\/span><\/td>\n<td width=\"104\"><span>\u00b15.0<\/span><\/td>\n<\/tr>\n<\/tbody>\n<\/table>","protected":false},"excerpt":{"rendered":"<p>Our company&#8217;s supply scope includes: Tantalum target, tantalum plate, tantalum foil, tantalum rod, tantalum wire, tantalum tube, tantalum particles, tantalum [&hellip;]<\/p>","protected":false},"featured_media":562,"template":"","meta":{"site-sidebar-layout":"default","site-content-layout":"","ast-site-content-layout":"default","site-content-style":"default","site-sidebar-style":"default","ast-global-header-display":"","ast-banner-title-visibility":"","ast-main-header-display":"","ast-hfb-above-header-display":"","ast-hfb-below-header-display":"","ast-hfb-mobile-header-display":"","site-post-title":"","ast-breadcrumbs-content":"","ast-featured-img":"","footer-sml-layout":"","theme-transparent-header-meta":"default","adv-header-id-meta":"","stick-header-meta":"","header-above-stick-meta":"","header-main-stick-meta":"","header-below-stick-meta":"","astra-migrate-meta-layouts":"set","ast-page-background-enabled":"default","ast-page-background-meta":{"desktop":{"background-color":"var(--ast-global-color-5)","background-image":"","background-repeat":"repeat","background-position":"center center","background-size":"auto","background-attachment":"scroll","background-type":"","background-media":"","overlay-type":"","overlay-color":"","overlay-opacity":"","overlay-gradient":""},"tablet":{"background-color":"","background-image":"","background-repeat":"repeat","background-position":"center center","background-size":"auto","background-attachment":"scroll","background-type":"","background-media":"","overlay-type":"","overlay-color":"","overlay-opacity":"","overlay-gradient":""},"mobile":{"background-color":"","background-image":"","background-repeat":"repeat","background-position":"center center","background-size":"auto","background-attachment":"scroll","background-type":"","background-media":"","overlay-type":"","overlay-color":"","overlay-opacity":"","overlay-gradient":""}},"ast-content-background-meta":{"desktop":{"background-color":"var(--ast-global-color-4)","background-image":"","background-repeat":"repeat","background-position":"center center","background-size":"auto","background-attachment":"scroll","background-type":"","background-media":"","overlay-type":"","overlay-color":"","overlay-opacity":"","overlay-gradient":""},"tablet":{"background-color":"var(--ast-global-color-4)","background-image":"","background-repeat":"repeat","background-position":"center center","background-size":"auto","background-attachment":"scroll","background-type":"","background-media":"","overlay-type":"","overlay-color":"","overlay-opacity":"","overlay-gradient":""},"mobile":{"background-color":"var(--ast-global-color-4)","background-image":"","background-repeat":"repeat","background-position":"center center","background-size":"auto","background-attachment":"scroll","background-type":"","background-media":"","overlay-type":"","overlay-color":"","overlay-opacity":"","overlay-gradient":""}}},"product_brand":[],"product_cat":[31],"product_tag":[],"class_list":{"0":"post-561","1":"product","2":"type-product","3":"status-publish","4":"has-post-thumbnail","6":"product_cat-tantalum-niobium-zirconium-nickel","7":"desktop-align-left","8":"tablet-align-left","9":"mobile-align-left","11":"first","12":"instock","13":"shipping-taxable","14":"product-type-simple"},"_links":{"self":[{"href":"https:\/\/www.dura-alloy.com\/es\/wp-json\/wp\/v2\/product\/561","targetHints":{"allow":["GET"]}}],"collection":[{"href":"https:\/\/www.dura-alloy.com\/es\/wp-json\/wp\/v2\/product"}],"about":[{"href":"https:\/\/www.dura-alloy.com\/es\/wp-json\/wp\/v2\/types\/product"}],"version-history":[{"count":0,"href":"https:\/\/www.dura-alloy.com\/es\/wp-json\/wp\/v2\/product\/561\/revisions"}],"wp:featuredmedia":[{"embeddable":true,"href":"https:\/\/www.dura-alloy.com\/es\/wp-json\/wp\/v2\/media\/562"}],"wp:attachment":[{"href":"https:\/\/www.dura-alloy.com\/es\/wp-json\/wp\/v2\/media?parent=561"}],"wp:term":[{"taxonomy":"product_brand","embeddable":true,"href":"https:\/\/www.dura-alloy.com\/es\/wp-json\/wp\/v2\/product_brand?post=561"},{"taxonomy":"product_cat","embeddable":true,"href":"https:\/\/www.dura-alloy.com\/es\/wp-json\/wp\/v2\/product_cat?post=561"},{"taxonomy":"product_tag","embeddable":true,"href":"https:\/\/www.dura-alloy.com\/es\/wp-json\/wp\/v2\/product_tag?post=561"}],"curies":[{"name":"wp","href":"https:\/\/api.w.org\/{rel}","templated":true}]}}