{"id":552,"date":"2025-06-16T08:23:22","date_gmt":"2025-06-16T08:23:22","guid":{"rendered":"https:\/\/dura-alloy.com\/?post_type=product&#038;p=552"},"modified":"2025-06-16T08:23:22","modified_gmt":"2025-06-16T08:23:22","slug":"zirconium-rod","status":"publish","type":"product","link":"https:\/\/www.dura-alloy.com\/es\/producto\/zirconium-rod\/","title":{"rendered":"Varilla de circonio"},"content":{"rendered":"<p><span>Brand: ZR60702, high purity zirconium<\/span><\/p>\n<p><span>Purity: \u226599.6%, \u226599.99%<\/span><\/p>\n<p><span>Standard: ASTM B550, ASTM B551, GB\/T21183-2007<\/span><\/p>\n<p><span>Production specifications: \u03a65.0~\u03a6200mm<\/span><\/p>\n<p><span>Status: Rolling, Forging<\/span><\/p>\n<p><span>Punto de fusi\u00f3n: 1852\u2103<\/span><\/p>\n<p><strong><span>Zirconium rod application fields:<\/span><\/strong><\/p>\n<p><span>Petrochemical, electrical and electronics, aerospace, etc.<\/span><\/p>\n<p><strong><span>Introducci\u00f3n al circonio<\/span><\/strong><\/p>\n<p><span>\u00a0 \u00a0 \u00a0 La aleaci\u00f3n de circonio tiene buena resistencia a la corrosi\u00f3n, propiedades mec\u00e1nicas moderadas y una baja secci\u00f3n transversal de absorci\u00f3n de neutrones t\u00e9rmicos at\u00f3micos (el circonio es de 0,18 metros) en agua y vapor a alta temperatura y presi\u00f3n de 300-400\u2103. Tiene buena compatibilidad con el combustible nuclear. Por lo tanto, puede utilizarse como material estructural del n\u00facleo (revestimiento de combustible, tubo de presi\u00f3n, soporte y tubo de orificio) de los reactores nucleares refrigerados por agua. Este es el principal objetivo de la aleaci\u00f3n de circonio.<\/span><\/p>\n<p><span>El circonio tiene una excelente resistencia a la corrosi\u00f3n frente a diversos \u00e1cidos (como el \u00e1cido clorh\u00eddrico, el \u00e1cido n\u00edtrico, el \u00e1cido sulf\u00farico y el \u00e1cido ac\u00e9tico), \u00e1lcalis y sales, por lo que las aleaciones de circonio tambi\u00e9n se utilizan para fabricar componentes resistentes a la corrosi\u00f3n y dispositivos farmac\u00e9uticos. El circonio tiene una gran afinidad con gases como el ox\u00edgeno y el nitr\u00f3geno, por lo que las aleaciones de circonio tambi\u00e9n se utilizan ampliamente como agentes de desgasificaci\u00f3n de gases no evaporativos en las industrias de vac\u00edo el\u00e9ctrico y de bombillas. El circonio tiene excelentes propiedades luminosas, lo que tambi\u00e9n lo convierte en un material para destellos y fuegos artificiales.<\/span><\/p>\n<p><span>El circonio y las aleaciones de circonio tienen buena plasticidad y pueden fabricarse en tubos, placas, barras y alambres, entre los que los tubos son los principales productos. La tecnolog\u00eda de transformaci\u00f3n del circonio y las aleaciones de circonio depende de las propiedades b\u00e1sicas del circonio y de los requisitos especiales de los reactores nucleares para los componentes de circonio. Las propiedades b\u00e1sicas del circonio son: se contamina f\u00e1cilmente con ox\u00edgeno, nitr\u00f3geno, hidr\u00f3geno, etc., se adhiere f\u00e1cilmente al molde y tiene transformaci\u00f3n homog\u00e9nea y heterocristalina.<\/span><\/p>\n<p><span>El circonio y las aleaciones de circonio tienen buenas propiedades de soldadura. Los m\u00e9todos de soldadura m\u00e1s utilizados son la soldadura por arco de arg\u00f3n con electrodo de tungsteno y la soldadura por haz de electrones. Los tubos de pared fina de gran di\u00e1metro suelen fabricarse mediante soldadura. Las virutas de polvo de circonio son inflamables, por lo que hay que tener cuidado al amolar y cortar productos de circonio.<\/span><\/p>\n<p><span>Las aleaciones de circonio son resistentes a la corrosi\u00f3n y biocompatibles, por lo que pueden utilizarse para implantes en el organismo. En medicina, la aleaci\u00f3n Zr-2,5Nb puede convertirse en implantes de rodilla o cadera, un material de aleaci\u00f3n de circonio que reduce la fricci\u00f3n, aumenta la resistencia al desgaste y mantiene el rendimiento general (fabricabilidad, tenacidad a la fractura y ductilidad), lo que supone una buena soluci\u00f3n para los implantes m\u00e9dicos.<\/span><\/p>\n<p><span>Los requisitos de los reactores nucleares para los componentes de circonio son una gran precisi\u00f3n dimensional, estrictos requisitos de microestructura y un rendimiento estable. Los principales procesos de transformaci\u00f3n de tubos de circonio sin soldadura m\u00e1s utilizados son: preparaci\u00f3n de electrodos consumibles, fundici\u00f3n, forja, extrusi\u00f3n en caliente (tubo en bruto), transformaci\u00f3n en fr\u00edo y acabado.<\/span><\/p>","protected":false},"excerpt":{"rendered":"<p>Brand: ZR60702, high purity zirconium Purity: \u226599.6%, \u226599.99% Standard: ASTM B550, ASTM B551, GB\/T21183-2007 Production specifications: \u03a65.0~\u03a6200mm Status: Rolling, Forging [&hellip;]<\/p>","protected":false},"featured_media":553,"template":"","meta":{"site-sidebar-layout":"default","site-content-layout":"","ast-site-content-layout":"default","site-content-style":"default","site-sidebar-style":"default","ast-global-header-display":"","ast-banner-title-visibility":"","ast-main-header-display":"","ast-hfb-above-header-display":"","ast-hfb-below-header-display":"","ast-hfb-mobile-header-display":"","site-post-title":"","ast-breadcrumbs-content":"","ast-featured-img":"","footer-sml-layout":"","theme-transparent-header-meta":"default","adv-header-id-meta":"","stick-header-meta":"","header-above-stick-meta":"","header-main-stick-meta":"","header-below-stick-meta":"","astra-migrate-meta-layouts":"set","ast-page-background-enabled":"default","ast-page-background-meta":{"desktop":{"background-color":"var(--ast-global-color-5)","background-image":"","background-repeat":"repeat","background-position":"center center","background-size":"auto","background-attachment":"scroll","background-type":"","background-media":"","overlay-type":"","overlay-color":"","overlay-opacity":"","overlay-gradient":""},"tablet":{"background-color":"","background-image":"","background-repeat":"repeat","background-position":"center center","background-size":"auto","background-attachment":"scroll","background-type":"","background-media":"","overlay-type":"","overlay-color":"","overlay-opacity":"","overlay-gradient":""},"mobile":{"background-color":"","background-image":"","background-repeat":"repeat","background-position":"center center","background-size":"auto","background-attachment":"scroll","background-type":"","background-media":"","overlay-type":"","overlay-color":"","overlay-opacity":"","overlay-gradient":""}},"ast-content-background-meta":{"desktop":{"background-color":"var(--ast-global-color-4)","background-image":"","background-repeat":"repeat","background-position":"center center","background-size":"auto","background-attachment":"scroll","background-type":"","background-media":"","overlay-type":"","overlay-color":"","overlay-opacity":"","overlay-gradient":""},"tablet":{"background-color":"var(--ast-global-color-4)","background-image":"","background-repeat":"repeat","background-position":"center center","background-size":"auto","background-attachment":"scroll","background-type":"","background-media":"","overlay-type":"","overlay-color":"","overlay-opacity":"","overlay-gradient":""},"mobile":{"background-color":"var(--ast-global-color-4)","background-image":"","background-repeat":"repeat","background-position":"center center","background-size":"auto","background-attachment":"scroll","background-type":"","background-media":"","overlay-type":"","overlay-color":"","overlay-opacity":"","overlay-gradient":""}}},"product_brand":[],"product_cat":[31],"product_tag":[],"class_list":{"0":"post-552","1":"product","2":"type-product","3":"status-publish","4":"has-post-thumbnail","6":"product_cat-tantalum-niobium-zirconium-nickel","7":"desktop-align-left","8":"tablet-align-left","9":"mobile-align-left","11":"first","12":"instock","13":"shipping-taxable","14":"product-type-simple"},"_links":{"self":[{"href":"https:\/\/www.dura-alloy.com\/es\/wp-json\/wp\/v2\/product\/552","targetHints":{"allow":["GET"]}}],"collection":[{"href":"https:\/\/www.dura-alloy.com\/es\/wp-json\/wp\/v2\/product"}],"about":[{"href":"https:\/\/www.dura-alloy.com\/es\/wp-json\/wp\/v2\/types\/product"}],"version-history":[{"count":0,"href":"https:\/\/www.dura-alloy.com\/es\/wp-json\/wp\/v2\/product\/552\/revisions"}],"wp:featuredmedia":[{"embeddable":true,"href":"https:\/\/www.dura-alloy.com\/es\/wp-json\/wp\/v2\/media\/553"}],"wp:attachment":[{"href":"https:\/\/www.dura-alloy.com\/es\/wp-json\/wp\/v2\/media?parent=552"}],"wp:term":[{"taxonomy":"product_brand","embeddable":true,"href":"https:\/\/www.dura-alloy.com\/es\/wp-json\/wp\/v2\/product_brand?post=552"},{"taxonomy":"product_cat","embeddable":true,"href":"https:\/\/www.dura-alloy.com\/es\/wp-json\/wp\/v2\/product_cat?post=552"},{"taxonomy":"product_tag","embeddable":true,"href":"https:\/\/www.dura-alloy.com\/es\/wp-json\/wp\/v2\/product_tag?post=552"}],"curies":[{"name":"wp","href":"https:\/\/api.w.org\/{rel}","templated":true}]}}