{"id":546,"date":"2025-06-16T08:04:03","date_gmt":"2025-06-16T08:04:03","guid":{"rendered":"https:\/\/dura-alloy.com\/?post_type=product&#038;p=546"},"modified":"2025-06-16T08:04:03","modified_gmt":"2025-06-16T08:04:03","slug":"c4-nitric-acid-resistant-stainless-steel","status":"publish","type":"product","link":"https:\/\/www.dura-alloy.com\/es\/producto\/c4-nitric-acid-resistant-stainless-steel\/","title":{"rendered":"Acero inoxidable C4 resistente al \u00e1cido n\u00edtrico"},"content":{"rendered":"<p style=\"text-align: center;\"><strong><span>El \u00e1mbito de suministro de nuestra empresa incluye<\/span><\/strong><\/p>\n<p style=\"text-align: center;\"><strong><span>Piezas forjadas no est\u00e1ndar, varillas redondas, chapas\/correas de acero, accesorios de tuber\u00eda con brida, tubos sin soldadura, capilares, etc. No dude en consultarnos.<\/span><\/strong><\/p>\n<p><strong><span>1.<\/span><\/strong><span>\u00a0Introducci\u00f3n al C4\u00a0<\/span><strong><span>Materiales<\/span><\/strong><\/p>\n<p><span>\u00a0 \u00a0 \u00a0 El grado correspondiente del acero inoxidable C4 es 00Cr14Ni14Si4, que es un acero inoxidable austen\u00edtico de muy bajo contenido en carbono y alto contenido en silicio, superresistente a los \u00e1cidos y con una excelente resistencia a la corrosi\u00f3n en medios fuertemente oxidantes, muy superior a la del acero inoxidable general (como 304, 316L, 321, etc.). En comparaci\u00f3n con el aluminio de alta pureza y el ferrosilicio de alta pureza, su resistencia a la corrosi\u00f3n es mejor que la del aluminio de alta pureza y similar a la del ferrosilicio de alta pureza, pero su resistencia mec\u00e1nica y sus prestaciones de mecanizado son incomparables a las del aluminio de alta pureza y el ferrosilicio de alta pureza. Por lo tanto, el acero C4 est\u00e1 reconocido actualmente como el material con el mejor rendimiento integral entre los materiales de los medios, especialmente el \u00e1cido n\u00edtrico concentrado.<\/span><\/p>\n<p><span>\u00a0 \u00a0 \u00a0 El acero C4 ha ganado el primer premio de Logros de Progreso Cient\u00edfico y Tecnol\u00f3gico del Ministerio de Armamento. Es similar al Uranuss Durcomet5, al Zu654^ de la antigua Uni\u00f3n Sovi\u00e9tica, al VEWA611 alem\u00e1n, al Uranuss franc\u00e9s y a otros. En 1984, se incluy\u00f3 en la norma nacional GB2100-80, y su nombre en clave fue 300.<\/span><\/p>\n<p><strong><span>2. Composici\u00f3n qu\u00edmica del C4<\/span><\/strong><\/p>\n<table border=\"-\">\n<tbody>\n<tr>\n<td width=\"142\"><span>aleaci\u00f3n<\/span><\/td>\n<td width=\"72\">%<\/td>\n<td width=\"57\">C<\/td>\n<td width=\"57\"><span>Y<\/span><\/td>\n<td width=\"57\">Mn<\/td>\n<td width=\"57\">P<\/td>\n<td width=\"57\">S<\/td>\n<td width=\"57\"><span>En<\/span><\/td>\n<td width=\"57\">Cr<\/td>\n<\/tr>\n<tr>\n<td rowspan=\"2\" width=\"142\">C4\uff0800Cr14Ni14Si4\uff09<\/td>\n<td width=\"72\"><span>Valor m\u00ednimo<\/span><\/td>\n<td width=\"57\">-<\/td>\n<td width=\"57\">3.0<\/td>\n<td width=\"57\"><span>-<\/span><\/td>\n<td width=\"57\"><span>-<\/span><\/td>\n<td width=\"57\"><span>-<\/span><\/td>\n<td width=\"57\">13.0<\/td>\n<td width=\"57\"><span>13.0<\/span><\/td>\n<\/tr>\n<tr>\n<td width=\"72\"><span>Valor m\u00e1ximo<\/span><\/td>\n<td width=\"57\">0.03<\/td>\n<td width=\"57\">5.0<\/td>\n<td width=\"57\">1.0<\/td>\n<td width=\"57\">0.035<\/td>\n<td width=\"57\">0.030<\/td>\n<td width=\"57\">15.0<\/td>\n<td width=\"57\"><span>15.0<\/span><\/td>\n<\/tr>\n<\/tbody>\n<\/table>\n<p><strong><span>3.<\/span><\/strong><span>\u00a0C4\u00a0<\/span><strong><span>caracter\u00edsticas del material<\/span><\/strong><\/p>\n<p><span>\u00a0 \u00a0 \u00a0 El C4 (00Cr14Ni14Si4) es un acero inoxidable con alto contenido en silicio y muy bajo contenido en carbono, ideal para resistir al \u00e1cido n\u00edtrico. Es especialmente adecuado para su uso en medios de \u00e1cido n\u00edtrico concentrado y tambi\u00e9n es resistente a la corrosi\u00f3n de diversos \u00e1cidos mezclados con \u00e1cido n\u00edtrico concentrado. Tiene excelentes propiedades mec\u00e1nicas y propiedades de proceso de acero inoxidable austen\u00edtico, buen rendimiento de soldadura, sin precalentamiento antes de la soldadura, y sus uniones soldadas tienen propiedades mec\u00e1nicas y resistencia a la corrosi\u00f3n comparables a las del material base.<\/span><\/p>\n<p><span>\u00a0 \u00a0 \u00a0 Tratamiento t\u00e9rmico C4: La fundici\u00f3n se calienta a 1050\u2103, luego se calienta en agua y se enfr\u00eda, y despu\u00e9s se realiza un tratamiento de soluci\u00f3n s\u00f3lida para obtener la mejor resistencia a la corrosi\u00f3n.<\/span><br \/>\n<span>Soldadura: Tiene un buen rendimiento de soldadura. La soldadura por arco manual se utiliza con varilla de soldadura de silicona Ao 0,12. Las piezas fundidas deben someterse a una soluci\u00f3n s\u00f3lida despu\u00e9s de la soldadura.<\/span><br \/>\n<span>Resistencia a la corrosi\u00f3n: El acero C4 es un material fuertemente oxidante. Puede soportar toda la concentraci\u00f3n de \u00e1cido n\u00edtrico a temperatura ambiente. Tambi\u00e9n tiene una excelente resistencia a la corrosi\u00f3n en \u00e1cido cr\u00f3mico, y tambi\u00e9n es mejor que el acero inoxidable tipo 18-8 en otros medios de corrosi\u00f3n.<\/span><\/p>\n<p><strong><span>C4\u00a0<\/span><\/strong><strong><span>El acero presenta las siguientes ventajas:<\/span><\/strong><\/p>\n<ul>\n<li><span>\u00a0 \u00a0 \u00a0 No hay corrosi\u00f3n del cortador despu\u00e9s de la soldadura, y tiene una buena resistencia a la corrosi\u00f3n de los agujeros peque\u00f1os y una excelente resistencia a la corrosi\u00f3n bajo tensi\u00f3n;<\/span><\/li>\n<li><span>\u00a0 \u00a0 \u00a0 El pl\u00e1stico de acero C4 tiene buena tenacidad, lo que aumenta la seguridad y fiabilidad, y evita el peligro de incendio y explosi\u00f3n del titanio puro industrial en \u00e1cido n\u00edtrico ahumado;<\/span><\/li>\n<li><span>\u00a0 \u00a0 \u00a0 La resistencia a la corrosi\u00f3n del acero C4 es muy superior a la del aluminio de gran pureza, y tiene propiedades mec\u00e1nicas que la fundici\u00f3n de alto contenido en silicio no puede igualar. Sus uniones soldadas tienen propiedades mec\u00e1nicas y resistencia a la corrosi\u00f3n comparables a las del material base.<\/span><\/li>\n<\/ul>\n<p><strong>\u00a0<\/strong><strong><span>4. Campos de aplicaci\u00f3n del C4<\/span><\/strong><\/p>\n<ol>\n<li><span>El acero C4 se utiliza en los equipos de concentraci\u00f3n de \u00e1cido n\u00edtrico por el m\u00e9todo indirecto (m\u00e9todo del nitrato de magnesio) con muy buenos resultados.<\/span><\/li>\n<li><span>El material del acero C4 es: 00Cr14Ni14Si4 acero inoxidable austen\u00edtico ultra bajo en carbono, con excelente resistencia a la corrosi\u00f3n intergranular y bajo tensi\u00f3n.<\/span><\/li>\n<\/ol>","protected":false},"excerpt":{"rendered":"<p>Our company&#8217;s scope of supply includes Non-standard forgings, round rods, steel plates\/steel belts, flange pipe fittings, seamless pipes, capillaries, etc. [&hellip;]<\/p>","protected":false},"featured_media":547,"template":"","meta":{"site-sidebar-layout":"default","site-content-layout":"","ast-site-content-layout":"default","site-content-style":"default","site-sidebar-style":"default","ast-global-header-display":"","ast-banner-title-visibility":"","ast-main-header-display":"","ast-hfb-above-header-display":"","ast-hfb-below-header-display":"","ast-hfb-mobile-header-display":"","site-post-title":"","ast-breadcrumbs-content":"","ast-featured-img":"","footer-sml-layout":"","theme-transparent-header-meta":"default","adv-header-id-meta":"","stick-header-meta":"","header-above-stick-meta":"","header-main-stick-meta":"","header-below-stick-meta":"","astra-migrate-meta-layouts":"set","ast-page-background-enabled":"default","ast-page-background-meta":{"desktop":{"background-color":"var(--ast-global-color-5)","background-image":"","background-repeat":"repeat","background-position":"center center","background-size":"auto","background-attachment":"scroll","background-type":"","background-media":"","overlay-type":"","overlay-color":"","overlay-opacity":"","overlay-gradient":""},"tablet":{"background-color":"","background-image":"","background-repeat":"repeat","background-position":"center center","background-size":"auto","background-attachment":"scroll","background-type":"","background-media":"","overlay-type":"","overlay-color":"","overlay-opacity":"","overlay-gradient":""},"mobile":{"background-color":"","background-image":"","background-repeat":"repeat","background-position":"center center","background-size":"auto","background-attachment":"scroll","background-type":"","background-media":"","overlay-type":"","overlay-color":"","overlay-opacity":"","overlay-gradient":""}},"ast-content-background-meta":{"desktop":{"background-color":"var(--ast-global-color-4)","background-image":"","background-repeat":"repeat","background-position":"center center","background-size":"auto","background-attachment":"scroll","background-type":"","background-media":"","overlay-type":"","overlay-color":"","overlay-opacity":"","overlay-gradient":""},"tablet":{"background-color":"var(--ast-global-color-4)","background-image":"","background-repeat":"repeat","background-position":"center center","background-size":"auto","background-attachment":"scroll","background-type":"","background-media":"","overlay-type":"","overlay-color":"","overlay-opacity":"","overlay-gradient":""},"mobile":{"background-color":"var(--ast-global-color-4)","background-image":"","background-repeat":"repeat","background-position":"center center","background-size":"auto","background-attachment":"scroll","background-type":"","background-media":"","overlay-type":"","overlay-color":"","overlay-opacity":"","overlay-gradient":""}}},"product_brand":[],"product_cat":[30],"product_tag":[],"class_list":{"0":"post-546","1":"product","2":"type-product","3":"status-publish","4":"has-post-thumbnail","6":"product_cat-advanced-stainless-steel","7":"desktop-align-left","8":"tablet-align-left","9":"mobile-align-left","11":"first","12":"instock","13":"shipping-taxable","14":"product-type-simple"},"_links":{"self":[{"href":"https:\/\/www.dura-alloy.com\/es\/wp-json\/wp\/v2\/product\/546","targetHints":{"allow":["GET"]}}],"collection":[{"href":"https:\/\/www.dura-alloy.com\/es\/wp-json\/wp\/v2\/product"}],"about":[{"href":"https:\/\/www.dura-alloy.com\/es\/wp-json\/wp\/v2\/types\/product"}],"version-history":[{"count":0,"href":"https:\/\/www.dura-alloy.com\/es\/wp-json\/wp\/v2\/product\/546\/revisions"}],"wp:featuredmedia":[{"embeddable":true,"href":"https:\/\/www.dura-alloy.com\/es\/wp-json\/wp\/v2\/media\/547"}],"wp:attachment":[{"href":"https:\/\/www.dura-alloy.com\/es\/wp-json\/wp\/v2\/media?parent=546"}],"wp:term":[{"taxonomy":"product_brand","embeddable":true,"href":"https:\/\/www.dura-alloy.com\/es\/wp-json\/wp\/v2\/product_brand?post=546"},{"taxonomy":"product_cat","embeddable":true,"href":"https:\/\/www.dura-alloy.com\/es\/wp-json\/wp\/v2\/product_cat?post=546"},{"taxonomy":"product_tag","embeddable":true,"href":"https:\/\/www.dura-alloy.com\/es\/wp-json\/wp\/v2\/product_tag?post=546"}],"curies":[{"name":"wp","href":"https:\/\/api.w.org\/{rel}","templated":true}]}}