{"id":544,"date":"2025-06-16T08:00:08","date_gmt":"2025-06-16T08:00:08","guid":{"rendered":"https:\/\/dura-alloy.com\/?post_type=product&#038;p=544"},"modified":"2025-06-16T08:00:08","modified_gmt":"2025-06-16T08:00:08","slug":"n08367","status":"publish","type":"product","link":"https:\/\/www.dura-alloy.com\/es\/producto\/n08367\/","title":{"rendered":"N08367"},"content":{"rendered":"<p style=\"text-align: center;\"><strong><span>El \u00e1mbito de suministro de nuestra empresa incluye<\/span><\/strong><\/p>\n<p style=\"text-align: center;\"><strong><span>Piezas forjadas no est\u00e1ndar, varillas redondas, chapas\/correas de acero, accesorios de tuber\u00eda con brida, tubos sin soldadura, capilares, etc. No dude en consultarnos.<\/span><\/strong><\/p>\n<p><strong><span>1.\u00a0<\/span><\/strong><strong><span>Introducci\u00f3n a los materiales N08367<\/span><\/strong><\/p>\n<p><strong><span>\u00a0 \u00a0 \u00a0 N08367<\/span><\/strong><span>\u00a0es un acero inoxidable super austen\u00edtico t\u00edpico con 6 molibdenos (alto contenido de molibdeno 6,3%). Su capacidad para resistir las picaduras de cloruro, la corrosi\u00f3n por intersticios y la corrosi\u00f3n bajo tensi\u00f3n es mejor que la del acero inoxidable de la serie 3 y tiene un coste inferior al de las aleaciones con base de n\u00edquel resistentes a la corrosi\u00f3n. Presenta una buena resistencia a la corrosi\u00f3n en diversos entornos de corrosi\u00f3n severa y es adecuado para soluciones acuosas con alto contenido en cloruros y entornos de corrosi\u00f3n por cloruros. Su resistencia integral a la corrosi\u00f3n ha dado un gran salto en comparaci\u00f3n con el 316L. Al mismo tiempo, su resistencia a la corrosi\u00f3n se aproxima a la de otras aleaciones con base de n\u00edquel resistentes a la corrosi\u00f3n, como la C-276, pero su coste es m\u00e1s ventajoso. Se utiliza en diversos entornos con alto contenido en cloruros: agentes blanqueadores (nano hipoclorito, di\u00f3xido de cloro), hal\u00f3genos y productos qu\u00edmicos con alto contenido en sal o agua de mar.<\/span><\/p>\n<p><strong><span>2. N08367\u00a0<\/span><\/strong><strong><span>composici\u00f3n qu\u00edmica<\/span><\/strong><\/p>\n<table border=\"-\" width=\"1120\">\n<tbody>\n<tr>\n<td width=\"97\"><span>aleaci\u00f3n<\/span><\/td>\n<td width=\"64\">%<\/td>\n<td width=\"51\">C<\/td>\n<td width=\"51\"><span>Y<\/span><\/td>\n<td width=\"51\">Mn<\/td>\n<td width=\"51\">P<\/td>\n<td width=\"51\">S<\/td>\n<td width=\"51\"><span>En<\/span><\/td>\n<td width=\"51\">Cr<\/td>\n<td width=\"51\">Mo<\/td>\n<td width=\"51\">Cu<\/td>\n<td width=\"51\">N<\/td>\n<\/tr>\n<tr>\n<td rowspan=\"2\" width=\"97\"><strong><span>N08367<\/span><\/strong><\/td>\n<td width=\"64\"><span>Valor m\u00ednimo<\/span><\/td>\n<td width=\"51\">-<\/td>\n<td width=\"51\"><span>-<\/span><\/td>\n<td width=\"51\"><span>-<\/span><\/td>\n<td width=\"51\"><span>-<\/span><\/td>\n<td width=\"51\"><span>-<\/span><\/td>\n<td width=\"51\">23.5<\/td>\n<td width=\"51\">20.0<\/td>\n<td width=\"51\">6.0<\/td>\n<td width=\"51\"><span>-<\/span><\/td>\n<td width=\"51\">0.18<\/td>\n<\/tr>\n<tr>\n<td width=\"64\"><span>Valor m\u00e1ximo<\/span><\/td>\n<td width=\"51\">0.03<\/td>\n<td width=\"51\">1.0<\/td>\n<td width=\"51\">2.0<\/td>\n<td width=\"51\">0.040<\/td>\n<td width=\"51\">0.030<\/td>\n<td width=\"51\">25.5<\/td>\n<td width=\"51\">22.0<\/td>\n<td width=\"51\">7.0<\/td>\n<td width=\"51\">0.75<\/td>\n<td width=\"51\">0.25<\/td>\n<\/tr>\n<\/tbody>\n<\/table>\n<p><strong>\u00a0<\/strong><strong><span>3. N08367\u00a0<\/span><\/strong><strong><span>propiedades f\u00edsicas<\/span><\/strong><\/p>\n<table border=\"-\" width=\"720\">\n<tbody>\n<tr>\n<td colspan=\"2\" width=\"320\"><span>Calor espec\u00edfico (J\/kg-K)<\/span><\/td>\n<td width=\"93\">450<\/td>\n<\/tr>\n<tr>\n<td colspan=\"2\" width=\"320\"><span>Resistividad (\u03bc\u03a9-cm)<\/span><\/td>\n<td width=\"93\">94.4<\/td>\n<\/tr>\n<tr>\n<td rowspan=\"2\" width=\"197\"><span>Conductividad t\u00e9rmica (W\/mK)<\/span><\/td>\n<td width=\"122\">20\u2103<\/td>\n<td width=\"93\">11.9<\/td>\n<\/tr>\n<tr>\n<td width=\"122\">100\u2103<\/td>\n<td width=\"93\">13.0<\/td>\n<\/tr>\n<tr>\n<td rowspan=\"4\" width=\"197\"><span>Coeficiente medio de dilataci\u00f3n t\u00e9rmica (10-6\/\u2103)<\/span><\/td>\n<td width=\"122\">20-200\u2103<\/td>\n<td width=\"93\">15.3<\/td>\n<\/tr>\n<tr>\n<td width=\"122\">20-300\u2103<\/td>\n<td width=\"93\">15.6<\/td>\n<\/tr>\n<tr>\n<td width=\"122\">20-400\u2103<\/td>\n<td width=\"93\">15.9<\/td>\n<\/tr>\n<tr>\n<td width=\"122\">20-500\u2103<\/td>\n<td width=\"93\">16.2<\/td>\n<\/tr>\n<tr>\n<td colspan=\"2\" width=\"320\"><span>M\u00f3dulo el\u00e1stico longitudinal (MPa)<\/span><\/td>\n<td width=\"93\">19.8 x 104<\/td>\n<\/tr>\n<tr>\n<td colspan=\"2\" width=\"320\"><span>densidad<\/span><\/td>\n<td width=\"93\">8.24<\/td>\n<\/tr>\n<tr>\n<td colspan=\"2\" width=\"320\"><span>Punto de fusi\u00f3n (\u2103)<\/span><\/td>\n<td width=\"93\">1360-1394<\/td>\n<\/tr>\n<\/tbody>\n<\/table>\n<p><strong>\u00a0<\/strong><strong><span>\u00a0 \u00a0 \u00a0 N08367\u00a0<\/span><\/strong><strong><span>Tratamiento t\u00e9rmico<\/span><\/strong><\/p>\n<p><span>\u00a0 \u00a0 \u00a0 Esta aleaci\u00f3n es un acero inoxidable de la serie austen\u00edtica, y el tratamiento t\u00e9rmico puede ser el mismo que el del acero inoxidable austen\u00edtico est\u00e1ndar. Las condiciones de tratamiento t\u00e9rmico m\u00e1s habituales son las siguientes.<\/span><\/p>\n<p><span>\u00a0 \u00a0 \u00a0 Tratamiento de soluciones s\u00f3lidas 1125~1175\u2103 refrigeraci\u00f3n por agua<\/span><\/p>\n<p><strong><span>\u00a0 \u00a0 \u00a0 N08367\u00a0<\/span><\/strong><strong><span>Encurtido<\/span><\/strong><\/p>\n<p><span>\u00a0 \u00a0 \u00a0 Utilice una mezcla de \u00e1cido n\u00edtrico y \u00e1cido fluorh\u00eddrico para el decapado. Debido a su mayor resistencia a la corrosi\u00f3n que el SUS 304, la cascarilla ser\u00e1 algo m\u00e1s dif\u00edcil de eliminar. Por lo tanto, es m\u00e1s eficaz realizar un breve periodo de impregnaci\u00f3n alcalina antes del decapado o, si es posible, el granallado.<\/span><\/p>\n<p><strong><span>IV. N08367\u00a0<\/span><\/strong><strong><span>campos de aplicaci\u00f3n<\/span><\/strong><\/p>\n<ol>\n<li><span>Entorno de agua de mar: dispositivo de desalinizaci\u00f3n de agua de mar, intercambiador de calor de agua de mar, tubo condensador, etc.<\/span><\/li>\n<li><span>Entorno de alta concentraci\u00f3n de iones cloruro: dispositivo de desulfuraci\u00f3n de gases de escape de humos, industria de la pulpa y el papel, diversos dispositivos de blanqueo, etc.<\/span><\/li>\n<li><span>Entornos con alta concentraci\u00f3n de sal: equipos de fabricaci\u00f3n de resinas, recipientes y tuber\u00edas de reacci\u00f3n qu\u00edmica, etc.<\/span><\/li>\n<li><span>Equipos de desulfuraci\u00f3n de gases de combusti\u00f3n (FGD), torre de destilaci\u00f3n de petr\u00f3leo crudo y relleno de tanques de almacenamiento y rodillos de presi\u00f3n, centrales t\u00e9rmicas, plantas sider\u00fargicas y empresas petroqu\u00edmicas,<\/span><\/li>\n<li><span>Equipos farmac\u00e9uticos, equipos de maquinaria alimentaria<\/span><\/li>\n<\/ol>","protected":false},"excerpt":{"rendered":"<p>Our company&#8217;s scope of supply includes Non-standard forgings, round rods, steel plates\/steel belts, flange pipe fittings, seamless pipes, capillaries, etc. [&hellip;]<\/p>","protected":false},"featured_media":545,"template":"","meta":{"site-sidebar-layout":"default","site-content-layout":"","ast-site-content-layout":"default","site-content-style":"default","site-sidebar-style":"default","ast-global-header-display":"","ast-banner-title-visibility":"","ast-main-header-display":"","ast-hfb-above-header-display":"","ast-hfb-below-header-display":"","ast-hfb-mobile-header-display":"","site-post-title":"","ast-breadcrumbs-content":"","ast-featured-img":"","footer-sml-layout":"","theme-transparent-header-meta":"default","adv-header-id-meta":"","stick-header-meta":"","header-above-stick-meta":"","header-main-stick-meta":"","header-below-stick-meta":"","astra-migrate-meta-layouts":"set","ast-page-background-enabled":"default","ast-page-background-meta":{"desktop":{"background-color":"var(--ast-global-color-5)","background-image":"","background-repeat":"repeat","background-position":"center center","background-size":"auto","background-attachment":"scroll","background-type":"","background-media":"","overlay-type":"","overlay-color":"","overlay-opacity":"","overlay-gradient":""},"tablet":{"background-color":"","background-image":"","background-repeat":"repeat","background-position":"center center","background-size":"auto","background-attachment":"scroll","background-type":"","background-media":"","overlay-type":"","overlay-color":"","overlay-opacity":"","overlay-gradient":""},"mobile":{"background-color":"","background-image":"","background-repeat":"repeat","background-position":"center center","background-size":"auto","background-attachment":"scroll","background-type":"","background-media":"","overlay-type":"","overlay-color":"","overlay-opacity":"","overlay-gradient":""}},"ast-content-background-meta":{"desktop":{"background-color":"var(--ast-global-color-4)","background-image":"","background-repeat":"repeat","background-position":"center center","background-size":"auto","background-attachment":"scroll","background-type":"","background-media":"","overlay-type":"","overlay-color":"","overlay-opacity":"","overlay-gradient":""},"tablet":{"background-color":"var(--ast-global-color-4)","background-image":"","background-repeat":"repeat","background-position":"center center","background-size":"auto","background-attachment":"scroll","background-type":"","background-media":"","overlay-type":"","overlay-color":"","overlay-opacity":"","overlay-gradient":""},"mobile":{"background-color":"var(--ast-global-color-4)","background-image":"","background-repeat":"repeat","background-position":"center center","background-size":"auto","background-attachment":"scroll","background-type":"","background-media":"","overlay-type":"","overlay-color":"","overlay-opacity":"","overlay-gradient":""}}},"product_brand":[],"product_cat":[30],"product_tag":[],"class_list":{"0":"post-544","1":"product","2":"type-product","3":"status-publish","4":"has-post-thumbnail","6":"product_cat-advanced-stainless-steel","7":"desktop-align-left","8":"tablet-align-left","9":"mobile-align-left","11":"first","12":"instock","13":"shipping-taxable","14":"product-type-simple"},"_links":{"self":[{"href":"https:\/\/www.dura-alloy.com\/es\/wp-json\/wp\/v2\/product\/544","targetHints":{"allow":["GET"]}}],"collection":[{"href":"https:\/\/www.dura-alloy.com\/es\/wp-json\/wp\/v2\/product"}],"about":[{"href":"https:\/\/www.dura-alloy.com\/es\/wp-json\/wp\/v2\/types\/product"}],"version-history":[{"count":0,"href":"https:\/\/www.dura-alloy.com\/es\/wp-json\/wp\/v2\/product\/544\/revisions"}],"wp:featuredmedia":[{"embeddable":true,"href":"https:\/\/www.dura-alloy.com\/es\/wp-json\/wp\/v2\/media\/545"}],"wp:attachment":[{"href":"https:\/\/www.dura-alloy.com\/es\/wp-json\/wp\/v2\/media?parent=544"}],"wp:term":[{"taxonomy":"product_brand","embeddable":true,"href":"https:\/\/www.dura-alloy.com\/es\/wp-json\/wp\/v2\/product_brand?post=544"},{"taxonomy":"product_cat","embeddable":true,"href":"https:\/\/www.dura-alloy.com\/es\/wp-json\/wp\/v2\/product_cat?post=544"},{"taxonomy":"product_tag","embeddable":true,"href":"https:\/\/www.dura-alloy.com\/es\/wp-json\/wp\/v2\/product_tag?post=544"}],"curies":[{"name":"wp","href":"https:\/\/api.w.org\/{rel}","templated":true}]}}