{"id":540,"date":"2025-06-16T07:56:59","date_gmt":"2025-06-16T07:56:59","guid":{"rendered":"https:\/\/dura-alloy.com\/?post_type=product&#038;p=540"},"modified":"2025-06-16T07:57:00","modified_gmt":"2025-06-16T07:57:00","slug":"xm-19","status":"publish","type":"product","link":"https:\/\/www.dura-alloy.com\/es\/producto\/xm-19\/","title":{"rendered":"XM-19"},"content":{"rendered":"<p style=\"text-align: center;\"><strong><span>El \u00e1mbito de suministro de nuestra empresa incluye<\/span><\/strong><\/p>\n<p style=\"text-align: center;\"><strong><span>Piezas forjadas no est\u00e1ndar, varillas redondas, chapas\/correas de acero, accesorios de tuber\u00eda con brida, tubos sin soldadura, capilares, etc. No dude en consultarnos.<\/span><\/strong><\/p>\n<p><strong><span>1.\u00a0<\/span><\/strong><strong><span>Introduction to XM-19 materials<\/span><\/strong><\/p>\n<p><strong><span>\u00a0 \u00a0 \u00a0 XM-19<\/span><\/strong><span>\u00a0is the first steel for high-wire ferritic stainless steel development. The brittle transition temperature is low, the corrosion resistance is good, the corrosion resistance is comparable to that of pure nickel, and it has good toughness, processing moldability and welding properties.<\/span><\/p>\n<p><strong><span>2.\u00a0<\/span><\/strong><strong><span>Chemical composition of XM-19<\/span><\/strong><\/p>\n<table border=\"-\">\n<tbody>\n<tr>\n<td width=\"66\"><span>aleaci\u00f3n<\/span><\/td>\n<td width=\"64\">%<\/td>\n<td width=\"51\"><span>nickel<\/span><\/td>\n<td width=\"51\"><span>cromo<\/span><\/td>\n<td width=\"51\"><span>hierro<\/span><\/td>\n<td width=\"41\"><span>carbon<\/span><\/td>\n<td width=\"51\"><span>manganeso<\/span><\/td>\n<td width=\"42\"><span>silicio<\/span><\/td>\n<td width=\"51\"><span>nitrogen<\/span><\/td>\n<td width=\"51\"><span>molybdenum<\/span><\/td>\n<td width=\"51\"><span>niobium<\/span><\/td>\n<td width=\"51\"><span>vanadium<\/span><\/td>\n<td width=\"43\"><span>phosphorus<\/span><\/td>\n<td width=\"38\"><span>sulfur<\/span><\/td>\n<\/tr>\n<tr>\n<td rowspan=\"2\" width=\"66\"><span>XM-19<\/span><\/td>\n<td width=\"64\"><span>Valor m\u00ednimo<\/span><\/td>\n<td width=\"51\">11.5<\/td>\n<td width=\"51\">20.5<\/td>\n<td width=\"51\">52.0<\/td>\n<td width=\"41\">&#8211;<\/td>\n<td width=\"51\">4.0<\/td>\n<td width=\"42\"><span>&#8211;<\/span><\/td>\n<td width=\"51\">0.2<\/td>\n<td width=\"51\">1.5<\/td>\n<td width=\"51\">0.1<\/td>\n<td width=\"51\"><span>0.1<\/span><\/td>\n<td width=\"43\"><span>&#8211;<\/span><\/td>\n<td width=\"38\"><span>&#8211;<\/span><\/td>\n<\/tr>\n<tr>\n<td width=\"64\"><span>Valor m\u00e1ximo<\/span><\/td>\n<td width=\"51\">13.5<\/td>\n<td width=\"51\">23.5<\/td>\n<td width=\"51\">62.0<\/td>\n<td width=\"41\">0.06<\/td>\n<td width=\"51\">6.0<\/td>\n<td width=\"42\">1.0<\/td>\n<td width=\"51\">0.4<\/td>\n<td width=\"51\">3.0<\/td>\n<td width=\"51\">0.3<\/td>\n<td width=\"51\"><span>0.3<\/span><\/td>\n<td width=\"43\">0.040<\/td>\n<td width=\"38\">0.030<\/td>\n<\/tr>\n<\/tbody>\n<\/table>\n<p><strong><span>3. XM-19\u00a0<\/span><\/strong><strong><span>physical performance<\/span><\/strong><\/p>\n<table border=\"-\">\n<tbody>\n<tr>\n<td width=\"114\"><span>densidad<\/span><\/td>\n<td width=\"179\">7.8g\/cm3<\/td>\n<\/tr>\n<tr>\n<td width=\"114\"><span>Punto de fusi\u00f3n<\/span><\/td>\n<td width=\"179\">1415-1450\u00a0\u2103<\/td>\n<\/tr>\n<\/tbody>\n<\/table>\n<p><span>\u00a0 \u00a0 \u00a0 Mechanical properties of XM-19 alloy at room temperature:<\/span><\/p>\n<p>&nbsp;<\/p>\n<table border=\"-\">\n<tbody>\n<tr>\n<td width=\"83\"><span>state<\/span><\/td>\n<td width=\"105\"><span>Tensile strength Rm N\/mm2<\/span><\/td>\n<td width=\"105\"><span>Yield strength RP0.2 N\/mm2<\/span><\/td>\n<td width=\"98\"><span>Elongation A5 %<\/span><\/td>\n<td width=\"138\"><span>Dureza Brinell\u00a0\u00a0\u00a0\u00a0\u00a0\u00a0\u00a0\u00a0\u00a0\u00a0<\/span><\/p>\n<p>HB<\/td>\n<\/tr>\n<tr>\n<td width=\"83\"><span>Solid melting state<\/span><\/td>\n<td width=\"105\">690<\/td>\n<td width=\"105\">380<\/td>\n<td width=\"98\">35<\/td>\n<td width=\"138\">\u2264241<\/td>\n<\/tr>\n<\/tbody>\n<\/table>\n<p>&nbsp;<\/p>\n<p><strong><span>4. XM-19\u00a0<\/span><\/strong><strong><span>resistencia a la corrosi\u00f3n<\/span><\/strong><\/p>\n<ul>\n<li><span>The corrosion resistance is better than 316L and 317L stainless steel, and it can be exposed to offshore atmospheric environments for a long time. In quiet seawater environments, its corrosion resistance is slightly better than that of Monel 400 alloy.<\/span><\/li>\n<li><span>Double corrosion resistance of 304<\/span><\/li>\n<li><span>In a hot chloride environment, it will be affected by stress corrosion cracking, and its crack resistance is between 304 and 316.<\/span><\/li>\n<li><span>Excellent mechanical properties are maintained at high temperatures of 629\u2103.<\/span><\/li>\n<\/ul>\n<p><strong><span>V. XM-19\u00a0<\/span><\/strong><strong><span>campos de aplicaci\u00f3n<\/span><\/strong><\/p>\n<ul>\n<li><span>Entorno de agua de mar: dispositivo de desalinizaci\u00f3n de agua de mar, intercambiador de calor de agua de mar, tubo condensador, etc.<\/span><\/li>\n<li><span>Entorno de alta concentraci\u00f3n de iones cloruro: dispositivo de desulfuraci\u00f3n de gases de escape de humos, industria de la pulpa y el papel, diversos dispositivos de blanqueo, etc.<\/span><\/li>\n<li><span>Entornos con alta concentraci\u00f3n de sal: equipos de fabricaci\u00f3n de resinas, recipientes y tuber\u00edas de reacci\u00f3n qu\u00edmica, etc.<\/span><\/li>\n<li><span>Equipos de desulfuraci\u00f3n de gases de combusti\u00f3n (FGD), torre de destilaci\u00f3n de petr\u00f3leo crudo y relleno de tanques de almacenamiento y rodillos de presi\u00f3n, centrales t\u00e9rmicas, plantas sider\u00fargicas y empresas petroqu\u00edmicas,<\/span><\/li>\n<li><span>Equipos farmac\u00e9uticos, equipos de maquinaria alimentaria<\/span><\/li>\n<\/ul>","protected":false},"excerpt":{"rendered":"<p>Our company&#8217;s scope of supply includes Non-standard forgings, round rods, steel plates\/steel belts, flange pipe fittings, seamless pipes, capillaries, etc. [&hellip;]<\/p>","protected":false},"featured_media":541,"template":"","meta":{"site-sidebar-layout":"default","site-content-layout":"","ast-site-content-layout":"default","site-content-style":"default","site-sidebar-style":"default","ast-global-header-display":"","ast-banner-title-visibility":"","ast-main-header-display":"","ast-hfb-above-header-display":"","ast-hfb-below-header-display":"","ast-hfb-mobile-header-display":"","site-post-title":"","ast-breadcrumbs-content":"","ast-featured-img":"","footer-sml-layout":"","theme-transparent-header-meta":"default","adv-header-id-meta":"","stick-header-meta":"","header-above-stick-meta":"","header-main-stick-meta":"","header-below-stick-meta":"","astra-migrate-meta-layouts":"set","ast-page-background-enabled":"default","ast-page-background-meta":{"desktop":{"background-color":"var(--ast-global-color-5)","background-image":"","background-repeat":"repeat","background-position":"center center","background-size":"auto","background-attachment":"scroll","background-type":"","background-media":"","overlay-type":"","overlay-color":"","overlay-opacity":"","overlay-gradient":""},"tablet":{"background-color":"","background-image":"","background-repeat":"repeat","background-position":"center center","background-size":"auto","background-attachment":"scroll","background-type":"","background-media":"","overlay-type":"","overlay-color":"","overlay-opacity":"","overlay-gradient":""},"mobile":{"background-color":"","background-image":"","background-repeat":"repeat","background-position":"center center","background-size":"auto","background-attachment":"scroll","background-type":"","background-media":"","overlay-type":"","overlay-color":"","overlay-opacity":"","overlay-gradient":""}},"ast-content-background-meta":{"desktop":{"background-color":"var(--ast-global-color-4)","background-image":"","background-repeat":"repeat","background-position":"center center","background-size":"auto","background-attachment":"scroll","background-type":"","background-media":"","overlay-type":"","overlay-color":"","overlay-opacity":"","overlay-gradient":""},"tablet":{"background-color":"var(--ast-global-color-4)","background-image":"","background-repeat":"repeat","background-position":"center center","background-size":"auto","background-attachment":"scroll","background-type":"","background-media":"","overlay-type":"","overlay-color":"","overlay-opacity":"","overlay-gradient":""},"mobile":{"background-color":"var(--ast-global-color-4)","background-image":"","background-repeat":"repeat","background-position":"center center","background-size":"auto","background-attachment":"scroll","background-type":"","background-media":"","overlay-type":"","overlay-color":"","overlay-opacity":"","overlay-gradient":""}}},"product_brand":[],"product_cat":[30],"product_tag":[],"class_list":{"0":"post-540","1":"product","2":"type-product","3":"status-publish","4":"has-post-thumbnail","6":"product_cat-advanced-stainless-steel","7":"desktop-align-left","8":"tablet-align-left","9":"mobile-align-left","11":"first","12":"instock","13":"shipping-taxable","14":"product-type-simple"},"_links":{"self":[{"href":"https:\/\/www.dura-alloy.com\/es\/wp-json\/wp\/v2\/product\/540","targetHints":{"allow":["GET"]}}],"collection":[{"href":"https:\/\/www.dura-alloy.com\/es\/wp-json\/wp\/v2\/product"}],"about":[{"href":"https:\/\/www.dura-alloy.com\/es\/wp-json\/wp\/v2\/types\/product"}],"version-history":[{"count":0,"href":"https:\/\/www.dura-alloy.com\/es\/wp-json\/wp\/v2\/product\/540\/revisions"}],"wp:featuredmedia":[{"embeddable":true,"href":"https:\/\/www.dura-alloy.com\/es\/wp-json\/wp\/v2\/media\/541"}],"wp:attachment":[{"href":"https:\/\/www.dura-alloy.com\/es\/wp-json\/wp\/v2\/media?parent=540"}],"wp:term":[{"taxonomy":"product_brand","embeddable":true,"href":"https:\/\/www.dura-alloy.com\/es\/wp-json\/wp\/v2\/product_brand?post=540"},{"taxonomy":"product_cat","embeddable":true,"href":"https:\/\/www.dura-alloy.com\/es\/wp-json\/wp\/v2\/product_cat?post=540"},{"taxonomy":"product_tag","embeddable":true,"href":"https:\/\/www.dura-alloy.com\/es\/wp-json\/wp\/v2\/product_tag?post=540"}],"curies":[{"name":"wp","href":"https:\/\/api.w.org\/{rel}","templated":true}]}}