{"id":530,"date":"2025-06-16T07:38:15","date_gmt":"2025-06-16T07:38:15","guid":{"rendered":"https:\/\/dura-alloy.com\/?post_type=product&#038;p=530"},"modified":"2025-06-16T07:38:15","modified_gmt":"2025-06-16T07:38:15","slug":"7a09","status":"publish","type":"product","link":"https:\/\/www.dura-alloy.com\/es\/producto\/7a09\/","title":{"rendered":"7A09"},"content":{"rendered":"<p style=\"text-align: center;\"><strong><span>Alcance del suministro de Aviation Group:<\/span><\/strong><\/p>\n<p style=\"text-align: center;\"><strong><span>Puede ser personalizado no est\u00e1ndar, placa de aluminio (placa entera \/ corte), varilla de aluminio, piezas forjadas de aluminio, tubos de aluminio, perfiles de aluminio, etc. No dude en consultarnos.<\/span><\/strong><\/p>\n<p><strong><span>1. Introducci\u00f3n\u00a0<\/span><\/strong><strong><span>7A09\u00a0<\/span><\/strong><strong><span>Materiales<\/span><\/strong><\/p>\n<p><span>7A09 pertenece al aluminio superduro Al-Zn-Mg-Cu. Esta aleaci\u00f3n es una aleaci\u00f3n de aluminio de deformaci\u00f3n ultrarresistente que se ha utilizado en la industria de fabricaci\u00f3n de aviones a finales de la d\u00e9cada de 1940 y todav\u00eda se utiliza ampliamente en la industria aeron\u00e1utica. Sus caracter\u00edsticas son que tiene buena plasticidad despu\u00e9s del tratamiento de soluci\u00f3n s\u00f3lida, especialmente buen efecto de refuerzo del tratamiento t\u00e9rmico, alta resistencia por debajo de 150\u2103, y particularmente buena resistencia a baja temperatura; pobre rendimiento de soldadura; tiende al agrietamiento por corrosi\u00f3n bajo tensi\u00f3n; necesita ser utilizado por recubrimiento de aluminio u otro tratamiento de protecci\u00f3n. El envejecimiento en dos etapas puede mejorar la capacidad de la aleaci\u00f3n para resistir el agrietamiento por corrosi\u00f3n bajo tensi\u00f3n. La plasticidad en los estados recocido y templado r\u00edgido es ligeramente inferior a la del mismo estado 2A12. Es ligeramente mejor que la 7A04. La fatiga est\u00e1tica, la sensibilidad a la entalla de la chapa y el comportamiento a la corrosi\u00f3n bajo tensi\u00f3n son mejores que los de 7A04.<\/span><\/p>\n<p><strong><span>2.\u00a0<\/span><\/strong><strong><span>7A09\u00a0<\/span><\/strong><strong><span>composici\u00f3n qu\u00edmica<\/span><\/strong><\/p>\n<table border=\"-\" width=\"1120\">\n<tbody>\n<tr>\n<td colspan=\"2\" width=\"103\"><span>Medalla de aleaci\u00f3n<\/span><\/td>\n<td width=\"39\"><span>silicio<\/span><\/p>\n<p><span>Y<\/span><\/td>\n<td width=\"38\"><span>hierro<\/span><\/p>\n<p>Fe<\/td>\n<td width=\"52\"><span>cobre<\/span><\/p>\n<p>Cu<\/td>\n<td width=\"49\"><span>manganeso<\/span><\/p>\n<p>Mn<\/td>\n<td width=\"50\"><span>magnesio<\/span><\/p>\n<p>Mg<\/td>\n<td width=\"48\"><span>cromo<\/span><\/p>\n<p>Cr<\/td>\n<td width=\"49\"><span>Zinc<\/span><\/p>\n<p>Zn<\/td>\n<td width=\"51\"><span>titanio<\/span><\/p>\n<p><span>De<\/span><\/td>\n<td colspan=\"2\" width=\"90\"><span>otros<\/span><\/td>\n<td width=\"49\"><span>aluminio<\/span><\/p>\n<p>AL<\/td>\n<\/tr>\n<tr>\n<td width=\"51\"><span>Nuevo grado<\/span><\/td>\n<td width=\"51\"><span>Marca antigua<\/span><\/td>\n<td rowspan=\"2\" width=\"39\">0.5<\/td>\n<td rowspan=\"2\" width=\"38\"><span>0.5<\/span><\/td>\n<td rowspan=\"2\" width=\"52\">1.2-2.0<\/td>\n<td rowspan=\"2\" width=\"49\">0.15<\/td>\n<td rowspan=\"2\" width=\"50\">2.0-3.0<\/td>\n<td rowspan=\"2\" width=\"48\">0.16-0.30<\/td>\n<td rowspan=\"2\" width=\"49\">5.1-6.1<\/td>\n<td rowspan=\"2\" width=\"51\">0.10<\/td>\n<td width=\"46\"><span>Cada<\/span><\/td>\n<td width=\"44\"><span>total<\/span><\/td>\n<td rowspan=\"2\" width=\"49\"><span>margen<\/span><\/td>\n<\/tr>\n<tr>\n<td width=\"51\"><span>7a09<\/span><\/td>\n<td width=\"51\"><span>LC9<\/span><\/td>\n<td width=\"46\">0.05<\/td>\n<td width=\"44\"><span>0.10<\/span><\/td>\n<\/tr>\n<\/tbody>\n<\/table>\n<p><strong>\u00a0<\/strong><strong><span>3.\u00a0<\/span><\/strong><span><strong>Propiedades f\u00edsicas y caracter\u00edsticas\u00a0<\/strong><\/span><strong><span>de 7A09<\/span><\/strong><\/p>\n<table border=\"-\">\n<tbody>\n<tr>\n<td><span>Grado y estado de la aleaci\u00f3n de aluminio<\/span><\/td>\n<td><span>resistencia a la tracci\u00f3n<\/span><\/p>\n<p>Rm\/Mpa<\/td>\n<td><span>Rendimiento<\/span><\/p>\n<p>Rp0,2\/Mpa<\/td>\n<td><span>Elongaci\u00f3n\/%<\/span><\/td>\n<td><span>Dureza\/HBW\u03b1<\/span><\/td>\n<td><span>densidad<\/span><\/p>\n<p><span>(20 \u2103) (g \/ cm3)<\/span><\/td>\n<\/tr>\n<tr>\n<td><span>709-T6<\/span><\/td>\n<td>490<\/td>\n<td>410<\/td>\n<td>7<\/td>\n<td>150<\/td>\n<td>2.9<\/td>\n<\/tr>\n<\/tbody>\n<\/table>\n<p><strong><span>IV.\u00a0<\/span><\/strong><strong><span>7A09\u00a0<\/span><\/strong><strong><span>campos de aplicaci\u00f3n<\/span><\/strong><\/p>\n<p><span>El 7A09 se utiliza principalmente para fabricar estructuras aeron\u00e1uticas y otras piezas estructurales sometidas a grandes esfuerzos que requieren una gran resistencia y resistencia a la corrosi\u00f3n, como los paneles de las paredes superior e inferior de las alas de los aviones, larguerillos, etc. Tiene buena plasticidad tras el tratamiento de soluci\u00f3n s\u00f3lida, buen efecto de refuerzo del tratamiento t\u00e9rmico y buena resistencia por debajo de 150 grados. Tambi\u00e9n se utiliza ampliamente en el procesamiento de moldes, equipos mec\u00e1nicos, herramientas y accesorios, industria aeroespacial, moldes de soldadura de pl\u00e1stico por ultrasonidos, cabezas de pelotas de golf, moldes de zapatos, moldes de papel, moldes de espuma, moldes de eliminaci\u00f3n de cera, equipos mec\u00e1nicos, paneles de pared de aeronaves, vigas delanteras, juntas, pilares y trenes de aterrizaje y otras piezas estructurales, moldes, instrumentos de belleza, carcasas de port\u00e1tiles, componentes de alta resistencia, piezas forjadas pesadas, etc.<\/span><\/p>","protected":false},"excerpt":{"rendered":"<p>Scope of supply of Aviation Group: It can be customized non-standard, aluminum plate (whole plate\/cut), aluminum rod, aluminum forgings, aluminum [&hellip;]<\/p>","protected":false},"featured_media":531,"template":"","meta":{"site-sidebar-layout":"default","site-content-layout":"","ast-site-content-layout":"default","site-content-style":"default","site-sidebar-style":"default","ast-global-header-display":"","ast-banner-title-visibility":"","ast-main-header-display":"","ast-hfb-above-header-display":"","ast-hfb-below-header-display":"","ast-hfb-mobile-header-display":"","site-post-title":"","ast-breadcrumbs-content":"","ast-featured-img":"","footer-sml-layout":"","theme-transparent-header-meta":"default","adv-header-id-meta":"","stick-header-meta":"","header-above-stick-meta":"","header-main-stick-meta":"","header-below-stick-meta":"","astra-migrate-meta-layouts":"set","ast-page-background-enabled":"default","ast-page-background-meta":{"desktop":{"background-color":"var(--ast-global-color-5)","background-image":"","background-repeat":"repeat","background-position":"center center","background-size":"auto","background-attachment":"scroll","background-type":"","background-media":"","overlay-type":"","overlay-color":"","overlay-opacity":"","overlay-gradient":""},"tablet":{"background-color":"","background-image":"","background-repeat":"repeat","background-position":"center center","background-size":"auto","background-attachment":"scroll","background-type":"","background-media":"","overlay-type":"","overlay-color":"","overlay-opacity":"","overlay-gradient":""},"mobile":{"background-color":"","background-image":"","background-repeat":"repeat","background-position":"center center","background-size":"auto","background-attachment":"scroll","background-type":"","background-media":"","overlay-type":"","overlay-color":"","overlay-opacity":"","overlay-gradient":""}},"ast-content-background-meta":{"desktop":{"background-color":"var(--ast-global-color-4)","background-image":"","background-repeat":"repeat","background-position":"center center","background-size":"auto","background-attachment":"scroll","background-type":"","background-media":"","overlay-type":"","overlay-color":"","overlay-opacity":"","overlay-gradient":""},"tablet":{"background-color":"var(--ast-global-color-4)","background-image":"","background-repeat":"repeat","background-position":"center center","background-size":"auto","background-attachment":"scroll","background-type":"","background-media":"","overlay-type":"","overlay-color":"","overlay-opacity":"","overlay-gradient":""},"mobile":{"background-color":"var(--ast-global-color-4)","background-image":"","background-repeat":"repeat","background-position":"center center","background-size":"auto","background-attachment":"scroll","background-type":"","background-media":"","overlay-type":"","overlay-color":"","overlay-opacity":"","overlay-gradient":""}}},"product_brand":[],"product_cat":[29],"product_tag":[],"class_list":{"0":"post-530","1":"product","2":"type-product","3":"status-publish","4":"has-post-thumbnail","6":"product_cat-aviation-aluminum-alloy","7":"desktop-align-left","8":"tablet-align-left","9":"mobile-align-left","11":"first","12":"instock","13":"shipping-taxable","14":"product-type-simple"},"_links":{"self":[{"href":"https:\/\/www.dura-alloy.com\/es\/wp-json\/wp\/v2\/product\/530","targetHints":{"allow":["GET"]}}],"collection":[{"href":"https:\/\/www.dura-alloy.com\/es\/wp-json\/wp\/v2\/product"}],"about":[{"href":"https:\/\/www.dura-alloy.com\/es\/wp-json\/wp\/v2\/types\/product"}],"version-history":[{"count":0,"href":"https:\/\/www.dura-alloy.com\/es\/wp-json\/wp\/v2\/product\/530\/revisions"}],"wp:featuredmedia":[{"embeddable":true,"href":"https:\/\/www.dura-alloy.com\/es\/wp-json\/wp\/v2\/media\/531"}],"wp:attachment":[{"href":"https:\/\/www.dura-alloy.com\/es\/wp-json\/wp\/v2\/media?parent=530"}],"wp:term":[{"taxonomy":"product_brand","embeddable":true,"href":"https:\/\/www.dura-alloy.com\/es\/wp-json\/wp\/v2\/product_brand?post=530"},{"taxonomy":"product_cat","embeddable":true,"href":"https:\/\/www.dura-alloy.com\/es\/wp-json\/wp\/v2\/product_cat?post=530"},{"taxonomy":"product_tag","embeddable":true,"href":"https:\/\/www.dura-alloy.com\/es\/wp-json\/wp\/v2\/product_tag?post=530"}],"curies":[{"name":"wp","href":"https:\/\/api.w.org\/{rel}","templated":true}]}}