{"id":525,"date":"2025-06-16T07:30:44","date_gmt":"2025-06-16T07:30:44","guid":{"rendered":"https:\/\/dura-alloy.com\/?post_type=product&#038;p=525"},"modified":"2025-06-16T07:30:44","modified_gmt":"2025-06-16T07:30:44","slug":"7050","status":"publish","type":"product","link":"https:\/\/www.dura-alloy.com\/es\/producto\/7050\/","title":{"rendered":"7050"},"content":{"rendered":"<p style=\"text-align: center;\"><strong><span>Alcance del suministro de Aviation Group:<\/span><\/strong><\/p>\n<p style=\"text-align: center;\"><strong><span>Puede ser personalizado no est\u00e1ndar, placa de aluminio (placa entera \/ corte), varilla de aluminio, piezas forjadas de aluminio, tubos de aluminio, perfiles de aluminio, etc. No dude en consultarnos.<\/span><\/strong><\/p>\n<p><strong><span>1. Introducci\u00f3n\u00a0<\/span><\/strong><strong><span>7050\u00a0<\/span><\/strong><strong><span>Materiales<\/span><\/strong><\/p>\n<p><span>\u00a0 \u00a0 \u00a0 La aleaci\u00f3n de aluminio 7075 es una aleaci\u00f3n forjada tratada en fr\u00edo de gran resistencia, muy superior a la del acero dulce. La 7075 es una de las aleaciones m\u00e1s potentes utilizadas en uso comercial. Tras el tratamiento t\u00e9rmico, puede alcanzar caracter\u00edsticas de resistencia muy elevadas. Al material 7075 se le suele a\u00f1adir una peque\u00f1a cantidad de cobre, cromo y otras aleaciones. Entre las series, la aleaci\u00f3n de aluminio 7075-T651 es particularmente de primera categor\u00eda. Es conocida como el mejor producto entre las aleaciones de aluminio, con alta resistencia y muy superior a cualquier acero dulce. Esta aleaci\u00f3n tiene buenas propiedades mec\u00e1nicas y de reacci\u00f3n an\u00f3dica.<\/span><\/p>\n<p><span>\u00a0 \u00a0 \u00a0 7075 contiene principalmente zinc. Tambi\u00e9n pertenece a la serie de aviaci\u00f3n, es una aleaci\u00f3n de aluminio-magnesio-cinc-cobre, una aleaci\u00f3n tratada t\u00e9rmicamente, y tiene buena resistencia al desgaste. La placa de aluminio 7075 est\u00e1 libre de tensiones y no se deforma ni alabea despu\u00e9s de su procesamiento. Todas las placas de aluminio 7075 supergrandes y supergruesas son detectadas por ondas ultras\u00f3nicas, que pueden asegurar que no hay agujeros de arena e impurezas. La placa de aluminio 7075 tiene una alta conductividad t\u00e9rmica, que puede acortar el tiempo de formaci\u00f3n y mejorar la eficiencia de trabajo. La caracter\u00edstica principal es que la alta dureza 7075 es una aleaci\u00f3n de aluminio de alta dureza y alta resistencia, que se utiliza a menudo para la fabricaci\u00f3n de estructuras de aviones y futuros. Requiere piezas estructurales de alta tensi\u00f3n y fabricaci\u00f3n de moldes con alta resistencia y resistencia a la corrosi\u00f3n.<\/span><\/p>\n<p><strong><span>2,\u00a0<\/span><\/strong><strong><span>7075\u00a0<\/span><\/strong><strong><span>Ingredientes qu\u00edmicos<\/span><\/strong><\/p>\n<table border=\"-\">\n<tbody>\n<tr>\n<td colspan=\"2\" width=\"106\"><span>Medalla de aleaci\u00f3n<\/span><\/td>\n<td width=\"50\"><span>silicio<\/span><\/p>\n<p><span>Y<\/span><\/td>\n<td width=\"50\"><span>hierro<\/span><\/p>\n<p>Fe<\/td>\n<td width=\"51\"><span>cobre<\/span><\/p>\n<p>Cu<\/td>\n<td width=\"48\"><span>manganeso<\/span><\/p>\n<p>Mn<\/td>\n<td width=\"49\"><span>magnesio<\/span><\/p>\n<p>Mg<\/td>\n<td width=\"47\"><span>cromo<\/span><\/p>\n<p>Cr<\/td>\n<td width=\"48\"><span>Zinc<\/span><\/p>\n<p>Zn<\/td>\n<td width=\"47\"><span>titanio<\/span><\/p>\n<p><span>De<\/span><\/td>\n<td colspan=\"2\" width=\"91\"><span>otros<\/span><\/td>\n<td width=\"49\"><span>aluminio<\/span><\/p>\n<p>AL<\/td>\n<\/tr>\n<tr>\n<td width=\"53\"><span>Nuevo grado<\/span><\/td>\n<td width=\"53\"><span>Marca antigua<\/span><\/td>\n<td rowspan=\"2\" width=\"50\">0.4<\/td>\n<td rowspan=\"2\" width=\"50\">0.5<\/td>\n<td rowspan=\"2\" width=\"51\">1.2-2.0<\/td>\n<td rowspan=\"2\" width=\"48\">0.3<\/td>\n<td rowspan=\"2\" width=\"49\">2.1-2.9<\/td>\n<td rowspan=\"2\" width=\"47\">0.18-0.28<\/td>\n<td rowspan=\"2\" width=\"48\">5.1-6.1<\/td>\n<td rowspan=\"2\" width=\"47\">0.2<\/td>\n<td width=\"46\"><span>Cada<\/span><\/td>\n<td width=\"44\"><span>total<\/span><\/td>\n<td rowspan=\"2\" width=\"49\"><span>margen<\/span><\/td>\n<\/tr>\n<tr>\n<td width=\"53\">7075<\/td>\n<td width=\"53\">&#8211;<\/td>\n<td width=\"46\">0.05<\/td>\n<td width=\"44\">0.15<\/td>\n<\/tr>\n<\/tbody>\n<\/table>\n<p><strong>\u00a0<\/strong><strong><span>3.\u00a0<\/span><\/strong><strong><span>7075\u00a0<\/span><\/strong><strong><span>propiedades y caracter\u00edsticas f\u00edsicas<\/span><\/strong><\/p>\n<table border=\"-\">\n<tbody>\n<tr>\n<td width=\"99\"><span>Grado y estado de la aleaci\u00f3n de aluminio<\/span><\/td>\n<td width=\"109\"><span>resistencia a la tracci\u00f3n<\/span><\/p>\n<p>Rm\/Mpa<\/td>\n<td width=\"101\"><span>Rendimiento<\/span><\/p>\n<p>Rp0,2\/Mpa<\/td>\n<td width=\"98\"><span>Elongaci\u00f3n\/%<\/span><\/td>\n<td width=\"104\"><span>Dureza\/HBW\u03b1<\/span><\/td>\n<td width=\"108\"><span>densidad<\/span><\/p>\n<p><span>(20 \u2103) (g \/ cm3)<\/span><\/td>\n<\/tr>\n<tr>\n<td width=\"99\"><span>7075-T6<\/span><\/td>\n<td width=\"109\">572<\/td>\n<td width=\"101\">503<\/td>\n<td width=\"98\">11<\/td>\n<td width=\"104\">150<\/td>\n<td width=\"108\">2.9<\/td>\n<\/tr>\n<\/tbody>\n<\/table>\n<p><strong><span>7075\u00a0<\/span><\/strong><strong><span>caracter\u00edsticas de la aleaci\u00f3n de aluminio<\/span><\/strong><\/p>\n<p><span>1. Aleaci\u00f3n de alta resistencia tratada t\u00e9rmicamente.<\/span><\/p>\n<p><span>2. Buenas propiedades mec\u00e1nicas.<\/span><\/p>\n<p><span>3. Buena usabilidad.<\/span><\/p>\n<p><span>4. F\u00e1cil de procesar y buena resistencia al desgaste.<\/span><\/p>\n<p><span>5.El estado T7351 mejora la resistencia a la corrosi\u00f3n<\/span><\/p>\n<p><span>6. Materiales de alta resistencia utilizados en piezas estructurales de alta presi\u00f3n.<\/span><\/p>\n<p><span>\u00a0 \u00a0 \u00a0 Al material 7075 se le suele a\u00f1adir una peque\u00f1a cantidad de cobre, cromo y otras aleaciones. Entre ellas, la aleaci\u00f3n de aluminio A7075 es particularmente la mejor. Es conocida como el mejor producto entre las aleaciones de aluminio, con alta resistencia y muy superior a cualquier acero dulce. Esta aleaci\u00f3n tiene buenas propiedades mec\u00e1nicas y de reacci\u00f3n an\u00f3dica.<\/span><\/p>\n<p><strong><span>IV.\u00a0<\/span><\/strong><strong><span>7075\u00a0<\/span><\/strong><strong><span>campos de aplicaci\u00f3n<\/span><\/strong><\/p>\n<p><span>\u00a0 \u00a0 \u00a0 7075 is suitable for aerospace industry, blow molding (bottle) molds, ultrasonic plastic welding molds, golf ball heads, shoe molds, paper molds, foam molds, wax removal molds, templates, fixtures, machinery and equipment, mold processing, and is used to make high-end aluminum alloy bicycle frames, etc. Representative uses include aerospace, mold processing, mechanical equipment, tooling and fixtures, especially for the manufacture of aircraft structures and other high-stress structures with high strength and corrosion resistance.<\/span><\/p>","protected":false},"excerpt":{"rendered":"<p>Scope of supply of Aviation Group: It can be customized non-standard, aluminum plate (whole plate\/cut), aluminum rod, aluminum forgings, aluminum [&hellip;]<\/p>","protected":false},"featured_media":526,"template":"","meta":{"site-sidebar-layout":"default","site-content-layout":"","ast-site-content-layout":"default","site-content-style":"default","site-sidebar-style":"default","ast-global-header-display":"","ast-banner-title-visibility":"","ast-main-header-display":"","ast-hfb-above-header-display":"","ast-hfb-below-header-display":"","ast-hfb-mobile-header-display":"","site-post-title":"","ast-breadcrumbs-content":"","ast-featured-img":"","footer-sml-layout":"","theme-transparent-header-meta":"default","adv-header-id-meta":"","stick-header-meta":"","header-above-stick-meta":"","header-main-stick-meta":"","header-below-stick-meta":"","astra-migrate-meta-layouts":"set","ast-page-background-enabled":"default","ast-page-background-meta":{"desktop":{"background-color":"var(--ast-global-color-5)","background-image":"","background-repeat":"repeat","background-position":"center center","background-size":"auto","background-attachment":"scroll","background-type":"","background-media":"","overlay-type":"","overlay-color":"","overlay-opacity":"","overlay-gradient":""},"tablet":{"background-color":"","background-image":"","background-repeat":"repeat","background-position":"center center","background-size":"auto","background-attachment":"scroll","background-type":"","background-media":"","overlay-type":"","overlay-color":"","overlay-opacity":"","overlay-gradient":""},"mobile":{"background-color":"","background-image":"","background-repeat":"repeat","background-position":"center center","background-size":"auto","background-attachment":"scroll","background-type":"","background-media":"","overlay-type":"","overlay-color":"","overlay-opacity":"","overlay-gradient":""}},"ast-content-background-meta":{"desktop":{"background-color":"var(--ast-global-color-4)","background-image":"","background-repeat":"repeat","background-position":"center center","background-size":"auto","background-attachment":"scroll","background-type":"","background-media":"","overlay-type":"","overlay-color":"","overlay-opacity":"","overlay-gradient":""},"tablet":{"background-color":"var(--ast-global-color-4)","background-image":"","background-repeat":"repeat","background-position":"center center","background-size":"auto","background-attachment":"scroll","background-type":"","background-media":"","overlay-type":"","overlay-color":"","overlay-opacity":"","overlay-gradient":""},"mobile":{"background-color":"var(--ast-global-color-4)","background-image":"","background-repeat":"repeat","background-position":"center center","background-size":"auto","background-attachment":"scroll","background-type":"","background-media":"","overlay-type":"","overlay-color":"","overlay-opacity":"","overlay-gradient":""}}},"product_brand":[],"product_cat":[29],"product_tag":[],"class_list":{"0":"post-525","1":"product","2":"type-product","3":"status-publish","4":"has-post-thumbnail","6":"product_cat-aviation-aluminum-alloy","7":"desktop-align-left","8":"tablet-align-left","9":"mobile-align-left","11":"first","12":"instock","13":"shipping-taxable","14":"product-type-simple"},"_links":{"self":[{"href":"https:\/\/www.dura-alloy.com\/es\/wp-json\/wp\/v2\/product\/525","targetHints":{"allow":["GET"]}}],"collection":[{"href":"https:\/\/www.dura-alloy.com\/es\/wp-json\/wp\/v2\/product"}],"about":[{"href":"https:\/\/www.dura-alloy.com\/es\/wp-json\/wp\/v2\/types\/product"}],"version-history":[{"count":0,"href":"https:\/\/www.dura-alloy.com\/es\/wp-json\/wp\/v2\/product\/525\/revisions"}],"wp:featuredmedia":[{"embeddable":true,"href":"https:\/\/www.dura-alloy.com\/es\/wp-json\/wp\/v2\/media\/526"}],"wp:attachment":[{"href":"https:\/\/www.dura-alloy.com\/es\/wp-json\/wp\/v2\/media?parent=525"}],"wp:term":[{"taxonomy":"product_brand","embeddable":true,"href":"https:\/\/www.dura-alloy.com\/es\/wp-json\/wp\/v2\/product_brand?post=525"},{"taxonomy":"product_cat","embeddable":true,"href":"https:\/\/www.dura-alloy.com\/es\/wp-json\/wp\/v2\/product_cat?post=525"},{"taxonomy":"product_tag","embeddable":true,"href":"https:\/\/www.dura-alloy.com\/es\/wp-json\/wp\/v2\/product_tag?post=525"}],"curies":[{"name":"wp","href":"https:\/\/api.w.org\/{rel}","templated":true}]}}