{"id":517,"date":"2025-06-16T07:02:57","date_gmt":"2025-06-16T07:02:57","guid":{"rendered":"https:\/\/dura-alloy.com\/?post_type=product&#038;p=517"},"modified":"2025-06-16T07:02:57","modified_gmt":"2025-06-16T07:02:57","slug":"6061","status":"publish","type":"product","link":"https:\/\/www.dura-alloy.com\/es\/producto\/6061\/","title":{"rendered":"6061"},"content":{"rendered":"<p style=\"text-align: center;\"><strong><span>Alcance del suministro de Aviation Group:<\/span><\/strong><\/p>\n<p style=\"text-align: center;\"><strong><span>Puede ser personalizado no est\u00e1ndar, placa de aluminio (placa entera \/ corte), varilla de aluminio, piezas forjadas de aluminio, tubos de aluminio, perfiles de aluminio, etc. No dude en consultarnos.<\/span><\/strong><\/p>\n<p><strong><span>1. Introducci\u00f3n\u00a0<\/span><\/strong><strong><span>6061\u00a0<\/span><\/strong><strong><span>Materiales<\/span><\/strong><\/p>\n<p><span>\u00a0 \u00a0 \u00a0 La 6061 es una aleaci\u00f3n reforzada tratada t\u00e9rmicamente con buena conformabilidad, soldabilidad, mecanizabilidad y resistencia media. Puede seguir manteniendo una buena operabilidad despu\u00e9s del recocido.<\/span><\/p>\n<p><span>\u00a0 \u00a0 \u00a0 Los principales elementos de aleaci\u00f3n de la aleaci\u00f3n 6061 son el magnesio y el silicio, y forman la fase Mg2Si. Si contiene una cierta cantidad de manganeso y cromo, se pueden neutralizar los malos efectos del hierro; a veces se a\u00f1ade una peque\u00f1a cantidad de cobre o zinc para mejorar la resistencia de la aleaci\u00f3n sin reducir significativamente su resistencia a la corrosi\u00f3n; tambi\u00e9n hay una peque\u00f1a cantidad de cobre en el material conductor para compensar los efectos adversos del titanio y el hierro en la conductividad el\u00e9ctrica; el circonio o el titanio pueden refinar los granos y controlar la estructura de recristalizaci\u00f3n; para mejorar el rendimiento de corte, se pueden a\u00f1adir plomo y bismuto. El Mg2Si se disuelve en aluminio, de modo que la aleaci\u00f3n se envejece y endurece artificialmente.<\/span><\/p>\n<p><span>\u00a0 \u00a0 \u00a0 6061-T651 es la aleaci\u00f3n principal de la aleaci\u00f3n 6061. Es un producto de aleaci\u00f3n de aluminio de alta calidad fabricado mediante un proceso de preestirado con tratamiento t\u00e9rmico. Aunque su fuerza no se puede comparar con la serie 2XXX o 7XXX, sus aleaciones de magnesio y silicio tienen muchas caracter\u00edsticas, y tienen un excelente rendimiento de procesamiento, excelentes caracter\u00edsticas de soldadura, propiedades de galvanoplastia, buena resistencia a la corrosi\u00f3n, alta tenacidad, sin deformaci\u00f3n despu\u00e9s del procesamiento, material denso y sin defectos, f\u00e1cil pulido, pel\u00edcula de coloraci\u00f3n f\u00e1cil, y excelente efecto de oxidaci\u00f3n.<\/span><\/p>\n<p><strong>\u00a0<\/strong><strong><span>2,\u00a0<\/span><\/strong><strong><span>6061\u00a0<\/span><\/strong><strong><span>Ingredientes qu\u00edmicos<\/span><\/strong><\/p>\n<table border=\"-\">\n<tbody>\n<tr>\n<td colspan=\"2\" width=\"103\"><span>Medalla de aleaci\u00f3n<\/span><\/td>\n<td width=\"49\"><span>silicio<\/span><\/p>\n<p><span>Y<\/span><\/td>\n<td width=\"49\"><span>hierro<\/span><\/p>\n<p>Fe<\/td>\n<td width=\"50\"><span>cobre<\/span><\/p>\n<p>Cu<\/td>\n<td width=\"47\"><span>manganeso<\/span><\/p>\n<p>Mn<\/td>\n<td width=\"48\"><span>magnesio<\/span><\/p>\n<p>Mg<\/td>\n<td width=\"46\"><span>cromo<\/span><\/p>\n<p>Cr<\/td>\n<td width=\"47\"><span>Zinc<\/span><\/p>\n<p>Zn<\/td>\n<td width=\"49\"><span>titanio<\/span><\/p>\n<p><span>De<\/span><\/td>\n<td colspan=\"2\" width=\"86\"><span>otros<\/span><\/td>\n<td width=\"47\"><span>aluminio<\/span><\/p>\n<p>AL<\/td>\n<\/tr>\n<tr>\n<td width=\"51\"><span>Nuevo grado<\/span><\/td>\n<td width=\"51\"><span>Marca antigua<\/span><\/td>\n<td rowspan=\"2\" width=\"49\">0.40-0.80<\/td>\n<td rowspan=\"2\" width=\"49\">0.70<\/td>\n<td rowspan=\"2\" width=\"50\">0.15-0.40<\/td>\n<td rowspan=\"2\" width=\"47\">0.15<\/td>\n<td rowspan=\"2\" width=\"48\">0.8-1.2<\/td>\n<td rowspan=\"2\" width=\"46\">0.04-0.35<\/td>\n<td rowspan=\"2\" width=\"47\">0.25<\/td>\n<td rowspan=\"2\" width=\"49\"><span>0.15<\/span><\/td>\n<td width=\"44\"><span>Cada<\/span><\/td>\n<td width=\"42\"><span>total<\/span><\/td>\n<td rowspan=\"2\" width=\"47\"><span>margen<\/span><\/td>\n<\/tr>\n<tr>\n<td width=\"51\">6061<\/td>\n<td width=\"51\">LD30<\/td>\n<td width=\"44\">0.05<\/td>\n<td width=\"42\"><span>0.15<\/span><\/td>\n<\/tr>\n<\/tbody>\n<\/table>\n<p><strong>\u00a0<\/strong><strong><span>3.\u00a0<\/span><\/strong><strong><span>6061\u00a0<\/span><\/strong><strong><span>Propiedades f\u00edsicas<\/span><\/strong><\/p>\n<table border=\"-\">\n<tbody>\n<tr>\n<td width=\"99\"><span>Grado y estado de la aleaci\u00f3n de aluminio<\/span><\/td>\n<td width=\"109\"><span>resistencia a la tracci\u00f3n<\/span><\/p>\n<p>Rm\/Mpa<\/td>\n<td width=\"101\"><span>Rendimiento<\/span><\/p>\n<p>Rp0,2\/Mpa<\/td>\n<td width=\"98\"><span>Elongaci\u00f3n\/%<\/span><\/td>\n<td width=\"104\"><span>Dureza\/HBW\u03b1<\/span><\/td>\n<td width=\"108\"><span>densidad<\/span><\/p>\n<p><span>(20 \u2103) (g \/ cm3)<\/span><\/td>\n<\/tr>\n<tr>\n<td width=\"99\"><span>6061-T6<\/span><\/td>\n<td width=\"109\">290<\/td>\n<td width=\"101\">240<\/td>\n<td width=\"98\">10<\/td>\n<td width=\"104\">95<\/td>\n<td width=\"108\">2.8<\/td>\n<\/tr>\n<\/tbody>\n<\/table>\n<p><strong>\u00a0<\/strong><strong><span>IV.\u00a0<\/span><\/strong><strong><span>6061\u00a0<\/span><\/strong><strong><span>\u00c1mbitos de aplicaci\u00f3n<\/span><\/strong><\/p>\n<p><span>\u00a0 \u00a0 \u00a0 Entre los usos del 6061 se incluyen las fijaciones aeroespaciales, las fijaciones el\u00e9ctricas y los campos de la comunicaci\u00f3n. Tambi\u00e9n se utiliza ampliamente en piezas mec\u00e1nicas automatizadas, procesamiento de precisi\u00f3n, fabricaci\u00f3n de moldes, electr\u00f3nica e instrumentos de precisi\u00f3n, puentes, gr\u00faas, armazones de tejados, aviones de transporte, barcos de transporte, etc.<\/span><\/p>","protected":false},"excerpt":{"rendered":"<p>Scope of supply of Aviation Group: It can be customized non-standard, aluminum plate (whole plate\/cut), aluminum rod, aluminum forgings, aluminum [&hellip;]<\/p>","protected":false},"featured_media":518,"template":"","meta":{"site-sidebar-layout":"default","site-content-layout":"","ast-site-content-layout":"default","site-content-style":"default","site-sidebar-style":"default","ast-global-header-display":"","ast-banner-title-visibility":"","ast-main-header-display":"","ast-hfb-above-header-display":"","ast-hfb-below-header-display":"","ast-hfb-mobile-header-display":"","site-post-title":"","ast-breadcrumbs-content":"","ast-featured-img":"","footer-sml-layout":"","theme-transparent-header-meta":"default","adv-header-id-meta":"","stick-header-meta":"","header-above-stick-meta":"","header-main-stick-meta":"","header-below-stick-meta":"","astra-migrate-meta-layouts":"set","ast-page-background-enabled":"default","ast-page-background-meta":{"desktop":{"background-color":"var(--ast-global-color-5)","background-image":"","background-repeat":"repeat","background-position":"center center","background-size":"auto","background-attachment":"scroll","background-type":"","background-media":"","overlay-type":"","overlay-color":"","overlay-opacity":"","overlay-gradient":""},"tablet":{"background-color":"","background-image":"","background-repeat":"repeat","background-position":"center center","background-size":"auto","background-attachment":"scroll","background-type":"","background-media":"","overlay-type":"","overlay-color":"","overlay-opacity":"","overlay-gradient":""},"mobile":{"background-color":"","background-image":"","background-repeat":"repeat","background-position":"center center","background-size":"auto","background-attachment":"scroll","background-type":"","background-media":"","overlay-type":"","overlay-color":"","overlay-opacity":"","overlay-gradient":""}},"ast-content-background-meta":{"desktop":{"background-color":"var(--ast-global-color-4)","background-image":"","background-repeat":"repeat","background-position":"center center","background-size":"auto","background-attachment":"scroll","background-type":"","background-media":"","overlay-type":"","overlay-color":"","overlay-opacity":"","overlay-gradient":""},"tablet":{"background-color":"var(--ast-global-color-4)","background-image":"","background-repeat":"repeat","background-position":"center center","background-size":"auto","background-attachment":"scroll","background-type":"","background-media":"","overlay-type":"","overlay-color":"","overlay-opacity":"","overlay-gradient":""},"mobile":{"background-color":"var(--ast-global-color-4)","background-image":"","background-repeat":"repeat","background-position":"center center","background-size":"auto","background-attachment":"scroll","background-type":"","background-media":"","overlay-type":"","overlay-color":"","overlay-opacity":"","overlay-gradient":""}}},"product_brand":[],"product_cat":[29],"product_tag":[],"class_list":{"0":"post-517","1":"product","2":"type-product","3":"status-publish","4":"has-post-thumbnail","6":"product_cat-aviation-aluminum-alloy","7":"desktop-align-left","8":"tablet-align-left","9":"mobile-align-left","11":"first","12":"instock","13":"shipping-taxable","14":"product-type-simple"},"_links":{"self":[{"href":"https:\/\/www.dura-alloy.com\/es\/wp-json\/wp\/v2\/product\/517","targetHints":{"allow":["GET"]}}],"collection":[{"href":"https:\/\/www.dura-alloy.com\/es\/wp-json\/wp\/v2\/product"}],"about":[{"href":"https:\/\/www.dura-alloy.com\/es\/wp-json\/wp\/v2\/types\/product"}],"version-history":[{"count":0,"href":"https:\/\/www.dura-alloy.com\/es\/wp-json\/wp\/v2\/product\/517\/revisions"}],"wp:featuredmedia":[{"embeddable":true,"href":"https:\/\/www.dura-alloy.com\/es\/wp-json\/wp\/v2\/media\/518"}],"wp:attachment":[{"href":"https:\/\/www.dura-alloy.com\/es\/wp-json\/wp\/v2\/media?parent=517"}],"wp:term":[{"taxonomy":"product_brand","embeddable":true,"href":"https:\/\/www.dura-alloy.com\/es\/wp-json\/wp\/v2\/product_brand?post=517"},{"taxonomy":"product_cat","embeddable":true,"href":"https:\/\/www.dura-alloy.com\/es\/wp-json\/wp\/v2\/product_cat?post=517"},{"taxonomy":"product_tag","embeddable":true,"href":"https:\/\/www.dura-alloy.com\/es\/wp-json\/wp\/v2\/product_tag?post=517"}],"curies":[{"name":"wp","href":"https:\/\/api.w.org\/{rel}","templated":true}]}}