{"id":282,"date":"2025-06-11T04:49:46","date_gmt":"2025-06-11T04:49:46","guid":{"rendered":"https:\/\/dura-alloy.com\/?post_type=product&#038;p=282"},"modified":"2025-06-11T04:49:46","modified_gmt":"2025-06-11T04:49:46","slug":"904l","status":"publish","type":"product","link":"https:\/\/www.dura-alloy.com\/es\/producto\/904l\/","title":{"rendered":"904L"},"content":{"rendered":"<p style=\"text-align: center;\"><strong><span>El \u00e1mbito de suministro de nuestra empresa incluye<\/span><\/strong><\/p>\n<p style=\"text-align: center;\"><strong><span>Piezas forjadas no est\u00e1ndar, varillas redondas, chapas\/correas de acero, accesorios de tuber\u00eda con brida, tubos sin soldadura, capilares, etc. No dude en consultarnos.<\/span><\/strong><\/p>\n<p><strong><span>1.\u00a0<\/span><\/strong><strong><span>Introducci\u00f3n a los materiales 904L<\/span><\/strong><\/p>\n<p><span>\u00a0 \u00a0 \u00a0 El acero inoxidable super austen\u00edtico 904L es un acero inoxidable austen\u00edtico resistente a los \u00e1cidos con bajo contenido en carbono, alto contenido en n\u00edquel y molibdeno, y es un material patentado para la introducci\u00f3n de la empresa H.S. de Francia. Tiene buena capacidad de transformaci\u00f3n de activaci\u00f3n-pasivaci\u00f3n, excelente resistencia a la corrosi\u00f3n, excelente resistencia a la corrosi\u00f3n en \u00e1cidos no oxidantes como \u00e1cido sulf\u00farico, \u00e1cido ac\u00e9tico, \u00e1cido f\u00f3rmico y \u00e1cido fosf\u00f3rico, y buena resistencia a la picadura en medios neutros que contienen cloruro, y buena resistencia a la corrosi\u00f3n anticavitaria y a la corrosi\u00f3n bajo tensi\u00f3n. Es adecuado para el \u00e1cido sulf\u00farico a diversas concentraciones por debajo de 70\u00b0C. Tambi\u00e9n es muy resistente a la corrosi\u00f3n en \u00e1cido a cualquier concentraci\u00f3n o temperatura bajo presi\u00f3n normal, y la mezcla de \u00e1cido f\u00f3rmico y \u00e1cido ac\u00e9tico.<\/span><\/p>\n<p><strong><span>2. Composici\u00f3n qu\u00edmica de 904L<\/span><\/strong><\/p>\n<table border=\"-\" width=\"1120\">\n<tbody>\n<tr>\n<td width=\"97\"><span>aleaci\u00f3n<\/span><\/td>\n<td width=\"64\"><span>%<\/span><\/td>\n<td width=\"51\"><span>Cromo Cr<\/span><\/td>\n<td width=\"51\"><span>Carbono C<\/span><\/td>\n<td width=\"51\"><span>Manganeso Mn<\/span><\/td>\n<td width=\"51\"><span>Silicio Si<\/span><\/td>\n<td width=\"51\"><span>F\u00f3sforo P<\/span><\/td>\n<td width=\"51\"><span>Azufre S<\/span><\/td>\n<td width=\"51\"><span>Ni<\/span><\/td>\n<td width=\"51\"><span>Molibdeno Mo<\/span><\/td>\n<td width=\"51\"><span>Cobre Cu<\/span><\/td>\n<\/tr>\n<tr>\n<td rowspan=\"2\" width=\"97\"><span>904L<\/span><\/td>\n<td width=\"64\"><span>Valor m\u00ednimo<\/span><\/td>\n<td width=\"51\"><span>19.0<\/span><\/td>\n<td width=\"51\"><span>&#8211;<\/span><\/td>\n<td width=\"51\"><span>&#8211;<\/span><\/td>\n<td width=\"51\"><span>&#8211;<\/span><\/td>\n<td width=\"51\"><span>&#8211;<\/span><\/td>\n<td width=\"51\"><span>&#8211;<\/span><\/td>\n<td width=\"51\"><span>23.0<\/span><\/td>\n<td width=\"51\"><span>4.0<\/span><\/td>\n<td width=\"51\"><span>1.0<\/span><\/td>\n<\/tr>\n<tr>\n<td width=\"64\"><span>Valor m\u00e1ximo<\/span><\/td>\n<td width=\"51\"><span>23.0<\/span><\/td>\n<td width=\"51\"><span>0.02<\/span><\/td>\n<td width=\"51\"><span>2.0<\/span><\/td>\n<td width=\"51\"><span>1.0<\/span><\/td>\n<td width=\"51\"><span>0.045<\/span><\/td>\n<td width=\"51\"><span>0.035<\/span><\/td>\n<td width=\"51\"><span>28.0<\/span><\/td>\n<td width=\"51\"><span>5.0<\/span><\/td>\n<td width=\"51\"><span>2.0<\/span><\/td>\n<\/tr>\n<\/tbody>\n<\/table>\n<p><strong><span>3. Propiedades f\u00edsicas del 904L<\/span><\/strong><\/p>\n<p><span>Propiedades mec\u00e1nicas:<\/span><\/p>\n<table border=\"-\">\n<tbody>\n<tr>\n<td width=\"96\"><span>Densidad<\/span><\/td>\n<td width=\"144\"><span>8,0 g\/cm3<\/span><\/td>\n<\/tr>\n<tr>\n<td width=\"96\"><span>Punto de fusi\u00f3n<\/span><\/td>\n<td width=\"144\"><span>1300-1390 \u2103<\/span><\/td>\n<\/tr>\n<\/tbody>\n<\/table>\n<p>&nbsp;<\/p>\n<p><span>Valor m\u00ednimo de las propiedades mec\u00e1nicas de las aleaciones a temperatura ambiente:<\/span><\/p>\n<table border=\"-\">\n<tbody>\n<tr>\n<td width=\"108\"><span>Estado de la aleaci\u00f3n<\/span><\/td>\n<td width=\"93\"><span>resistencia a la tracci\u00f3n<\/span><\/p>\n<p><span>Rm N\/mm2<\/span><\/td>\n<td width=\"120\"><span>L\u00edmite el\u00e1stico RP0,2N\/mm2<\/span><\/td>\n<td width=\"87\"><span>Alargamiento<\/span><\/p>\n<p><span>A5 %<\/span><\/td>\n<\/tr>\n<tr>\n<td width=\"108\"><span>904L<\/span><\/td>\n<td width=\"93\"><span>520<\/span><\/td>\n<td width=\"120\"><span>216<\/span><\/td>\n<td width=\"87\"><span>35<\/span><\/td>\n<\/tr>\n<\/tbody>\n<\/table>\n<p><strong><span>3. Resistencia a la corrosi\u00f3n 904L<\/span><\/strong><\/p>\n<p><span>\u00a0 \u00a0 \u00a0 Dado que el contenido de carbono del 904L es muy bajo (m\u00e1ximo 0,020%), no se producir\u00e1 precipitaci\u00f3n de carburo bajo tratamiento t\u00e9rmico general y soldadura. Esto elimina el riesgo de corrosi\u00f3n intergranular que se produce tras el tratamiento t\u00e9rmico general y la soldadura. Debido al alto contenido de cromo, n\u00edquel y molibdeno y a la adici\u00f3n de elementos de cobre, el 904L puede pasivarse incluso en un entorno reductor, como el \u00e1cido sulf\u00farico y el \u00e1cido f\u00f3rmico. El alto contenido de n\u00edquel tambi\u00e9n hace que tenga un menor \u00edndice de corrosi\u00f3n en estado activo;<\/span><\/p>\n<p><span>\u00a0 \u00a0 \u00a0 En \u00e1cido sulf\u00farico puro con una concentraci\u00f3n de 0~98%, la temperatura de funcionamiento del 904L puede alcanzar los 40 grados Celsius. En \u00e1cido fosf\u00f3rico puro en el rango de concentraci\u00f3n de 0~85%, su resistencia a la corrosi\u00f3n es muy buena;<\/span><\/p>\n<p><span>\u00a0 \u00a0 \u00a0 En el \u00e1cido fosf\u00f3rico industrial producido por v\u00eda h\u00fameda, las impurezas tienen un fuerte impacto en la resistencia a la corrosi\u00f3n. Entre los diversos \u00e1cidos fosf\u00f3ricos, el 904L es mejor que el acero inoxidable ordinario. Entre los \u00e1cidos n\u00edtricos fuertemente oxidantes, el 904L tiene menor resistencia a la corrosi\u00f3n en comparaci\u00f3n con los grados de acero altamente aleados sin molibdeno;<\/span><\/p>\n<p><span>\u00a0 \u00a0 \u00a0 En \u00e1cido clorh\u00eddrico, el uso de 904L se limita a una concentraci\u00f3n inferior a 1-2%. En este rango de concentraci\u00f3n. La resistencia a la corrosi\u00f3n del 904L es mejor que la del acero inoxidable convencional. El acero 904L tiene una gran resistencia a la corrosi\u00f3n por picaduras;<\/span><\/p>\n<p><span>\u00a0 \u00a0 \u00a0 Su capacidad anticorrosi\u00f3n en cavidades tambi\u00e9n es muy buena en soluciones de cloruro. El alto contenido en n\u00edquel del 904L reduce la velocidad de corrosi\u00f3n en las picaduras y cavidades. Los aceros inoxidables austen\u00edticos comunes pueden ser sensibles a la corrosi\u00f3n bajo tensi\u00f3n en un entorno rico en cloruros a temperaturas superiores a 60 grados Celsius, y esta sensibilizaci\u00f3n puede reducirse aumentando el contenido de n\u00edquel del acero inoxidable. Debido al alto contenido de n\u00edquel, el 904L tiene una alta resistencia a la corrosi\u00f3n bajo tensi\u00f3n y a la fractura en soluciones de cloruro, soluciones concentradas de hidr\u00f3xido y entornos ricos en sulfuro de hidr\u00f3geno.<\/span><\/p>\n<p><strong><span>4. Campos de aplicaci\u00f3n de 904L<\/span><\/strong><\/p>\n<ul>\n<li><span>Equipos petrol\u00edferos y petroqu\u00edmicos, como reactores en equipos petroqu\u00edmicos, etc.<\/span><\/li>\n<li><span>Equipos de almacenamiento y transporte de \u00e1cido sulf\u00farico, como intercambiadores de calor, etc.<\/span><\/li>\n<li><span>Las principales piezas de uso del dispositivo de desulfuraci\u00f3n de gases de combusti\u00f3n de la central el\u00e9ctrica son: el cuerpo de la torre, el conducto de humos, el panel de la puerta de engranajes, las piezas interiores, el sistema de pulverizaci\u00f3n, etc. de la torre de absorci\u00f3n.<\/span><\/li>\n<li><span>Depuradores y ventiladores en sistemas de tratamiento de \u00e1cidos org\u00e1nicos.<\/span><\/li>\n<li><span>Dispositivos de tratamiento de agua de mar, intercambiadores de calor de agua de mar, equipos de la industria papelera, equipos de \u00e1cido sulf\u00farico y \u00e1cido n\u00edtrico, producci\u00f3n de \u00e1cido, industria farmac\u00e9utica y otros equipos qu\u00edmicos, recipientes a presi\u00f3n y equipos alimentarios.<\/span><\/li>\n<li><span>F\u00e1brica farmac\u00e9utica: centrifugadora, reactor, etc.<\/span><\/li>\n<li><span>Alimentos vegetales: latas de salsa de soja, vino de cocina, latas de sal, equipos y aderezos.<\/span><\/li>\n<li><span>El medio altamente corrosivo del \u00e1cido sulf\u00farico diluido es un tipo de acero a juego.<\/span><\/li>\n<\/ul>","protected":false},"excerpt":{"rendered":"<p>Our company&#8217;s scope of supply includes Non-standard forgings, round rods, steel plates\/steel belts, flange pipe fittings, seamless pipes, capillaries, etc. [&hellip;]<\/p>","protected":false},"featured_media":284,"template":"","meta":{"site-sidebar-layout":"default","site-content-layout":"","ast-site-content-layout":"default","site-content-style":"default","site-sidebar-style":"default","ast-global-header-display":"","ast-banner-title-visibility":"","ast-main-header-display":"","ast-hfb-above-header-display":"","ast-hfb-below-header-display":"","ast-hfb-mobile-header-display":"","site-post-title":"","ast-breadcrumbs-content":"","ast-featured-img":"","footer-sml-layout":"","theme-transparent-header-meta":"default","adv-header-id-meta":"","stick-header-meta":"","header-above-stick-meta":"","header-main-stick-meta":"","header-below-stick-meta":"","astra-migrate-meta-layouts":"set","ast-page-background-enabled":"default","ast-page-background-meta":{"desktop":{"background-color":"var(--ast-global-color-5)","background-image":"","background-repeat":"repeat","background-position":"center center","background-size":"auto","background-attachment":"scroll","background-type":"","background-media":"","overlay-type":"","overlay-color":"","overlay-opacity":"","overlay-gradient":""},"tablet":{"background-color":"","background-image":"","background-repeat":"repeat","background-position":"center center","background-size":"auto","background-attachment":"scroll","background-type":"","background-media":"","overlay-type":"","overlay-color":"","overlay-opacity":"","overlay-gradient":""},"mobile":{"background-color":"","background-image":"","background-repeat":"repeat","background-position":"center center","background-size":"auto","background-attachment":"scroll","background-type":"","background-media":"","overlay-type":"","overlay-color":"","overlay-opacity":"","overlay-gradient":""}},"ast-content-background-meta":{"desktop":{"background-color":"var(--ast-global-color-4)","background-image":"","background-repeat":"repeat","background-position":"center center","background-size":"auto","background-attachment":"scroll","background-type":"","background-media":"","overlay-type":"","overlay-color":"","overlay-opacity":"","overlay-gradient":""},"tablet":{"background-color":"var(--ast-global-color-4)","background-image":"","background-repeat":"repeat","background-position":"center center","background-size":"auto","background-attachment":"scroll","background-type":"","background-media":"","overlay-type":"","overlay-color":"","overlay-opacity":"","overlay-gradient":""},"mobile":{"background-color":"var(--ast-global-color-4)","background-image":"","background-repeat":"repeat","background-position":"center center","background-size":"auto","background-attachment":"scroll","background-type":"","background-media":"","overlay-type":"","overlay-color":"","overlay-opacity":"","overlay-gradient":""}}},"product_brand":[],"product_cat":[30],"product_tag":[],"class_list":{"0":"post-282","1":"product","2":"type-product","3":"status-publish","4":"has-post-thumbnail","6":"product_cat-advanced-stainless-steel","7":"desktop-align-left","8":"tablet-align-left","9":"mobile-align-left","11":"first","12":"instock","13":"shipping-taxable","14":"product-type-simple"},"_links":{"self":[{"href":"https:\/\/www.dura-alloy.com\/es\/wp-json\/wp\/v2\/product\/282","targetHints":{"allow":["GET"]}}],"collection":[{"href":"https:\/\/www.dura-alloy.com\/es\/wp-json\/wp\/v2\/product"}],"about":[{"href":"https:\/\/www.dura-alloy.com\/es\/wp-json\/wp\/v2\/types\/product"}],"version-history":[{"count":0,"href":"https:\/\/www.dura-alloy.com\/es\/wp-json\/wp\/v2\/product\/282\/revisions"}],"wp:featuredmedia":[{"embeddable":true,"href":"https:\/\/www.dura-alloy.com\/es\/wp-json\/wp\/v2\/media\/284"}],"wp:attachment":[{"href":"https:\/\/www.dura-alloy.com\/es\/wp-json\/wp\/v2\/media?parent=282"}],"wp:term":[{"taxonomy":"product_brand","embeddable":true,"href":"https:\/\/www.dura-alloy.com\/es\/wp-json\/wp\/v2\/product_brand?post=282"},{"taxonomy":"product_cat","embeddable":true,"href":"https:\/\/www.dura-alloy.com\/es\/wp-json\/wp\/v2\/product_cat?post=282"},{"taxonomy":"product_tag","embeddable":true,"href":"https:\/\/www.dura-alloy.com\/es\/wp-json\/wp\/v2\/product_tag?post=282"}],"curies":[{"name":"wp","href":"https:\/\/api.w.org\/{rel}","templated":true}]}}