{"id":277,"date":"2025-06-11T03:24:54","date_gmt":"2025-06-11T03:24:54","guid":{"rendered":"https:\/\/dura-alloy.com\/?post_type=product&#038;p=277"},"modified":"2025-06-11T03:24:54","modified_gmt":"2025-06-11T03:24:54","slug":"310s","status":"publish","type":"product","link":"https:\/\/www.dura-alloy.com\/es\/producto\/310s\/","title":{"rendered":"310S"},"content":{"rendered":"<p style=\"text-align: center;\"><strong><span>El \u00e1mbito de suministro de nuestra empresa incluye<\/span><\/strong><\/p>\n<p style=\"text-align: center;\"><strong><span>Piezas forjadas no est\u00e1ndar, varillas redondas, chapas\/correas de acero, accesorios de tuber\u00eda con brida, tubos sin soldadura, capilares, etc. No dude en consultarnos.<\/span><\/strong><\/p>\n<p><strong><span>1.\u00a0<\/span><\/strong><strong><span>Introduction to 310S materials<\/span><\/strong><\/p>\n<p><span>\u00a0 \u00a0 \u00a0 310S stainless steel is austenitic chromium-nickel stainless steel, corresponding to the grade ASTM SA213\/TP310S.<\/span><\/p>\n<p><span>\u00a0 \u00a0 \u00a0 310S stainless steel has good high temperature resistance. The melting point of 310S is 1470\u2103, but when the temperature exceeds 800\u2103, it begins to soften, the allowable stress begins to continue to decrease, and the maximum operating temperature is 1200\u2103, which can be continuously operated at high temperatures.<\/span><\/p>\n<p><span>\u00a0 \u00a0 \u00a0 310S has high nickel and chromium content, and has good oxidation resistance and corrosion resistance, making it much better creep strength. It has good oxidation resistance, corrosion resistance, acid and alkali resistance, and high temperature resistance. High temperature resistance steel pipes are specially used in the manufacturing of electric furnace pipes and other occasions. After the carbon content is added to the austenitic stainless steel, the strength is improved due to its solid solution strengthening effect. The chemical composition characteristics of austenitic stainless steel are the addition of molybdenum, tungsten, niobium and titanium based on chromium and nickel. Since its structure is a face-centered cubic structure, it has high strength and creep strength at high temperatures.<\/span><\/p>\n<p><strong><span>2. 310S chemical composition<\/span><\/strong><\/p>\n<table border=\"-\">\n<tbody>\n<tr>\n<td width=\"97\"><span>aleaci\u00f3n<\/span><\/td>\n<td width=\"64\"><span>%<\/span><\/td>\n<td width=\"51\"><span>Cromo Cr<\/span><\/td>\n<td width=\"51\"><span>Carbono C<\/span><\/td>\n<td width=\"51\"><span>Manganeso Mn<\/span><\/td>\n<td width=\"51\"><span>Silicio Si<\/span><\/td>\n<td width=\"51\"><span>F\u00f3sforo P<\/span><\/td>\n<td width=\"51\"><span>Azufre S<\/span><\/td>\n<td width=\"51\"><span>Ni<\/span><\/td>\n<\/tr>\n<tr>\n<td rowspan=\"2\" width=\"97\"><span>310S<\/span><\/td>\n<td width=\"64\"><span>Valor m\u00ednimo<\/span><\/td>\n<td width=\"51\"><span>24.0<\/span><\/td>\n<td width=\"51\"><span>&#8211;<\/span><\/td>\n<td width=\"51\"><span>&#8211;<\/span><\/td>\n<td width=\"51\"><span>&#8211;<\/span><\/td>\n<td width=\"51\"><span>&#8211;<\/span><\/td>\n<td width=\"51\"><span>&#8211;<\/span><\/td>\n<td width=\"51\"><span>19.0<\/span><\/td>\n<\/tr>\n<tr>\n<td width=\"64\"><span>Valor m\u00e1ximo<\/span><\/td>\n<td width=\"51\"><span>26.0<\/span><\/td>\n<td width=\"51\"><span>0.08<\/span><\/td>\n<td width=\"51\"><span>2.00<\/span><\/td>\n<td width=\"51\"><span>1.50<\/span><\/td>\n<td width=\"51\"><span>0.030<\/span><\/td>\n<td width=\"51\"><span>0.045<\/span><\/td>\n<td width=\"51\"><span>22.0<\/span><\/td>\n<\/tr>\n<\/tbody>\n<\/table>\n<p><strong><span>3. 310S mechanical properties<\/span><\/strong><\/p>\n<p><span>Hardness (HB): \u2264187<\/span><\/p>\n<p><span>Tensile strength (\u0431b)(Mpa): \u2265515<\/span><\/p>\n<p><span>Yield strength (\u03c3s) (Mpa): \u2265205<\/span><\/p>\n<p><span>Elongaci\u00f3n (\u03b4)%: \u226535<\/span><\/p>\n<p><span>Area reduction (\u03c8)%: \u226550<\/span><\/p>\n<ol>\n<li><span>Recommended heat treatment system: 1030 degrees Celsius-1180 degrees Celsius, quench cold;<\/span><\/li>\n<li><span>Mechanical properties include () Tensile strength: not less than 520; (2.) Provisional non-proportional extension strength: not less than 205; (3.) Elongation after break: not less than 35;<\/span><\/li>\n<\/ol>\n<p>&nbsp;<\/p>\n<p><strong><span>4. 310S application fields<\/span><\/strong><\/p>\n<p><span>\u00a0 \u00a0 \u00a0 Ampliamente utilizado en petr\u00f3leo, electr\u00f3nica, qu\u00edmica, medicina, textiles ligeros, alimentaci\u00f3n, maquinaria, construcci\u00f3n, energ\u00eda nuclear, aeroespacial, industria militar y otras industrias.<\/span><\/p>","protected":false},"excerpt":{"rendered":"<p>Our company&#8217;s scope of supply includes Non-standard forgings, round rods, steel plates\/steel belts, flange pipe fittings, seamless pipes, capillaries, etc. [&hellip;]<\/p>","protected":false},"featured_media":279,"template":"","meta":{"site-sidebar-layout":"default","site-content-layout":"","ast-site-content-layout":"default","site-content-style":"default","site-sidebar-style":"default","ast-global-header-display":"","ast-banner-title-visibility":"","ast-main-header-display":"","ast-hfb-above-header-display":"","ast-hfb-below-header-display":"","ast-hfb-mobile-header-display":"","site-post-title":"","ast-breadcrumbs-content":"","ast-featured-img":"","footer-sml-layout":"","theme-transparent-header-meta":"default","adv-header-id-meta":"","stick-header-meta":"","header-above-stick-meta":"","header-main-stick-meta":"","header-below-stick-meta":"","astra-migrate-meta-layouts":"set","ast-page-background-enabled":"default","ast-page-background-meta":{"desktop":{"background-color":"var(--ast-global-color-5)","background-image":"","background-repeat":"repeat","background-position":"center center","background-size":"auto","background-attachment":"scroll","background-type":"","background-media":"","overlay-type":"","overlay-color":"","overlay-opacity":"","overlay-gradient":""},"tablet":{"background-color":"","background-image":"","background-repeat":"repeat","background-position":"center center","background-size":"auto","background-attachment":"scroll","background-type":"","background-media":"","overlay-type":"","overlay-color":"","overlay-opacity":"","overlay-gradient":""},"mobile":{"background-color":"","background-image":"","background-repeat":"repeat","background-position":"center center","background-size":"auto","background-attachment":"scroll","background-type":"","background-media":"","overlay-type":"","overlay-color":"","overlay-opacity":"","overlay-gradient":""}},"ast-content-background-meta":{"desktop":{"background-color":"var(--ast-global-color-4)","background-image":"","background-repeat":"repeat","background-position":"center center","background-size":"auto","background-attachment":"scroll","background-type":"","background-media":"","overlay-type":"","overlay-color":"","overlay-opacity":"","overlay-gradient":""},"tablet":{"background-color":"var(--ast-global-color-4)","background-image":"","background-repeat":"repeat","background-position":"center center","background-size":"auto","background-attachment":"scroll","background-type":"","background-media":"","overlay-type":"","overlay-color":"","overlay-opacity":"","overlay-gradient":""},"mobile":{"background-color":"var(--ast-global-color-4)","background-image":"","background-repeat":"repeat","background-position":"center center","background-size":"auto","background-attachment":"scroll","background-type":"","background-media":"","overlay-type":"","overlay-color":"","overlay-opacity":"","overlay-gradient":""}}},"product_brand":[],"product_cat":[30],"product_tag":[],"class_list":{"0":"post-277","1":"product","2":"type-product","3":"status-publish","4":"has-post-thumbnail","6":"product_cat-advanced-stainless-steel","7":"desktop-align-left","8":"tablet-align-left","9":"mobile-align-left","11":"first","12":"instock","13":"shipping-taxable","14":"product-type-simple"},"_links":{"self":[{"href":"https:\/\/www.dura-alloy.com\/es\/wp-json\/wp\/v2\/product\/277","targetHints":{"allow":["GET"]}}],"collection":[{"href":"https:\/\/www.dura-alloy.com\/es\/wp-json\/wp\/v2\/product"}],"about":[{"href":"https:\/\/www.dura-alloy.com\/es\/wp-json\/wp\/v2\/types\/product"}],"version-history":[{"count":0,"href":"https:\/\/www.dura-alloy.com\/es\/wp-json\/wp\/v2\/product\/277\/revisions"}],"wp:featuredmedia":[{"embeddable":true,"href":"https:\/\/www.dura-alloy.com\/es\/wp-json\/wp\/v2\/media\/279"}],"wp:attachment":[{"href":"https:\/\/www.dura-alloy.com\/es\/wp-json\/wp\/v2\/media?parent=277"}],"wp:term":[{"taxonomy":"product_brand","embeddable":true,"href":"https:\/\/www.dura-alloy.com\/es\/wp-json\/wp\/v2\/product_brand?post=277"},{"taxonomy":"product_cat","embeddable":true,"href":"https:\/\/www.dura-alloy.com\/es\/wp-json\/wp\/v2\/product_cat?post=277"},{"taxonomy":"product_tag","embeddable":true,"href":"https:\/\/www.dura-alloy.com\/es\/wp-json\/wp\/v2\/product_tag?post=277"}],"curies":[{"name":"wp","href":"https:\/\/api.w.org\/{rel}","templated":true}]}}