{"id":245,"date":"2025-06-11T01:22:08","date_gmt":"2025-06-11T01:22:08","guid":{"rendered":"https:\/\/dura-alloy.com\/?post_type=product&#038;p=245"},"modified":"2025-06-11T01:48:19","modified_gmt":"2025-06-11T01:48:19","slug":"5a02","status":"publish","type":"product","link":"https:\/\/www.dura-alloy.com\/es\/producto\/5a02\/","title":{"rendered":"5A02"},"content":{"rendered":"<p style=\"text-align: center;\"><strong><span>Alcance del suministro de Aviation Group:<\/span><\/strong><\/p>\n<p style=\"text-align: center;\"><strong><span>Puede ser personalizado no est\u00e1ndar, placa de aluminio (placa entera \/ corte), varilla de aluminio, piezas forjadas de aluminio, tubos de aluminio, perfiles de aluminio, etc. No dude en consultarnos.<\/span><\/strong><\/p>\n<p><strong><span>1. Introducci\u00f3n\u00a0<\/span><\/strong><strong><span>5A02\u00a0<\/span><\/strong><strong><span>Materiales<\/span><\/strong><\/p>\n<p><span>\u00a0 \u00a0 \u00a0 La 5A02 es una aleaci\u00f3n de aluminio antioxidante a base de Al-Mg y no puede reforzarse mediante tratamiento t\u00e9rmico. La aleaci\u00f3n tiene un bajo contenido en magnesio, alta plasticidad, buen conformado y baja resistencia, pero mayor que la aleaci\u00f3n 3A21. La deformaci\u00f3n en fr\u00edo puede aumentar su resistencia al tiempo que reduce la plasticidad. La aleaci\u00f3n tiene buena resistencia a la corrosi\u00f3n y es adecuada para su uso en ambientes marinos, y la aleaci\u00f3n tiene buenas propiedades de soldadura.<\/span><\/p>\n<p><strong><span>2.\u00a0<\/span><\/strong><strong><span>5A02\u00a0<\/span><\/strong><strong><span>composici\u00f3n qu\u00edmica<\/span><\/strong><\/p>\n<table border=\"-\">\n<tbody>\n<tr>\n<td colspan=\"2\" width=\"120\"><span>Medalla de aleaci\u00f3n<\/span><\/td>\n<td width=\"57\"><span>Silicio Si<\/span><\/td>\n<td width=\"57\"><span>Hierro Fe<\/span><\/td>\n<td width=\"58\"><span>Cobre Cu<\/span><\/td>\n<td width=\"55\"><span>Manganeso Mn<\/span><\/td>\n<td width=\"56\"><span>Magnesio Mg<\/span><\/td>\n<td width=\"57\"><span>Titanio Ti<\/span><\/td>\n<td colspan=\"2\" width=\"101\"><span>otros<\/span><\/td>\n<td width=\"55\"><span>Aluminio AL<\/span><\/td>\n<\/tr>\n<tr>\n<td width=\"60\"><span>Nuevo grado<\/span><\/td>\n<td width=\"60\"><span>Marca antigua<\/span><\/td>\n<td rowspan=\"2\" width=\"57\"><span>0.40<\/span><\/td>\n<td rowspan=\"2\" width=\"57\"><span>0.40<\/span><\/td>\n<td rowspan=\"2\" width=\"58\"><span>0.10<\/span><\/td>\n<td rowspan=\"2\" width=\"55\"><span>0.15-0.40<\/span><\/td>\n<td rowspan=\"2\" width=\"56\"><span>2.0-2.8<\/span><\/td>\n<td rowspan=\"2\" width=\"57\"><span>0.15<\/span><\/td>\n<td width=\"51\"><span>Cada<\/span><\/td>\n<td width=\"49\"><span>total<\/span><\/td>\n<td rowspan=\"2\" width=\"55\"><span>margen<\/span><\/td>\n<\/tr>\n<tr>\n<td width=\"60\"><span>5A02<\/span><\/td>\n<td width=\"60\"><span>LF2<\/span><\/td>\n<td width=\"51\"><span>0.05<\/span><\/td>\n<td width=\"49\"><span>0.15<\/span><\/td>\n<\/tr>\n<\/tbody>\n<\/table>\n<p><strong>\u00a0<\/strong><strong><span>3.\u00a0<\/span><\/strong><strong><span>5A02\u00a0<\/span><\/strong><strong><span>propiedades f\u00edsicas<\/span><\/strong><\/p>\n<table border=\"-\">\n<tbody>\n<tr>\n<td width=\"92\"><span>Grado y estado de la aleaci\u00f3n de aluminio<\/span><\/td>\n<td width=\"101\"><span>resistencia a la tracci\u00f3n<\/span><\/p>\n<p><span>Rm\/Mpa<\/span><\/td>\n<td width=\"93\"><span>Rendimiento<\/span><\/p>\n<p><span>Rp0,2\/Mpa<\/span><\/td>\n<td width=\"91\"><span>Elongaci\u00f3n\/%<\/span><\/td>\n<td width=\"97\"><span>Dureza\/HBW\u03b1<\/span><\/td>\n<td width=\"143\"><span>densidad<\/span><\/p>\n<p><span>(20\u2103) (g\/cm3)<\/span><\/td>\n<\/tr>\n<tr>\n<td width=\"92\"><span>5A02-H32<\/span><\/td>\n<td width=\"101\"><span>210-260<\/span><\/td>\n<td width=\"93\"><span>130<\/span><\/td>\n<td width=\"91\"><span>5<\/span><\/td>\n<td width=\"97\"><span>61<\/span><\/td>\n<td width=\"143\"><span>2.73<\/span><\/td>\n<\/tr>\n<\/tbody>\n<\/table>\n<p><strong>\u00a0<\/strong><strong><span>4.\u00a0<\/span><\/strong><strong><span>5A02\u00a0<\/span><\/strong><strong><span>campos de aplicaci\u00f3n<\/span><\/strong><\/p>\n<p><span>\u00a0 \u00a0 \u00a0 La aleaci\u00f3n 5A02 es adecuada para soldar estructuras y recipientes con elevados requisitos de plasticidad de proceso y resistencia a la corrosi\u00f3n, como conductos, dep\u00f3sitos de petr\u00f3leo, carcasas de interruptores de alta presi\u00f3n GIS, bridas, remaches o varillas de soldadura, etc., y los alambres se utilizan para fabricar remaches.<\/span><\/p>","protected":false},"excerpt":{"rendered":"<p>Scope of supply of Aviation Group: It can be customized non-standard, aluminum plate (whole plate\/cut), aluminum rod, aluminum forgings, aluminum [&hellip;]<\/p>","protected":false},"featured_media":246,"template":"","meta":{"site-sidebar-layout":"default","site-content-layout":"","ast-site-content-layout":"default","site-content-style":"default","site-sidebar-style":"default","ast-global-header-display":"","ast-banner-title-visibility":"","ast-main-header-display":"","ast-hfb-above-header-display":"","ast-hfb-below-header-display":"","ast-hfb-mobile-header-display":"","site-post-title":"","ast-breadcrumbs-content":"","ast-featured-img":"","footer-sml-layout":"","theme-transparent-header-meta":"default","adv-header-id-meta":"","stick-header-meta":"","header-above-stick-meta":"","header-main-stick-meta":"","header-below-stick-meta":"","astra-migrate-meta-layouts":"set","ast-page-background-enabled":"default","ast-page-background-meta":{"desktop":{"background-color":"var(--ast-global-color-5)","background-image":"","background-repeat":"repeat","background-position":"center center","background-size":"auto","background-attachment":"scroll","background-type":"","background-media":"","overlay-type":"","overlay-color":"","overlay-opacity":"","overlay-gradient":""},"tablet":{"background-color":"","background-image":"","background-repeat":"repeat","background-position":"center center","background-size":"auto","background-attachment":"scroll","background-type":"","background-media":"","overlay-type":"","overlay-color":"","overlay-opacity":"","overlay-gradient":""},"mobile":{"background-color":"","background-image":"","background-repeat":"repeat","background-position":"center center","background-size":"auto","background-attachment":"scroll","background-type":"","background-media":"","overlay-type":"","overlay-color":"","overlay-opacity":"","overlay-gradient":""}},"ast-content-background-meta":{"desktop":{"background-color":"var(--ast-global-color-4)","background-image":"","background-repeat":"repeat","background-position":"center center","background-size":"auto","background-attachment":"scroll","background-type":"","background-media":"","overlay-type":"","overlay-color":"","overlay-opacity":"","overlay-gradient":""},"tablet":{"background-color":"var(--ast-global-color-4)","background-image":"","background-repeat":"repeat","background-position":"center center","background-size":"auto","background-attachment":"scroll","background-type":"","background-media":"","overlay-type":"","overlay-color":"","overlay-opacity":"","overlay-gradient":""},"mobile":{"background-color":"var(--ast-global-color-4)","background-image":"","background-repeat":"repeat","background-position":"center center","background-size":"auto","background-attachment":"scroll","background-type":"","background-media":"","overlay-type":"","overlay-color":"","overlay-opacity":"","overlay-gradient":""}}},"product_brand":[],"product_cat":[29],"product_tag":[],"class_list":{"0":"post-245","1":"product","2":"type-product","3":"status-publish","4":"has-post-thumbnail","6":"product_cat-aviation-aluminum-alloy","7":"desktop-align-left","8":"tablet-align-left","9":"mobile-align-left","11":"first","12":"instock","13":"shipping-taxable","14":"product-type-simple"},"_links":{"self":[{"href":"https:\/\/www.dura-alloy.com\/es\/wp-json\/wp\/v2\/product\/245","targetHints":{"allow":["GET"]}}],"collection":[{"href":"https:\/\/www.dura-alloy.com\/es\/wp-json\/wp\/v2\/product"}],"about":[{"href":"https:\/\/www.dura-alloy.com\/es\/wp-json\/wp\/v2\/types\/product"}],"version-history":[{"count":1,"href":"https:\/\/www.dura-alloy.com\/es\/wp-json\/wp\/v2\/product\/245\/revisions"}],"predecessor-version":[{"id":247,"href":"https:\/\/www.dura-alloy.com\/es\/wp-json\/wp\/v2\/product\/245\/revisions\/247"}],"wp:featuredmedia":[{"embeddable":true,"href":"https:\/\/www.dura-alloy.com\/es\/wp-json\/wp\/v2\/media\/246"}],"wp:attachment":[{"href":"https:\/\/www.dura-alloy.com\/es\/wp-json\/wp\/v2\/media?parent=245"}],"wp:term":[{"taxonomy":"product_brand","embeddable":true,"href":"https:\/\/www.dura-alloy.com\/es\/wp-json\/wp\/v2\/product_brand?post=245"},{"taxonomy":"product_cat","embeddable":true,"href":"https:\/\/www.dura-alloy.com\/es\/wp-json\/wp\/v2\/product_cat?post=245"},{"taxonomy":"product_tag","embeddable":true,"href":"https:\/\/www.dura-alloy.com\/es\/wp-json\/wp\/v2\/product_tag?post=245"}],"curies":[{"name":"wp","href":"https:\/\/api.w.org\/{rel}","templated":true}]}}