{"id":680,"date":"2025-06-17T06:36:24","date_gmt":"2025-06-17T06:36:24","guid":{"rendered":"https:\/\/dura-alloy.com\/?post_type=product&#038;p=680"},"modified":"2025-06-17T06:36:24","modified_gmt":"2025-06-17T06:36:24","slug":"hastelloy-c-22","status":"publish","type":"product","link":"https:\/\/www.dura-alloy.com\/de\/produkt\/hastelloy-c-22\/","title":{"rendered":"Hastelloy C-22"},"content":{"rendered":"<p><strong><span>1. Hastelloy C-22 Werkstoff Einf\u00fchrung<\/span><\/strong><\/p>\n<p><span>Hastelloy C22 ist eine universell einsetzbare Nickel-Chrom-Molybd\u00e4n-Wolfram-Legierung, die eine bessere Gesamtkorrosionsbest\u00e4ndigkeit aufweist als andere bestehende Nickel-Chrom-Molybd\u00e4n-Legierungen, einschlie\u00dflich Hastelloy C276, C4-Legierungen und 625-Legierungen.<\/span><\/p>\n<p><strong><span>2. Chemische Zusammensetzung von Hastelloy C-22<\/span><\/strong><\/p>\n<table class=\"table table-bordered\">\n<tbody>\n<tr>\n<td><span>Legierung<\/span><\/td>\n<td><span>%<\/span><\/td>\n<td><span>Nickel<\/span><\/td>\n<td><span>Chrom<\/span><\/td>\n<td><span>Molybd\u00e4n<\/span><\/td>\n<td><span>Eisen<\/span><\/td>\n<td><span>Wolfram<\/span><\/td>\n<td><span>Kobalt<\/span><\/td>\n<td><span>Kohlenstoff<\/span><\/td>\n<td><span>Mangan<\/span><\/td>\n<td><span>Silizium<\/span><\/td>\n<td><span>Vanadium<\/span><\/td>\n<td><span>Phosphor<\/span><\/td>\n<td><span>Schwefel<\/span><\/td>\n<\/tr>\n<tr>\n<td rowspan=\"4\"><span>Hastello C22<\/span><\/td>\n<td><span>Minimum<\/span><\/td>\n<td rowspan=\"2\"><span>Marge<\/span><\/td>\n<td><span>14.5<\/span><\/td>\n<td><span>15.0<\/span><\/td>\n<td><span>4.0<\/span><\/td>\n<td><span>3.0<\/span><\/td>\n<td><span>&#8211;<\/span><\/td>\n<td><span>&#8211;<\/span><\/td>\n<td><span>&#8211;<\/span><\/td>\n<td><span>&#8211;<\/span><\/td>\n<td><span>&#8211;<\/span><\/td>\n<td><span>&#8211;<\/span><\/td>\n<td><span>&#8211;<\/span><\/td>\n<\/tr>\n<tr>\n<td><span>maximal<\/span><\/td>\n<td><span>16.5<\/span><\/td>\n<td><span>17.0<\/span><\/td>\n<td><span>7.0<\/span><\/td>\n<td><span>4.5<\/span><\/td>\n<td><span>2.5<\/span><\/td>\n<td><span>0.08<\/span><\/td>\n<td><span>1.0<\/span><\/td>\n<td><span>1.0<\/span><\/td>\n<td><span>0.35<\/span><\/td>\n<td><span>0.040<\/span><\/td>\n<td><span>0.030<\/span><\/td>\n<\/tr>\n<tr>\n<td><span>Minimum<\/span><\/td>\n<td rowspan=\"2\"><span>Marge<\/span><\/td>\n<td><span>20.0<\/span><\/td>\n<td><span>12.5<\/span><\/td>\n<td><span>2.0<\/span><\/td>\n<td><span>2.5<\/span><\/td>\n<td><span>&#8211;<\/span><\/td>\n<td><span>&#8211;<\/span><\/td>\n<td><span>&#8211;<\/span><\/td>\n<td><span>&#8211;<\/span><\/td>\n<td><span>&#8211;<\/span><\/td>\n<td><span>&#8211;<\/span><\/td>\n<td><span>&#8211;<\/span><\/td>\n<\/tr>\n<tr>\n<td><span>maximal<\/span><\/td>\n<td><span>22.5<\/span><\/td>\n<td><span>14.5<\/span><\/td>\n<td><span>6.0<\/span><\/td>\n<td><span>3.5<\/span><\/td>\n<td><span>2.5<\/span><\/td>\n<td><span>0.015<\/span><\/td>\n<td><span>0.5<\/span><\/td>\n<td><span>0.08<\/span><\/td>\n<td><span>0.35<\/span><\/td>\n<td><span>0.020<\/span><\/td>\n<td><span>0.020<\/span><\/td>\n<\/tr>\n<\/tbody>\n<\/table>\n<p><strong><span>3. Materialeigenschaften<\/span><\/strong><\/p>\n<p><span>Die Legierung Hastelloy C22 hat eine ausgezeichnete Best\u00e4ndigkeit gegen Lochfra\u00df, Spaltkorrosion und Spannungsrisskorrosion. Sie verf\u00fcgt \u00fcber ausgezeichnete antioxidative F\u00e4higkeiten in w\u00e4ssrigen Medien, einschlie\u00dflich nassem Chlor, Salpeters\u00e4ure oder gemischten S\u00e4uren von oxidativen S\u00e4uren, die Chlorid-Ionen enthalten. Gleichzeitig besitzt die C22-Legierung die ideale F\u00e4higkeit, der reduzierenden und oxidierenden Umgebung zu widerstehen, die w\u00e4hrend des Prozesses auftritt. Aufgrund dieser vielseitigen Leistung kann sie in einigen schwierigen Umgebungen oder in Fabriken mit mehreren Produktionszwecken eingesetzt werden.<\/span><\/p>\n<p><span>Die Legierung Hastelloy C22 weist eine au\u00dfergew\u00f6hnliche Best\u00e4ndigkeit gegen\u00fcber verschiedenen chemischen Umgebungen auf, einschlie\u00dflich stark oxidierender Substanzen wie Eisenchlorid, Kupferchlorid, Chlor, L\u00f6sungen mit thermischer Verunreinigung (organisch und anorganisch), Ameisens\u00e4ure, Essigs\u00e4ure, Essigs\u00e4ureanhydrid, Meerwasser und Salzl\u00f6sungen usw. Die Legierung Hastelloy C22 hat die F\u00e4higkeit, der Bildung von Korngrenzenausscheidungen in der W\u00e4rmeeinflusszone des Schwei\u00dfens zu widerstehen, so dass sie sich auch an die Anwendung vieler chemischer Prozesse im Schwei\u00dfzustand anpassen kann.<\/span><\/p>\n<p><span>Metallographische Struktur: Hastelloy C22 hat ein kubisch-fl\u00e4chenzentriertes Gittergef\u00fcge.<\/span><\/p>\n<p><strong><span>4. Korrosionsbest\u00e4ndigkeit von Hastelloy C22<\/span><\/strong><\/p>\n<p><span>Die Legierung Hastelloy C22 eignet sich f\u00fcr eine Vielzahl von chemischen Prozessindustrien mit oxidierenden und reduzierenden Medien. Der h\u00f6here Molybd\u00e4n- und Chromgehalt macht die Legierung best\u00e4ndig gegen die Korrosion von Chloridionen, und das Element Wolfram verbessert die Korrosionsbest\u00e4ndigkeit weiter. Hastelloy C22 ist einer der wenigen Werkstoffe, die der Korrosion von feuchten Chlor-, Hypochlorit- und Chlordioxidl\u00f6sungen widerstehen k\u00f6nnen. Die Legierung weist eine betr\u00e4chtliche Korrosionsbest\u00e4ndigkeit gegen\u00fcber hohen Konzentrationen von Chlorsalzl\u00f6sungen (wie Eisenchlorid und Kupferchlorid) auf.<\/span><\/p>\n<p><strong><span>5. Hastelloy C22 Anwendungsbereich<\/span><\/strong><\/p>\n<p><span>Hastelloy C22-Legierungen sind in der chemischen und petrochemischen Industrie weit verbreitet, z. B. im Kontakt mit chloridhaltigen organischen Stoffen und in katalytischen Systemen. Dieser Werkstoff eignet sich besonders f\u00fcr den Einsatz bei hohen Temperaturen, im Gemisch mit Verunreinigungen in anorganischen und organischen S\u00e4uren (z. B. Ameisen- und Essigs\u00e4ure) und in der Korrosionsumgebung von Meerwasser.<\/span><\/p>\n<ul>\n<li><span>Essigs\u00e4ure\/Essigs\u00e4ureanhydrid<\/span><\/li>\n<li><span>Saures Einweichen<\/span><\/li>\n<li><span>Herstellung von Zellophan<\/span><\/li>\n<li><span>Chlorungsanlage<\/span><\/li>\n<li><span>Komplexe Mischs\u00e4uren<\/span><\/li>\n<li><span>Walze f\u00fcr Galvanikbecken<\/span><\/li>\n<li><span>Expansions-Wellrohr<\/span><\/li>\n<li><span>Abgasreinigungssystem<\/span><\/li>\n<li><span>Geothermische Bohrungen<\/span><\/li>\n<li><span>Fluorwasserstoff-Ofenreiniger<\/span><\/li>\n<li><span>Verbrennungsreinigungssystem<\/span><\/li>\n<li><span>Regeneration von Kernbrennstoff<\/span><\/li>\n<li><span>Herstellung von Pestiziden<\/span><\/li>\n<li><span>Herstellung von Phosphors\u00e4ure<\/span><\/li>\n<li><span>Beizsystem<\/span><\/li>\n<li><span>Plattenw\u00e4rmetauscher<\/span><\/li>\n<li><span>Selektives Filtersystem<\/span><\/li>\n<li><span>Schwefeldioxid-K\u00fchlturm<\/span><\/li>\n<li><span>Sulfonierungssystem<\/span><\/li>\n<li><span>Rohrw\u00e4rmetauscher<\/span><\/li>\n<li><span>Oberfl\u00e4chliche Ventile<\/span><\/li>\n<\/ul>","protected":false},"excerpt":{"rendered":"<p>1. Hastelloy C-22 Material Introduction Hastelloy C22 is an all-purpose nickel-chromium-molybdenum tungsten alloy that has better overall corrosion resistance than [&hellip;]<\/p>","protected":false},"featured_media":681,"template":"","meta":{"site-sidebar-layout":"default","site-content-layout":"","ast-site-content-layout":"default","site-content-style":"default","site-sidebar-style":"default","ast-global-header-display":"","ast-banner-title-visibility":"","ast-main-header-display":"","ast-hfb-above-header-display":"","ast-hfb-below-header-display":"","ast-hfb-mobile-header-display":"","site-post-title":"","ast-breadcrumbs-content":"","ast-featured-img":"","footer-sml-layout":"","theme-transparent-header-meta":"default","adv-header-id-meta":"","stick-header-meta":"","header-above-stick-meta":"","header-main-stick-meta":"","header-below-stick-meta":"","astra-migrate-meta-layouts":"set","ast-page-background-enabled":"default","ast-page-background-meta":{"desktop":{"background-color":"var(--ast-global-color-5)","background-image":"","background-repeat":"repeat","background-position":"center center","background-size":"auto","background-attachment":"scroll","background-type":"","background-media":"","overlay-type":"","overlay-color":"","overlay-opacity":"","overlay-gradient":""},"tablet":{"background-color":"","background-image":"","background-repeat":"repeat","background-position":"center center","background-size":"auto","background-attachment":"scroll","background-type":"","background-media":"","overlay-type":"","overlay-color":"","overlay-opacity":"","overlay-gradient":""},"mobile":{"background-color":"","background-image":"","background-repeat":"repeat","background-position":"center center","background-size":"auto","background-attachment":"scroll","background-type":"","background-media":"","overlay-type":"","overlay-color":"","overlay-opacity":"","overlay-gradient":""}},"ast-content-background-meta":{"desktop":{"background-color":"var(--ast-global-color-4)","background-image":"","background-repeat":"repeat","background-position":"center center","background-size":"auto","background-attachment":"scroll","background-type":"","background-media":"","overlay-type":"","overlay-color":"","overlay-opacity":"","overlay-gradient":""},"tablet":{"background-color":"var(--ast-global-color-4)","background-image":"","background-repeat":"repeat","background-position":"center center","background-size":"auto","background-attachment":"scroll","background-type":"","background-media":"","overlay-type":"","overlay-color":"","overlay-opacity":"","overlay-gradient":""},"mobile":{"background-color":"var(--ast-global-color-4)","background-image":"","background-repeat":"repeat","background-position":"center center","background-size":"auto","background-attachment":"scroll","background-type":"","background-media":"","overlay-type":"","overlay-color":"","overlay-opacity":"","overlay-gradient":""}}},"product_brand":[],"product_cat":[28],"product_tag":[],"class_list":{"0":"post-680","1":"product","2":"type-product","3":"status-publish","4":"has-post-thumbnail","6":"product_cat-hastelloy-alloy","7":"desktop-align-left","8":"tablet-align-left","9":"mobile-align-left","11":"first","12":"instock","13":"shipping-taxable","14":"product-type-simple"},"_links":{"self":[{"href":"https:\/\/www.dura-alloy.com\/de\/wp-json\/wp\/v2\/product\/680","targetHints":{"allow":["GET"]}}],"collection":[{"href":"https:\/\/www.dura-alloy.com\/de\/wp-json\/wp\/v2\/product"}],"about":[{"href":"https:\/\/www.dura-alloy.com\/de\/wp-json\/wp\/v2\/types\/product"}],"version-history":[{"count":0,"href":"https:\/\/www.dura-alloy.com\/de\/wp-json\/wp\/v2\/product\/680\/revisions"}],"wp:featuredmedia":[{"embeddable":true,"href":"https:\/\/www.dura-alloy.com\/de\/wp-json\/wp\/v2\/media\/681"}],"wp:attachment":[{"href":"https:\/\/www.dura-alloy.com\/de\/wp-json\/wp\/v2\/media?parent=680"}],"wp:term":[{"taxonomy":"product_brand","embeddable":true,"href":"https:\/\/www.dura-alloy.com\/de\/wp-json\/wp\/v2\/product_brand?post=680"},{"taxonomy":"product_cat","embeddable":true,"href":"https:\/\/www.dura-alloy.com\/de\/wp-json\/wp\/v2\/product_cat?post=680"},{"taxonomy":"product_tag","embeddable":true,"href":"https:\/\/www.dura-alloy.com\/de\/wp-json\/wp\/v2\/product_tag?post=680"}],"curies":[{"name":"wp","href":"https:\/\/api.w.org\/{rel}","templated":true}]}}